{"id":12691,"date":"2023-03-24T07:52:13","date_gmt":"2023-03-24T07:52:13","guid":{"rendered":"https:\/\/proventuss.eu\/produkt\/dowsil-pv-7326-agent-de-umplere\/"},"modified":"2023-03-24T07:52:13","modified_gmt":"2023-03-24T07:52:13","slug":"dowsil-pv-7326-agent-de-umplere","status":"publish","type":"product","link":"https:\/\/proventuss.eu\/ro\/produs\/dowsil-pv-7326-agent-de-umplere\/","title":{"rendered":"DOWSIL PV-7326 Agent de umplere"},"content":{"rendered":"<p>Agent de umplere, bicomponent, este un lichid curg\u0103tor creat pentru umplerea cutiilor de \u020bmbinare \u015fi este certificat UL. Asigur\u0103 protec\u021bie la elementele mediului ca s\u0103 previn\u0103 coroziunea cutiilor de \u020bmbinare. Agentul de umplere are o performan\u021b\u0103 de adeziune bun\u0103 pe substraturile obi\u015fnuite ale cutiilor de \u020bmbinare \u015fi este compatibil cu adezivii pentru cutiile de \u020bmbinare.<\/p>\n<p><strong>Beneficii:<\/strong><br \/>\n&#8211; Asigur\u0103 o bun\u0103 disipare a c\u0103ldurii av\u00e2nd o conductivitate termal\u0103 de &gt;0.5 W\/ml<br \/>\n&#8211; Clasificare la flac\u0103r\u0103 UL 94 V0<br \/>\n&#8211; \u020ant\u0103rire rapid\u0103 la temperatura camerei<br \/>\n&#8211; V\u00e2scozitate sc\u0103zut\u0103 pentru evitarea golurilor<\/p>\n","protected":false},"excerpt":{"rendered":"<p>Agent de umplere, bicomponent, este un lichid curg\u0103tor creat pentru umplerea cutiilor de \u020bmbinare \u015fi este certificat UL. Asigur\u0103 protec\u021bie la elementele mediului ca s\u0103 previn\u0103 coroziunea cutiilor de \u020bmbinare. Agentul de umplere are o performan\u021b\u0103 de adeziune bun\u0103 pe substraturile obi\u015fnuite ale cutiilor de \u020bmbinare \u015fi este compatibil cu adezivii pentru cutiile de \u020bmbinare. [&hellip;]<\/p>\n","protected":false},"featured_media":11569,"comment_status":"open","ping_status":"closed","template":"","meta":{"_acf_changed":false},"product_cat":[15],"product_tag":[],"acf":[],"yoast_head":"<!-- This site is optimized with the Yoast SEO plugin v22.9 - https:\/\/yoast.com\/wordpress\/plugins\/seo\/ -->\n<title>DOWSIL PV-7326 Agent de umplere - Proventuss<\/title>\n<meta name=\"robots\" content=\"index, follow, max-snippet:-1, max-image-preview:large, max-video-preview:-1\" \/>\n<link rel=\"canonical\" href=\"https:\/\/proventuss.eu\/ro\/produkt\/dowsil-pv-7326-agent-de-umplere\/\" \/>\n<meta property=\"og:locale\" content=\"ro_RO\" \/>\n<meta property=\"og:type\" content=\"article\" \/>\n<meta property=\"og:title\" content=\"DOWSIL PV-7326 Agent de umplere - Proventuss\" \/>\n<meta property=\"og:description\" content=\"Agent de umplere, bicomponent, este un lichid curg\u0103tor creat pentru umplerea cutiilor de \u020bmbinare \u015fi este certificat UL. Asigur\u0103 protec\u021bie la elementele mediului ca s\u0103 previn\u0103 coroziunea cutiilor de \u020bmbinare. Agentul de umplere are o performan\u021b\u0103 de adeziune bun\u0103 pe substraturile obi\u015fnuite ale cutiilor de \u020bmbinare \u015fi este compatibil cu adezivii pentru cutiile de \u020bmbinare. [&hellip;]\" \/>\n<meta property=\"og:url\" content=\"https:\/\/proventuss.eu\/ro\/produkt\/dowsil-pv-7326-agent-de-umplere\/\" \/>\n<meta property=\"og:site_name\" content=\"Proventuss\" \/>\n<meta property=\"og:image\" content=\"https:\/\/proventuss.eu\/wp-content\/uploads\/2023\/03\/shutterstock_653095735m.jpg\" \/>\n\t<meta property=\"og:image:width\" content=\"1153\" \/>\n\t<meta property=\"og:image:height\" content=\"749\" \/>\n\t<meta property=\"og:image:type\" content=\"image\/jpeg\" \/>\n<meta name=\"twitter:card\" content=\"summary_large_image\" \/>\n<script type=\"application\/ld+json\" class=\"yoast-schema-graph\">{\"@context\":\"https:\/\/schema.org\",\"@graph\":[{\"@type\":\"WebPage\",\"@id\":\"https:\/\/proventuss.eu\/ro\/produkt\/dowsil-pv-7326-agent-de-umplere\/\",\"url\":\"https:\/\/proventuss.eu\/ro\/produkt\/dowsil-pv-7326-agent-de-umplere\/\",\"name\":\"DOWSIL PV-7326 Agent de umplere - Proventuss\",\"isPartOf\":{\"@id\":\"https:\/\/proventuss.eu\/#website\"},\"primaryImageOfPage\":{\"@id\":\"https:\/\/proventuss.eu\/ro\/produkt\/dowsil-pv-7326-agent-de-umplere\/#primaryimage\"},\"image\":{\"@id\":\"https:\/\/proventuss.eu\/ro\/produkt\/dowsil-pv-7326-agent-de-umplere\/#primaryimage\"},\"thumbnailUrl\":\"https:\/\/proventuss.eu\/wp-content\/uploads\/2023\/03\/shutterstock_653095735m.jpg\",\"datePublished\":\"2023-03-24T07:52:13+00:00\",\"dateModified\":\"2023-03-24T07:52:13+00:00\",\"breadcrumb\":{\"@id\":\"https:\/\/proventuss.eu\/ro\/produkt\/dowsil-pv-7326-agent-de-umplere\/#breadcrumb\"},\"inLanguage\":\"ro-RO\",\"potentialAction\":[{\"@type\":\"ReadAction\",\"target\":[\"https:\/\/proventuss.eu\/ro\/produkt\/dowsil-pv-7326-agent-de-umplere\/\"]}]},{\"@type\":\"ImageObject\",\"inLanguage\":\"ro-RO\",\"@id\":\"https:\/\/proventuss.eu\/ro\/produkt\/dowsil-pv-7326-agent-de-umplere\/#primaryimage\",\"url\":\"https:\/\/proventuss.eu\/wp-content\/uploads\/2023\/03\/shutterstock_653095735m.jpg\",\"contentUrl\":\"https:\/\/proventuss.eu\/wp-content\/uploads\/2023\/03\/shutterstock_653095735m.jpg\",\"width\":1153,\"height\":749,\"caption\":\"Solar panels, photovoltaic, alternative electricity source. Background\"},{\"@type\":\"BreadcrumbList\",\"@id\":\"https:\/\/proventuss.eu\/ro\/produkt\/dowsil-pv-7326-agent-de-umplere\/#breadcrumb\",\"itemListElement\":[{\"@type\":\"ListItem\",\"position\":1,\"name\":\"Home\",\"item\":\"https:\/\/proventuss.eu\/ro\/\"},{\"@type\":\"ListItem\",\"position\":2,\"name\":\"Produse\",\"item\":\"https:\/\/proventuss.eu\/produse\/\"},{\"@type\":\"ListItem\",\"position\":3,\"name\":\"DOWSIL PV-7326 Agent de umplere\"}]},{\"@type\":\"WebSite\",\"@id\":\"https:\/\/proventuss.eu\/#website\",\"url\":\"https:\/\/proventuss.eu\/\",\"name\":\"Proventuss\",\"description\":\"\",\"potentialAction\":[{\"@type\":\"SearchAction\",\"target\":{\"@type\":\"EntryPoint\",\"urlTemplate\":\"https:\/\/proventuss.eu\/?s={search_term_string}\"},\"query-input\":\"required name=search_term_string\"}],\"inLanguage\":\"ro-RO\"}]}<\/script>\n<!-- \/ Yoast SEO plugin. -->","yoast_head_json":{"title":"DOWSIL PV-7326 Agent de umplere - Proventuss","robots":{"index":"index","follow":"follow","max-snippet":"max-snippet:-1","max-image-preview":"max-image-preview:large","max-video-preview":"max-video-preview:-1"},"canonical":"https:\/\/proventuss.eu\/ro\/produkt\/dowsil-pv-7326-agent-de-umplere\/","og_locale":"ro_RO","og_type":"article","og_title":"DOWSIL PV-7326 Agent de umplere - Proventuss","og_description":"Agent de umplere, bicomponent, este un lichid curg\u0103tor creat pentru umplerea cutiilor de \u020bmbinare \u015fi este certificat UL. Asigur\u0103 protec\u021bie la elementele mediului ca s\u0103 previn\u0103 coroziunea cutiilor de \u020bmbinare. Agentul de umplere are o performan\u021b\u0103 de adeziune bun\u0103 pe substraturile obi\u015fnuite ale cutiilor de \u020bmbinare \u015fi este compatibil cu adezivii pentru cutiile de \u020bmbinare. [&hellip;]","og_url":"https:\/\/proventuss.eu\/ro\/produkt\/dowsil-pv-7326-agent-de-umplere\/","og_site_name":"Proventuss","og_image":[{"width":1153,"height":749,"url":"https:\/\/proventuss.eu\/wp-content\/uploads\/2023\/03\/shutterstock_653095735m.jpg","type":"image\/jpeg"}],"twitter_card":"summary_large_image","schema":{"@context":"https:\/\/schema.org","@graph":[{"@type":"WebPage","@id":"https:\/\/proventuss.eu\/ro\/produkt\/dowsil-pv-7326-agent-de-umplere\/","url":"https:\/\/proventuss.eu\/ro\/produkt\/dowsil-pv-7326-agent-de-umplere\/","name":"DOWSIL PV-7326 Agent de umplere - Proventuss","isPartOf":{"@id":"https:\/\/proventuss.eu\/#website"},"primaryImageOfPage":{"@id":"https:\/\/proventuss.eu\/ro\/produkt\/dowsil-pv-7326-agent-de-umplere\/#primaryimage"},"image":{"@id":"https:\/\/proventuss.eu\/ro\/produkt\/dowsil-pv-7326-agent-de-umplere\/#primaryimage"},"thumbnailUrl":"https:\/\/proventuss.eu\/wp-content\/uploads\/2023\/03\/shutterstock_653095735m.jpg","datePublished":"2023-03-24T07:52:13+00:00","dateModified":"2023-03-24T07:52:13+00:00","breadcrumb":{"@id":"https:\/\/proventuss.eu\/ro\/produkt\/dowsil-pv-7326-agent-de-umplere\/#breadcrumb"},"inLanguage":"ro-RO","potentialAction":[{"@type":"ReadAction","target":["https:\/\/proventuss.eu\/ro\/produkt\/dowsil-pv-7326-agent-de-umplere\/"]}]},{"@type":"ImageObject","inLanguage":"ro-RO","@id":"https:\/\/proventuss.eu\/ro\/produkt\/dowsil-pv-7326-agent-de-umplere\/#primaryimage","url":"https:\/\/proventuss.eu\/wp-content\/uploads\/2023\/03\/shutterstock_653095735m.jpg","contentUrl":"https:\/\/proventuss.eu\/wp-content\/uploads\/2023\/03\/shutterstock_653095735m.jpg","width":1153,"height":749,"caption":"Solar panels, photovoltaic, alternative electricity source. Background"},{"@type":"BreadcrumbList","@id":"https:\/\/proventuss.eu\/ro\/produkt\/dowsil-pv-7326-agent-de-umplere\/#breadcrumb","itemListElement":[{"@type":"ListItem","position":1,"name":"Home","item":"https:\/\/proventuss.eu\/ro\/"},{"@type":"ListItem","position":2,"name":"Produse","item":"https:\/\/proventuss.eu\/produse\/"},{"@type":"ListItem","position":3,"name":"DOWSIL PV-7326 Agent de umplere"}]},{"@type":"WebSite","@id":"https:\/\/proventuss.eu\/#website","url":"https:\/\/proventuss.eu\/","name":"Proventuss","description":"","potentialAction":[{"@type":"SearchAction","target":{"@type":"EntryPoint","urlTemplate":"https:\/\/proventuss.eu\/?s={search_term_string}"},"query-input":"required name=search_term_string"}],"inLanguage":"ro-RO"}]}},"_links":{"self":[{"href":"https:\/\/proventuss.eu\/ro\/wp-json\/wp\/v2\/product\/12691"}],"collection":[{"href":"https:\/\/proventuss.eu\/ro\/wp-json\/wp\/v2\/product"}],"about":[{"href":"https:\/\/proventuss.eu\/ro\/wp-json\/wp\/v2\/types\/product"}],"replies":[{"embeddable":true,"href":"https:\/\/proventuss.eu\/ro\/wp-json\/wp\/v2\/comments?post=12691"}],"wp:featuredmedia":[{"embeddable":true,"href":"https:\/\/proventuss.eu\/ro\/wp-json\/wp\/v2\/media\/11569"}],"wp:attachment":[{"href":"https:\/\/proventuss.eu\/ro\/wp-json\/wp\/v2\/media?parent=12691"}],"wp:term":[{"taxonomy":"product_cat","embeddable":true,"href":"https:\/\/proventuss.eu\/ro\/wp-json\/wp\/v2\/product_cat?post=12691"},{"taxonomy":"product_tag","embeddable":true,"href":"https:\/\/proventuss.eu\/ro\/wp-json\/wp\/v2\/product_tag?post=12691"}],"curies":[{"name":"wp","href":"https:\/\/api.w.org\/{rel}","templated":true}]}}