{"id":12689,"date":"2023-03-24T07:43:55","date_gmt":"2023-03-24T07:43:55","guid":{"rendered":"https:\/\/proventuss.eu\/produkt\/dowsil-pv-6326-%c8%8bncapsulant-celule-solare\/"},"modified":"2023-03-24T07:43:55","modified_gmt":"2023-03-24T07:43:55","slug":"dowsil-pv-6326-%c8%8bncapsulant-celule-solare","status":"publish","type":"product","link":"https:\/\/proventuss.eu\/ro\/produs\/dowsil-pv-6326-%c8%8bncapsulant-celule-solare\/","title":{"rendered":"DOWSIL PV-6326  \u020ancapsulant celule solare"},"content":{"rendered":"<p>Silicon optic transparent \u020bncapsulant, bicomponent, cu rat\u0103 de mixare 1 la 1, potrivit pentru \u020bncapsularea celulelor solare unde mediul extrem trebuie tolerat iar longevitatea pre\u021buit\u0103. Acest produs poate fi folosit pentru diverse procese de \u020bncapsulare a celulelor solare la temperatura camerei, inclusiv turnare \u015fi laminarea prin vacuum.<br \/>\nAmestecul bicomponent se usuc\u0103 la temperatura camerei sau cu o \u020bnc\u0103lzire bl\u00e2nd\u0103 a elastomerului flexibil. V\u00e2scozitatea redus\u0103, auto-nivelarea, \u015fi durata lung\u0103 de via\u021b\u0103 fac din acest produs o op\u021biune de produc\u021bie excelent\u0103 \u015fi prietenoas\u0103.<br \/>\nAcest produs este recunoscut UL 94 \u015fi UL 746C f1.<\/p>\n<p><strong>Beneficii:<\/strong><br \/>\n&#8211; V\u00e2scozitate sc\u0103zut\u0103, reduce golurile<br \/>\n&#8211; Ader\u0103 f\u0103r\u0103 primer la temperatura camerei<br \/>\n&#8211; Transparent<br \/>\n&#8211; Stabil la temperaturi \u020bnalte \u015fi expunere UV<br \/>\n&#8211; Rezistent la fl\u0103c\u0103ri \u2013 UL 94 HB<\/p>\n","protected":false},"excerpt":{"rendered":"<p>Silicon optic transparent \u020bncapsulant, bicomponent, cu rat\u0103 de mixare 1 la 1, potrivit pentru \u020bncapsularea celulelor solare unde mediul extrem trebuie tolerat iar longevitatea pre\u021buit\u0103. Acest produs poate fi folosit pentru diverse procese de \u020bncapsulare a celulelor solare la temperatura camerei, inclusiv turnare \u015fi laminarea prin vacuum. Amestecul bicomponent se usuc\u0103 la temperatura camerei sau [&hellip;]<\/p>\n","protected":false},"featured_media":11540,"comment_status":"open","ping_status":"closed","template":"","meta":{"_acf_changed":false},"product_cat":[15],"product_tag":[],"acf":[],"yoast_head":"<!-- This site is optimized with the Yoast SEO plugin v22.9 - https:\/\/yoast.com\/wordpress\/plugins\/seo\/ -->\n<title>DOWSIL PV-6326 \u020ancapsulant celule solare - Proventuss<\/title>\n<meta name=\"robots\" content=\"index, follow, max-snippet:-1, max-image-preview:large, max-video-preview:-1\" \/>\n<link rel=\"canonical\" href=\"https:\/\/proventuss.eu\/ro\/produkt\/dowsil-pv-6326-\u020bncapsulant-celule-solare\/\" \/>\n<meta property=\"og:locale\" content=\"ro_RO\" \/>\n<meta property=\"og:type\" content=\"article\" \/>\n<meta property=\"og:title\" content=\"DOWSIL PV-6326 \u020ancapsulant celule solare - Proventuss\" \/>\n<meta property=\"og:description\" content=\"Silicon optic transparent \u020bncapsulant, bicomponent, cu rat\u0103 de mixare 1 la 1, potrivit pentru \u020bncapsularea celulelor solare unde mediul extrem trebuie tolerat iar longevitatea pre\u021buit\u0103. Acest produs poate fi folosit pentru diverse procese de \u020bncapsulare a celulelor solare la temperatura camerei, inclusiv turnare \u015fi laminarea prin vacuum. Amestecul bicomponent se usuc\u0103 la temperatura camerei sau [&hellip;]\" \/>\n<meta property=\"og:url\" content=\"https:\/\/proventuss.eu\/ro\/produkt\/dowsil-pv-6326-\u020bncapsulant-celule-solare\/\" \/>\n<meta property=\"og:site_name\" content=\"Proventuss\" \/>\n<meta property=\"og:image\" content=\"https:\/\/proventuss.eu\/wp-content\/uploads\/2023\/03\/shutterstock_521992327m.jpg\" \/>\n\t<meta property=\"og:image:width\" content=\"1198\" \/>\n\t<meta property=\"og:image:height\" content=\"799\" \/>\n\t<meta property=\"og:image:type\" content=\"image\/jpeg\" \/>\n<meta name=\"twitter:card\" content=\"summary_large_image\" \/>\n<meta name=\"twitter:label1\" content=\"Timp estimat pentru citire\" \/>\n\t<meta name=\"twitter:data1\" content=\"1 minut\" \/>\n<script type=\"application\/ld+json\" class=\"yoast-schema-graph\">{\"@context\":\"https:\/\/schema.org\",\"@graph\":[{\"@type\":\"WebPage\",\"@id\":\"https:\/\/proventuss.eu\/ro\/produkt\/dowsil-pv-6326-%c8%8bncapsulant-celule-solare\/\",\"url\":\"https:\/\/proventuss.eu\/ro\/produkt\/dowsil-pv-6326-%c8%8bncapsulant-celule-solare\/\",\"name\":\"DOWSIL PV-6326 \u020ancapsulant celule solare - Proventuss\",\"isPartOf\":{\"@id\":\"https:\/\/proventuss.eu\/#website\"},\"primaryImageOfPage\":{\"@id\":\"https:\/\/proventuss.eu\/ro\/produkt\/dowsil-pv-6326-%c8%8bncapsulant-celule-solare\/#primaryimage\"},\"image\":{\"@id\":\"https:\/\/proventuss.eu\/ro\/produkt\/dowsil-pv-6326-%c8%8bncapsulant-celule-solare\/#primaryimage\"},\"thumbnailUrl\":\"https:\/\/proventuss.eu\/wp-content\/uploads\/2023\/03\/shutterstock_521992327m.jpg\",\"datePublished\":\"2023-03-24T07:43:55+00:00\",\"dateModified\":\"2023-03-24T07:43:55+00:00\",\"breadcrumb\":{\"@id\":\"https:\/\/proventuss.eu\/ro\/produkt\/dowsil-pv-6326-%c8%8bncapsulant-celule-solare\/#breadcrumb\"},\"inLanguage\":\"ro-RO\",\"potentialAction\":[{\"@type\":\"ReadAction\",\"target\":[\"https:\/\/proventuss.eu\/ro\/produkt\/dowsil-pv-6326-%c8%8bncapsulant-celule-solare\/\"]}]},{\"@type\":\"ImageObject\",\"inLanguage\":\"ro-RO\",\"@id\":\"https:\/\/proventuss.eu\/ro\/produkt\/dowsil-pv-6326-%c8%8bncapsulant-celule-solare\/#primaryimage\",\"url\":\"https:\/\/proventuss.eu\/wp-content\/uploads\/2023\/03\/shutterstock_521992327m.jpg\",\"contentUrl\":\"https:\/\/proventuss.eu\/wp-content\/uploads\/2023\/03\/shutterstock_521992327m.jpg\",\"width\":1198,\"height\":799,\"caption\":\"photovoltaics in solar power station energy from natural\"},{\"@type\":\"BreadcrumbList\",\"@id\":\"https:\/\/proventuss.eu\/ro\/produkt\/dowsil-pv-6326-%c8%8bncapsulant-celule-solare\/#breadcrumb\",\"itemListElement\":[{\"@type\":\"ListItem\",\"position\":1,\"name\":\"Home\",\"item\":\"https:\/\/proventuss.eu\/ro\/\"},{\"@type\":\"ListItem\",\"position\":2,\"name\":\"Produse\",\"item\":\"https:\/\/proventuss.eu\/produse\/\"},{\"@type\":\"ListItem\",\"position\":3,\"name\":\"DOWSIL PV-6326 \u020ancapsulant celule solare\"}]},{\"@type\":\"WebSite\",\"@id\":\"https:\/\/proventuss.eu\/#website\",\"url\":\"https:\/\/proventuss.eu\/\",\"name\":\"Proventuss\",\"description\":\"\",\"potentialAction\":[{\"@type\":\"SearchAction\",\"target\":{\"@type\":\"EntryPoint\",\"urlTemplate\":\"https:\/\/proventuss.eu\/?s={search_term_string}\"},\"query-input\":\"required name=search_term_string\"}],\"inLanguage\":\"ro-RO\"}]}<\/script>\n<!-- \/ Yoast SEO plugin. -->","yoast_head_json":{"title":"DOWSIL PV-6326 \u020ancapsulant celule solare - Proventuss","robots":{"index":"index","follow":"follow","max-snippet":"max-snippet:-1","max-image-preview":"max-image-preview:large","max-video-preview":"max-video-preview:-1"},"canonical":"https:\/\/proventuss.eu\/ro\/produkt\/dowsil-pv-6326-\u020bncapsulant-celule-solare\/","og_locale":"ro_RO","og_type":"article","og_title":"DOWSIL PV-6326 \u020ancapsulant celule solare - Proventuss","og_description":"Silicon optic transparent \u020bncapsulant, bicomponent, cu rat\u0103 de mixare 1 la 1, potrivit pentru \u020bncapsularea celulelor solare unde mediul extrem trebuie tolerat iar longevitatea pre\u021buit\u0103. Acest produs poate fi folosit pentru diverse procese de \u020bncapsulare a celulelor solare la temperatura camerei, inclusiv turnare \u015fi laminarea prin vacuum. Amestecul bicomponent se usuc\u0103 la temperatura camerei sau [&hellip;]","og_url":"https:\/\/proventuss.eu\/ro\/produkt\/dowsil-pv-6326-\u020bncapsulant-celule-solare\/","og_site_name":"Proventuss","og_image":[{"width":1198,"height":799,"url":"https:\/\/proventuss.eu\/wp-content\/uploads\/2023\/03\/shutterstock_521992327m.jpg","type":"image\/jpeg"}],"twitter_card":"summary_large_image","twitter_misc":{"Timp estimat pentru citire":"1 minut"},"schema":{"@context":"https:\/\/schema.org","@graph":[{"@type":"WebPage","@id":"https:\/\/proventuss.eu\/ro\/produkt\/dowsil-pv-6326-%c8%8bncapsulant-celule-solare\/","url":"https:\/\/proventuss.eu\/ro\/produkt\/dowsil-pv-6326-%c8%8bncapsulant-celule-solare\/","name":"DOWSIL PV-6326 \u020ancapsulant celule solare - Proventuss","isPartOf":{"@id":"https:\/\/proventuss.eu\/#website"},"primaryImageOfPage":{"@id":"https:\/\/proventuss.eu\/ro\/produkt\/dowsil-pv-6326-%c8%8bncapsulant-celule-solare\/#primaryimage"},"image":{"@id":"https:\/\/proventuss.eu\/ro\/produkt\/dowsil-pv-6326-%c8%8bncapsulant-celule-solare\/#primaryimage"},"thumbnailUrl":"https:\/\/proventuss.eu\/wp-content\/uploads\/2023\/03\/shutterstock_521992327m.jpg","datePublished":"2023-03-24T07:43:55+00:00","dateModified":"2023-03-24T07:43:55+00:00","breadcrumb":{"@id":"https:\/\/proventuss.eu\/ro\/produkt\/dowsil-pv-6326-%c8%8bncapsulant-celule-solare\/#breadcrumb"},"inLanguage":"ro-RO","potentialAction":[{"@type":"ReadAction","target":["https:\/\/proventuss.eu\/ro\/produkt\/dowsil-pv-6326-%c8%8bncapsulant-celule-solare\/"]}]},{"@type":"ImageObject","inLanguage":"ro-RO","@id":"https:\/\/proventuss.eu\/ro\/produkt\/dowsil-pv-6326-%c8%8bncapsulant-celule-solare\/#primaryimage","url":"https:\/\/proventuss.eu\/wp-content\/uploads\/2023\/03\/shutterstock_521992327m.jpg","contentUrl":"https:\/\/proventuss.eu\/wp-content\/uploads\/2023\/03\/shutterstock_521992327m.jpg","width":1198,"height":799,"caption":"photovoltaics in solar power station energy from natural"},{"@type":"BreadcrumbList","@id":"https:\/\/proventuss.eu\/ro\/produkt\/dowsil-pv-6326-%c8%8bncapsulant-celule-solare\/#breadcrumb","itemListElement":[{"@type":"ListItem","position":1,"name":"Home","item":"https:\/\/proventuss.eu\/ro\/"},{"@type":"ListItem","position":2,"name":"Produse","item":"https:\/\/proventuss.eu\/produse\/"},{"@type":"ListItem","position":3,"name":"DOWSIL PV-6326 \u020ancapsulant celule solare"}]},{"@type":"WebSite","@id":"https:\/\/proventuss.eu\/#website","url":"https:\/\/proventuss.eu\/","name":"Proventuss","description":"","potentialAction":[{"@type":"SearchAction","target":{"@type":"EntryPoint","urlTemplate":"https:\/\/proventuss.eu\/?s={search_term_string}"},"query-input":"required name=search_term_string"}],"inLanguage":"ro-RO"}]}},"_links":{"self":[{"href":"https:\/\/proventuss.eu\/ro\/wp-json\/wp\/v2\/product\/12689"}],"collection":[{"href":"https:\/\/proventuss.eu\/ro\/wp-json\/wp\/v2\/product"}],"about":[{"href":"https:\/\/proventuss.eu\/ro\/wp-json\/wp\/v2\/types\/product"}],"replies":[{"embeddable":true,"href":"https:\/\/proventuss.eu\/ro\/wp-json\/wp\/v2\/comments?post=12689"}],"wp:featuredmedia":[{"embeddable":true,"href":"https:\/\/proventuss.eu\/ro\/wp-json\/wp\/v2\/media\/11540"}],"wp:attachment":[{"href":"https:\/\/proventuss.eu\/ro\/wp-json\/wp\/v2\/media?parent=12689"}],"wp:term":[{"taxonomy":"product_cat","embeddable":true,"href":"https:\/\/proventuss.eu\/ro\/wp-json\/wp\/v2\/product_cat?post=12689"},{"taxonomy":"product_tag","embeddable":true,"href":"https:\/\/proventuss.eu\/ro\/wp-json\/wp\/v2\/product_tag?post=12689"}],"curies":[{"name":"wp","href":"https:\/\/api.w.org\/{rel}","templated":true}]}}