{"id":12672,"date":"2023-03-14T13:50:08","date_gmt":"2023-03-14T13:50:08","guid":{"rendered":"https:\/\/proventuss.eu\/produkt\/dowsil-7094-sigilant\/"},"modified":"2023-03-14T13:50:08","modified_gmt":"2023-03-14T13:50:08","slug":"dowsil-7094-sigilant","status":"publish","type":"product","link":"https:\/\/proventuss.eu\/ro\/produs\/dowsil-7094-sigilant\/","title":{"rendered":"DOWSIL 7094 Sigilant"},"content":{"rendered":"<p>Adeziv\/sigilant siliconic cu modulus redus creat pentru aplica\u021bii unde este necesar un produs curg\u0103tor \u015fi cu o uscare non coroziv\u0103 av\u00e2nd adeziune durabil\u0103 pe o varietate de substraturi. Sigilantul este o solu\u021bie eficient\u0103 \u015fi durabil\u0103 at\u00e2t pentru lucr\u0103rile de la fa\u021ba locului a modulelor fotovoltaice c\u00e2nd \u020bncep s\u0103 aib\u0103 degrad\u0103ri pe spate, c\u00e2t \u015fi \u020bn fabric\u0103 c\u00e2nd se aplic\u0103 protec\u021bia de pe spate.<\/p>\n","protected":false},"excerpt":{"rendered":"<p>Adeziv\/sigilant siliconic cu modulus redus creat pentru aplica\u021bii unde este necesar un produs curg\u0103tor \u015fi cu o uscare non coroziv\u0103 av\u00e2nd adeziune durabil\u0103 pe o varietate de substraturi. Sigilantul este o solu\u021bie eficient\u0103 \u015fi durabil\u0103 at\u00e2t pentru lucr\u0103rile de la fa\u021ba locului a modulelor fotovoltaice c\u00e2nd \u020bncep s\u0103 aib\u0103 degrad\u0103ri pe spate, c\u00e2t \u015fi \u020bn [&hellip;]<\/p>\n","protected":false},"featured_media":12375,"comment_status":"open","ping_status":"closed","template":"","meta":{"_acf_changed":false},"product_cat":[15],"product_tag":[],"acf":[],"yoast_head":"<!-- This site is optimized with the Yoast SEO plugin v22.9 - https:\/\/yoast.com\/wordpress\/plugins\/seo\/ -->\n<title>DOWSIL 7094 Sigilant - Proventuss<\/title>\n<meta name=\"robots\" content=\"index, follow, max-snippet:-1, max-image-preview:large, max-video-preview:-1\" \/>\n<link rel=\"canonical\" href=\"https:\/\/proventuss.eu\/ro\/produkt\/dowsil-7094-sigilant\/\" \/>\n<meta property=\"og:locale\" content=\"ro_RO\" \/>\n<meta property=\"og:type\" content=\"article\" \/>\n<meta property=\"og:title\" content=\"DOWSIL 7094 Sigilant - Proventuss\" \/>\n<meta property=\"og:description\" content=\"Adeziv\/sigilant siliconic cu modulus redus creat pentru aplica\u021bii unde este necesar un produs curg\u0103tor \u015fi cu o uscare non coroziv\u0103 av\u00e2nd adeziune durabil\u0103 pe o varietate de substraturi. Sigilantul este o solu\u021bie eficient\u0103 \u015fi durabil\u0103 at\u00e2t pentru lucr\u0103rile de la fa\u021ba locului a modulelor fotovoltaice c\u00e2nd \u020bncep s\u0103 aib\u0103 degrad\u0103ri pe spate, c\u00e2t \u015fi \u020bn [&hellip;]\" \/>\n<meta property=\"og:url\" content=\"https:\/\/proventuss.eu\/ro\/produkt\/dowsil-7094-sigilant\/\" \/>\n<meta property=\"og:site_name\" content=\"Proventuss\" \/>\n<meta property=\"og:image\" content=\"https:\/\/proventuss.eu\/wp-content\/uploads\/2023\/03\/Solar-Cm.jpg\" \/>\n\t<meta property=\"og:image:width\" content=\"1244\" \/>\n\t<meta property=\"og:image:height\" content=\"829\" \/>\n\t<meta property=\"og:image:type\" content=\"image\/jpeg\" \/>\n<meta name=\"twitter:card\" content=\"summary_large_image\" \/>\n<script type=\"application\/ld+json\" class=\"yoast-schema-graph\">{\"@context\":\"https:\/\/schema.org\",\"@graph\":[{\"@type\":\"WebPage\",\"@id\":\"https:\/\/proventuss.eu\/ro\/produkt\/dowsil-7094-sigilant\/\",\"url\":\"https:\/\/proventuss.eu\/ro\/produkt\/dowsil-7094-sigilant\/\",\"name\":\"DOWSIL 7094 Sigilant - Proventuss\",\"isPartOf\":{\"@id\":\"https:\/\/proventuss.eu\/#website\"},\"primaryImageOfPage\":{\"@id\":\"https:\/\/proventuss.eu\/ro\/produkt\/dowsil-7094-sigilant\/#primaryimage\"},\"image\":{\"@id\":\"https:\/\/proventuss.eu\/ro\/produkt\/dowsil-7094-sigilant\/#primaryimage\"},\"thumbnailUrl\":\"https:\/\/proventuss.eu\/wp-content\/uploads\/2023\/03\/Solar-Cm.jpg\",\"datePublished\":\"2023-03-14T13:50:08+00:00\",\"dateModified\":\"2023-03-14T13:50:08+00:00\",\"breadcrumb\":{\"@id\":\"https:\/\/proventuss.eu\/ro\/produkt\/dowsil-7094-sigilant\/#breadcrumb\"},\"inLanguage\":\"ro-RO\",\"potentialAction\":[{\"@type\":\"ReadAction\",\"target\":[\"https:\/\/proventuss.eu\/ro\/produkt\/dowsil-7094-sigilant\/\"]}]},{\"@type\":\"ImageObject\",\"inLanguage\":\"ro-RO\",\"@id\":\"https:\/\/proventuss.eu\/ro\/produkt\/dowsil-7094-sigilant\/#primaryimage\",\"url\":\"https:\/\/proventuss.eu\/wp-content\/uploads\/2023\/03\/Solar-Cm.jpg\",\"contentUrl\":\"https:\/\/proventuss.eu\/wp-content\/uploads\/2023\/03\/Solar-Cm.jpg\",\"width\":1244,\"height\":829},{\"@type\":\"BreadcrumbList\",\"@id\":\"https:\/\/proventuss.eu\/ro\/produkt\/dowsil-7094-sigilant\/#breadcrumb\",\"itemListElement\":[{\"@type\":\"ListItem\",\"position\":1,\"name\":\"Home\",\"item\":\"https:\/\/proventuss.eu\/ro\/\"},{\"@type\":\"ListItem\",\"position\":2,\"name\":\"Produse\",\"item\":\"https:\/\/proventuss.eu\/produse\/\"},{\"@type\":\"ListItem\",\"position\":3,\"name\":\"DOWSIL 7094 Sigilant\"}]},{\"@type\":\"WebSite\",\"@id\":\"https:\/\/proventuss.eu\/#website\",\"url\":\"https:\/\/proventuss.eu\/\",\"name\":\"Proventuss\",\"description\":\"\",\"potentialAction\":[{\"@type\":\"SearchAction\",\"target\":{\"@type\":\"EntryPoint\",\"urlTemplate\":\"https:\/\/proventuss.eu\/?s={search_term_string}\"},\"query-input\":\"required name=search_term_string\"}],\"inLanguage\":\"ro-RO\"}]}<\/script>\n<!-- \/ Yoast SEO plugin. -->","yoast_head_json":{"title":"DOWSIL 7094 Sigilant - Proventuss","robots":{"index":"index","follow":"follow","max-snippet":"max-snippet:-1","max-image-preview":"max-image-preview:large","max-video-preview":"max-video-preview:-1"},"canonical":"https:\/\/proventuss.eu\/ro\/produkt\/dowsil-7094-sigilant\/","og_locale":"ro_RO","og_type":"article","og_title":"DOWSIL 7094 Sigilant - Proventuss","og_description":"Adeziv\/sigilant siliconic cu modulus redus creat pentru aplica\u021bii unde este necesar un produs curg\u0103tor \u015fi cu o uscare non coroziv\u0103 av\u00e2nd adeziune durabil\u0103 pe o varietate de substraturi. Sigilantul este o solu\u021bie eficient\u0103 \u015fi durabil\u0103 at\u00e2t pentru lucr\u0103rile de la fa\u021ba locului a modulelor fotovoltaice c\u00e2nd \u020bncep s\u0103 aib\u0103 degrad\u0103ri pe spate, c\u00e2t \u015fi \u020bn [&hellip;]","og_url":"https:\/\/proventuss.eu\/ro\/produkt\/dowsil-7094-sigilant\/","og_site_name":"Proventuss","og_image":[{"width":1244,"height":829,"url":"https:\/\/proventuss.eu\/wp-content\/uploads\/2023\/03\/Solar-Cm.jpg","type":"image\/jpeg"}],"twitter_card":"summary_large_image","schema":{"@context":"https:\/\/schema.org","@graph":[{"@type":"WebPage","@id":"https:\/\/proventuss.eu\/ro\/produkt\/dowsil-7094-sigilant\/","url":"https:\/\/proventuss.eu\/ro\/produkt\/dowsil-7094-sigilant\/","name":"DOWSIL 7094 Sigilant - Proventuss","isPartOf":{"@id":"https:\/\/proventuss.eu\/#website"},"primaryImageOfPage":{"@id":"https:\/\/proventuss.eu\/ro\/produkt\/dowsil-7094-sigilant\/#primaryimage"},"image":{"@id":"https:\/\/proventuss.eu\/ro\/produkt\/dowsil-7094-sigilant\/#primaryimage"},"thumbnailUrl":"https:\/\/proventuss.eu\/wp-content\/uploads\/2023\/03\/Solar-Cm.jpg","datePublished":"2023-03-14T13:50:08+00:00","dateModified":"2023-03-14T13:50:08+00:00","breadcrumb":{"@id":"https:\/\/proventuss.eu\/ro\/produkt\/dowsil-7094-sigilant\/#breadcrumb"},"inLanguage":"ro-RO","potentialAction":[{"@type":"ReadAction","target":["https:\/\/proventuss.eu\/ro\/produkt\/dowsil-7094-sigilant\/"]}]},{"@type":"ImageObject","inLanguage":"ro-RO","@id":"https:\/\/proventuss.eu\/ro\/produkt\/dowsil-7094-sigilant\/#primaryimage","url":"https:\/\/proventuss.eu\/wp-content\/uploads\/2023\/03\/Solar-Cm.jpg","contentUrl":"https:\/\/proventuss.eu\/wp-content\/uploads\/2023\/03\/Solar-Cm.jpg","width":1244,"height":829},{"@type":"BreadcrumbList","@id":"https:\/\/proventuss.eu\/ro\/produkt\/dowsil-7094-sigilant\/#breadcrumb","itemListElement":[{"@type":"ListItem","position":1,"name":"Home","item":"https:\/\/proventuss.eu\/ro\/"},{"@type":"ListItem","position":2,"name":"Produse","item":"https:\/\/proventuss.eu\/produse\/"},{"@type":"ListItem","position":3,"name":"DOWSIL 7094 Sigilant"}]},{"@type":"WebSite","@id":"https:\/\/proventuss.eu\/#website","url":"https:\/\/proventuss.eu\/","name":"Proventuss","description":"","potentialAction":[{"@type":"SearchAction","target":{"@type":"EntryPoint","urlTemplate":"https:\/\/proventuss.eu\/?s={search_term_string}"},"query-input":"required name=search_term_string"}],"inLanguage":"ro-RO"}]}},"_links":{"self":[{"href":"https:\/\/proventuss.eu\/ro\/wp-json\/wp\/v2\/product\/12672"}],"collection":[{"href":"https:\/\/proventuss.eu\/ro\/wp-json\/wp\/v2\/product"}],"about":[{"href":"https:\/\/proventuss.eu\/ro\/wp-json\/wp\/v2\/types\/product"}],"replies":[{"embeddable":true,"href":"https:\/\/proventuss.eu\/ro\/wp-json\/wp\/v2\/comments?post=12672"}],"wp:featuredmedia":[{"embeddable":true,"href":"https:\/\/proventuss.eu\/ro\/wp-json\/wp\/v2\/media\/12375"}],"wp:attachment":[{"href":"https:\/\/proventuss.eu\/ro\/wp-json\/wp\/v2\/media?parent=12672"}],"wp:term":[{"taxonomy":"product_cat","embeddable":true,"href":"https:\/\/proventuss.eu\/ro\/wp-json\/wp\/v2\/product_cat?post=12672"},{"taxonomy":"product_tag","embeddable":true,"href":"https:\/\/proventuss.eu\/ro\/wp-json\/wp\/v2\/product_tag?post=12672"}],"curies":[{"name":"wp","href":"https:\/\/api.w.org\/{rel}","templated":true}]}}