{"id":11063,"date":"2022-04-26T09:01:31","date_gmt":"2022-04-26T09:01:31","guid":{"rendered":"https:\/\/proventuss.eu\/produkt\/vi-pro-epdm-membrane-internal\/"},"modified":"2024-09-04T07:31:00","modified_gmt":"2024-09-04T07:31:00","slug":"vi-pro-epdm-membrane-internal","status":"publish","type":"product","link":"https:\/\/proventuss.eu\/ro\/produs\/vi-pro-epdm-membrane-internal\/","title":{"rendered":"Vi-Pro\u00ae EPDM MEMBRANE INTERNAL"},"content":{"rendered":"<p>Vi-Pro\u00ae EPDM MEMBRANE INTERNAL &#8211; membran\u0103 EPDM pentru interior &#8211; are la baz\u0103 un cauciuc sintetic cu un coeficient sc\u0103zut de permeabilitate la vapori. Folosit pentru etan\u015farea ferestrelor \u015fi\/sau structurilor interne portante.<br \/>\nSistemul de membrane Vi-Pro\u00ae EPDM asigur\u0103 o barier\u0103 permanent\u0103 \u020bmpotriva umidit\u0103\u021bii, este durabil, flexibil, rezistent la mi\u015fc\u0103ri structurale.<br \/>\nEste disponibil\u0103 \u00een culoarea neagr\u0103 iar suprafa\u021ba membranei este texturat\u0103 pe ambele p\u0103r\u021bi pentru a asigura adeziune maxim\u0103.<\/p>\n","protected":false},"excerpt":{"rendered":"<p>Vi-Pro\u00ae EPDM MEMBRANE INTERNAL &#8211; membran\u0103 EPDM pentru interior &#8211; are la baz\u0103 un cauciuc sintetic cu un coeficient sc\u0103zut de permeabilitate la vapori. Folosit pentru etan\u015farea ferestrelor \u015fi\/sau structurilor interne portante. Sistemul de membrane Vi-Pro\u00ae EPDM asigur\u0103 o barier\u0103 permanent\u0103 \u020bmpotriva umidit\u0103\u021bii, este durabil, flexibil, rezistent la mi\u015fc\u0103ri structurale. Este disponibil\u0103 \u00een culoarea neagr\u0103 [&hellip;]<\/p>\n","protected":false},"featured_media":15214,"comment_status":"open","ping_status":"closed","template":"","meta":{"_acf_changed":false},"product_cat":[419],"product_tag":[],"acf":[],"yoast_head":"<!-- This site is optimized with the Yoast SEO plugin v22.9 - https:\/\/yoast.com\/wordpress\/plugins\/seo\/ -->\n<title>Vi-Pro\u00ae EPDM MEMBRANE INTERNAL - Proventuss<\/title>\n<meta name=\"robots\" content=\"index, follow, max-snippet:-1, max-image-preview:large, max-video-preview:-1\" \/>\n<link rel=\"canonical\" href=\"https:\/\/proventuss.eu\/ro\/produkt\/vi-pro-epdm-membrane-internal\/\" \/>\n<meta property=\"og:locale\" content=\"ro_RO\" \/>\n<meta property=\"og:type\" content=\"article\" \/>\n<meta property=\"og:title\" content=\"Vi-Pro\u00ae EPDM MEMBRANE INTERNAL - Proventuss\" \/>\n<meta property=\"og:description\" content=\"Vi-Pro\u00ae EPDM MEMBRANE INTERNAL &#8211; membran\u0103 EPDM pentru interior &#8211; are la baz\u0103 un cauciuc sintetic cu un coeficient sc\u0103zut de permeabilitate la vapori. Folosit pentru etan\u015farea ferestrelor \u015fi\/sau structurilor interne portante. Sistemul de membrane Vi-Pro\u00ae EPDM asigur\u0103 o barier\u0103 permanent\u0103 \u020bmpotriva umidit\u0103\u021bii, este durabil, flexibil, rezistent la mi\u015fc\u0103ri structurale. Este disponibil\u0103 \u00een culoarea neagr\u0103 [&hellip;]\" \/>\n<meta property=\"og:url\" content=\"https:\/\/proventuss.eu\/ro\/produkt\/vi-pro-epdm-membrane-internal\/\" \/>\n<meta property=\"og:site_name\" content=\"Proventuss\" \/>\n<meta property=\"article:modified_time\" content=\"2024-09-04T07:31:00+00:00\" \/>\n<meta property=\"og:image\" content=\"https:\/\/proventuss.eu\/wp-content\/uploads\/2022\/04\/IMG_20240312_114636m.jpg\" \/>\n\t<meta property=\"og:image:width\" content=\"500\" \/>\n\t<meta property=\"og:image:height\" content=\"528\" \/>\n\t<meta property=\"og:image:type\" content=\"image\/jpeg\" \/>\n<meta name=\"twitter:card\" content=\"summary_large_image\" \/>\n<meta name=\"twitter:label1\" content=\"Timp estimat pentru citire\" \/>\n\t<meta name=\"twitter:data1\" content=\"1 minut\" \/>\n<script type=\"application\/ld+json\" class=\"yoast-schema-graph\">{\"@context\":\"https:\/\/schema.org\",\"@graph\":[{\"@type\":\"WebPage\",\"@id\":\"https:\/\/proventuss.eu\/ro\/produkt\/vi-pro-epdm-membrane-internal\/\",\"url\":\"https:\/\/proventuss.eu\/ro\/produkt\/vi-pro-epdm-membrane-internal\/\",\"name\":\"Vi-Pro\u00ae EPDM MEMBRANE INTERNAL - Proventuss\",\"isPartOf\":{\"@id\":\"https:\/\/proventuss.eu\/#website\"},\"primaryImageOfPage\":{\"@id\":\"https:\/\/proventuss.eu\/ro\/produkt\/vi-pro-epdm-membrane-internal\/#primaryimage\"},\"image\":{\"@id\":\"https:\/\/proventuss.eu\/ro\/produkt\/vi-pro-epdm-membrane-internal\/#primaryimage\"},\"thumbnailUrl\":\"https:\/\/proventuss.eu\/wp-content\/uploads\/2022\/04\/IMG_20240312_114636m.jpg\",\"datePublished\":\"2022-04-26T09:01:31+00:00\",\"dateModified\":\"2024-09-04T07:31:00+00:00\",\"breadcrumb\":{\"@id\":\"https:\/\/proventuss.eu\/ro\/produkt\/vi-pro-epdm-membrane-internal\/#breadcrumb\"},\"inLanguage\":\"ro-RO\",\"potentialAction\":[{\"@type\":\"ReadAction\",\"target\":[\"https:\/\/proventuss.eu\/ro\/produkt\/vi-pro-epdm-membrane-internal\/\"]}]},{\"@type\":\"ImageObject\",\"inLanguage\":\"ro-RO\",\"@id\":\"https:\/\/proventuss.eu\/ro\/produkt\/vi-pro-epdm-membrane-internal\/#primaryimage\",\"url\":\"https:\/\/proventuss.eu\/wp-content\/uploads\/2022\/04\/IMG_20240312_114636m.jpg\",\"contentUrl\":\"https:\/\/proventuss.eu\/wp-content\/uploads\/2022\/04\/IMG_20240312_114636m.jpg\",\"width\":500,\"height\":528,\"caption\":\"Na zdj\u0119ciu\"},{\"@type\":\"BreadcrumbList\",\"@id\":\"https:\/\/proventuss.eu\/ro\/produkt\/vi-pro-epdm-membrane-internal\/#breadcrumb\",\"itemListElement\":[{\"@type\":\"ListItem\",\"position\":1,\"name\":\"Home\",\"item\":\"https:\/\/proventuss.eu\/ro\/\"},{\"@type\":\"ListItem\",\"position\":2,\"name\":\"Produse\",\"item\":\"https:\/\/proventuss.eu\/produse\/\"},{\"@type\":\"ListItem\",\"position\":3,\"name\":\"Vi-Pro\u00ae EPDM MEMBRANE INTERNAL\"}]},{\"@type\":\"WebSite\",\"@id\":\"https:\/\/proventuss.eu\/#website\",\"url\":\"https:\/\/proventuss.eu\/\",\"name\":\"Proventuss\",\"description\":\"\",\"potentialAction\":[{\"@type\":\"SearchAction\",\"target\":{\"@type\":\"EntryPoint\",\"urlTemplate\":\"https:\/\/proventuss.eu\/?s={search_term_string}\"},\"query-input\":\"required name=search_term_string\"}],\"inLanguage\":\"ro-RO\"}]}<\/script>\n<!-- \/ Yoast SEO plugin. -->","yoast_head_json":{"title":"Vi-Pro\u00ae EPDM MEMBRANE INTERNAL - Proventuss","robots":{"index":"index","follow":"follow","max-snippet":"max-snippet:-1","max-image-preview":"max-image-preview:large","max-video-preview":"max-video-preview:-1"},"canonical":"https:\/\/proventuss.eu\/ro\/produkt\/vi-pro-epdm-membrane-internal\/","og_locale":"ro_RO","og_type":"article","og_title":"Vi-Pro\u00ae EPDM MEMBRANE INTERNAL - Proventuss","og_description":"Vi-Pro\u00ae EPDM MEMBRANE INTERNAL &#8211; membran\u0103 EPDM pentru interior &#8211; are la baz\u0103 un cauciuc sintetic cu un coeficient sc\u0103zut de permeabilitate la vapori. Folosit pentru etan\u015farea ferestrelor \u015fi\/sau structurilor interne portante. Sistemul de membrane Vi-Pro\u00ae EPDM asigur\u0103 o barier\u0103 permanent\u0103 \u020bmpotriva umidit\u0103\u021bii, este durabil, flexibil, rezistent la mi\u015fc\u0103ri structurale. Este disponibil\u0103 \u00een culoarea neagr\u0103 [&hellip;]","og_url":"https:\/\/proventuss.eu\/ro\/produkt\/vi-pro-epdm-membrane-internal\/","og_site_name":"Proventuss","article_modified_time":"2024-09-04T07:31:00+00:00","og_image":[{"width":500,"height":528,"url":"https:\/\/proventuss.eu\/wp-content\/uploads\/2022\/04\/IMG_20240312_114636m.jpg","type":"image\/jpeg"}],"twitter_card":"summary_large_image","twitter_misc":{"Timp estimat pentru citire":"1 minut"},"schema":{"@context":"https:\/\/schema.org","@graph":[{"@type":"WebPage","@id":"https:\/\/proventuss.eu\/ro\/produkt\/vi-pro-epdm-membrane-internal\/","url":"https:\/\/proventuss.eu\/ro\/produkt\/vi-pro-epdm-membrane-internal\/","name":"Vi-Pro\u00ae EPDM MEMBRANE INTERNAL - Proventuss","isPartOf":{"@id":"https:\/\/proventuss.eu\/#website"},"primaryImageOfPage":{"@id":"https:\/\/proventuss.eu\/ro\/produkt\/vi-pro-epdm-membrane-internal\/#primaryimage"},"image":{"@id":"https:\/\/proventuss.eu\/ro\/produkt\/vi-pro-epdm-membrane-internal\/#primaryimage"},"thumbnailUrl":"https:\/\/proventuss.eu\/wp-content\/uploads\/2022\/04\/IMG_20240312_114636m.jpg","datePublished":"2022-04-26T09:01:31+00:00","dateModified":"2024-09-04T07:31:00+00:00","breadcrumb":{"@id":"https:\/\/proventuss.eu\/ro\/produkt\/vi-pro-epdm-membrane-internal\/#breadcrumb"},"inLanguage":"ro-RO","potentialAction":[{"@type":"ReadAction","target":["https:\/\/proventuss.eu\/ro\/produkt\/vi-pro-epdm-membrane-internal\/"]}]},{"@type":"ImageObject","inLanguage":"ro-RO","@id":"https:\/\/proventuss.eu\/ro\/produkt\/vi-pro-epdm-membrane-internal\/#primaryimage","url":"https:\/\/proventuss.eu\/wp-content\/uploads\/2022\/04\/IMG_20240312_114636m.jpg","contentUrl":"https:\/\/proventuss.eu\/wp-content\/uploads\/2022\/04\/IMG_20240312_114636m.jpg","width":500,"height":528,"caption":"Na zdj\u0119ciu"},{"@type":"BreadcrumbList","@id":"https:\/\/proventuss.eu\/ro\/produkt\/vi-pro-epdm-membrane-internal\/#breadcrumb","itemListElement":[{"@type":"ListItem","position":1,"name":"Home","item":"https:\/\/proventuss.eu\/ro\/"},{"@type":"ListItem","position":2,"name":"Produse","item":"https:\/\/proventuss.eu\/produse\/"},{"@type":"ListItem","position":3,"name":"Vi-Pro\u00ae EPDM MEMBRANE INTERNAL"}]},{"@type":"WebSite","@id":"https:\/\/proventuss.eu\/#website","url":"https:\/\/proventuss.eu\/","name":"Proventuss","description":"","potentialAction":[{"@type":"SearchAction","target":{"@type":"EntryPoint","urlTemplate":"https:\/\/proventuss.eu\/?s={search_term_string}"},"query-input":"required name=search_term_string"}],"inLanguage":"ro-RO"}]}},"_links":{"self":[{"href":"https:\/\/proventuss.eu\/ro\/wp-json\/wp\/v2\/product\/11063"}],"collection":[{"href":"https:\/\/proventuss.eu\/ro\/wp-json\/wp\/v2\/product"}],"about":[{"href":"https:\/\/proventuss.eu\/ro\/wp-json\/wp\/v2\/types\/product"}],"replies":[{"embeddable":true,"href":"https:\/\/proventuss.eu\/ro\/wp-json\/wp\/v2\/comments?post=11063"}],"wp:featuredmedia":[{"embeddable":true,"href":"https:\/\/proventuss.eu\/ro\/wp-json\/wp\/v2\/media\/15214"}],"wp:attachment":[{"href":"https:\/\/proventuss.eu\/ro\/wp-json\/wp\/v2\/media?parent=11063"}],"wp:term":[{"taxonomy":"product_cat","embeddable":true,"href":"https:\/\/proventuss.eu\/ro\/wp-json\/wp\/v2\/product_cat?post=11063"},{"taxonomy":"product_tag","embeddable":true,"href":"https:\/\/proventuss.eu\/ro\/wp-json\/wp\/v2\/product_tag?post=11063"}],"curies":[{"name":"wp","href":"https:\/\/api.w.org\/{rel}","templated":true}]}}