{"id":11062,"date":"2022-04-26T09:07:48","date_gmt":"2022-04-26T09:07:48","guid":{"rendered":"https:\/\/proventuss.eu\/produkt\/v-i-pro-epdm-membrane-butyl-layer-banda-din-membrana-epdm-cu-strat-de-butil-autoadeziv\/"},"modified":"2023-06-23T09:39:00","modified_gmt":"2023-06-23T09:39:00","slug":"v-i-pro-epdm-membrane-butyl-layer-banda-din-membrana-epdm-cu-strat-de-butil-autoadeziv","status":"publish","type":"product","link":"https:\/\/proventuss.eu\/ro\/produs\/v-i-pro-epdm-membrane-butyl-layer-banda-din-membrana-epdm-cu-strat-de-butil-autoadeziv\/","title":{"rendered":"V i-Pro\u00ae EPDM MEMBRANE BUTYL LAYER &#8211; band\u0103 din membran\u0103 EPDM cu strat de butil autoadeziv"},"content":{"rendered":"<p>Band\u0103 autoadeziv\u0103 din membran\u0103 EPDM, etan\u015f\u0103 la ap\u0103. Produsul const\u0103 \u020bn membran\u0103 EPDM ranforsat\u0103, de 1.0 mm grosime, acoperit\u0103 cu film de butil de 0.6mm autoadeziv, protejat cu folie de transfer.<br \/>\nMembrana EPDM \u020bmpreun\u0103 cu filmul de butil autoadeziv dau produsului un factor redus de transmisie a vaporilor de ap\u0103.<br \/>\nMembrana Vi-Pro EPDM cu strat de butil este disponibil\u0103 \u020bn culoarea neagr\u0103.<\/p>\n","protected":false},"excerpt":{"rendered":"<p>Band\u0103 autoadeziv\u0103 din membran\u0103 EPDM, etan\u015f\u0103 la ap\u0103. Produsul const\u0103 \u020bn membran\u0103 EPDM ranforsat\u0103, de 1.0 mm grosime, acoperit\u0103 cu film de butil de 0.6mm autoadeziv, protejat cu folie de transfer. Membrana EPDM \u020bmpreun\u0103 cu filmul de butil autoadeziv dau produsului un factor redus de transmisie a vaporilor de ap\u0103. Membrana Vi-Pro EPDM cu strat [&hellip;]<\/p>\n","protected":false},"featured_media":9573,"comment_status":"open","ping_status":"closed","template":"","meta":{"_acf_changed":false},"product_cat":[419],"product_tag":[],"acf":[],"yoast_head":"<!-- This site is optimized with the Yoast SEO plugin v22.9 - https:\/\/yoast.com\/wordpress\/plugins\/seo\/ -->\n<title>V i-Pro\u00ae EPDM MEMBRANE BUTYL LAYER - band\u0103 din membran\u0103 EPDM cu strat de butil autoadeziv - Proventuss<\/title>\n<meta name=\"robots\" content=\"index, follow, max-snippet:-1, max-image-preview:large, max-video-preview:-1\" \/>\n<link rel=\"canonical\" href=\"https:\/\/proventuss.eu\/ro\/produkt\/v-i-pro-epdm-membrane-butyl-layer-banda-din-membrana-epdm-cu-strat-de-butil-autoadeziv\/\" \/>\n<meta property=\"og:locale\" content=\"ro_RO\" \/>\n<meta property=\"og:type\" content=\"article\" \/>\n<meta property=\"og:title\" content=\"V i-Pro\u00ae EPDM MEMBRANE BUTYL LAYER - band\u0103 din membran\u0103 EPDM cu strat de butil autoadeziv - Proventuss\" \/>\n<meta property=\"og:description\" content=\"Band\u0103 autoadeziv\u0103 din membran\u0103 EPDM, etan\u015f\u0103 la ap\u0103. Produsul const\u0103 \u020bn membran\u0103 EPDM ranforsat\u0103, de 1.0 mm grosime, acoperit\u0103 cu film de butil de 0.6mm autoadeziv, protejat cu folie de transfer. Membrana EPDM \u020bmpreun\u0103 cu filmul de butil autoadeziv dau produsului un factor redus de transmisie a vaporilor de ap\u0103. Membrana Vi-Pro EPDM cu strat [&hellip;]\" \/>\n<meta property=\"og:url\" content=\"https:\/\/proventuss.eu\/ro\/produkt\/v-i-pro-epdm-membrane-butyl-layer-banda-din-membrana-epdm-cu-strat-de-butil-autoadeziv\/\" \/>\n<meta property=\"og:site_name\" content=\"Proventuss\" \/>\n<meta property=\"article:modified_time\" content=\"2023-06-23T09:39:00+00:00\" \/>\n<meta property=\"og:image\" content=\"https:\/\/proventuss.eu\/wp-content\/uploads\/2022\/04\/EPDM-Butyl-Layer.jpg\" \/>\n\t<meta property=\"og:image:width\" content=\"832\" \/>\n\t<meta property=\"og:image:height\" content=\"640\" \/>\n\t<meta property=\"og:image:type\" content=\"image\/jpeg\" \/>\n<meta name=\"twitter:card\" content=\"summary_large_image\" \/>\n<meta name=\"twitter:label1\" content=\"Timp estimat pentru citire\" \/>\n\t<meta name=\"twitter:data1\" content=\"1 minut\" \/>\n<script type=\"application\/ld+json\" class=\"yoast-schema-graph\">{\"@context\":\"https:\/\/schema.org\",\"@graph\":[{\"@type\":\"WebPage\",\"@id\":\"https:\/\/proventuss.eu\/ro\/produkt\/v-i-pro-epdm-membrane-butyl-layer-banda-din-membrana-epdm-cu-strat-de-butil-autoadeziv\/\",\"url\":\"https:\/\/proventuss.eu\/ro\/produkt\/v-i-pro-epdm-membrane-butyl-layer-banda-din-membrana-epdm-cu-strat-de-butil-autoadeziv\/\",\"name\":\"V i-Pro\u00ae EPDM MEMBRANE BUTYL LAYER - band\u0103 din membran\u0103 EPDM cu strat de butil autoadeziv - Proventuss\",\"isPartOf\":{\"@id\":\"https:\/\/proventuss.eu\/#website\"},\"primaryImageOfPage\":{\"@id\":\"https:\/\/proventuss.eu\/ro\/produkt\/v-i-pro-epdm-membrane-butyl-layer-banda-din-membrana-epdm-cu-strat-de-butil-autoadeziv\/#primaryimage\"},\"image\":{\"@id\":\"https:\/\/proventuss.eu\/ro\/produkt\/v-i-pro-epdm-membrane-butyl-layer-banda-din-membrana-epdm-cu-strat-de-butil-autoadeziv\/#primaryimage\"},\"thumbnailUrl\":\"https:\/\/proventuss.eu\/wp-content\/uploads\/2022\/04\/EPDM-Butyl-Layer.jpg\",\"datePublished\":\"2022-04-26T09:07:48+00:00\",\"dateModified\":\"2023-06-23T09:39:00+00:00\",\"breadcrumb\":{\"@id\":\"https:\/\/proventuss.eu\/ro\/produkt\/v-i-pro-epdm-membrane-butyl-layer-banda-din-membrana-epdm-cu-strat-de-butil-autoadeziv\/#breadcrumb\"},\"inLanguage\":\"ro-RO\",\"potentialAction\":[{\"@type\":\"ReadAction\",\"target\":[\"https:\/\/proventuss.eu\/ro\/produkt\/v-i-pro-epdm-membrane-butyl-layer-banda-din-membrana-epdm-cu-strat-de-butil-autoadeziv\/\"]}]},{\"@type\":\"ImageObject\",\"inLanguage\":\"ro-RO\",\"@id\":\"https:\/\/proventuss.eu\/ro\/produkt\/v-i-pro-epdm-membrane-butyl-layer-banda-din-membrana-epdm-cu-strat-de-butil-autoadeziv\/#primaryimage\",\"url\":\"https:\/\/proventuss.eu\/wp-content\/uploads\/2022\/04\/EPDM-Butyl-Layer.jpg\",\"contentUrl\":\"https:\/\/proventuss.eu\/wp-content\/uploads\/2022\/04\/EPDM-Butyl-Layer.jpg\",\"width\":832,\"height\":640,\"caption\":\"Na zdj\u0119ciu samoprzylepny, fasadowy pas uszczelniaj\u0105cy z EPDM o grubo\u015bci 1,6 mm o niskim wsp\u00f3\u0142czynniku oporu na dyfuzje pary wodnej. Kolor czarny. Rolka.\"},{\"@type\":\"BreadcrumbList\",\"@id\":\"https:\/\/proventuss.eu\/ro\/produkt\/v-i-pro-epdm-membrane-butyl-layer-banda-din-membrana-epdm-cu-strat-de-butil-autoadeziv\/#breadcrumb\",\"itemListElement\":[{\"@type\":\"ListItem\",\"position\":1,\"name\":\"Home\",\"item\":\"https:\/\/proventuss.eu\/ro\/\"},{\"@type\":\"ListItem\",\"position\":2,\"name\":\"Produse\",\"item\":\"https:\/\/proventuss.eu\/produse\/\"},{\"@type\":\"ListItem\",\"position\":3,\"name\":\"V i-Pro\u00ae EPDM MEMBRANE BUTYL LAYER &#8211; band\u0103 din membran\u0103 EPDM cu strat de butil autoadeziv\"}]},{\"@type\":\"WebSite\",\"@id\":\"https:\/\/proventuss.eu\/#website\",\"url\":\"https:\/\/proventuss.eu\/\",\"name\":\"Proventuss\",\"description\":\"\",\"potentialAction\":[{\"@type\":\"SearchAction\",\"target\":{\"@type\":\"EntryPoint\",\"urlTemplate\":\"https:\/\/proventuss.eu\/?s={search_term_string}\"},\"query-input\":\"required name=search_term_string\"}],\"inLanguage\":\"ro-RO\"}]}<\/script>\n<!-- \/ Yoast SEO plugin. -->","yoast_head_json":{"title":"V i-Pro\u00ae EPDM MEMBRANE BUTYL LAYER - band\u0103 din membran\u0103 EPDM cu strat de butil autoadeziv - Proventuss","robots":{"index":"index","follow":"follow","max-snippet":"max-snippet:-1","max-image-preview":"max-image-preview:large","max-video-preview":"max-video-preview:-1"},"canonical":"https:\/\/proventuss.eu\/ro\/produkt\/v-i-pro-epdm-membrane-butyl-layer-banda-din-membrana-epdm-cu-strat-de-butil-autoadeziv\/","og_locale":"ro_RO","og_type":"article","og_title":"V i-Pro\u00ae EPDM MEMBRANE BUTYL LAYER - band\u0103 din membran\u0103 EPDM cu strat de butil autoadeziv - Proventuss","og_description":"Band\u0103 autoadeziv\u0103 din membran\u0103 EPDM, etan\u015f\u0103 la ap\u0103. Produsul const\u0103 \u020bn membran\u0103 EPDM ranforsat\u0103, de 1.0 mm grosime, acoperit\u0103 cu film de butil de 0.6mm autoadeziv, protejat cu folie de transfer. Membrana EPDM \u020bmpreun\u0103 cu filmul de butil autoadeziv dau produsului un factor redus de transmisie a vaporilor de ap\u0103. Membrana Vi-Pro EPDM cu strat [&hellip;]","og_url":"https:\/\/proventuss.eu\/ro\/produkt\/v-i-pro-epdm-membrane-butyl-layer-banda-din-membrana-epdm-cu-strat-de-butil-autoadeziv\/","og_site_name":"Proventuss","article_modified_time":"2023-06-23T09:39:00+00:00","og_image":[{"width":832,"height":640,"url":"https:\/\/proventuss.eu\/wp-content\/uploads\/2022\/04\/EPDM-Butyl-Layer.jpg","type":"image\/jpeg"}],"twitter_card":"summary_large_image","twitter_misc":{"Timp estimat pentru citire":"1 minut"},"schema":{"@context":"https:\/\/schema.org","@graph":[{"@type":"WebPage","@id":"https:\/\/proventuss.eu\/ro\/produkt\/v-i-pro-epdm-membrane-butyl-layer-banda-din-membrana-epdm-cu-strat-de-butil-autoadeziv\/","url":"https:\/\/proventuss.eu\/ro\/produkt\/v-i-pro-epdm-membrane-butyl-layer-banda-din-membrana-epdm-cu-strat-de-butil-autoadeziv\/","name":"V i-Pro\u00ae EPDM MEMBRANE BUTYL LAYER - band\u0103 din membran\u0103 EPDM cu strat de butil autoadeziv - Proventuss","isPartOf":{"@id":"https:\/\/proventuss.eu\/#website"},"primaryImageOfPage":{"@id":"https:\/\/proventuss.eu\/ro\/produkt\/v-i-pro-epdm-membrane-butyl-layer-banda-din-membrana-epdm-cu-strat-de-butil-autoadeziv\/#primaryimage"},"image":{"@id":"https:\/\/proventuss.eu\/ro\/produkt\/v-i-pro-epdm-membrane-butyl-layer-banda-din-membrana-epdm-cu-strat-de-butil-autoadeziv\/#primaryimage"},"thumbnailUrl":"https:\/\/proventuss.eu\/wp-content\/uploads\/2022\/04\/EPDM-Butyl-Layer.jpg","datePublished":"2022-04-26T09:07:48+00:00","dateModified":"2023-06-23T09:39:00+00:00","breadcrumb":{"@id":"https:\/\/proventuss.eu\/ro\/produkt\/v-i-pro-epdm-membrane-butyl-layer-banda-din-membrana-epdm-cu-strat-de-butil-autoadeziv\/#breadcrumb"},"inLanguage":"ro-RO","potentialAction":[{"@type":"ReadAction","target":["https:\/\/proventuss.eu\/ro\/produkt\/v-i-pro-epdm-membrane-butyl-layer-banda-din-membrana-epdm-cu-strat-de-butil-autoadeziv\/"]}]},{"@type":"ImageObject","inLanguage":"ro-RO","@id":"https:\/\/proventuss.eu\/ro\/produkt\/v-i-pro-epdm-membrane-butyl-layer-banda-din-membrana-epdm-cu-strat-de-butil-autoadeziv\/#primaryimage","url":"https:\/\/proventuss.eu\/wp-content\/uploads\/2022\/04\/EPDM-Butyl-Layer.jpg","contentUrl":"https:\/\/proventuss.eu\/wp-content\/uploads\/2022\/04\/EPDM-Butyl-Layer.jpg","width":832,"height":640,"caption":"Na zdj\u0119ciu samoprzylepny, fasadowy pas uszczelniaj\u0105cy z EPDM o grubo\u015bci 1,6 mm o niskim wsp\u00f3\u0142czynniku oporu na dyfuzje pary wodnej. Kolor czarny. Rolka."},{"@type":"BreadcrumbList","@id":"https:\/\/proventuss.eu\/ro\/produkt\/v-i-pro-epdm-membrane-butyl-layer-banda-din-membrana-epdm-cu-strat-de-butil-autoadeziv\/#breadcrumb","itemListElement":[{"@type":"ListItem","position":1,"name":"Home","item":"https:\/\/proventuss.eu\/ro\/"},{"@type":"ListItem","position":2,"name":"Produse","item":"https:\/\/proventuss.eu\/produse\/"},{"@type":"ListItem","position":3,"name":"V i-Pro\u00ae EPDM MEMBRANE BUTYL LAYER &#8211; band\u0103 din membran\u0103 EPDM cu strat de butil autoadeziv"}]},{"@type":"WebSite","@id":"https:\/\/proventuss.eu\/#website","url":"https:\/\/proventuss.eu\/","name":"Proventuss","description":"","potentialAction":[{"@type":"SearchAction","target":{"@type":"EntryPoint","urlTemplate":"https:\/\/proventuss.eu\/?s={search_term_string}"},"query-input":"required name=search_term_string"}],"inLanguage":"ro-RO"}]}},"_links":{"self":[{"href":"https:\/\/proventuss.eu\/ro\/wp-json\/wp\/v2\/product\/11062"}],"collection":[{"href":"https:\/\/proventuss.eu\/ro\/wp-json\/wp\/v2\/product"}],"about":[{"href":"https:\/\/proventuss.eu\/ro\/wp-json\/wp\/v2\/types\/product"}],"replies":[{"embeddable":true,"href":"https:\/\/proventuss.eu\/ro\/wp-json\/wp\/v2\/comments?post=11062"}],"wp:featuredmedia":[{"embeddable":true,"href":"https:\/\/proventuss.eu\/ro\/wp-json\/wp\/v2\/media\/9573"}],"wp:attachment":[{"href":"https:\/\/proventuss.eu\/ro\/wp-json\/wp\/v2\/media?parent=11062"}],"wp:term":[{"taxonomy":"product_cat","embeddable":true,"href":"https:\/\/proventuss.eu\/ro\/wp-json\/wp\/v2\/product_cat?post=11062"},{"taxonomy":"product_tag","embeddable":true,"href":"https:\/\/proventuss.eu\/ro\/wp-json\/wp\/v2\/product_tag?post=11062"}],"curies":[{"name":"wp","href":"https:\/\/api.w.org\/{rel}","templated":true}]}}