{"id":10313,"date":"2022-04-26T12:10:31","date_gmt":"2022-04-26T12:10:31","guid":{"rendered":"https:\/\/proventuss.eu\/produkt\/echipament-pentru-testarea-tractiunii\/"},"modified":"2022-04-26T12:10:31","modified_gmt":"2022-04-26T12:10:31","slug":"echipament-pentru-testarea-tractiunii","status":"publish","type":"product","link":"https:\/\/proventuss.eu\/ro\/produs\/echipament-pentru-testarea-tractiunii\/","title":{"rendered":"Echipament pentru testarea trac\u021biunii"},"content":{"rendered":"<p>Tester manual de trac\u021biune pentru mostra H este utilizat la \u00eencercarea de trac\u021biune a \u00eembin\u0103rii structurale de silicon din elementele de fa\u021bad\u0103 cu geam structural.<br \/>\nDomeniu de m\u0103surare: 42kg for\u021ba de rupere \u2013 p\u00e2n\u0103 ce mostra H se rupe Sarcin\u0103 maxim\u0103 de rupere: p\u00e2n\u0103 la 250 kg<br \/>\nOperare manual\u0103<br \/>\nTesterul este folosit la testarea rezisten\u021bei la trac\u021biune pentru epruvete H cu dimensiunile unei \u00eembin\u0103ri structurale de 12 x 12x50mm; suprafa\u021ba rostului trebuie s\u0103 fie 12x50mm (600mm2) iar ad\u00e2ncimea rostului de 12mm conform ETAG 002 si 13022.<\/p>\n","protected":false},"excerpt":{"rendered":"<p>Tester manual de trac\u021biune pentru mostra H este utilizat la \u00eencercarea de trac\u021biune a \u00eembin\u0103rii structurale de silicon din elementele de fa\u021bad\u0103 cu geam structural. Domeniu de m\u0103surare: 42kg for\u021ba de rupere \u2013 p\u00e2n\u0103 ce mostra H se rupe Sarcin\u0103 maxim\u0103 de rupere: p\u00e2n\u0103 la 250 kg Operare manual\u0103 Testerul este folosit la testarea rezisten\u021bei [&hellip;]<\/p>\n","protected":false},"featured_media":15108,"comment_status":"open","ping_status":"closed","template":"","meta":{"_acf_changed":false},"product_cat":[402],"product_tag":[],"acf":[],"yoast_head":"<!-- This site is optimized with the Yoast SEO plugin v22.9 - https:\/\/yoast.com\/wordpress\/plugins\/seo\/ -->\n<title>Echipament pentru testarea trac\u021biunii - Proventuss<\/title>\n<meta name=\"robots\" content=\"index, follow, max-snippet:-1, max-image-preview:large, max-video-preview:-1\" \/>\n<link rel=\"canonical\" href=\"https:\/\/proventuss.eu\/ro\/produkt\/echipament-pentru-testarea-tractiunii\/\" \/>\n<meta property=\"og:locale\" content=\"ro_RO\" \/>\n<meta property=\"og:type\" content=\"article\" \/>\n<meta property=\"og:title\" content=\"Echipament pentru testarea trac\u021biunii - Proventuss\" \/>\n<meta property=\"og:description\" content=\"Tester manual de trac\u021biune pentru mostra H este utilizat la \u00eencercarea de trac\u021biune a \u00eembin\u0103rii structurale de silicon din elementele de fa\u021bad\u0103 cu geam structural. Domeniu de m\u0103surare: 42kg for\u021ba de rupere \u2013 p\u00e2n\u0103 ce mostra H se rupe Sarcin\u0103 maxim\u0103 de rupere: p\u00e2n\u0103 la 250 kg Operare manual\u0103 Testerul este folosit la testarea rezisten\u021bei [&hellip;]\" \/>\n<meta property=\"og:url\" content=\"https:\/\/proventuss.eu\/ro\/produkt\/echipament-pentru-testarea-tractiunii\/\" \/>\n<meta property=\"og:site_name\" content=\"Proventuss\" \/>\n<meta property=\"og:image\" content=\"https:\/\/proventuss.eu\/wp-content\/uploads\/2022\/04\/zrywarka.png\" \/>\n\t<meta property=\"og:image:width\" content=\"1200\" \/>\n\t<meta property=\"og:image:height\" content=\"668\" \/>\n\t<meta property=\"og:image:type\" content=\"image\/png\" \/>\n<meta name=\"twitter:card\" content=\"summary_large_image\" \/>\n<script type=\"application\/ld+json\" class=\"yoast-schema-graph\">{\"@context\":\"https:\/\/schema.org\",\"@graph\":[{\"@type\":\"WebPage\",\"@id\":\"https:\/\/proventuss.eu\/ro\/produkt\/echipament-pentru-testarea-tractiunii\/\",\"url\":\"https:\/\/proventuss.eu\/ro\/produkt\/echipament-pentru-testarea-tractiunii\/\",\"name\":\"Echipament pentru testarea trac\u021biunii - Proventuss\",\"isPartOf\":{\"@id\":\"https:\/\/proventuss.eu\/#website\"},\"primaryImageOfPage\":{\"@id\":\"https:\/\/proventuss.eu\/ro\/produkt\/echipament-pentru-testarea-tractiunii\/#primaryimage\"},\"image\":{\"@id\":\"https:\/\/proventuss.eu\/ro\/produkt\/echipament-pentru-testarea-tractiunii\/#primaryimage\"},\"thumbnailUrl\":\"https:\/\/proventuss.eu\/wp-content\/uploads\/2022\/04\/zrywarka.png\",\"datePublished\":\"2022-04-26T12:10:31+00:00\",\"dateModified\":\"2022-04-26T12:10:31+00:00\",\"breadcrumb\":{\"@id\":\"https:\/\/proventuss.eu\/ro\/produkt\/echipament-pentru-testarea-tractiunii\/#breadcrumb\"},\"inLanguage\":\"ro-RO\",\"potentialAction\":[{\"@type\":\"ReadAction\",\"target\":[\"https:\/\/proventuss.eu\/ro\/produkt\/echipament-pentru-testarea-tractiunii\/\"]}]},{\"@type\":\"ImageObject\",\"inLanguage\":\"ro-RO\",\"@id\":\"https:\/\/proventuss.eu\/ro\/produkt\/echipament-pentru-testarea-tractiunii\/#primaryimage\",\"url\":\"https:\/\/proventuss.eu\/wp-content\/uploads\/2022\/04\/zrywarka.png\",\"contentUrl\":\"https:\/\/proventuss.eu\/wp-content\/uploads\/2022\/04\/zrywarka.png\",\"width\":1200,\"height\":668},{\"@type\":\"BreadcrumbList\",\"@id\":\"https:\/\/proventuss.eu\/ro\/produkt\/echipament-pentru-testarea-tractiunii\/#breadcrumb\",\"itemListElement\":[{\"@type\":\"ListItem\",\"position\":1,\"name\":\"Home\",\"item\":\"https:\/\/proventuss.eu\/ro\/\"},{\"@type\":\"ListItem\",\"position\":2,\"name\":\"Produse\",\"item\":\"https:\/\/proventuss.eu\/produse\/\"},{\"@type\":\"ListItem\",\"position\":3,\"name\":\"Echipament pentru testarea trac\u021biunii\"}]},{\"@type\":\"WebSite\",\"@id\":\"https:\/\/proventuss.eu\/#website\",\"url\":\"https:\/\/proventuss.eu\/\",\"name\":\"Proventuss\",\"description\":\"\",\"potentialAction\":[{\"@type\":\"SearchAction\",\"target\":{\"@type\":\"EntryPoint\",\"urlTemplate\":\"https:\/\/proventuss.eu\/?s={search_term_string}\"},\"query-input\":\"required name=search_term_string\"}],\"inLanguage\":\"ro-RO\"}]}<\/script>\n<!-- \/ Yoast SEO plugin. -->","yoast_head_json":{"title":"Echipament pentru testarea trac\u021biunii - Proventuss","robots":{"index":"index","follow":"follow","max-snippet":"max-snippet:-1","max-image-preview":"max-image-preview:large","max-video-preview":"max-video-preview:-1"},"canonical":"https:\/\/proventuss.eu\/ro\/produkt\/echipament-pentru-testarea-tractiunii\/","og_locale":"ro_RO","og_type":"article","og_title":"Echipament pentru testarea trac\u021biunii - Proventuss","og_description":"Tester manual de trac\u021biune pentru mostra H este utilizat la \u00eencercarea de trac\u021biune a \u00eembin\u0103rii structurale de silicon din elementele de fa\u021bad\u0103 cu geam structural. Domeniu de m\u0103surare: 42kg for\u021ba de rupere \u2013 p\u00e2n\u0103 ce mostra H se rupe Sarcin\u0103 maxim\u0103 de rupere: p\u00e2n\u0103 la 250 kg Operare manual\u0103 Testerul este folosit la testarea rezisten\u021bei [&hellip;]","og_url":"https:\/\/proventuss.eu\/ro\/produkt\/echipament-pentru-testarea-tractiunii\/","og_site_name":"Proventuss","og_image":[{"width":1200,"height":668,"url":"https:\/\/proventuss.eu\/wp-content\/uploads\/2022\/04\/zrywarka.png","type":"image\/png"}],"twitter_card":"summary_large_image","schema":{"@context":"https:\/\/schema.org","@graph":[{"@type":"WebPage","@id":"https:\/\/proventuss.eu\/ro\/produkt\/echipament-pentru-testarea-tractiunii\/","url":"https:\/\/proventuss.eu\/ro\/produkt\/echipament-pentru-testarea-tractiunii\/","name":"Echipament pentru testarea trac\u021biunii - Proventuss","isPartOf":{"@id":"https:\/\/proventuss.eu\/#website"},"primaryImageOfPage":{"@id":"https:\/\/proventuss.eu\/ro\/produkt\/echipament-pentru-testarea-tractiunii\/#primaryimage"},"image":{"@id":"https:\/\/proventuss.eu\/ro\/produkt\/echipament-pentru-testarea-tractiunii\/#primaryimage"},"thumbnailUrl":"https:\/\/proventuss.eu\/wp-content\/uploads\/2022\/04\/zrywarka.png","datePublished":"2022-04-26T12:10:31+00:00","dateModified":"2022-04-26T12:10:31+00:00","breadcrumb":{"@id":"https:\/\/proventuss.eu\/ro\/produkt\/echipament-pentru-testarea-tractiunii\/#breadcrumb"},"inLanguage":"ro-RO","potentialAction":[{"@type":"ReadAction","target":["https:\/\/proventuss.eu\/ro\/produkt\/echipament-pentru-testarea-tractiunii\/"]}]},{"@type":"ImageObject","inLanguage":"ro-RO","@id":"https:\/\/proventuss.eu\/ro\/produkt\/echipament-pentru-testarea-tractiunii\/#primaryimage","url":"https:\/\/proventuss.eu\/wp-content\/uploads\/2022\/04\/zrywarka.png","contentUrl":"https:\/\/proventuss.eu\/wp-content\/uploads\/2022\/04\/zrywarka.png","width":1200,"height":668},{"@type":"BreadcrumbList","@id":"https:\/\/proventuss.eu\/ro\/produkt\/echipament-pentru-testarea-tractiunii\/#breadcrumb","itemListElement":[{"@type":"ListItem","position":1,"name":"Home","item":"https:\/\/proventuss.eu\/ro\/"},{"@type":"ListItem","position":2,"name":"Produse","item":"https:\/\/proventuss.eu\/produse\/"},{"@type":"ListItem","position":3,"name":"Echipament pentru testarea trac\u021biunii"}]},{"@type":"WebSite","@id":"https:\/\/proventuss.eu\/#website","url":"https:\/\/proventuss.eu\/","name":"Proventuss","description":"","potentialAction":[{"@type":"SearchAction","target":{"@type":"EntryPoint","urlTemplate":"https:\/\/proventuss.eu\/?s={search_term_string}"},"query-input":"required name=search_term_string"}],"inLanguage":"ro-RO"}]}},"_links":{"self":[{"href":"https:\/\/proventuss.eu\/ro\/wp-json\/wp\/v2\/product\/10313"}],"collection":[{"href":"https:\/\/proventuss.eu\/ro\/wp-json\/wp\/v2\/product"}],"about":[{"href":"https:\/\/proventuss.eu\/ro\/wp-json\/wp\/v2\/types\/product"}],"replies":[{"embeddable":true,"href":"https:\/\/proventuss.eu\/ro\/wp-json\/wp\/v2\/comments?post=10313"}],"wp:featuredmedia":[{"embeddable":true,"href":"https:\/\/proventuss.eu\/ro\/wp-json\/wp\/v2\/media\/15108"}],"wp:attachment":[{"href":"https:\/\/proventuss.eu\/ro\/wp-json\/wp\/v2\/media?parent=10313"}],"wp:term":[{"taxonomy":"product_cat","embeddable":true,"href":"https:\/\/proventuss.eu\/ro\/wp-json\/wp\/v2\/product_cat?post=10313"},{"taxonomy":"product_tag","embeddable":true,"href":"https:\/\/proventuss.eu\/ro\/wp-json\/wp\/v2\/product_tag?post=10313"}],"curies":[{"name":"wp","href":"https:\/\/api.w.org\/{rel}","templated":true}]}}