{"id":10311,"date":"2022-04-26T12:00:35","date_gmt":"2022-04-26T12:00:35","guid":{"rendered":"https:\/\/proventuss.eu\/produkt\/dowsil-3522-cleaning-solvent-concentrated\/"},"modified":"2023-02-10T11:56:25","modified_gmt":"2023-02-10T11:56:25","slug":"dowsil-3522-cleaning-solvent-concentrated","status":"publish","type":"product","link":"https:\/\/proventuss.eu\/ro\/produs\/dowsil-3522-cleaning-solvent-concentrated\/","title":{"rendered":"DOWSIL 3522 CLEANING SOLVENT CONCENTRATED"},"content":{"rendered":"<p>Solvent concentrat este utilizat pentru cur\u0103\u021barea pompelor \u0219i dispozitivelor de dozare care lucreaz\u0103 cu sigilan\u021bi\/adezivi siliconici bicomponen\u021bi.<\/p>\n<p>Produsul nu con\u021bine solven\u021bi halogena\u021bi \u015fi a fost creat special ca s\u0103 dizolve produsele siliconice \u020bnt\u0103rite prezente \u020bn furtunele \u015fi mixerele echipamentelor.<\/p>\n<p>Produsul poate fi recirculat continuu \u020bn echipament pentru a asigura o cur\u0103\u021bare temeinic\u0103 a furtunurilor \u015fi a componentelor ma\u015finii. Sigilantul\/adezivul \u020bnt\u0103rit colectat \u020bn recipientul pentru reciclare se va depune \u015fi trebuie \u020bnl\u0103turat regulat pentru a \u020bmbun\u0103t\u0103\u021bi durata de via\u021b\u0103 a solventului \u020bn ma\u015fin\u0103. Solventul, capabil s\u0103 \u020bnl\u0103ture elastomeri de silicon \u020bnt\u0103ri\u021bi, poate fi de asemenea folosit pentru cur\u0103\u021barea podelelor sau ma\u015fin\u0103riilor unde se proceseaz\u0103 silicon.<\/p>\n<p><strong>Beneficii:<\/strong><br \/>\n&#8211; Dizolvarea rapid\u0103 a sigilantului siliconit \u020bnt\u0103rit<br \/>\n&#8211; Solvent non- halogenat<br \/>\n&#8211; Neinflamabil<br \/>\n&#8211; Compatibil cu toti sigilan\u021bii Dowsil<\/p>\n<p><strong>Ambalare:<\/strong> canistre 25L, butoi 250L<br \/>\n<strong>Culoare:<\/strong> lichid maroniu<\/p>\n<p>&nbsp;<\/p>\n","protected":false},"excerpt":{"rendered":"<p>Solvent concentrat este utilizat pentru cur\u0103\u021barea pompelor \u0219i dispozitivelor de dozare care lucreaz\u0103 cu sigilan\u021bi\/adezivi siliconici bicomponen\u021bi. Produsul nu con\u021bine solven\u021bi halogena\u021bi \u015fi a fost creat special ca s\u0103 dizolve produsele siliconice \u020bnt\u0103rite prezente \u020bn furtunele \u015fi mixerele echipamentelor. Produsul poate fi recirculat continuu \u020bn echipament pentru a asigura o cur\u0103\u021bare temeinic\u0103 a furtunurilor \u015fi [&hellip;]<\/p>\n","protected":false},"featured_media":9646,"comment_status":"open","ping_status":"closed","template":"","meta":{"_acf_changed":false},"product_cat":[402,403],"product_tag":[],"acf":[],"yoast_head":"<!-- This site is optimized with the Yoast SEO plugin v22.9 - https:\/\/yoast.com\/wordpress\/plugins\/seo\/ -->\n<title>DOWSIL 3522 CLEANING SOLVENT CONCENTRATED - Proventuss<\/title>\n<meta name=\"robots\" content=\"index, follow, max-snippet:-1, max-image-preview:large, max-video-preview:-1\" \/>\n<link rel=\"canonical\" href=\"https:\/\/proventuss.eu\/ro\/produkt\/dowsil-3522-cleaning-solvent-concentrated\/\" \/>\n<meta property=\"og:locale\" content=\"ro_RO\" \/>\n<meta property=\"og:type\" content=\"article\" \/>\n<meta property=\"og:title\" content=\"DOWSIL 3522 CLEANING SOLVENT CONCENTRATED - Proventuss\" \/>\n<meta property=\"og:description\" content=\"Solvent concentrat este utilizat pentru cur\u0103\u021barea pompelor \u0219i dispozitivelor de dozare care lucreaz\u0103 cu sigilan\u021bi\/adezivi siliconici bicomponen\u021bi. Produsul nu con\u021bine solven\u021bi halogena\u021bi \u015fi a fost creat special ca s\u0103 dizolve produsele siliconice \u020bnt\u0103rite prezente \u020bn furtunele \u015fi mixerele echipamentelor. Produsul poate fi recirculat continuu \u020bn echipament pentru a asigura o cur\u0103\u021bare temeinic\u0103 a furtunurilor \u015fi [&hellip;]\" \/>\n<meta property=\"og:url\" content=\"https:\/\/proventuss.eu\/ro\/produkt\/dowsil-3522-cleaning-solvent-concentrated\/\" \/>\n<meta property=\"og:site_name\" content=\"Proventuss\" \/>\n<meta property=\"article:modified_time\" content=\"2023-02-10T11:56:25+00:00\" \/>\n<meta property=\"og:image\" content=\"https:\/\/proventuss.eu\/wp-content\/uploads\/2022\/04\/3522.jpg\" \/>\n\t<meta property=\"og:image:width\" content=\"640\" \/>\n\t<meta property=\"og:image:height\" content=\"640\" \/>\n\t<meta property=\"og:image:type\" content=\"image\/jpeg\" \/>\n<meta name=\"twitter:card\" content=\"summary_large_image\" \/>\n<meta name=\"twitter:label1\" content=\"Timp estimat pentru citire\" \/>\n\t<meta name=\"twitter:data1\" content=\"1 minut\" \/>\n<script type=\"application\/ld+json\" class=\"yoast-schema-graph\">{\"@context\":\"https:\/\/schema.org\",\"@graph\":[{\"@type\":\"WebPage\",\"@id\":\"https:\/\/proventuss.eu\/ro\/produkt\/dowsil-3522-cleaning-solvent-concentrated\/\",\"url\":\"https:\/\/proventuss.eu\/ro\/produkt\/dowsil-3522-cleaning-solvent-concentrated\/\",\"name\":\"DOWSIL 3522 CLEANING SOLVENT CONCENTRATED - Proventuss\",\"isPartOf\":{\"@id\":\"https:\/\/proventuss.eu\/#website\"},\"primaryImageOfPage\":{\"@id\":\"https:\/\/proventuss.eu\/ro\/produkt\/dowsil-3522-cleaning-solvent-concentrated\/#primaryimage\"},\"image\":{\"@id\":\"https:\/\/proventuss.eu\/ro\/produkt\/dowsil-3522-cleaning-solvent-concentrated\/#primaryimage\"},\"thumbnailUrl\":\"https:\/\/proventuss.eu\/wp-content\/uploads\/2022\/04\/3522.jpg\",\"datePublished\":\"2022-04-26T12:00:35+00:00\",\"dateModified\":\"2023-02-10T11:56:25+00:00\",\"breadcrumb\":{\"@id\":\"https:\/\/proventuss.eu\/ro\/produkt\/dowsil-3522-cleaning-solvent-concentrated\/#breadcrumb\"},\"inLanguage\":\"ro-RO\",\"potentialAction\":[{\"@type\":\"ReadAction\",\"target\":[\"https:\/\/proventuss.eu\/ro\/produkt\/dowsil-3522-cleaning-solvent-concentrated\/\"]}]},{\"@type\":\"ImageObject\",\"inLanguage\":\"ro-RO\",\"@id\":\"https:\/\/proventuss.eu\/ro\/produkt\/dowsil-3522-cleaning-solvent-concentrated\/#primaryimage\",\"url\":\"https:\/\/proventuss.eu\/wp-content\/uploads\/2022\/04\/3522.jpg\",\"contentUrl\":\"https:\/\/proventuss.eu\/wp-content\/uploads\/2022\/04\/3522.jpg\",\"width\":640,\"height\":640},{\"@type\":\"BreadcrumbList\",\"@id\":\"https:\/\/proventuss.eu\/ro\/produkt\/dowsil-3522-cleaning-solvent-concentrated\/#breadcrumb\",\"itemListElement\":[{\"@type\":\"ListItem\",\"position\":1,\"name\":\"Home\",\"item\":\"https:\/\/proventuss.eu\/ro\/\"},{\"@type\":\"ListItem\",\"position\":2,\"name\":\"Produse\",\"item\":\"https:\/\/proventuss.eu\/produse\/\"},{\"@type\":\"ListItem\",\"position\":3,\"name\":\"DOWSIL 3522 CLEANING SOLVENT CONCENTRATED\"}]},{\"@type\":\"WebSite\",\"@id\":\"https:\/\/proventuss.eu\/#website\",\"url\":\"https:\/\/proventuss.eu\/\",\"name\":\"Proventuss\",\"description\":\"\",\"potentialAction\":[{\"@type\":\"SearchAction\",\"target\":{\"@type\":\"EntryPoint\",\"urlTemplate\":\"https:\/\/proventuss.eu\/?s={search_term_string}\"},\"query-input\":\"required name=search_term_string\"}],\"inLanguage\":\"ro-RO\"}]}<\/script>\n<!-- \/ Yoast SEO plugin. -->","yoast_head_json":{"title":"DOWSIL 3522 CLEANING SOLVENT CONCENTRATED - Proventuss","robots":{"index":"index","follow":"follow","max-snippet":"max-snippet:-1","max-image-preview":"max-image-preview:large","max-video-preview":"max-video-preview:-1"},"canonical":"https:\/\/proventuss.eu\/ro\/produkt\/dowsil-3522-cleaning-solvent-concentrated\/","og_locale":"ro_RO","og_type":"article","og_title":"DOWSIL 3522 CLEANING SOLVENT CONCENTRATED - Proventuss","og_description":"Solvent concentrat este utilizat pentru cur\u0103\u021barea pompelor \u0219i dispozitivelor de dozare care lucreaz\u0103 cu sigilan\u021bi\/adezivi siliconici bicomponen\u021bi. Produsul nu con\u021bine solven\u021bi halogena\u021bi \u015fi a fost creat special ca s\u0103 dizolve produsele siliconice \u020bnt\u0103rite prezente \u020bn furtunele \u015fi mixerele echipamentelor. Produsul poate fi recirculat continuu \u020bn echipament pentru a asigura o cur\u0103\u021bare temeinic\u0103 a furtunurilor \u015fi [&hellip;]","og_url":"https:\/\/proventuss.eu\/ro\/produkt\/dowsil-3522-cleaning-solvent-concentrated\/","og_site_name":"Proventuss","article_modified_time":"2023-02-10T11:56:25+00:00","og_image":[{"width":640,"height":640,"url":"https:\/\/proventuss.eu\/wp-content\/uploads\/2022\/04\/3522.jpg","type":"image\/jpeg"}],"twitter_card":"summary_large_image","twitter_misc":{"Timp estimat pentru citire":"1 minut"},"schema":{"@context":"https:\/\/schema.org","@graph":[{"@type":"WebPage","@id":"https:\/\/proventuss.eu\/ro\/produkt\/dowsil-3522-cleaning-solvent-concentrated\/","url":"https:\/\/proventuss.eu\/ro\/produkt\/dowsil-3522-cleaning-solvent-concentrated\/","name":"DOWSIL 3522 CLEANING SOLVENT CONCENTRATED - Proventuss","isPartOf":{"@id":"https:\/\/proventuss.eu\/#website"},"primaryImageOfPage":{"@id":"https:\/\/proventuss.eu\/ro\/produkt\/dowsil-3522-cleaning-solvent-concentrated\/#primaryimage"},"image":{"@id":"https:\/\/proventuss.eu\/ro\/produkt\/dowsil-3522-cleaning-solvent-concentrated\/#primaryimage"},"thumbnailUrl":"https:\/\/proventuss.eu\/wp-content\/uploads\/2022\/04\/3522.jpg","datePublished":"2022-04-26T12:00:35+00:00","dateModified":"2023-02-10T11:56:25+00:00","breadcrumb":{"@id":"https:\/\/proventuss.eu\/ro\/produkt\/dowsil-3522-cleaning-solvent-concentrated\/#breadcrumb"},"inLanguage":"ro-RO","potentialAction":[{"@type":"ReadAction","target":["https:\/\/proventuss.eu\/ro\/produkt\/dowsil-3522-cleaning-solvent-concentrated\/"]}]},{"@type":"ImageObject","inLanguage":"ro-RO","@id":"https:\/\/proventuss.eu\/ro\/produkt\/dowsil-3522-cleaning-solvent-concentrated\/#primaryimage","url":"https:\/\/proventuss.eu\/wp-content\/uploads\/2022\/04\/3522.jpg","contentUrl":"https:\/\/proventuss.eu\/wp-content\/uploads\/2022\/04\/3522.jpg","width":640,"height":640},{"@type":"BreadcrumbList","@id":"https:\/\/proventuss.eu\/ro\/produkt\/dowsil-3522-cleaning-solvent-concentrated\/#breadcrumb","itemListElement":[{"@type":"ListItem","position":1,"name":"Home","item":"https:\/\/proventuss.eu\/ro\/"},{"@type":"ListItem","position":2,"name":"Produse","item":"https:\/\/proventuss.eu\/produse\/"},{"@type":"ListItem","position":3,"name":"DOWSIL 3522 CLEANING SOLVENT CONCENTRATED"}]},{"@type":"WebSite","@id":"https:\/\/proventuss.eu\/#website","url":"https:\/\/proventuss.eu\/","name":"Proventuss","description":"","potentialAction":[{"@type":"SearchAction","target":{"@type":"EntryPoint","urlTemplate":"https:\/\/proventuss.eu\/?s={search_term_string}"},"query-input":"required name=search_term_string"}],"inLanguage":"ro-RO"}]}},"_links":{"self":[{"href":"https:\/\/proventuss.eu\/ro\/wp-json\/wp\/v2\/product\/10311"}],"collection":[{"href":"https:\/\/proventuss.eu\/ro\/wp-json\/wp\/v2\/product"}],"about":[{"href":"https:\/\/proventuss.eu\/ro\/wp-json\/wp\/v2\/types\/product"}],"replies":[{"embeddable":true,"href":"https:\/\/proventuss.eu\/ro\/wp-json\/wp\/v2\/comments?post=10311"}],"wp:featuredmedia":[{"embeddable":true,"href":"https:\/\/proventuss.eu\/ro\/wp-json\/wp\/v2\/media\/9646"}],"wp:attachment":[{"href":"https:\/\/proventuss.eu\/ro\/wp-json\/wp\/v2\/media?parent=10311"}],"wp:term":[{"taxonomy":"product_cat","embeddable":true,"href":"https:\/\/proventuss.eu\/ro\/wp-json\/wp\/v2\/product_cat?post=10311"},{"taxonomy":"product_tag","embeddable":true,"href":"https:\/\/proventuss.eu\/ro\/wp-json\/wp\/v2\/product_tag?post=10311"}],"curies":[{"name":"wp","href":"https:\/\/api.w.org\/{rel}","templated":true}]}}