{"id":10310,"date":"2022-04-26T11:58:15","date_gmt":"2022-04-26T11:58:15","guid":{"rendered":"https:\/\/proventuss.eu\/produkt\/dowsil-r40-universal-cleaner\/"},"modified":"2022-04-26T11:58:15","modified_gmt":"2022-04-26T11:58:15","slug":"dowsil-r40-universal-cleaner","status":"publish","type":"product","link":"https:\/\/proventuss.eu\/ro\/produs\/dowsil-r40-universal-cleaner\/","title":{"rendered":"DOWSIL R40 UNIVERSAL CLEANER"},"content":{"rendered":"<p>DOWSIL R40 UNIVERSAL CLEANER este un solvent special formulat pentru cur\u0103\u021barea unei game largi de substraturi \u00een aplica\u021bii precum geamurile structurale,<br \/>\nsigil\u0103ri\/lipiri rezistente la intemperii \u015fi UV, sistemele de ferestre \u0219i u\u0219i \u0219i multe alte aplica\u021bii.<\/p>\n<p>Recomandat \u020bn special pentru: sticl\u0103, profile aluminiu, profile din o\u021bel \u015fi plastic.<\/p>\n<p><strong>Beneficii:<\/strong><br \/>\n&#8211; U\u015for \u015fi sigur de folosit<br \/>\n&#8211; Evaporare rapid\u0103<br \/>\n&#8211; Compatibil cu to\u021bi sigian\u021bii Dowsil<\/p>\n","protected":false},"excerpt":{"rendered":"<p>DOWSIL R40 UNIVERSAL CLEANER este un solvent special formulat pentru cur\u0103\u021barea unei game largi de substraturi \u00een aplica\u021bii precum geamurile structurale, sigil\u0103ri\/lipiri rezistente la intemperii \u015fi UV, sistemele de ferestre \u0219i u\u0219i \u0219i multe alte aplica\u021bii. Recomandat \u020bn special pentru: sticl\u0103, profile aluminiu, profile din o\u021bel \u015fi plastic. Beneficii: &#8211; U\u015for \u015fi sigur de folosit [&hellip;]<\/p>\n","protected":false},"featured_media":9651,"comment_status":"open","ping_status":"closed","template":"","meta":{"_acf_changed":false},"product_cat":[402,406],"product_tag":[],"acf":[],"yoast_head":"<!-- This site is optimized with the Yoast SEO plugin v22.9 - https:\/\/yoast.com\/wordpress\/plugins\/seo\/ -->\n<title>DOWSIL R40 UNIVERSAL CLEANER - Proventuss<\/title>\n<meta name=\"robots\" content=\"index, follow, max-snippet:-1, max-image-preview:large, max-video-preview:-1\" \/>\n<link rel=\"canonical\" href=\"https:\/\/proventuss.eu\/ro\/produkt\/dowsil-r40-universal-cleaner\/\" \/>\n<meta property=\"og:locale\" content=\"ro_RO\" \/>\n<meta property=\"og:type\" content=\"article\" \/>\n<meta property=\"og:title\" content=\"DOWSIL R40 UNIVERSAL CLEANER - Proventuss\" \/>\n<meta property=\"og:description\" content=\"DOWSIL R40 UNIVERSAL CLEANER este un solvent special formulat pentru cur\u0103\u021barea unei game largi de substraturi \u00een aplica\u021bii precum geamurile structurale, sigil\u0103ri\/lipiri rezistente la intemperii \u015fi UV, sistemele de ferestre \u0219i u\u0219i \u0219i multe alte aplica\u021bii. Recomandat \u020bn special pentru: sticl\u0103, profile aluminiu, profile din o\u021bel \u015fi plastic. Beneficii: &#8211; U\u015for \u015fi sigur de folosit [&hellip;]\" \/>\n<meta property=\"og:url\" content=\"https:\/\/proventuss.eu\/ro\/produkt\/dowsil-r40-universal-cleaner\/\" \/>\n<meta property=\"og:site_name\" content=\"Proventuss\" \/>\n<meta property=\"og:image\" content=\"https:\/\/proventuss.eu\/wp-content\/uploads\/2022\/04\/Dowsil-R40-Universal-Cleaner.jpg\" \/>\n\t<meta property=\"og:image:width\" content=\"640\" \/>\n\t<meta property=\"og:image:height\" content=\"1085\" \/>\n\t<meta property=\"og:image:type\" content=\"image\/jpeg\" \/>\n<meta name=\"twitter:card\" content=\"summary_large_image\" \/>\n<script type=\"application\/ld+json\" class=\"yoast-schema-graph\">{\"@context\":\"https:\/\/schema.org\",\"@graph\":[{\"@type\":\"WebPage\",\"@id\":\"https:\/\/proventuss.eu\/ro\/produkt\/dowsil-r40-universal-cleaner\/\",\"url\":\"https:\/\/proventuss.eu\/ro\/produkt\/dowsil-r40-universal-cleaner\/\",\"name\":\"DOWSIL R40 UNIVERSAL CLEANER - Proventuss\",\"isPartOf\":{\"@id\":\"https:\/\/proventuss.eu\/#website\"},\"primaryImageOfPage\":{\"@id\":\"https:\/\/proventuss.eu\/ro\/produkt\/dowsil-r40-universal-cleaner\/#primaryimage\"},\"image\":{\"@id\":\"https:\/\/proventuss.eu\/ro\/produkt\/dowsil-r40-universal-cleaner\/#primaryimage\"},\"thumbnailUrl\":\"https:\/\/proventuss.eu\/wp-content\/uploads\/2022\/04\/Dowsil-R40-Universal-Cleaner.jpg\",\"datePublished\":\"2022-04-26T11:58:15+00:00\",\"dateModified\":\"2022-04-26T11:58:15+00:00\",\"breadcrumb\":{\"@id\":\"https:\/\/proventuss.eu\/ro\/produkt\/dowsil-r40-universal-cleaner\/#breadcrumb\"},\"inLanguage\":\"ro-RO\",\"potentialAction\":[{\"@type\":\"ReadAction\",\"target\":[\"https:\/\/proventuss.eu\/ro\/produkt\/dowsil-r40-universal-cleaner\/\"]}]},{\"@type\":\"ImageObject\",\"inLanguage\":\"ro-RO\",\"@id\":\"https:\/\/proventuss.eu\/ro\/produkt\/dowsil-r40-universal-cleaner\/#primaryimage\",\"url\":\"https:\/\/proventuss.eu\/wp-content\/uploads\/2022\/04\/Dowsil-R40-Universal-Cleaner.jpg\",\"contentUrl\":\"https:\/\/proventuss.eu\/wp-content\/uploads\/2022\/04\/Dowsil-R40-Universal-Cleaner.jpg\",\"width\":640,\"height\":1085},{\"@type\":\"BreadcrumbList\",\"@id\":\"https:\/\/proventuss.eu\/ro\/produkt\/dowsil-r40-universal-cleaner\/#breadcrumb\",\"itemListElement\":[{\"@type\":\"ListItem\",\"position\":1,\"name\":\"Home\",\"item\":\"https:\/\/proventuss.eu\/ro\/\"},{\"@type\":\"ListItem\",\"position\":2,\"name\":\"Produse\",\"item\":\"https:\/\/proventuss.eu\/produse\/\"},{\"@type\":\"ListItem\",\"position\":3,\"name\":\"DOWSIL R40 UNIVERSAL CLEANER\"}]},{\"@type\":\"WebSite\",\"@id\":\"https:\/\/proventuss.eu\/#website\",\"url\":\"https:\/\/proventuss.eu\/\",\"name\":\"Proventuss\",\"description\":\"\",\"potentialAction\":[{\"@type\":\"SearchAction\",\"target\":{\"@type\":\"EntryPoint\",\"urlTemplate\":\"https:\/\/proventuss.eu\/?s={search_term_string}\"},\"query-input\":\"required name=search_term_string\"}],\"inLanguage\":\"ro-RO\"}]}<\/script>\n<!-- \/ Yoast SEO plugin. -->","yoast_head_json":{"title":"DOWSIL R40 UNIVERSAL CLEANER - Proventuss","robots":{"index":"index","follow":"follow","max-snippet":"max-snippet:-1","max-image-preview":"max-image-preview:large","max-video-preview":"max-video-preview:-1"},"canonical":"https:\/\/proventuss.eu\/ro\/produkt\/dowsil-r40-universal-cleaner\/","og_locale":"ro_RO","og_type":"article","og_title":"DOWSIL R40 UNIVERSAL CLEANER - Proventuss","og_description":"DOWSIL R40 UNIVERSAL CLEANER este un solvent special formulat pentru cur\u0103\u021barea unei game largi de substraturi \u00een aplica\u021bii precum geamurile structurale, sigil\u0103ri\/lipiri rezistente la intemperii \u015fi UV, sistemele de ferestre \u0219i u\u0219i \u0219i multe alte aplica\u021bii. Recomandat \u020bn special pentru: sticl\u0103, profile aluminiu, profile din o\u021bel \u015fi plastic. Beneficii: &#8211; U\u015for \u015fi sigur de folosit [&hellip;]","og_url":"https:\/\/proventuss.eu\/ro\/produkt\/dowsil-r40-universal-cleaner\/","og_site_name":"Proventuss","og_image":[{"width":640,"height":1085,"url":"https:\/\/proventuss.eu\/wp-content\/uploads\/2022\/04\/Dowsil-R40-Universal-Cleaner.jpg","type":"image\/jpeg"}],"twitter_card":"summary_large_image","schema":{"@context":"https:\/\/schema.org","@graph":[{"@type":"WebPage","@id":"https:\/\/proventuss.eu\/ro\/produkt\/dowsil-r40-universal-cleaner\/","url":"https:\/\/proventuss.eu\/ro\/produkt\/dowsil-r40-universal-cleaner\/","name":"DOWSIL R40 UNIVERSAL CLEANER - Proventuss","isPartOf":{"@id":"https:\/\/proventuss.eu\/#website"},"primaryImageOfPage":{"@id":"https:\/\/proventuss.eu\/ro\/produkt\/dowsil-r40-universal-cleaner\/#primaryimage"},"image":{"@id":"https:\/\/proventuss.eu\/ro\/produkt\/dowsil-r40-universal-cleaner\/#primaryimage"},"thumbnailUrl":"https:\/\/proventuss.eu\/wp-content\/uploads\/2022\/04\/Dowsil-R40-Universal-Cleaner.jpg","datePublished":"2022-04-26T11:58:15+00:00","dateModified":"2022-04-26T11:58:15+00:00","breadcrumb":{"@id":"https:\/\/proventuss.eu\/ro\/produkt\/dowsil-r40-universal-cleaner\/#breadcrumb"},"inLanguage":"ro-RO","potentialAction":[{"@type":"ReadAction","target":["https:\/\/proventuss.eu\/ro\/produkt\/dowsil-r40-universal-cleaner\/"]}]},{"@type":"ImageObject","inLanguage":"ro-RO","@id":"https:\/\/proventuss.eu\/ro\/produkt\/dowsil-r40-universal-cleaner\/#primaryimage","url":"https:\/\/proventuss.eu\/wp-content\/uploads\/2022\/04\/Dowsil-R40-Universal-Cleaner.jpg","contentUrl":"https:\/\/proventuss.eu\/wp-content\/uploads\/2022\/04\/Dowsil-R40-Universal-Cleaner.jpg","width":640,"height":1085},{"@type":"BreadcrumbList","@id":"https:\/\/proventuss.eu\/ro\/produkt\/dowsil-r40-universal-cleaner\/#breadcrumb","itemListElement":[{"@type":"ListItem","position":1,"name":"Home","item":"https:\/\/proventuss.eu\/ro\/"},{"@type":"ListItem","position":2,"name":"Produse","item":"https:\/\/proventuss.eu\/produse\/"},{"@type":"ListItem","position":3,"name":"DOWSIL R40 UNIVERSAL CLEANER"}]},{"@type":"WebSite","@id":"https:\/\/proventuss.eu\/#website","url":"https:\/\/proventuss.eu\/","name":"Proventuss","description":"","potentialAction":[{"@type":"SearchAction","target":{"@type":"EntryPoint","urlTemplate":"https:\/\/proventuss.eu\/?s={search_term_string}"},"query-input":"required name=search_term_string"}],"inLanguage":"ro-RO"}]}},"_links":{"self":[{"href":"https:\/\/proventuss.eu\/ro\/wp-json\/wp\/v2\/product\/10310"}],"collection":[{"href":"https:\/\/proventuss.eu\/ro\/wp-json\/wp\/v2\/product"}],"about":[{"href":"https:\/\/proventuss.eu\/ro\/wp-json\/wp\/v2\/types\/product"}],"replies":[{"embeddable":true,"href":"https:\/\/proventuss.eu\/ro\/wp-json\/wp\/v2\/comments?post=10310"}],"wp:featuredmedia":[{"embeddable":true,"href":"https:\/\/proventuss.eu\/ro\/wp-json\/wp\/v2\/media\/9651"}],"wp:attachment":[{"href":"https:\/\/proventuss.eu\/ro\/wp-json\/wp\/v2\/media?parent=10310"}],"wp:term":[{"taxonomy":"product_cat","embeddable":true,"href":"https:\/\/proventuss.eu\/ro\/wp-json\/wp\/v2\/product_cat?post=10310"},{"taxonomy":"product_tag","embeddable":true,"href":"https:\/\/proventuss.eu\/ro\/wp-json\/wp\/v2\/product_tag?post=10310"}],"curies":[{"name":"wp","href":"https:\/\/api.w.org\/{rel}","templated":true}]}}