{"id":10308,"date":"2022-04-26T11:53:35","date_gmt":"2022-04-26T11:53:35","guid":{"rendered":"https:\/\/proventuss.eu\/produkt\/dowsil-primer-1203-3in1\/"},"modified":"2023-02-10T11:53:45","modified_gmt":"2023-02-10T11:53:45","slug":"dowsil-primer-1203-3in1","status":"publish","type":"product","link":"https:\/\/proventuss.eu\/ro\/produs\/dowsil-primer-1203-3in1\/","title":{"rendered":"DOWSIL Primer 1203 3in1"},"content":{"rendered":"<p>Primer \u015fi cleaner (vizibil \u020bn spectrul UV) recomandat pentru cur\u0103\u021barea substraturilor \u015fi \u020bmbun\u0103t\u0103\u021birea adeziunii sigilan\u021bilor siliconici pe o varietate de substraturi neporoase.<br \/>\nCompatibil cu siliconi structurali pentru izolare \u015fi izolare la intemperii. Poate fi folosit ca s\u0103 cure\u021be \u015fi ca strat de primer \u020bn acelasi timp, pentru \u020bndep\u0103rtarea riscurilor de apari\u021bie a erorilor.<\/p>\n<p>\u020ambun\u0103t\u0103\u021be\u015fte adeziunea pe:<br \/>\n&#8211; Aluminiu anodizat<br \/>\n&#8211; Aluminiu vopsit \u020bn c\u00e2mp electrostatic<br \/>\n&#8211; Ceramic\u0103<br \/>\n&#8211; Plastic<br \/>\n&#8211; Sticl\u0103 emailat\u0103<br \/>\nSiliconul ar trebui aplicat \u020bntr-un interval de 15min dup\u0103 aplicarea primerului, la 25\u00b0C. Timpul de aplicare dintre primer \u015fi sigilant nu trebuie s\u0103 dep\u0103seasc\u0103 6 ore.<\/p>\n<p><strong>Ambalare:<\/strong> flacon 500ml<br \/>\n<strong>Culoare:<\/strong> lichid transparent<\/p>\n","protected":false},"excerpt":{"rendered":"<p>Primer \u015fi cleaner (vizibil \u020bn spectrul UV) recomandat pentru cur\u0103\u021barea substraturilor \u015fi \u020bmbun\u0103t\u0103\u021birea adeziunii sigilan\u021bilor siliconici pe o varietate de substraturi neporoase. Compatibil cu siliconi structurali pentru izolare \u015fi izolare la intemperii. Poate fi folosit ca s\u0103 cure\u021be \u015fi ca strat de primer \u020bn acelasi timp, pentru \u020bndep\u0103rtarea riscurilor de apari\u021bie a erorilor. \u020ambun\u0103t\u0103\u021be\u015fte adeziunea [&hellip;]<\/p>\n","protected":false},"featured_media":9619,"comment_status":"open","ping_status":"closed","template":"","meta":{"_acf_changed":false},"product_cat":[402,406],"product_tag":[],"acf":[],"yoast_head":"<!-- This site is optimized with the Yoast SEO plugin v22.9 - https:\/\/yoast.com\/wordpress\/plugins\/seo\/ -->\n<title>DOWSIL Primer 1203 3in1 - Proventuss<\/title>\n<meta name=\"robots\" content=\"index, follow, max-snippet:-1, max-image-preview:large, max-video-preview:-1\" \/>\n<link rel=\"canonical\" href=\"https:\/\/proventuss.eu\/ro\/produkt\/dowsil-primer-1203-3in1\/\" \/>\n<meta property=\"og:locale\" content=\"ro_RO\" \/>\n<meta property=\"og:type\" content=\"article\" \/>\n<meta property=\"og:title\" content=\"DOWSIL Primer 1203 3in1 - Proventuss\" \/>\n<meta property=\"og:description\" content=\"Primer \u015fi cleaner (vizibil \u020bn spectrul UV) recomandat pentru cur\u0103\u021barea substraturilor \u015fi \u020bmbun\u0103t\u0103\u021birea adeziunii sigilan\u021bilor siliconici pe o varietate de substraturi neporoase. Compatibil cu siliconi structurali pentru izolare \u015fi izolare la intemperii. Poate fi folosit ca s\u0103 cure\u021be \u015fi ca strat de primer \u020bn acelasi timp, pentru \u020bndep\u0103rtarea riscurilor de apari\u021bie a erorilor. \u020ambun\u0103t\u0103\u021be\u015fte adeziunea [&hellip;]\" \/>\n<meta property=\"og:url\" content=\"https:\/\/proventuss.eu\/ro\/produkt\/dowsil-primer-1203-3in1\/\" \/>\n<meta property=\"og:site_name\" content=\"Proventuss\" \/>\n<meta property=\"article:modified_time\" content=\"2023-02-10T11:53:45+00:00\" \/>\n<meta property=\"og:image\" content=\"https:\/\/proventuss.eu\/wp-content\/uploads\/2022\/04\/Dowsil-1203-3in1-Primer_1.png\" \/>\n\t<meta property=\"og:image:width\" content=\"640\" \/>\n\t<meta property=\"og:image:height\" content=\"640\" \/>\n\t<meta property=\"og:image:type\" content=\"image\/png\" \/>\n<meta name=\"twitter:card\" content=\"summary_large_image\" \/>\n<meta name=\"twitter:label1\" content=\"Timp estimat pentru citire\" \/>\n\t<meta name=\"twitter:data1\" content=\"1 minut\" \/>\n<script type=\"application\/ld+json\" class=\"yoast-schema-graph\">{\"@context\":\"https:\/\/schema.org\",\"@graph\":[{\"@type\":\"WebPage\",\"@id\":\"https:\/\/proventuss.eu\/ro\/produkt\/dowsil-primer-1203-3in1\/\",\"url\":\"https:\/\/proventuss.eu\/ro\/produkt\/dowsil-primer-1203-3in1\/\",\"name\":\"DOWSIL Primer 1203 3in1 - Proventuss\",\"isPartOf\":{\"@id\":\"https:\/\/proventuss.eu\/#website\"},\"primaryImageOfPage\":{\"@id\":\"https:\/\/proventuss.eu\/ro\/produkt\/dowsil-primer-1203-3in1\/#primaryimage\"},\"image\":{\"@id\":\"https:\/\/proventuss.eu\/ro\/produkt\/dowsil-primer-1203-3in1\/#primaryimage\"},\"thumbnailUrl\":\"https:\/\/proventuss.eu\/wp-content\/uploads\/2022\/04\/Dowsil-1203-3in1-Primer_1.png\",\"datePublished\":\"2022-04-26T11:53:35+00:00\",\"dateModified\":\"2023-02-10T11:53:45+00:00\",\"breadcrumb\":{\"@id\":\"https:\/\/proventuss.eu\/ro\/produkt\/dowsil-primer-1203-3in1\/#breadcrumb\"},\"inLanguage\":\"ro-RO\",\"potentialAction\":[{\"@type\":\"ReadAction\",\"target\":[\"https:\/\/proventuss.eu\/ro\/produkt\/dowsil-primer-1203-3in1\/\"]}]},{\"@type\":\"ImageObject\",\"inLanguage\":\"ro-RO\",\"@id\":\"https:\/\/proventuss.eu\/ro\/produkt\/dowsil-primer-1203-3in1\/#primaryimage\",\"url\":\"https:\/\/proventuss.eu\/wp-content\/uploads\/2022\/04\/Dowsil-1203-3in1-Primer_1.png\",\"contentUrl\":\"https:\/\/proventuss.eu\/wp-content\/uploads\/2022\/04\/Dowsil-1203-3in1-Primer_1.png\",\"width\":640,\"height\":640},{\"@type\":\"BreadcrumbList\",\"@id\":\"https:\/\/proventuss.eu\/ro\/produkt\/dowsil-primer-1203-3in1\/#breadcrumb\",\"itemListElement\":[{\"@type\":\"ListItem\",\"position\":1,\"name\":\"Home\",\"item\":\"https:\/\/proventuss.eu\/ro\/\"},{\"@type\":\"ListItem\",\"position\":2,\"name\":\"Produse\",\"item\":\"https:\/\/proventuss.eu\/produse\/\"},{\"@type\":\"ListItem\",\"position\":3,\"name\":\"DOWSIL Primer 1203 3in1\"}]},{\"@type\":\"WebSite\",\"@id\":\"https:\/\/proventuss.eu\/#website\",\"url\":\"https:\/\/proventuss.eu\/\",\"name\":\"Proventuss\",\"description\":\"\",\"potentialAction\":[{\"@type\":\"SearchAction\",\"target\":{\"@type\":\"EntryPoint\",\"urlTemplate\":\"https:\/\/proventuss.eu\/?s={search_term_string}\"},\"query-input\":\"required name=search_term_string\"}],\"inLanguage\":\"ro-RO\"}]}<\/script>\n<!-- \/ Yoast SEO plugin. -->","yoast_head_json":{"title":"DOWSIL Primer 1203 3in1 - Proventuss","robots":{"index":"index","follow":"follow","max-snippet":"max-snippet:-1","max-image-preview":"max-image-preview:large","max-video-preview":"max-video-preview:-1"},"canonical":"https:\/\/proventuss.eu\/ro\/produkt\/dowsil-primer-1203-3in1\/","og_locale":"ro_RO","og_type":"article","og_title":"DOWSIL Primer 1203 3in1 - Proventuss","og_description":"Primer \u015fi cleaner (vizibil \u020bn spectrul UV) recomandat pentru cur\u0103\u021barea substraturilor \u015fi \u020bmbun\u0103t\u0103\u021birea adeziunii sigilan\u021bilor siliconici pe o varietate de substraturi neporoase. Compatibil cu siliconi structurali pentru izolare \u015fi izolare la intemperii. Poate fi folosit ca s\u0103 cure\u021be \u015fi ca strat de primer \u020bn acelasi timp, pentru \u020bndep\u0103rtarea riscurilor de apari\u021bie a erorilor. \u020ambun\u0103t\u0103\u021be\u015fte adeziunea [&hellip;]","og_url":"https:\/\/proventuss.eu\/ro\/produkt\/dowsil-primer-1203-3in1\/","og_site_name":"Proventuss","article_modified_time":"2023-02-10T11:53:45+00:00","og_image":[{"width":640,"height":640,"url":"https:\/\/proventuss.eu\/wp-content\/uploads\/2022\/04\/Dowsil-1203-3in1-Primer_1.png","type":"image\/png"}],"twitter_card":"summary_large_image","twitter_misc":{"Timp estimat pentru citire":"1 minut"},"schema":{"@context":"https:\/\/schema.org","@graph":[{"@type":"WebPage","@id":"https:\/\/proventuss.eu\/ro\/produkt\/dowsil-primer-1203-3in1\/","url":"https:\/\/proventuss.eu\/ro\/produkt\/dowsil-primer-1203-3in1\/","name":"DOWSIL Primer 1203 3in1 - Proventuss","isPartOf":{"@id":"https:\/\/proventuss.eu\/#website"},"primaryImageOfPage":{"@id":"https:\/\/proventuss.eu\/ro\/produkt\/dowsil-primer-1203-3in1\/#primaryimage"},"image":{"@id":"https:\/\/proventuss.eu\/ro\/produkt\/dowsil-primer-1203-3in1\/#primaryimage"},"thumbnailUrl":"https:\/\/proventuss.eu\/wp-content\/uploads\/2022\/04\/Dowsil-1203-3in1-Primer_1.png","datePublished":"2022-04-26T11:53:35+00:00","dateModified":"2023-02-10T11:53:45+00:00","breadcrumb":{"@id":"https:\/\/proventuss.eu\/ro\/produkt\/dowsil-primer-1203-3in1\/#breadcrumb"},"inLanguage":"ro-RO","potentialAction":[{"@type":"ReadAction","target":["https:\/\/proventuss.eu\/ro\/produkt\/dowsil-primer-1203-3in1\/"]}]},{"@type":"ImageObject","inLanguage":"ro-RO","@id":"https:\/\/proventuss.eu\/ro\/produkt\/dowsil-primer-1203-3in1\/#primaryimage","url":"https:\/\/proventuss.eu\/wp-content\/uploads\/2022\/04\/Dowsil-1203-3in1-Primer_1.png","contentUrl":"https:\/\/proventuss.eu\/wp-content\/uploads\/2022\/04\/Dowsil-1203-3in1-Primer_1.png","width":640,"height":640},{"@type":"BreadcrumbList","@id":"https:\/\/proventuss.eu\/ro\/produkt\/dowsil-primer-1203-3in1\/#breadcrumb","itemListElement":[{"@type":"ListItem","position":1,"name":"Home","item":"https:\/\/proventuss.eu\/ro\/"},{"@type":"ListItem","position":2,"name":"Produse","item":"https:\/\/proventuss.eu\/produse\/"},{"@type":"ListItem","position":3,"name":"DOWSIL Primer 1203 3in1"}]},{"@type":"WebSite","@id":"https:\/\/proventuss.eu\/#website","url":"https:\/\/proventuss.eu\/","name":"Proventuss","description":"","potentialAction":[{"@type":"SearchAction","target":{"@type":"EntryPoint","urlTemplate":"https:\/\/proventuss.eu\/?s={search_term_string}"},"query-input":"required name=search_term_string"}],"inLanguage":"ro-RO"}]}},"_links":{"self":[{"href":"https:\/\/proventuss.eu\/ro\/wp-json\/wp\/v2\/product\/10308"}],"collection":[{"href":"https:\/\/proventuss.eu\/ro\/wp-json\/wp\/v2\/product"}],"about":[{"href":"https:\/\/proventuss.eu\/ro\/wp-json\/wp\/v2\/types\/product"}],"replies":[{"embeddable":true,"href":"https:\/\/proventuss.eu\/ro\/wp-json\/wp\/v2\/comments?post=10308"}],"wp:featuredmedia":[{"embeddable":true,"href":"https:\/\/proventuss.eu\/ro\/wp-json\/wp\/v2\/media\/9619"}],"wp:attachment":[{"href":"https:\/\/proventuss.eu\/ro\/wp-json\/wp\/v2\/media?parent=10308"}],"wp:term":[{"taxonomy":"product_cat","embeddable":true,"href":"https:\/\/proventuss.eu\/ro\/wp-json\/wp\/v2\/product_cat?post=10308"},{"taxonomy":"product_tag","embeddable":true,"href":"https:\/\/proventuss.eu\/ro\/wp-json\/wp\/v2\/product_tag?post=10308"}],"curies":[{"name":"wp","href":"https:\/\/api.w.org\/{rel}","templated":true}]}}