{"id":10306,"date":"2022-04-26T11:49:27","date_gmt":"2022-04-26T11:49:27","guid":{"rendered":"https:\/\/proventuss.eu\/produkt\/vi-pro-liquid-foil\/"},"modified":"2023-02-10T11:52:22","modified_gmt":"2023-02-10T11:52:22","slug":"vi-pro-liquid-foil","status":"publish","type":"product","link":"https:\/\/proventuss.eu\/ro\/produs\/vi-pro-liquid-foil\/","title":{"rendered":"Vi-Pro\u00ae LIQUID FOIL"},"content":{"rendered":"<p>Vi-Pro\u00ae LIQUID FOIL este o pelicul\u0103 pe baz\u0103 de ap\u0103, limpede sau albastr\u0103, care poate fi aplicat\u0103 pe suprafe\u021be verticale sau orizontale colorate sau nep\u0103tate pentru protec\u021bie temporar\u0103.<\/p>\n<p>Poate fi folosit ca protec\u021bie pe termen lung pe c\u00e2teva suprafe\u021be neporoase precum: aluminiu, PVC alb standard, sticl\u0103, suprafe\u021be din marmur\u0103 sau granit, ceramic\u0103, parchet laminat, suprafe\u021be acoperite cu r\u0103\u015fin\u0103 epoxy etc.<\/p>\n<p>Ajut\u0103 la \u020bndep\u0103rtarea u\u015foar\u0103 a murd\u0103riei, protejeaz\u0103 \u020bmpotriva prafului, vopsitului, zg\u00e2rieturilor, stropi de sudur\u0103, ap\u0103, umiditatea \u015fi coroziune.<\/p>\n<p><strong>Avantaje:<\/strong><br \/>\nProtejeaz\u0103 \u020bmpotriva stropilor de sudur\u0103<br \/>\nFolie ce poate fi exfoliat\u0103, rezistent\u0103 la diferite vopseluri \u015fi chimicale<br \/>\nTixotropic, poate fi aplicabil pe suprafe\u021be verticale.<br \/>\nPe baz\u0103 de ap\u0103 deci poate fi aplicat pe suprafe\u021be vopsite \u020bn c\u00e2mp electrostatic.<br \/>\nUneltele pentru aplicare pot fi cur\u0103\u021bate cu ap\u0103. Cur\u0103\u021barea fiind astfel u\u015foar\u0103 \u015fi ieftin\u0103.<br \/>\nSigurant\u0103 \u2013 produsul nu afecteaz\u0103 negativ ferestrele sau ramele fiind compatibil<br \/>\nPrietenos cu mediul \u020bnconjurator, nu afecteaz\u0103 s\u0103n\u0103tatea uman\u0103 fiind pe baza de ap\u0103.<\/p>\n<p><strong>Beneficii:<\/strong><br \/>\n&#8211; Nu este inflamabil<br \/>\n&#8211; Uscare rapid\u0103<br \/>\n&#8211; Efiecien\u021b\u0103 la consum, nu sunt pierderi<br \/>\n&#8211; U\u015for de \u020bndep\u0103rtat la \u020bncheierea perioadei de protec\u021bie<br \/>\n&#8211; Ajut\u0103 la \u020bmbun\u0103t\u0103\u021birea imaginii companiei pentru c\u0103 nu exist\u0103 reclama\u021bii<br \/>\n&#8211; Reduce riscul de pierderi sau de costuri cu repara\u021biile<br \/>\n&#8211; Aplicare mai rapid\u0103 fa\u021b\u0103 de foliile standard<\/p>\n","protected":false},"excerpt":{"rendered":"<p>Vi-Pro\u00ae LIQUID FOIL este o pelicul\u0103 pe baz\u0103 de ap\u0103, limpede sau albastr\u0103, care poate fi aplicat\u0103 pe suprafe\u021be verticale sau orizontale colorate sau nep\u0103tate pentru protec\u021bie temporar\u0103. Poate fi folosit ca protec\u021bie pe termen lung pe c\u00e2teva suprafe\u021be neporoase precum: aluminiu, PVC alb standard, sticl\u0103, suprafe\u021be din marmur\u0103 sau granit, ceramic\u0103, parchet laminat, suprafe\u021be [&hellip;]<\/p>\n","protected":false},"featured_media":10718,"comment_status":"open","ping_status":"closed","template":"","meta":{"_acf_changed":false},"product_cat":[402],"product_tag":[],"acf":[],"yoast_head":"<!-- This site is optimized with the Yoast SEO plugin v22.9 - https:\/\/yoast.com\/wordpress\/plugins\/seo\/ -->\n<title>Vi-Pro\u00ae LIQUID FOIL - Proventuss<\/title>\n<meta name=\"robots\" content=\"index, follow, max-snippet:-1, max-image-preview:large, max-video-preview:-1\" \/>\n<link rel=\"canonical\" href=\"https:\/\/proventuss.eu\/ro\/produkt\/vi-pro-liquid-foil\/\" \/>\n<meta property=\"og:locale\" content=\"ro_RO\" \/>\n<meta property=\"og:type\" content=\"article\" \/>\n<meta property=\"og:title\" content=\"Vi-Pro\u00ae LIQUID FOIL - Proventuss\" \/>\n<meta property=\"og:description\" content=\"Vi-Pro\u00ae LIQUID FOIL este o pelicul\u0103 pe baz\u0103 de ap\u0103, limpede sau albastr\u0103, care poate fi aplicat\u0103 pe suprafe\u021be verticale sau orizontale colorate sau nep\u0103tate pentru protec\u021bie temporar\u0103. Poate fi folosit ca protec\u021bie pe termen lung pe c\u00e2teva suprafe\u021be neporoase precum: aluminiu, PVC alb standard, sticl\u0103, suprafe\u021be din marmur\u0103 sau granit, ceramic\u0103, parchet laminat, suprafe\u021be [&hellip;]\" \/>\n<meta property=\"og:url\" content=\"https:\/\/proventuss.eu\/ro\/produkt\/vi-pro-liquid-foil\/\" \/>\n<meta property=\"og:site_name\" content=\"Proventuss\" \/>\n<meta property=\"article:modified_time\" content=\"2023-02-10T11:52:22+00:00\" \/>\n<meta property=\"og:image\" content=\"https:\/\/proventuss.eu\/wp-content\/uploads\/2022\/04\/MG_5905a1M.png\" \/>\n\t<meta property=\"og:image:width\" content=\"1058\" \/>\n\t<meta property=\"og:image:height\" content=\"1200\" \/>\n\t<meta property=\"og:image:type\" content=\"image\/png\" \/>\n<meta name=\"twitter:card\" content=\"summary_large_image\" \/>\n<meta name=\"twitter:label1\" content=\"Timp estimat pentru citire\" \/>\n\t<meta name=\"twitter:data1\" content=\"2 minute\" \/>\n<script type=\"application\/ld+json\" class=\"yoast-schema-graph\">{\"@context\":\"https:\/\/schema.org\",\"@graph\":[{\"@type\":\"WebPage\",\"@id\":\"https:\/\/proventuss.eu\/ro\/produkt\/vi-pro-liquid-foil\/\",\"url\":\"https:\/\/proventuss.eu\/ro\/produkt\/vi-pro-liquid-foil\/\",\"name\":\"Vi-Pro\u00ae LIQUID FOIL - Proventuss\",\"isPartOf\":{\"@id\":\"https:\/\/proventuss.eu\/#website\"},\"primaryImageOfPage\":{\"@id\":\"https:\/\/proventuss.eu\/ro\/produkt\/vi-pro-liquid-foil\/#primaryimage\"},\"image\":{\"@id\":\"https:\/\/proventuss.eu\/ro\/produkt\/vi-pro-liquid-foil\/#primaryimage\"},\"thumbnailUrl\":\"https:\/\/proventuss.eu\/wp-content\/uploads\/2022\/04\/MG_5905a1M.png\",\"datePublished\":\"2022-04-26T11:49:27+00:00\",\"dateModified\":\"2023-02-10T11:52:22+00:00\",\"breadcrumb\":{\"@id\":\"https:\/\/proventuss.eu\/ro\/produkt\/vi-pro-liquid-foil\/#breadcrumb\"},\"inLanguage\":\"ro-RO\",\"potentialAction\":[{\"@type\":\"ReadAction\",\"target\":[\"https:\/\/proventuss.eu\/ro\/produkt\/vi-pro-liquid-foil\/\"]}]},{\"@type\":\"ImageObject\",\"inLanguage\":\"ro-RO\",\"@id\":\"https:\/\/proventuss.eu\/ro\/produkt\/vi-pro-liquid-foil\/#primaryimage\",\"url\":\"https:\/\/proventuss.eu\/wp-content\/uploads\/2022\/04\/MG_5905a1M.png\",\"contentUrl\":\"https:\/\/proventuss.eu\/wp-content\/uploads\/2022\/04\/MG_5905a1M.png\",\"width\":1058,\"height\":1200,\"caption\":\"Na zdj\u0119ciu Folia w p\u0142ynie zabezpiecza przed zabrudzeniami, malowaniem, zarysowaniami, odpryskami spawalniczymi, wod\u0105, wilgoci\u0105 i korozj\u0105. Wydajna w u\u017cyciu. Czarne wiadro 20 L.\"},{\"@type\":\"BreadcrumbList\",\"@id\":\"https:\/\/proventuss.eu\/ro\/produkt\/vi-pro-liquid-foil\/#breadcrumb\",\"itemListElement\":[{\"@type\":\"ListItem\",\"position\":1,\"name\":\"Home\",\"item\":\"https:\/\/proventuss.eu\/ro\/\"},{\"@type\":\"ListItem\",\"position\":2,\"name\":\"Produse\",\"item\":\"https:\/\/proventuss.eu\/produse\/\"},{\"@type\":\"ListItem\",\"position\":3,\"name\":\"Vi-Pro\u00ae LIQUID FOIL\"}]},{\"@type\":\"WebSite\",\"@id\":\"https:\/\/proventuss.eu\/#website\",\"url\":\"https:\/\/proventuss.eu\/\",\"name\":\"Proventuss\",\"description\":\"\",\"potentialAction\":[{\"@type\":\"SearchAction\",\"target\":{\"@type\":\"EntryPoint\",\"urlTemplate\":\"https:\/\/proventuss.eu\/?s={search_term_string}\"},\"query-input\":\"required name=search_term_string\"}],\"inLanguage\":\"ro-RO\"}]}<\/script>\n<!-- \/ Yoast SEO plugin. -->","yoast_head_json":{"title":"Vi-Pro\u00ae LIQUID FOIL - Proventuss","robots":{"index":"index","follow":"follow","max-snippet":"max-snippet:-1","max-image-preview":"max-image-preview:large","max-video-preview":"max-video-preview:-1"},"canonical":"https:\/\/proventuss.eu\/ro\/produkt\/vi-pro-liquid-foil\/","og_locale":"ro_RO","og_type":"article","og_title":"Vi-Pro\u00ae LIQUID FOIL - Proventuss","og_description":"Vi-Pro\u00ae LIQUID FOIL este o pelicul\u0103 pe baz\u0103 de ap\u0103, limpede sau albastr\u0103, care poate fi aplicat\u0103 pe suprafe\u021be verticale sau orizontale colorate sau nep\u0103tate pentru protec\u021bie temporar\u0103. Poate fi folosit ca protec\u021bie pe termen lung pe c\u00e2teva suprafe\u021be neporoase precum: aluminiu, PVC alb standard, sticl\u0103, suprafe\u021be din marmur\u0103 sau granit, ceramic\u0103, parchet laminat, suprafe\u021be [&hellip;]","og_url":"https:\/\/proventuss.eu\/ro\/produkt\/vi-pro-liquid-foil\/","og_site_name":"Proventuss","article_modified_time":"2023-02-10T11:52:22+00:00","og_image":[{"width":1058,"height":1200,"url":"https:\/\/proventuss.eu\/wp-content\/uploads\/2022\/04\/MG_5905a1M.png","type":"image\/png"}],"twitter_card":"summary_large_image","twitter_misc":{"Timp estimat pentru citire":"2 minute"},"schema":{"@context":"https:\/\/schema.org","@graph":[{"@type":"WebPage","@id":"https:\/\/proventuss.eu\/ro\/produkt\/vi-pro-liquid-foil\/","url":"https:\/\/proventuss.eu\/ro\/produkt\/vi-pro-liquid-foil\/","name":"Vi-Pro\u00ae LIQUID FOIL - Proventuss","isPartOf":{"@id":"https:\/\/proventuss.eu\/#website"},"primaryImageOfPage":{"@id":"https:\/\/proventuss.eu\/ro\/produkt\/vi-pro-liquid-foil\/#primaryimage"},"image":{"@id":"https:\/\/proventuss.eu\/ro\/produkt\/vi-pro-liquid-foil\/#primaryimage"},"thumbnailUrl":"https:\/\/proventuss.eu\/wp-content\/uploads\/2022\/04\/MG_5905a1M.png","datePublished":"2022-04-26T11:49:27+00:00","dateModified":"2023-02-10T11:52:22+00:00","breadcrumb":{"@id":"https:\/\/proventuss.eu\/ro\/produkt\/vi-pro-liquid-foil\/#breadcrumb"},"inLanguage":"ro-RO","potentialAction":[{"@type":"ReadAction","target":["https:\/\/proventuss.eu\/ro\/produkt\/vi-pro-liquid-foil\/"]}]},{"@type":"ImageObject","inLanguage":"ro-RO","@id":"https:\/\/proventuss.eu\/ro\/produkt\/vi-pro-liquid-foil\/#primaryimage","url":"https:\/\/proventuss.eu\/wp-content\/uploads\/2022\/04\/MG_5905a1M.png","contentUrl":"https:\/\/proventuss.eu\/wp-content\/uploads\/2022\/04\/MG_5905a1M.png","width":1058,"height":1200,"caption":"Na zdj\u0119ciu Folia w p\u0142ynie zabezpiecza przed zabrudzeniami, malowaniem, zarysowaniami, odpryskami spawalniczymi, wod\u0105, wilgoci\u0105 i korozj\u0105. Wydajna w u\u017cyciu. Czarne wiadro 20 L."},{"@type":"BreadcrumbList","@id":"https:\/\/proventuss.eu\/ro\/produkt\/vi-pro-liquid-foil\/#breadcrumb","itemListElement":[{"@type":"ListItem","position":1,"name":"Home","item":"https:\/\/proventuss.eu\/ro\/"},{"@type":"ListItem","position":2,"name":"Produse","item":"https:\/\/proventuss.eu\/produse\/"},{"@type":"ListItem","position":3,"name":"Vi-Pro\u00ae LIQUID FOIL"}]},{"@type":"WebSite","@id":"https:\/\/proventuss.eu\/#website","url":"https:\/\/proventuss.eu\/","name":"Proventuss","description":"","potentialAction":[{"@type":"SearchAction","target":{"@type":"EntryPoint","urlTemplate":"https:\/\/proventuss.eu\/?s={search_term_string}"},"query-input":"required name=search_term_string"}],"inLanguage":"ro-RO"}]}},"_links":{"self":[{"href":"https:\/\/proventuss.eu\/ro\/wp-json\/wp\/v2\/product\/10306"}],"collection":[{"href":"https:\/\/proventuss.eu\/ro\/wp-json\/wp\/v2\/product"}],"about":[{"href":"https:\/\/proventuss.eu\/ro\/wp-json\/wp\/v2\/types\/product"}],"replies":[{"embeddable":true,"href":"https:\/\/proventuss.eu\/ro\/wp-json\/wp\/v2\/comments?post=10306"}],"wp:featuredmedia":[{"embeddable":true,"href":"https:\/\/proventuss.eu\/ro\/wp-json\/wp\/v2\/media\/10718"}],"wp:attachment":[{"href":"https:\/\/proventuss.eu\/ro\/wp-json\/wp\/v2\/media?parent=10306"}],"wp:term":[{"taxonomy":"product_cat","embeddable":true,"href":"https:\/\/proventuss.eu\/ro\/wp-json\/wp\/v2\/product_cat?post=10306"},{"taxonomy":"product_tag","embeddable":true,"href":"https:\/\/proventuss.eu\/ro\/wp-json\/wp\/v2\/product_tag?post=10306"}],"curies":[{"name":"wp","href":"https:\/\/api.w.org\/{rel}","templated":true}]}}