{"id":10305,"date":"2022-04-26T11:48:09","date_gmt":"2022-04-26T11:48:09","guid":{"rendered":"https:\/\/proventuss.eu\/produkt\/vi-pro-easy-to-clean\/"},"modified":"2022-04-26T11:48:09","modified_gmt":"2022-04-26T11:48:09","slug":"vi-pro-easy-to-clean","status":"publish","type":"product","link":"https:\/\/proventuss.eu\/ro\/produs\/vi-pro-easy-to-clean\/","title":{"rendered":"Vi-Pro\u00ae EASY-TO-CLEAN"},"content":{"rendered":"<p>Solvent pentru cur\u0103\u021bare de uz general pentru o cur\u0103\u021bare optim\u0103 a suprafe\u021belor non-poroase de praf, gr\u0103simi, ulei, reziduri de silicon ne\u020bnt\u0103rit etc.<br \/>\nRecomandat pentru suprafe\u021be neporoase precum: sticl\u0103, lemn, plastic.<\/p>\n<p><strong>Beneficii:<\/strong><br \/>\n&#8211; U\u015for \u015fi sigur de folosit<br \/>\n&#8211; Evaporare rapid\u0103<br \/>\n&#8211; Compatibil cu to\u021bi sigilan\u021bii Dowsil<\/p>\n<p><strong>Ambalare\/culoare:<\/strong><br \/>\nAmbalare: canistr\u0103 de 1 l (9 canistre \u020bn bax)<br \/>\nCuloare: lichid transparent<\/p>\n","protected":false},"excerpt":{"rendered":"<p>Solvent pentru cur\u0103\u021bare de uz general pentru o cur\u0103\u021bare optim\u0103 a suprafe\u021belor non-poroase de praf, gr\u0103simi, ulei, reziduri de silicon ne\u020bnt\u0103rit etc. Recomandat pentru suprafe\u021be neporoase precum: sticl\u0103, lemn, plastic. Beneficii: &#8211; U\u015for \u015fi sigur de folosit &#8211; Evaporare rapid\u0103 &#8211; Compatibil cu to\u021bi sigilan\u021bii Dowsil Ambalare\/culoare: Ambalare: canistr\u0103 de 1 l (9 canistre \u020bn [&hellip;]<\/p>\n","protected":false},"featured_media":9615,"comment_status":"open","ping_status":"closed","template":"","meta":{"_acf_changed":false},"product_cat":[402],"product_tag":[],"acf":[],"yoast_head":"<!-- This site is optimized with the Yoast SEO plugin v22.9 - https:\/\/yoast.com\/wordpress\/plugins\/seo\/ -->\n<title>Vi-Pro\u00ae EASY-TO-CLEAN - Proventuss<\/title>\n<meta name=\"robots\" content=\"index, follow, max-snippet:-1, max-image-preview:large, max-video-preview:-1\" \/>\n<link rel=\"canonical\" href=\"https:\/\/proventuss.eu\/ro\/produkt\/vi-pro-easy-to-clean\/\" \/>\n<meta property=\"og:locale\" content=\"ro_RO\" \/>\n<meta property=\"og:type\" content=\"article\" \/>\n<meta property=\"og:title\" content=\"Vi-Pro\u00ae EASY-TO-CLEAN - Proventuss\" \/>\n<meta property=\"og:description\" content=\"Solvent pentru cur\u0103\u021bare de uz general pentru o cur\u0103\u021bare optim\u0103 a suprafe\u021belor non-poroase de praf, gr\u0103simi, ulei, reziduri de silicon ne\u020bnt\u0103rit etc. Recomandat pentru suprafe\u021be neporoase precum: sticl\u0103, lemn, plastic. Beneficii: &#8211; U\u015for \u015fi sigur de folosit &#8211; Evaporare rapid\u0103 &#8211; Compatibil cu to\u021bi sigilan\u021bii Dowsil Ambalare\/culoare: Ambalare: canistr\u0103 de 1 l (9 canistre \u020bn [&hellip;]\" \/>\n<meta property=\"og:url\" content=\"https:\/\/proventuss.eu\/ro\/produkt\/vi-pro-easy-to-clean\/\" \/>\n<meta property=\"og:site_name\" content=\"Proventuss\" \/>\n<meta property=\"og:image\" content=\"https:\/\/proventuss.eu\/wp-content\/uploads\/2022\/04\/Easy-To-Clean1.png\" \/>\n\t<meta property=\"og:image:width\" content=\"640\" \/>\n\t<meta property=\"og:image:height\" content=\"640\" \/>\n\t<meta property=\"og:image:type\" content=\"image\/png\" \/>\n<meta name=\"twitter:card\" content=\"summary_large_image\" \/>\n<script type=\"application\/ld+json\" class=\"yoast-schema-graph\">{\"@context\":\"https:\/\/schema.org\",\"@graph\":[{\"@type\":\"WebPage\",\"@id\":\"https:\/\/proventuss.eu\/ro\/produkt\/vi-pro-easy-to-clean\/\",\"url\":\"https:\/\/proventuss.eu\/ro\/produkt\/vi-pro-easy-to-clean\/\",\"name\":\"Vi-Pro\u00ae EASY-TO-CLEAN - Proventuss\",\"isPartOf\":{\"@id\":\"https:\/\/proventuss.eu\/#website\"},\"primaryImageOfPage\":{\"@id\":\"https:\/\/proventuss.eu\/ro\/produkt\/vi-pro-easy-to-clean\/#primaryimage\"},\"image\":{\"@id\":\"https:\/\/proventuss.eu\/ro\/produkt\/vi-pro-easy-to-clean\/#primaryimage\"},\"thumbnailUrl\":\"https:\/\/proventuss.eu\/wp-content\/uploads\/2022\/04\/Easy-To-Clean1.png\",\"datePublished\":\"2022-04-26T11:48:09+00:00\",\"dateModified\":\"2022-04-26T11:48:09+00:00\",\"breadcrumb\":{\"@id\":\"https:\/\/proventuss.eu\/ro\/produkt\/vi-pro-easy-to-clean\/#breadcrumb\"},\"inLanguage\":\"ro-RO\",\"potentialAction\":[{\"@type\":\"ReadAction\",\"target\":[\"https:\/\/proventuss.eu\/ro\/produkt\/vi-pro-easy-to-clean\/\"]}]},{\"@type\":\"ImageObject\",\"inLanguage\":\"ro-RO\",\"@id\":\"https:\/\/proventuss.eu\/ro\/produkt\/vi-pro-easy-to-clean\/#primaryimage\",\"url\":\"https:\/\/proventuss.eu\/wp-content\/uploads\/2022\/04\/Easy-To-Clean1.png\",\"contentUrl\":\"https:\/\/proventuss.eu\/wp-content\/uploads\/2022\/04\/Easy-To-Clean1.png\",\"width\":640,\"height\":640,\"caption\":\"Na zdj\u0119ciu Rozpuszczalnik czyszcz\u0105cy do czyszczenia powierzchni nieporowatych z kurzu, t\u0142uszczu, oleju, pozosta\u0142o\u015bci nieutwardzonych szczeliw.\"},{\"@type\":\"BreadcrumbList\",\"@id\":\"https:\/\/proventuss.eu\/ro\/produkt\/vi-pro-easy-to-clean\/#breadcrumb\",\"itemListElement\":[{\"@type\":\"ListItem\",\"position\":1,\"name\":\"Home\",\"item\":\"https:\/\/proventuss.eu\/ro\/\"},{\"@type\":\"ListItem\",\"position\":2,\"name\":\"Produse\",\"item\":\"https:\/\/proventuss.eu\/produse\/\"},{\"@type\":\"ListItem\",\"position\":3,\"name\":\"Vi-Pro\u00ae EASY-TO-CLEAN\"}]},{\"@type\":\"WebSite\",\"@id\":\"https:\/\/proventuss.eu\/#website\",\"url\":\"https:\/\/proventuss.eu\/\",\"name\":\"Proventuss\",\"description\":\"\",\"potentialAction\":[{\"@type\":\"SearchAction\",\"target\":{\"@type\":\"EntryPoint\",\"urlTemplate\":\"https:\/\/proventuss.eu\/?s={search_term_string}\"},\"query-input\":\"required name=search_term_string\"}],\"inLanguage\":\"ro-RO\"}]}<\/script>\n<!-- \/ Yoast SEO plugin. -->","yoast_head_json":{"title":"Vi-Pro\u00ae EASY-TO-CLEAN - Proventuss","robots":{"index":"index","follow":"follow","max-snippet":"max-snippet:-1","max-image-preview":"max-image-preview:large","max-video-preview":"max-video-preview:-1"},"canonical":"https:\/\/proventuss.eu\/ro\/produkt\/vi-pro-easy-to-clean\/","og_locale":"ro_RO","og_type":"article","og_title":"Vi-Pro\u00ae EASY-TO-CLEAN - Proventuss","og_description":"Solvent pentru cur\u0103\u021bare de uz general pentru o cur\u0103\u021bare optim\u0103 a suprafe\u021belor non-poroase de praf, gr\u0103simi, ulei, reziduri de silicon ne\u020bnt\u0103rit etc. Recomandat pentru suprafe\u021be neporoase precum: sticl\u0103, lemn, plastic. Beneficii: &#8211; U\u015for \u015fi sigur de folosit &#8211; Evaporare rapid\u0103 &#8211; Compatibil cu to\u021bi sigilan\u021bii Dowsil Ambalare\/culoare: Ambalare: canistr\u0103 de 1 l (9 canistre \u020bn [&hellip;]","og_url":"https:\/\/proventuss.eu\/ro\/produkt\/vi-pro-easy-to-clean\/","og_site_name":"Proventuss","og_image":[{"width":640,"height":640,"url":"https:\/\/proventuss.eu\/wp-content\/uploads\/2022\/04\/Easy-To-Clean1.png","type":"image\/png"}],"twitter_card":"summary_large_image","schema":{"@context":"https:\/\/schema.org","@graph":[{"@type":"WebPage","@id":"https:\/\/proventuss.eu\/ro\/produkt\/vi-pro-easy-to-clean\/","url":"https:\/\/proventuss.eu\/ro\/produkt\/vi-pro-easy-to-clean\/","name":"Vi-Pro\u00ae EASY-TO-CLEAN - Proventuss","isPartOf":{"@id":"https:\/\/proventuss.eu\/#website"},"primaryImageOfPage":{"@id":"https:\/\/proventuss.eu\/ro\/produkt\/vi-pro-easy-to-clean\/#primaryimage"},"image":{"@id":"https:\/\/proventuss.eu\/ro\/produkt\/vi-pro-easy-to-clean\/#primaryimage"},"thumbnailUrl":"https:\/\/proventuss.eu\/wp-content\/uploads\/2022\/04\/Easy-To-Clean1.png","datePublished":"2022-04-26T11:48:09+00:00","dateModified":"2022-04-26T11:48:09+00:00","breadcrumb":{"@id":"https:\/\/proventuss.eu\/ro\/produkt\/vi-pro-easy-to-clean\/#breadcrumb"},"inLanguage":"ro-RO","potentialAction":[{"@type":"ReadAction","target":["https:\/\/proventuss.eu\/ro\/produkt\/vi-pro-easy-to-clean\/"]}]},{"@type":"ImageObject","inLanguage":"ro-RO","@id":"https:\/\/proventuss.eu\/ro\/produkt\/vi-pro-easy-to-clean\/#primaryimage","url":"https:\/\/proventuss.eu\/wp-content\/uploads\/2022\/04\/Easy-To-Clean1.png","contentUrl":"https:\/\/proventuss.eu\/wp-content\/uploads\/2022\/04\/Easy-To-Clean1.png","width":640,"height":640,"caption":"Na zdj\u0119ciu Rozpuszczalnik czyszcz\u0105cy do czyszczenia powierzchni nieporowatych z kurzu, t\u0142uszczu, oleju, pozosta\u0142o\u015bci nieutwardzonych szczeliw."},{"@type":"BreadcrumbList","@id":"https:\/\/proventuss.eu\/ro\/produkt\/vi-pro-easy-to-clean\/#breadcrumb","itemListElement":[{"@type":"ListItem","position":1,"name":"Home","item":"https:\/\/proventuss.eu\/ro\/"},{"@type":"ListItem","position":2,"name":"Produse","item":"https:\/\/proventuss.eu\/produse\/"},{"@type":"ListItem","position":3,"name":"Vi-Pro\u00ae EASY-TO-CLEAN"}]},{"@type":"WebSite","@id":"https:\/\/proventuss.eu\/#website","url":"https:\/\/proventuss.eu\/","name":"Proventuss","description":"","potentialAction":[{"@type":"SearchAction","target":{"@type":"EntryPoint","urlTemplate":"https:\/\/proventuss.eu\/?s={search_term_string}"},"query-input":"required name=search_term_string"}],"inLanguage":"ro-RO"}]}},"_links":{"self":[{"href":"https:\/\/proventuss.eu\/ro\/wp-json\/wp\/v2\/product\/10305"}],"collection":[{"href":"https:\/\/proventuss.eu\/ro\/wp-json\/wp\/v2\/product"}],"about":[{"href":"https:\/\/proventuss.eu\/ro\/wp-json\/wp\/v2\/types\/product"}],"replies":[{"embeddable":true,"href":"https:\/\/proventuss.eu\/ro\/wp-json\/wp\/v2\/comments?post=10305"}],"wp:featuredmedia":[{"embeddable":true,"href":"https:\/\/proventuss.eu\/ro\/wp-json\/wp\/v2\/media\/9615"}],"wp:attachment":[{"href":"https:\/\/proventuss.eu\/ro\/wp-json\/wp\/v2\/media?parent=10305"}],"wp:term":[{"taxonomy":"product_cat","embeddable":true,"href":"https:\/\/proventuss.eu\/ro\/wp-json\/wp\/v2\/product_cat?post=10305"},{"taxonomy":"product_tag","embeddable":true,"href":"https:\/\/proventuss.eu\/ro\/wp-json\/wp\/v2\/product_tag?post=10305"}],"curies":[{"name":"wp","href":"https:\/\/api.w.org\/{rel}","templated":true}]}}