{"id":10304,"date":"2022-04-26T11:46:34","date_gmt":"2022-04-26T11:46:34","guid":{"rendered":"https:\/\/proventuss.eu\/produkt\/vi-pro-wipes\/"},"modified":"2024-05-20T07:47:33","modified_gmt":"2024-05-20T07:47:33","slug":"vi-pro-wipes","status":"publish","type":"product","link":"https:\/\/proventuss.eu\/ro\/produs\/vi-pro-wipes\/","title":{"rendered":"Vi-Pro\u00ae WIPES"},"content":{"rendered":"<p>\u00cendep\u0103rteaz\u0103 etan\u0219an\u021bii par\u021bial \u00eent\u0103ri\u021bi \u0219i ne\u00eent\u0103ri\u021bi, inclusiv siliconul, poliuretanul \u0219i polisulfura de pe unelte \u0219i suprafe\u021be. De asemenea, vor \u00eendep\u0103rta vopseaua umed\u0103, chitul, lipiciul, masticul \u0219i r\u0103\u0219inile. \u0218erve\u021belele Vi-Pro\u00ae sunt un material ne\u021besut impregnat cu o solu\u021bie de cur\u0103\u021bare bl\u00e2nd\u0103 pe baz\u0103 de ap\u0103. Suprafa\u021ba moale absorbant\u0103 ridic\u0103 \u0219i \u00eendep\u0103rteaz\u0103 \u201elucrurile lipicioase\u201d, l\u0103s\u00e2nd suprafa\u021ba curat\u0103.<\/p>\n<p><strong>De ce s\u0103 folosi\u021bi \u0219erve\u021belele Vi-Pro\u00ae:<\/strong><\/p>\n<ul>\n<li>Foarte eficient &#8211; ridic\u0103 etan\u0219antul umed, vopseaua, lipiciul \u0219i r\u0103\u0219ina de pe suprafe\u021be<\/li>\n<li>Reduce\u021bi timpul de cur\u0103\u021bare dup\u0103 instalare<\/li>\n<li>Sigur pe suprafe\u021be din plastic, vopsite cu pulbere, vopsite, precum \u0219i pe metal \u0219i sticl\u0103<\/li>\n<li>Pl\u0103cut de utilizat &#8211; miros curat de l\u0103m\u00e2ie proasp\u0103t\u0103<\/li>\n<li>Ambalat convenabil \u00een cuve la \u00eendem\u00e2n\u0103 \u2013 u\u0219or de utilizat<\/li>\n<li>Economic<\/li>\n<li>Durat\u0103 lung\u0103 de valabilitate &#8211; cuva are \u00eenchidere resigilabil\u0103<\/li>\n<li>Reduce cur\u0103\u021barea post-instalare<\/li>\n<li>Nu se dizolv\u0103, astfel \u00eenc\u00e2t reziduurile nu se \u00eempr\u0103\u0219tie pe suprafa\u021b\u0103<\/li>\n<\/ul>\n<p><strong>Ambalare:<\/strong><br \/>\n150 de \u0219erve\u021bele pe cuv\u0103, patru cuve pe cutie; plicuri de folie ambalate unic<\/p>\n<p>&nbsp;<\/p>\n","protected":false},"excerpt":{"rendered":"<p>\u00cendep\u0103rteaz\u0103 etan\u0219an\u021bii par\u021bial \u00eent\u0103ri\u021bi \u0219i ne\u00eent\u0103ri\u021bi, inclusiv siliconul, poliuretanul \u0219i polisulfura de pe unelte \u0219i suprafe\u021be. De asemenea, vor \u00eendep\u0103rta vopseaua umed\u0103, chitul, lipiciul, masticul \u0219i r\u0103\u0219inile. \u0218erve\u021belele Vi-Pro\u00ae sunt un material ne\u021besut impregnat cu o solu\u021bie de cur\u0103\u021bare bl\u00e2nd\u0103 pe baz\u0103 de ap\u0103. Suprafa\u021ba moale absorbant\u0103 ridic\u0103 \u0219i \u00eendep\u0103rteaz\u0103 \u201elucrurile lipicioase\u201d, l\u0103s\u00e2nd suprafa\u021ba curat\u0103. [&hellip;]<\/p>\n","protected":false},"featured_media":16772,"comment_status":"open","ping_status":"closed","template":"","meta":{"_acf_changed":false},"product_cat":[402],"product_tag":[],"acf":[],"yoast_head":"<!-- This site is optimized with the Yoast SEO plugin v22.9 - https:\/\/yoast.com\/wordpress\/plugins\/seo\/ -->\n<title>Vi-Pro\u00ae WIPES - Proventuss<\/title>\n<meta name=\"robots\" content=\"index, follow, max-snippet:-1, max-image-preview:large, max-video-preview:-1\" \/>\n<link rel=\"canonical\" href=\"https:\/\/proventuss.eu\/ro\/produkt\/vi-pro-wipes\/\" \/>\n<meta property=\"og:locale\" content=\"ro_RO\" \/>\n<meta property=\"og:type\" content=\"article\" \/>\n<meta property=\"og:title\" content=\"Vi-Pro\u00ae WIPES - Proventuss\" \/>\n<meta property=\"og:description\" content=\"\u00cendep\u0103rteaz\u0103 etan\u0219an\u021bii par\u021bial \u00eent\u0103ri\u021bi \u0219i ne\u00eent\u0103ri\u021bi, inclusiv siliconul, poliuretanul \u0219i polisulfura de pe unelte \u0219i suprafe\u021be. De asemenea, vor \u00eendep\u0103rta vopseaua umed\u0103, chitul, lipiciul, masticul \u0219i r\u0103\u0219inile. \u0218erve\u021belele Vi-Pro\u00ae sunt un material ne\u021besut impregnat cu o solu\u021bie de cur\u0103\u021bare bl\u00e2nd\u0103 pe baz\u0103 de ap\u0103. Suprafa\u021ba moale absorbant\u0103 ridic\u0103 \u0219i \u00eendep\u0103rteaz\u0103 \u201elucrurile lipicioase\u201d, l\u0103s\u00e2nd suprafa\u021ba curat\u0103. [&hellip;]\" \/>\n<meta property=\"og:url\" content=\"https:\/\/proventuss.eu\/ro\/produkt\/vi-pro-wipes\/\" \/>\n<meta property=\"og:site_name\" content=\"Proventuss\" \/>\n<meta property=\"article:modified_time\" content=\"2024-05-20T07:47:33+00:00\" \/>\n<meta name=\"twitter:card\" content=\"summary_large_image\" \/>\n<meta name=\"twitter:label1\" content=\"Timp estimat pentru citire\" \/>\n\t<meta name=\"twitter:data1\" content=\"1 minut\" \/>\n<script type=\"application\/ld+json\" class=\"yoast-schema-graph\">{\"@context\":\"https:\/\/schema.org\",\"@graph\":[{\"@type\":\"WebPage\",\"@id\":\"https:\/\/proventuss.eu\/ro\/produkt\/vi-pro-wipes\/\",\"url\":\"https:\/\/proventuss.eu\/ro\/produkt\/vi-pro-wipes\/\",\"name\":\"Vi-Pro\u00ae WIPES - Proventuss\",\"isPartOf\":{\"@id\":\"https:\/\/proventuss.eu\/#website\"},\"primaryImageOfPage\":{\"@id\":\"https:\/\/proventuss.eu\/ro\/produkt\/vi-pro-wipes\/#primaryimage\"},\"image\":{\"@id\":\"https:\/\/proventuss.eu\/ro\/produkt\/vi-pro-wipes\/#primaryimage\"},\"thumbnailUrl\":\"https:\/\/proventuss.eu\/wp-content\/uploads\/2022\/04\/MG_7423a1M.png\",\"datePublished\":\"2022-04-26T11:46:34+00:00\",\"dateModified\":\"2024-05-20T07:47:33+00:00\",\"breadcrumb\":{\"@id\":\"https:\/\/proventuss.eu\/ro\/produkt\/vi-pro-wipes\/#breadcrumb\"},\"inLanguage\":\"ro-RO\",\"potentialAction\":[{\"@type\":\"ReadAction\",\"target\":[\"https:\/\/proventuss.eu\/ro\/produkt\/vi-pro-wipes\/\"]}]},{\"@type\":\"ImageObject\",\"inLanguage\":\"ro-RO\",\"@id\":\"https:\/\/proventuss.eu\/ro\/produkt\/vi-pro-wipes\/#primaryimage\",\"url\":\"https:\/\/proventuss.eu\/wp-content\/uploads\/2022\/04\/MG_7423a1M.png\",\"contentUrl\":\"https:\/\/proventuss.eu\/wp-content\/uploads\/2022\/04\/MG_7423a1M.png\",\"width\":1500,\"height\":1268,\"caption\":\"Na zdj\u0119ciu \u015aciereczki nas\u0105czone - \u0142atwe zmywanie pozosta\u0142o\u015bci po nieutwardzonych szczeliwach i klejach oraz innych zabrudze\u0144, w tym t\u0142ustych i oleistych.\"},{\"@type\":\"BreadcrumbList\",\"@id\":\"https:\/\/proventuss.eu\/ro\/produkt\/vi-pro-wipes\/#breadcrumb\",\"itemListElement\":[{\"@type\":\"ListItem\",\"position\":1,\"name\":\"Home\",\"item\":\"https:\/\/proventuss.eu\/ro\/\"},{\"@type\":\"ListItem\",\"position\":2,\"name\":\"Produse\",\"item\":\"https:\/\/proventuss.eu\/produse\/\"},{\"@type\":\"ListItem\",\"position\":3,\"name\":\"Vi-Pro\u00ae WIPES\"}]},{\"@type\":\"WebSite\",\"@id\":\"https:\/\/proventuss.eu\/#website\",\"url\":\"https:\/\/proventuss.eu\/\",\"name\":\"Proventuss\",\"description\":\"\",\"potentialAction\":[{\"@type\":\"SearchAction\",\"target\":{\"@type\":\"EntryPoint\",\"urlTemplate\":\"https:\/\/proventuss.eu\/?s={search_term_string}\"},\"query-input\":\"required name=search_term_string\"}],\"inLanguage\":\"ro-RO\"}]}<\/script>\n<!-- \/ Yoast SEO plugin. -->","yoast_head_json":{"title":"Vi-Pro\u00ae WIPES - Proventuss","robots":{"index":"index","follow":"follow","max-snippet":"max-snippet:-1","max-image-preview":"max-image-preview:large","max-video-preview":"max-video-preview:-1"},"canonical":"https:\/\/proventuss.eu\/ro\/produkt\/vi-pro-wipes\/","og_locale":"ro_RO","og_type":"article","og_title":"Vi-Pro\u00ae WIPES - Proventuss","og_description":"\u00cendep\u0103rteaz\u0103 etan\u0219an\u021bii par\u021bial \u00eent\u0103ri\u021bi \u0219i ne\u00eent\u0103ri\u021bi, inclusiv siliconul, poliuretanul \u0219i polisulfura de pe unelte \u0219i suprafe\u021be. De asemenea, vor \u00eendep\u0103rta vopseaua umed\u0103, chitul, lipiciul, masticul \u0219i r\u0103\u0219inile. \u0218erve\u021belele Vi-Pro\u00ae sunt un material ne\u021besut impregnat cu o solu\u021bie de cur\u0103\u021bare bl\u00e2nd\u0103 pe baz\u0103 de ap\u0103. Suprafa\u021ba moale absorbant\u0103 ridic\u0103 \u0219i \u00eendep\u0103rteaz\u0103 \u201elucrurile lipicioase\u201d, l\u0103s\u00e2nd suprafa\u021ba curat\u0103. [&hellip;]","og_url":"https:\/\/proventuss.eu\/ro\/produkt\/vi-pro-wipes\/","og_site_name":"Proventuss","article_modified_time":"2024-05-20T07:47:33+00:00","twitter_card":"summary_large_image","twitter_misc":{"Timp estimat pentru citire":"1 minut"},"schema":{"@context":"https:\/\/schema.org","@graph":[{"@type":"WebPage","@id":"https:\/\/proventuss.eu\/ro\/produkt\/vi-pro-wipes\/","url":"https:\/\/proventuss.eu\/ro\/produkt\/vi-pro-wipes\/","name":"Vi-Pro\u00ae WIPES - Proventuss","isPartOf":{"@id":"https:\/\/proventuss.eu\/#website"},"primaryImageOfPage":{"@id":"https:\/\/proventuss.eu\/ro\/produkt\/vi-pro-wipes\/#primaryimage"},"image":{"@id":"https:\/\/proventuss.eu\/ro\/produkt\/vi-pro-wipes\/#primaryimage"},"thumbnailUrl":"https:\/\/proventuss.eu\/wp-content\/uploads\/2022\/04\/MG_7423a1M.png","datePublished":"2022-04-26T11:46:34+00:00","dateModified":"2024-05-20T07:47:33+00:00","breadcrumb":{"@id":"https:\/\/proventuss.eu\/ro\/produkt\/vi-pro-wipes\/#breadcrumb"},"inLanguage":"ro-RO","potentialAction":[{"@type":"ReadAction","target":["https:\/\/proventuss.eu\/ro\/produkt\/vi-pro-wipes\/"]}]},{"@type":"ImageObject","inLanguage":"ro-RO","@id":"https:\/\/proventuss.eu\/ro\/produkt\/vi-pro-wipes\/#primaryimage","url":"https:\/\/proventuss.eu\/wp-content\/uploads\/2022\/04\/MG_7423a1M.png","contentUrl":"https:\/\/proventuss.eu\/wp-content\/uploads\/2022\/04\/MG_7423a1M.png","width":1500,"height":1268,"caption":"Na zdj\u0119ciu \u015aciereczki nas\u0105czone - \u0142atwe zmywanie pozosta\u0142o\u015bci po nieutwardzonych szczeliwach i klejach oraz innych zabrudze\u0144, w tym t\u0142ustych i oleistych."},{"@type":"BreadcrumbList","@id":"https:\/\/proventuss.eu\/ro\/produkt\/vi-pro-wipes\/#breadcrumb","itemListElement":[{"@type":"ListItem","position":1,"name":"Home","item":"https:\/\/proventuss.eu\/ro\/"},{"@type":"ListItem","position":2,"name":"Produse","item":"https:\/\/proventuss.eu\/produse\/"},{"@type":"ListItem","position":3,"name":"Vi-Pro\u00ae WIPES"}]},{"@type":"WebSite","@id":"https:\/\/proventuss.eu\/#website","url":"https:\/\/proventuss.eu\/","name":"Proventuss","description":"","potentialAction":[{"@type":"SearchAction","target":{"@type":"EntryPoint","urlTemplate":"https:\/\/proventuss.eu\/?s={search_term_string}"},"query-input":"required name=search_term_string"}],"inLanguage":"ro-RO"}]}},"_links":{"self":[{"href":"https:\/\/proventuss.eu\/ro\/wp-json\/wp\/v2\/product\/10304"}],"collection":[{"href":"https:\/\/proventuss.eu\/ro\/wp-json\/wp\/v2\/product"}],"about":[{"href":"https:\/\/proventuss.eu\/ro\/wp-json\/wp\/v2\/types\/product"}],"replies":[{"embeddable":true,"href":"https:\/\/proventuss.eu\/ro\/wp-json\/wp\/v2\/comments?post=10304"}],"wp:featuredmedia":[{"embeddable":true,"href":"https:\/\/proventuss.eu\/ro\/wp-json\/wp\/v2\/media\/16772"}],"wp:attachment":[{"href":"https:\/\/proventuss.eu\/ro\/wp-json\/wp\/v2\/media?parent=10304"}],"wp:term":[{"taxonomy":"product_cat","embeddable":true,"href":"https:\/\/proventuss.eu\/ro\/wp-json\/wp\/v2\/product_cat?post=10304"},{"taxonomy":"product_tag","embeddable":true,"href":"https:\/\/proventuss.eu\/ro\/wp-json\/wp\/v2\/product_tag?post=10304"}],"curies":[{"name":"wp","href":"https:\/\/api.w.org\/{rel}","templated":true}]}}