{"id":10303,"date":"2022-04-26T11:43:08","date_gmt":"2022-04-26T11:43:08","guid":{"rendered":"https:\/\/proventuss.eu\/produkt\/vi-pro-spatula\/"},"modified":"2022-04-26T11:43:08","modified_gmt":"2022-04-26T11:43:08","slug":"vi-pro-spatula","status":"publish","type":"product","link":"https:\/\/proventuss.eu\/ro\/produs\/vi-pro-spatula\/","title":{"rendered":"Vi-Pro\u00ae SPATULA"},"content":{"rendered":"<p>Spatul\u0103 pentru netezit \u015fi modelat sigilantul \u2013 fabricat\u0103 dintr-un material ales \u020bn mod<br \/>\nspecial care asigur\u0103 propriet\u0103\u021bi non-adezive la contactul cu sigilan\u021bii \u015fi adezivii.<br \/>\nStructura are curburi \u015fi unghiuri potrivite care asigur\u0103 posibilitatea folosirii \u020bn diferite<br \/>\naplica\u021bii.<br \/>\nDe asemenea, materialul permite t\u0103ierea \u015fi \u015flefuirea, ceea ce permite ob\u021binerea dimensiunii sau unghiului necesare \u020bn func\u021bie de specificul aplic\u0103rii.<\/p>\n","protected":false},"excerpt":{"rendered":"<p>Spatul\u0103 pentru netezit \u015fi modelat sigilantul \u2013 fabricat\u0103 dintr-un material ales \u020bn mod special care asigur\u0103 propriet\u0103\u021bi non-adezive la contactul cu sigilan\u021bii \u015fi adezivii. Structura are curburi \u015fi unghiuri potrivite care asigur\u0103 posibilitatea folosirii \u020bn diferite aplica\u021bii. De asemenea, materialul permite t\u0103ierea \u015fi \u015flefuirea, ceea ce permite ob\u021binerea dimensiunii sau unghiului necesare \u020bn func\u021bie de [&hellip;]<\/p>\n","protected":false},"featured_media":9614,"comment_status":"open","ping_status":"closed","template":"","meta":{"_acf_changed":false},"product_cat":[402,405],"product_tag":[],"acf":[],"yoast_head":"<!-- This site is optimized with the Yoast SEO plugin v22.9 - https:\/\/yoast.com\/wordpress\/plugins\/seo\/ -->\n<title>Vi-Pro\u00ae SPATULA - Proventuss<\/title>\n<meta name=\"robots\" content=\"index, follow, max-snippet:-1, max-image-preview:large, max-video-preview:-1\" \/>\n<link rel=\"canonical\" href=\"https:\/\/proventuss.eu\/ro\/produkt\/vi-pro-spatula\/\" \/>\n<meta property=\"og:locale\" content=\"ro_RO\" \/>\n<meta property=\"og:type\" content=\"article\" \/>\n<meta property=\"og:title\" content=\"Vi-Pro\u00ae SPATULA - Proventuss\" \/>\n<meta property=\"og:description\" content=\"Spatul\u0103 pentru netezit \u015fi modelat sigilantul \u2013 fabricat\u0103 dintr-un material ales \u020bn mod special care asigur\u0103 propriet\u0103\u021bi non-adezive la contactul cu sigilan\u021bii \u015fi adezivii. Structura are curburi \u015fi unghiuri potrivite care asigur\u0103 posibilitatea folosirii \u020bn diferite aplica\u021bii. De asemenea, materialul permite t\u0103ierea \u015fi \u015flefuirea, ceea ce permite ob\u021binerea dimensiunii sau unghiului necesare \u020bn func\u021bie de [&hellip;]\" \/>\n<meta property=\"og:url\" content=\"https:\/\/proventuss.eu\/ro\/produkt\/vi-pro-spatula\/\" \/>\n<meta property=\"og:site_name\" content=\"Proventuss\" \/>\n<meta property=\"og:image\" content=\"https:\/\/proventuss.eu\/wp-content\/uploads\/2022\/04\/Szpatulka.png\" \/>\n\t<meta property=\"og:image:width\" content=\"640\" \/>\n\t<meta property=\"og:image:height\" content=\"640\" \/>\n\t<meta property=\"og:image:type\" content=\"image\/png\" \/>\n<meta name=\"twitter:card\" content=\"summary_large_image\" \/>\n<script type=\"application\/ld+json\" class=\"yoast-schema-graph\">{\"@context\":\"https:\/\/schema.org\",\"@graph\":[{\"@type\":\"WebPage\",\"@id\":\"https:\/\/proventuss.eu\/ro\/produkt\/vi-pro-spatula\/\",\"url\":\"https:\/\/proventuss.eu\/ro\/produkt\/vi-pro-spatula\/\",\"name\":\"Vi-Pro\u00ae SPATULA - Proventuss\",\"isPartOf\":{\"@id\":\"https:\/\/proventuss.eu\/#website\"},\"primaryImageOfPage\":{\"@id\":\"https:\/\/proventuss.eu\/ro\/produkt\/vi-pro-spatula\/#primaryimage\"},\"image\":{\"@id\":\"https:\/\/proventuss.eu\/ro\/produkt\/vi-pro-spatula\/#primaryimage\"},\"thumbnailUrl\":\"https:\/\/proventuss.eu\/wp-content\/uploads\/2022\/04\/Szpatulka.png\",\"datePublished\":\"2022-04-26T11:43:08+00:00\",\"dateModified\":\"2022-04-26T11:43:08+00:00\",\"breadcrumb\":{\"@id\":\"https:\/\/proventuss.eu\/ro\/produkt\/vi-pro-spatula\/#breadcrumb\"},\"inLanguage\":\"ro-RO\",\"potentialAction\":[{\"@type\":\"ReadAction\",\"target\":[\"https:\/\/proventuss.eu\/ro\/produkt\/vi-pro-spatula\/\"]}]},{\"@type\":\"ImageObject\",\"inLanguage\":\"ro-RO\",\"@id\":\"https:\/\/proventuss.eu\/ro\/produkt\/vi-pro-spatula\/#primaryimage\",\"url\":\"https:\/\/proventuss.eu\/wp-content\/uploads\/2022\/04\/Szpatulka.png\",\"contentUrl\":\"https:\/\/proventuss.eu\/wp-content\/uploads\/2022\/04\/Szpatulka.png\",\"width\":640,\"height\":640,\"caption\":\"Na zdj\u0119ciu Szpachelka do wyg\u0142adzania i modelowania mas uszczelniaj\u0105cych. Zapewnia w\u0142a\u015bciwo\u015bci antyadhezyjne w kontakcie z klejami i uszczelniaczami. Kolor czarny.\"},{\"@type\":\"BreadcrumbList\",\"@id\":\"https:\/\/proventuss.eu\/ro\/produkt\/vi-pro-spatula\/#breadcrumb\",\"itemListElement\":[{\"@type\":\"ListItem\",\"position\":1,\"name\":\"Home\",\"item\":\"https:\/\/proventuss.eu\/ro\/\"},{\"@type\":\"ListItem\",\"position\":2,\"name\":\"Produse\",\"item\":\"https:\/\/proventuss.eu\/produse\/\"},{\"@type\":\"ListItem\",\"position\":3,\"name\":\"Vi-Pro\u00ae SPATULA\"}]},{\"@type\":\"WebSite\",\"@id\":\"https:\/\/proventuss.eu\/#website\",\"url\":\"https:\/\/proventuss.eu\/\",\"name\":\"Proventuss\",\"description\":\"\",\"potentialAction\":[{\"@type\":\"SearchAction\",\"target\":{\"@type\":\"EntryPoint\",\"urlTemplate\":\"https:\/\/proventuss.eu\/?s={search_term_string}\"},\"query-input\":\"required name=search_term_string\"}],\"inLanguage\":\"ro-RO\"}]}<\/script>\n<!-- \/ Yoast SEO plugin. -->","yoast_head_json":{"title":"Vi-Pro\u00ae SPATULA - Proventuss","robots":{"index":"index","follow":"follow","max-snippet":"max-snippet:-1","max-image-preview":"max-image-preview:large","max-video-preview":"max-video-preview:-1"},"canonical":"https:\/\/proventuss.eu\/ro\/produkt\/vi-pro-spatula\/","og_locale":"ro_RO","og_type":"article","og_title":"Vi-Pro\u00ae SPATULA - Proventuss","og_description":"Spatul\u0103 pentru netezit \u015fi modelat sigilantul \u2013 fabricat\u0103 dintr-un material ales \u020bn mod special care asigur\u0103 propriet\u0103\u021bi non-adezive la contactul cu sigilan\u021bii \u015fi adezivii. Structura are curburi \u015fi unghiuri potrivite care asigur\u0103 posibilitatea folosirii \u020bn diferite aplica\u021bii. De asemenea, materialul permite t\u0103ierea \u015fi \u015flefuirea, ceea ce permite ob\u021binerea dimensiunii sau unghiului necesare \u020bn func\u021bie de [&hellip;]","og_url":"https:\/\/proventuss.eu\/ro\/produkt\/vi-pro-spatula\/","og_site_name":"Proventuss","og_image":[{"width":640,"height":640,"url":"https:\/\/proventuss.eu\/wp-content\/uploads\/2022\/04\/Szpatulka.png","type":"image\/png"}],"twitter_card":"summary_large_image","schema":{"@context":"https:\/\/schema.org","@graph":[{"@type":"WebPage","@id":"https:\/\/proventuss.eu\/ro\/produkt\/vi-pro-spatula\/","url":"https:\/\/proventuss.eu\/ro\/produkt\/vi-pro-spatula\/","name":"Vi-Pro\u00ae SPATULA - Proventuss","isPartOf":{"@id":"https:\/\/proventuss.eu\/#website"},"primaryImageOfPage":{"@id":"https:\/\/proventuss.eu\/ro\/produkt\/vi-pro-spatula\/#primaryimage"},"image":{"@id":"https:\/\/proventuss.eu\/ro\/produkt\/vi-pro-spatula\/#primaryimage"},"thumbnailUrl":"https:\/\/proventuss.eu\/wp-content\/uploads\/2022\/04\/Szpatulka.png","datePublished":"2022-04-26T11:43:08+00:00","dateModified":"2022-04-26T11:43:08+00:00","breadcrumb":{"@id":"https:\/\/proventuss.eu\/ro\/produkt\/vi-pro-spatula\/#breadcrumb"},"inLanguage":"ro-RO","potentialAction":[{"@type":"ReadAction","target":["https:\/\/proventuss.eu\/ro\/produkt\/vi-pro-spatula\/"]}]},{"@type":"ImageObject","inLanguage":"ro-RO","@id":"https:\/\/proventuss.eu\/ro\/produkt\/vi-pro-spatula\/#primaryimage","url":"https:\/\/proventuss.eu\/wp-content\/uploads\/2022\/04\/Szpatulka.png","contentUrl":"https:\/\/proventuss.eu\/wp-content\/uploads\/2022\/04\/Szpatulka.png","width":640,"height":640,"caption":"Na zdj\u0119ciu Szpachelka do wyg\u0142adzania i modelowania mas uszczelniaj\u0105cych. Zapewnia w\u0142a\u015bciwo\u015bci antyadhezyjne w kontakcie z klejami i uszczelniaczami. Kolor czarny."},{"@type":"BreadcrumbList","@id":"https:\/\/proventuss.eu\/ro\/produkt\/vi-pro-spatula\/#breadcrumb","itemListElement":[{"@type":"ListItem","position":1,"name":"Home","item":"https:\/\/proventuss.eu\/ro\/"},{"@type":"ListItem","position":2,"name":"Produse","item":"https:\/\/proventuss.eu\/produse\/"},{"@type":"ListItem","position":3,"name":"Vi-Pro\u00ae SPATULA"}]},{"@type":"WebSite","@id":"https:\/\/proventuss.eu\/#website","url":"https:\/\/proventuss.eu\/","name":"Proventuss","description":"","potentialAction":[{"@type":"SearchAction","target":{"@type":"EntryPoint","urlTemplate":"https:\/\/proventuss.eu\/?s={search_term_string}"},"query-input":"required name=search_term_string"}],"inLanguage":"ro-RO"}]}},"_links":{"self":[{"href":"https:\/\/proventuss.eu\/ro\/wp-json\/wp\/v2\/product\/10303"}],"collection":[{"href":"https:\/\/proventuss.eu\/ro\/wp-json\/wp\/v2\/product"}],"about":[{"href":"https:\/\/proventuss.eu\/ro\/wp-json\/wp\/v2\/types\/product"}],"replies":[{"embeddable":true,"href":"https:\/\/proventuss.eu\/ro\/wp-json\/wp\/v2\/comments?post=10303"}],"wp:featuredmedia":[{"embeddable":true,"href":"https:\/\/proventuss.eu\/ro\/wp-json\/wp\/v2\/media\/9614"}],"wp:attachment":[{"href":"https:\/\/proventuss.eu\/ro\/wp-json\/wp\/v2\/media?parent=10303"}],"wp:term":[{"taxonomy":"product_cat","embeddable":true,"href":"https:\/\/proventuss.eu\/ro\/wp-json\/wp\/v2\/product_cat?post=10303"},{"taxonomy":"product_tag","embeddable":true,"href":"https:\/\/proventuss.eu\/ro\/wp-json\/wp\/v2\/product_tag?post=10303"}],"curies":[{"name":"wp","href":"https:\/\/api.w.org\/{rel}","templated":true}]}}