{"id":10301,"date":"2022-04-26T11:31:25","date_gmt":"2022-04-26T11:31:25","guid":{"rendered":"https:\/\/proventuss.eu\/produkt\/berizzi-ares-4200\/"},"modified":"2022-04-26T11:31:25","modified_gmt":"2022-04-26T11:31:25","slug":"berizzi-ares-4200","status":"publish","type":"product","link":"https:\/\/proventuss.eu\/ro\/produs\/berizzi-ares-4200\/","title":{"rendered":"BERIZZI ARES 4200"},"content":{"rendered":"<p>Pomp\u0103 pentru aplicarea Liquid Foil \u2013 pomp\u0103 cu diafragm\u0103 electric\u0103 Ideal\u0103 pentru prezent\u0103ri, teste, traininguri sau aplic\u0103ri \u020bn \u015fantier. Alimentare: DC 230 V, nu necesit\u0103<br \/>\naer comprimat.<\/p>\n<p><strong>Beneficii:<\/strong><br \/>\n&#8211; Mic\u0103, dimensiune compact\u0103<br \/>\n&#8211; Pomp\u0103 u\u015foar\u0103 de 23 kg, u\u015for de c\u0103rat (ex. \u020an portbagajul ma\u015finii)<br \/>\n&#8211; Rezervor gravita\u021bional 6L<\/p>\n","protected":false},"excerpt":{"rendered":"<p>Pomp\u0103 pentru aplicarea Liquid Foil \u2013 pomp\u0103 cu diafragm\u0103 electric\u0103 Ideal\u0103 pentru prezent\u0103ri, teste, traininguri sau aplic\u0103ri \u020bn \u015fantier. Alimentare: DC 230 V, nu necesit\u0103 aer comprimat. Beneficii: &#8211; Mic\u0103, dimensiune compact\u0103 &#8211; Pomp\u0103 u\u015foar\u0103 de 23 kg, u\u015for de c\u0103rat (ex. \u020an portbagajul ma\u015finii) &#8211; Rezervor gravita\u021bional 6L<\/p>\n","protected":false},"featured_media":9612,"comment_status":"open","ping_status":"closed","template":"","meta":{"_acf_changed":false},"product_cat":[411,409],"product_tag":[],"acf":[],"yoast_head":"<!-- This site is optimized with the Yoast SEO plugin v22.9 - https:\/\/yoast.com\/wordpress\/plugins\/seo\/ -->\n<title>BERIZZI ARES 4200 - Proventuss<\/title>\n<meta name=\"robots\" content=\"index, follow, max-snippet:-1, max-image-preview:large, max-video-preview:-1\" \/>\n<link rel=\"canonical\" href=\"https:\/\/proventuss.eu\/ro\/produkt\/berizzi-ares-4200\/\" \/>\n<meta property=\"og:locale\" content=\"ro_RO\" \/>\n<meta property=\"og:type\" content=\"article\" \/>\n<meta property=\"og:title\" content=\"BERIZZI ARES 4200 - Proventuss\" \/>\n<meta property=\"og:description\" content=\"Pomp\u0103 pentru aplicarea Liquid Foil \u2013 pomp\u0103 cu diafragm\u0103 electric\u0103 Ideal\u0103 pentru prezent\u0103ri, teste, traininguri sau aplic\u0103ri \u020bn \u015fantier. Alimentare: DC 230 V, nu necesit\u0103 aer comprimat. Beneficii: &#8211; Mic\u0103, dimensiune compact\u0103 &#8211; Pomp\u0103 u\u015foar\u0103 de 23 kg, u\u015for de c\u0103rat (ex. \u020an portbagajul ma\u015finii) &#8211; Rezervor gravita\u021bional 6L\" \/>\n<meta property=\"og:url\" content=\"https:\/\/proventuss.eu\/ro\/produkt\/berizzi-ares-4200\/\" \/>\n<meta property=\"og:site_name\" content=\"Proventuss\" \/>\n<meta property=\"og:image\" content=\"https:\/\/proventuss.eu\/wp-content\/uploads\/2022\/04\/Pompa-elektryczna-BERIZZI-ARES-4200.jpg\" \/>\n\t<meta property=\"og:image:width\" content=\"468\" \/>\n\t<meta property=\"og:image:height\" content=\"319\" \/>\n\t<meta property=\"og:image:type\" content=\"image\/jpeg\" \/>\n<meta name=\"twitter:card\" content=\"summary_large_image\" \/>\n<script type=\"application\/ld+json\" class=\"yoast-schema-graph\">{\"@context\":\"https:\/\/schema.org\",\"@graph\":[{\"@type\":\"WebPage\",\"@id\":\"https:\/\/proventuss.eu\/ro\/produkt\/berizzi-ares-4200\/\",\"url\":\"https:\/\/proventuss.eu\/ro\/produkt\/berizzi-ares-4200\/\",\"name\":\"BERIZZI ARES 4200 - Proventuss\",\"isPartOf\":{\"@id\":\"https:\/\/proventuss.eu\/#website\"},\"primaryImageOfPage\":{\"@id\":\"https:\/\/proventuss.eu\/ro\/produkt\/berizzi-ares-4200\/#primaryimage\"},\"image\":{\"@id\":\"https:\/\/proventuss.eu\/ro\/produkt\/berizzi-ares-4200\/#primaryimage\"},\"thumbnailUrl\":\"https:\/\/proventuss.eu\/wp-content\/uploads\/2022\/04\/Pompa-elektryczna-BERIZZI-ARES-4200.jpg\",\"datePublished\":\"2022-04-26T11:31:25+00:00\",\"dateModified\":\"2022-04-26T11:31:25+00:00\",\"breadcrumb\":{\"@id\":\"https:\/\/proventuss.eu\/ro\/produkt\/berizzi-ares-4200\/#breadcrumb\"},\"inLanguage\":\"ro-RO\",\"potentialAction\":[{\"@type\":\"ReadAction\",\"target\":[\"https:\/\/proventuss.eu\/ro\/produkt\/berizzi-ares-4200\/\"]}]},{\"@type\":\"ImageObject\",\"inLanguage\":\"ro-RO\",\"@id\":\"https:\/\/proventuss.eu\/ro\/produkt\/berizzi-ares-4200\/#primaryimage\",\"url\":\"https:\/\/proventuss.eu\/wp-content\/uploads\/2022\/04\/Pompa-elektryczna-BERIZZI-ARES-4200.jpg\",\"contentUrl\":\"https:\/\/proventuss.eu\/wp-content\/uploads\/2022\/04\/Pompa-elektryczna-BERIZZI-ARES-4200.jpg\",\"width\":468,\"height\":319},{\"@type\":\"BreadcrumbList\",\"@id\":\"https:\/\/proventuss.eu\/ro\/produkt\/berizzi-ares-4200\/#breadcrumb\",\"itemListElement\":[{\"@type\":\"ListItem\",\"position\":1,\"name\":\"Home\",\"item\":\"https:\/\/proventuss.eu\/ro\/\"},{\"@type\":\"ListItem\",\"position\":2,\"name\":\"Produse\",\"item\":\"https:\/\/proventuss.eu\/produse\/\"},{\"@type\":\"ListItem\",\"position\":3,\"name\":\"BERIZZI ARES 4200\"}]},{\"@type\":\"WebSite\",\"@id\":\"https:\/\/proventuss.eu\/#website\",\"url\":\"https:\/\/proventuss.eu\/\",\"name\":\"Proventuss\",\"description\":\"\",\"potentialAction\":[{\"@type\":\"SearchAction\",\"target\":{\"@type\":\"EntryPoint\",\"urlTemplate\":\"https:\/\/proventuss.eu\/?s={search_term_string}\"},\"query-input\":\"required name=search_term_string\"}],\"inLanguage\":\"ro-RO\"}]}<\/script>\n<!-- \/ Yoast SEO plugin. -->","yoast_head_json":{"title":"BERIZZI ARES 4200 - Proventuss","robots":{"index":"index","follow":"follow","max-snippet":"max-snippet:-1","max-image-preview":"max-image-preview:large","max-video-preview":"max-video-preview:-1"},"canonical":"https:\/\/proventuss.eu\/ro\/produkt\/berizzi-ares-4200\/","og_locale":"ro_RO","og_type":"article","og_title":"BERIZZI ARES 4200 - Proventuss","og_description":"Pomp\u0103 pentru aplicarea Liquid Foil \u2013 pomp\u0103 cu diafragm\u0103 electric\u0103 Ideal\u0103 pentru prezent\u0103ri, teste, traininguri sau aplic\u0103ri \u020bn \u015fantier. Alimentare: DC 230 V, nu necesit\u0103 aer comprimat. Beneficii: &#8211; Mic\u0103, dimensiune compact\u0103 &#8211; Pomp\u0103 u\u015foar\u0103 de 23 kg, u\u015for de c\u0103rat (ex. \u020an portbagajul ma\u015finii) &#8211; Rezervor gravita\u021bional 6L","og_url":"https:\/\/proventuss.eu\/ro\/produkt\/berizzi-ares-4200\/","og_site_name":"Proventuss","og_image":[{"width":468,"height":319,"url":"https:\/\/proventuss.eu\/wp-content\/uploads\/2022\/04\/Pompa-elektryczna-BERIZZI-ARES-4200.jpg","type":"image\/jpeg"}],"twitter_card":"summary_large_image","schema":{"@context":"https:\/\/schema.org","@graph":[{"@type":"WebPage","@id":"https:\/\/proventuss.eu\/ro\/produkt\/berizzi-ares-4200\/","url":"https:\/\/proventuss.eu\/ro\/produkt\/berizzi-ares-4200\/","name":"BERIZZI ARES 4200 - Proventuss","isPartOf":{"@id":"https:\/\/proventuss.eu\/#website"},"primaryImageOfPage":{"@id":"https:\/\/proventuss.eu\/ro\/produkt\/berizzi-ares-4200\/#primaryimage"},"image":{"@id":"https:\/\/proventuss.eu\/ro\/produkt\/berizzi-ares-4200\/#primaryimage"},"thumbnailUrl":"https:\/\/proventuss.eu\/wp-content\/uploads\/2022\/04\/Pompa-elektryczna-BERIZZI-ARES-4200.jpg","datePublished":"2022-04-26T11:31:25+00:00","dateModified":"2022-04-26T11:31:25+00:00","breadcrumb":{"@id":"https:\/\/proventuss.eu\/ro\/produkt\/berizzi-ares-4200\/#breadcrumb"},"inLanguage":"ro-RO","potentialAction":[{"@type":"ReadAction","target":["https:\/\/proventuss.eu\/ro\/produkt\/berizzi-ares-4200\/"]}]},{"@type":"ImageObject","inLanguage":"ro-RO","@id":"https:\/\/proventuss.eu\/ro\/produkt\/berizzi-ares-4200\/#primaryimage","url":"https:\/\/proventuss.eu\/wp-content\/uploads\/2022\/04\/Pompa-elektryczna-BERIZZI-ARES-4200.jpg","contentUrl":"https:\/\/proventuss.eu\/wp-content\/uploads\/2022\/04\/Pompa-elektryczna-BERIZZI-ARES-4200.jpg","width":468,"height":319},{"@type":"BreadcrumbList","@id":"https:\/\/proventuss.eu\/ro\/produkt\/berizzi-ares-4200\/#breadcrumb","itemListElement":[{"@type":"ListItem","position":1,"name":"Home","item":"https:\/\/proventuss.eu\/ro\/"},{"@type":"ListItem","position":2,"name":"Produse","item":"https:\/\/proventuss.eu\/produse\/"},{"@type":"ListItem","position":3,"name":"BERIZZI ARES 4200"}]},{"@type":"WebSite","@id":"https:\/\/proventuss.eu\/#website","url":"https:\/\/proventuss.eu\/","name":"Proventuss","description":"","potentialAction":[{"@type":"SearchAction","target":{"@type":"EntryPoint","urlTemplate":"https:\/\/proventuss.eu\/?s={search_term_string}"},"query-input":"required name=search_term_string"}],"inLanguage":"ro-RO"}]}},"_links":{"self":[{"href":"https:\/\/proventuss.eu\/ro\/wp-json\/wp\/v2\/product\/10301"}],"collection":[{"href":"https:\/\/proventuss.eu\/ro\/wp-json\/wp\/v2\/product"}],"about":[{"href":"https:\/\/proventuss.eu\/ro\/wp-json\/wp\/v2\/types\/product"}],"replies":[{"embeddable":true,"href":"https:\/\/proventuss.eu\/ro\/wp-json\/wp\/v2\/comments?post=10301"}],"wp:featuredmedia":[{"embeddable":true,"href":"https:\/\/proventuss.eu\/ro\/wp-json\/wp\/v2\/media\/9612"}],"wp:attachment":[{"href":"https:\/\/proventuss.eu\/ro\/wp-json\/wp\/v2\/media?parent=10301"}],"wp:term":[{"taxonomy":"product_cat","embeddable":true,"href":"https:\/\/proventuss.eu\/ro\/wp-json\/wp\/v2\/product_cat?post=10301"},{"taxonomy":"product_tag","embeddable":true,"href":"https:\/\/proventuss.eu\/ro\/wp-json\/wp\/v2\/product_tag?post=10301"}],"curies":[{"name":"wp","href":"https:\/\/api.w.org\/{rel}","templated":true}]}}