{"id":10300,"date":"2022-04-26T11:29:00","date_gmt":"2022-04-26T11:29:00","guid":{"rendered":"https:\/\/proventuss.eu\/produkt\/kremlin-eos-20c50\/"},"modified":"2023-02-10T11:47:44","modified_gmt":"2023-02-10T11:47:44","slug":"kremlin-eos-20c50","status":"publish","type":"product","link":"https:\/\/proventuss.eu\/ro\/produs\/kremlin-eos-20c50\/","title":{"rendered":"KREMLIN EOS 20C50"},"content":{"rendered":"<p>Pomp\u0103 pentru Vi-Pro\u00ae Liquid Foil pentru suprafe\u021be mari \u020bn hale de produc\u021bie, camere<br \/>\nde depozitare. Alimentare cu presiune a aerului: 6 bari de la instala\u021bie sau compresor cu capacitate de cel putin 100 litri.<\/p>\n<p><strong>Beneficii:<\/strong><br \/>\n&#8211; Eficien\u021b\u0103 mare<br \/>\n&#8211; Aplicare rapid\u0103<br \/>\n&#8211; U\u015for de operat<br \/>\n&#8211; Rezervor gravita\u021bional 6l<br \/>\n&#8211; Suport c\u0103rucior<br \/>\n&#8211; Lungime furtunuri 7.5m<\/p>\n<p>Pistolul Airmix: Remarcabila tehnologie Airmix permite reducerea pierderii de material. O cantitate suplimentar\u0103 de aer este injectat\u0103 \u020bnainte de locul atomiz\u0103rii rezult\u00e2nd o mixare foarte stabil\u0103 \u00eempiedic\u00e2ndu-se dispersarea excesiv\u0103 a materialului, asigur\u00e2nd o acoperire uniform\u0103.<br \/>\nDuze: dimensiunea normal\u0103 a duzelor este 0.25mm \u015fi 30\u00b0 unghiul de pulverizare. Alte dimensiuni sunt disponibile la cerere.<\/p>\n","protected":false},"excerpt":{"rendered":"<p>Pomp\u0103 pentru Vi-Pro\u00ae Liquid Foil pentru suprafe\u021be mari \u020bn hale de produc\u021bie, camere de depozitare. Alimentare cu presiune a aerului: 6 bari de la instala\u021bie sau compresor cu capacitate de cel putin 100 litri. Beneficii: &#8211; Eficien\u021b\u0103 mare &#8211; Aplicare rapid\u0103 &#8211; U\u015for de operat &#8211; Rezervor gravita\u021bional 6l &#8211; Suport c\u0103rucior &#8211; Lungime furtunuri [&hellip;]<\/p>\n","protected":false},"featured_media":9611,"comment_status":"open","ping_status":"closed","template":"","meta":{"_acf_changed":false},"product_cat":[411,409],"product_tag":[],"acf":[],"yoast_head":"<!-- This site is optimized with the Yoast SEO plugin v22.9 - https:\/\/yoast.com\/wordpress\/plugins\/seo\/ -->\n<title>KREMLIN EOS 20C50 - Proventuss<\/title>\n<meta name=\"robots\" content=\"index, follow, max-snippet:-1, max-image-preview:large, max-video-preview:-1\" \/>\n<link rel=\"canonical\" href=\"https:\/\/proventuss.eu\/ro\/produkt\/kremlin-eos-20c50\/\" \/>\n<meta property=\"og:locale\" content=\"ro_RO\" \/>\n<meta property=\"og:type\" content=\"article\" \/>\n<meta property=\"og:title\" content=\"KREMLIN EOS 20C50 - Proventuss\" \/>\n<meta property=\"og:description\" content=\"Pomp\u0103 pentru Vi-Pro\u00ae Liquid Foil pentru suprafe\u021be mari \u020bn hale de produc\u021bie, camere de depozitare. Alimentare cu presiune a aerului: 6 bari de la instala\u021bie sau compresor cu capacitate de cel putin 100 litri. Beneficii: &#8211; Eficien\u021b\u0103 mare &#8211; Aplicare rapid\u0103 &#8211; U\u015for de operat &#8211; Rezervor gravita\u021bional 6l &#8211; Suport c\u0103rucior &#8211; Lungime furtunuri [&hellip;]\" \/>\n<meta property=\"og:url\" content=\"https:\/\/proventuss.eu\/ro\/produkt\/kremlin-eos-20c50\/\" \/>\n<meta property=\"og:site_name\" content=\"Proventuss\" \/>\n<meta property=\"article:modified_time\" content=\"2023-02-10T11:47:44+00:00\" \/>\n<meta property=\"og:image\" content=\"https:\/\/proventuss.eu\/wp-content\/uploads\/2022\/04\/Pompa-pneumatyczna-KREMLIN-EOS-20C50.jpg\" \/>\n\t<meta property=\"og:image:width\" content=\"347\" \/>\n\t<meta property=\"og:image:height\" content=\"347\" \/>\n\t<meta property=\"og:image:type\" content=\"image\/jpeg\" \/>\n<meta name=\"twitter:card\" content=\"summary_large_image\" \/>\n<meta name=\"twitter:label1\" content=\"Timp estimat pentru citire\" \/>\n\t<meta name=\"twitter:data1\" content=\"1 minut\" \/>\n<script type=\"application\/ld+json\" class=\"yoast-schema-graph\">{\"@context\":\"https:\/\/schema.org\",\"@graph\":[{\"@type\":\"WebPage\",\"@id\":\"https:\/\/proventuss.eu\/ro\/produkt\/kremlin-eos-20c50\/\",\"url\":\"https:\/\/proventuss.eu\/ro\/produkt\/kremlin-eos-20c50\/\",\"name\":\"KREMLIN EOS 20C50 - Proventuss\",\"isPartOf\":{\"@id\":\"https:\/\/proventuss.eu\/#website\"},\"primaryImageOfPage\":{\"@id\":\"https:\/\/proventuss.eu\/ro\/produkt\/kremlin-eos-20c50\/#primaryimage\"},\"image\":{\"@id\":\"https:\/\/proventuss.eu\/ro\/produkt\/kremlin-eos-20c50\/#primaryimage\"},\"thumbnailUrl\":\"https:\/\/proventuss.eu\/wp-content\/uploads\/2022\/04\/Pompa-pneumatyczna-KREMLIN-EOS-20C50.jpg\",\"datePublished\":\"2022-04-26T11:29:00+00:00\",\"dateModified\":\"2023-02-10T11:47:44+00:00\",\"breadcrumb\":{\"@id\":\"https:\/\/proventuss.eu\/ro\/produkt\/kremlin-eos-20c50\/#breadcrumb\"},\"inLanguage\":\"ro-RO\",\"potentialAction\":[{\"@type\":\"ReadAction\",\"target\":[\"https:\/\/proventuss.eu\/ro\/produkt\/kremlin-eos-20c50\/\"]}]},{\"@type\":\"ImageObject\",\"inLanguage\":\"ro-RO\",\"@id\":\"https:\/\/proventuss.eu\/ro\/produkt\/kremlin-eos-20c50\/#primaryimage\",\"url\":\"https:\/\/proventuss.eu\/wp-content\/uploads\/2022\/04\/Pompa-pneumatyczna-KREMLIN-EOS-20C50.jpg\",\"contentUrl\":\"https:\/\/proventuss.eu\/wp-content\/uploads\/2022\/04\/Pompa-pneumatyczna-KREMLIN-EOS-20C50.jpg\",\"width\":347,\"height\":347},{\"@type\":\"BreadcrumbList\",\"@id\":\"https:\/\/proventuss.eu\/ro\/produkt\/kremlin-eos-20c50\/#breadcrumb\",\"itemListElement\":[{\"@type\":\"ListItem\",\"position\":1,\"name\":\"Home\",\"item\":\"https:\/\/proventuss.eu\/ro\/\"},{\"@type\":\"ListItem\",\"position\":2,\"name\":\"Produse\",\"item\":\"https:\/\/proventuss.eu\/produse\/\"},{\"@type\":\"ListItem\",\"position\":3,\"name\":\"KREMLIN EOS 20C50\"}]},{\"@type\":\"WebSite\",\"@id\":\"https:\/\/proventuss.eu\/#website\",\"url\":\"https:\/\/proventuss.eu\/\",\"name\":\"Proventuss\",\"description\":\"\",\"potentialAction\":[{\"@type\":\"SearchAction\",\"target\":{\"@type\":\"EntryPoint\",\"urlTemplate\":\"https:\/\/proventuss.eu\/?s={search_term_string}\"},\"query-input\":\"required name=search_term_string\"}],\"inLanguage\":\"ro-RO\"}]}<\/script>\n<!-- \/ Yoast SEO plugin. -->","yoast_head_json":{"title":"KREMLIN EOS 20C50 - Proventuss","robots":{"index":"index","follow":"follow","max-snippet":"max-snippet:-1","max-image-preview":"max-image-preview:large","max-video-preview":"max-video-preview:-1"},"canonical":"https:\/\/proventuss.eu\/ro\/produkt\/kremlin-eos-20c50\/","og_locale":"ro_RO","og_type":"article","og_title":"KREMLIN EOS 20C50 - Proventuss","og_description":"Pomp\u0103 pentru Vi-Pro\u00ae Liquid Foil pentru suprafe\u021be mari \u020bn hale de produc\u021bie, camere de depozitare. Alimentare cu presiune a aerului: 6 bari de la instala\u021bie sau compresor cu capacitate de cel putin 100 litri. Beneficii: &#8211; Eficien\u021b\u0103 mare &#8211; Aplicare rapid\u0103 &#8211; U\u015for de operat &#8211; Rezervor gravita\u021bional 6l &#8211; Suport c\u0103rucior &#8211; Lungime furtunuri [&hellip;]","og_url":"https:\/\/proventuss.eu\/ro\/produkt\/kremlin-eos-20c50\/","og_site_name":"Proventuss","article_modified_time":"2023-02-10T11:47:44+00:00","og_image":[{"width":347,"height":347,"url":"https:\/\/proventuss.eu\/wp-content\/uploads\/2022\/04\/Pompa-pneumatyczna-KREMLIN-EOS-20C50.jpg","type":"image\/jpeg"}],"twitter_card":"summary_large_image","twitter_misc":{"Timp estimat pentru citire":"1 minut"},"schema":{"@context":"https:\/\/schema.org","@graph":[{"@type":"WebPage","@id":"https:\/\/proventuss.eu\/ro\/produkt\/kremlin-eos-20c50\/","url":"https:\/\/proventuss.eu\/ro\/produkt\/kremlin-eos-20c50\/","name":"KREMLIN EOS 20C50 - Proventuss","isPartOf":{"@id":"https:\/\/proventuss.eu\/#website"},"primaryImageOfPage":{"@id":"https:\/\/proventuss.eu\/ro\/produkt\/kremlin-eos-20c50\/#primaryimage"},"image":{"@id":"https:\/\/proventuss.eu\/ro\/produkt\/kremlin-eos-20c50\/#primaryimage"},"thumbnailUrl":"https:\/\/proventuss.eu\/wp-content\/uploads\/2022\/04\/Pompa-pneumatyczna-KREMLIN-EOS-20C50.jpg","datePublished":"2022-04-26T11:29:00+00:00","dateModified":"2023-02-10T11:47:44+00:00","breadcrumb":{"@id":"https:\/\/proventuss.eu\/ro\/produkt\/kremlin-eos-20c50\/#breadcrumb"},"inLanguage":"ro-RO","potentialAction":[{"@type":"ReadAction","target":["https:\/\/proventuss.eu\/ro\/produkt\/kremlin-eos-20c50\/"]}]},{"@type":"ImageObject","inLanguage":"ro-RO","@id":"https:\/\/proventuss.eu\/ro\/produkt\/kremlin-eos-20c50\/#primaryimage","url":"https:\/\/proventuss.eu\/wp-content\/uploads\/2022\/04\/Pompa-pneumatyczna-KREMLIN-EOS-20C50.jpg","contentUrl":"https:\/\/proventuss.eu\/wp-content\/uploads\/2022\/04\/Pompa-pneumatyczna-KREMLIN-EOS-20C50.jpg","width":347,"height":347},{"@type":"BreadcrumbList","@id":"https:\/\/proventuss.eu\/ro\/produkt\/kremlin-eos-20c50\/#breadcrumb","itemListElement":[{"@type":"ListItem","position":1,"name":"Home","item":"https:\/\/proventuss.eu\/ro\/"},{"@type":"ListItem","position":2,"name":"Produse","item":"https:\/\/proventuss.eu\/produse\/"},{"@type":"ListItem","position":3,"name":"KREMLIN EOS 20C50"}]},{"@type":"WebSite","@id":"https:\/\/proventuss.eu\/#website","url":"https:\/\/proventuss.eu\/","name":"Proventuss","description":"","potentialAction":[{"@type":"SearchAction","target":{"@type":"EntryPoint","urlTemplate":"https:\/\/proventuss.eu\/?s={search_term_string}"},"query-input":"required name=search_term_string"}],"inLanguage":"ro-RO"}]}},"_links":{"self":[{"href":"https:\/\/proventuss.eu\/ro\/wp-json\/wp\/v2\/product\/10300"}],"collection":[{"href":"https:\/\/proventuss.eu\/ro\/wp-json\/wp\/v2\/product"}],"about":[{"href":"https:\/\/proventuss.eu\/ro\/wp-json\/wp\/v2\/types\/product"}],"replies":[{"embeddable":true,"href":"https:\/\/proventuss.eu\/ro\/wp-json\/wp\/v2\/comments?post=10300"}],"wp:featuredmedia":[{"embeddable":true,"href":"https:\/\/proventuss.eu\/ro\/wp-json\/wp\/v2\/media\/9611"}],"wp:attachment":[{"href":"https:\/\/proventuss.eu\/ro\/wp-json\/wp\/v2\/media?parent=10300"}],"wp:term":[{"taxonomy":"product_cat","embeddable":true,"href":"https:\/\/proventuss.eu\/ro\/wp-json\/wp\/v2\/product_cat?post=10300"},{"taxonomy":"product_tag","embeddable":true,"href":"https:\/\/proventuss.eu\/ro\/wp-json\/wp\/v2\/product_tag?post=10300"}],"curies":[{"name":"wp","href":"https:\/\/api.w.org\/{rel}","templated":true}]}}