{"id":10293,"date":"2022-04-26T11:17:24","date_gmt":"2022-04-26T11:17:24","guid":{"rendered":"https:\/\/proventuss.eu\/produkt\/kit-de-instrumente-de-demontare-geamuri-parbrize\/"},"modified":"2023-02-10T11:44:57","modified_gmt":"2023-02-10T11:44:57","slug":"kit-de-instrumente-de-demontare-geamuri-parbrize","status":"publish","type":"product","link":"https:\/\/proventuss.eu\/ro\/produs\/kit-de-instrumente-de-demontare-geamuri-parbrize\/","title":{"rendered":"Kit de instrumente de demontare geamuri\/parbrize"},"content":{"rendered":"<p>Kit pentru \u020bndep\u0103rtarea geamurilor\/parbrizelor deteriorate.<br \/>\nKitul include: instrument pentru \u020bndep\u0103rtarea geamului\/parbrizului, cu\u021bit cu garnitur\u0103 de cauciuc, instrument pentru \u020bndep\u0103rtarea pl\u0103cu\u021belor de t\u0103iere, instrument pentru s\u00e2rm\u0103, s\u00e2rma de t\u0103iere \u015fi m\u00e2nere de prindere a s\u00e2rmei.<\/p>\n","protected":false},"excerpt":{"rendered":"<p>Kit pentru \u020bndep\u0103rtarea geamurilor\/parbrizelor deteriorate. Kitul include: instrument pentru \u020bndep\u0103rtarea geamului\/parbrizului, cu\u021bit cu garnitur\u0103 de cauciuc, instrument pentru \u020bndep\u0103rtarea pl\u0103cu\u021belor de t\u0103iere, instrument pentru s\u00e2rm\u0103, s\u00e2rma de t\u0103iere \u015fi m\u00e2nere de prindere a s\u00e2rmei.<\/p>\n","protected":false},"featured_media":10080,"comment_status":"open","ping_status":"closed","template":"","meta":{"_acf_changed":false},"product_cat":[409],"product_tag":[],"acf":[],"yoast_head":"<!-- This site is optimized with the Yoast SEO plugin v22.9 - https:\/\/yoast.com\/wordpress\/plugins\/seo\/ -->\n<title>Kit de instrumente de demontare geamuri\/parbrize - Proventuss<\/title>\n<meta name=\"robots\" content=\"index, follow, max-snippet:-1, max-image-preview:large, max-video-preview:-1\" \/>\n<link rel=\"canonical\" href=\"https:\/\/proventuss.eu\/ro\/produkt\/kit-de-instrumente-de-demontare-geamuri-parbrize\/\" \/>\n<meta property=\"og:locale\" content=\"ro_RO\" \/>\n<meta property=\"og:type\" content=\"article\" \/>\n<meta property=\"og:title\" content=\"Kit de instrumente de demontare geamuri\/parbrize - Proventuss\" \/>\n<meta property=\"og:description\" content=\"Kit pentru \u020bndep\u0103rtarea geamurilor\/parbrizelor deteriorate. Kitul include: instrument pentru \u020bndep\u0103rtarea geamului\/parbrizului, cu\u021bit cu garnitur\u0103 de cauciuc, instrument pentru \u020bndep\u0103rtarea pl\u0103cu\u021belor de t\u0103iere, instrument pentru s\u00e2rm\u0103, s\u00e2rma de t\u0103iere \u015fi m\u00e2nere de prindere a s\u00e2rmei.\" \/>\n<meta property=\"og:url\" content=\"https:\/\/proventuss.eu\/ro\/produkt\/kit-de-instrumente-de-demontare-geamuri-parbrize\/\" \/>\n<meta property=\"og:site_name\" content=\"Proventuss\" \/>\n<meta property=\"article:modified_time\" content=\"2023-02-10T11:44:57+00:00\" \/>\n<meta property=\"og:image\" content=\"https:\/\/proventuss.eu\/wp-content\/uploads\/2022\/07\/zestaw.jpg\" \/>\n\t<meta property=\"og:image:width\" content=\"444\" \/>\n\t<meta property=\"og:image:height\" content=\"295\" \/>\n\t<meta property=\"og:image:type\" content=\"image\/jpeg\" \/>\n<meta name=\"twitter:card\" content=\"summary_large_image\" \/>\n<meta name=\"twitter:label1\" content=\"Timp estimat pentru citire\" \/>\n\t<meta name=\"twitter:data1\" content=\"1 minut\" \/>\n<script type=\"application\/ld+json\" class=\"yoast-schema-graph\">{\"@context\":\"https:\/\/schema.org\",\"@graph\":[{\"@type\":\"WebPage\",\"@id\":\"https:\/\/proventuss.eu\/ro\/produkt\/kit-de-instrumente-de-demontare-geamuri-parbrize\/\",\"url\":\"https:\/\/proventuss.eu\/ro\/produkt\/kit-de-instrumente-de-demontare-geamuri-parbrize\/\",\"name\":\"Kit de instrumente de demontare geamuri\/parbrize - Proventuss\",\"isPartOf\":{\"@id\":\"https:\/\/proventuss.eu\/#website\"},\"primaryImageOfPage\":{\"@id\":\"https:\/\/proventuss.eu\/ro\/produkt\/kit-de-instrumente-de-demontare-geamuri-parbrize\/#primaryimage\"},\"image\":{\"@id\":\"https:\/\/proventuss.eu\/ro\/produkt\/kit-de-instrumente-de-demontare-geamuri-parbrize\/#primaryimage\"},\"thumbnailUrl\":\"https:\/\/proventuss.eu\/wp-content\/uploads\/2022\/07\/zestaw.jpg\",\"datePublished\":\"2022-04-26T11:17:24+00:00\",\"dateModified\":\"2023-02-10T11:44:57+00:00\",\"breadcrumb\":{\"@id\":\"https:\/\/proventuss.eu\/ro\/produkt\/kit-de-instrumente-de-demontare-geamuri-parbrize\/#breadcrumb\"},\"inLanguage\":\"ro-RO\",\"potentialAction\":[{\"@type\":\"ReadAction\",\"target\":[\"https:\/\/proventuss.eu\/ro\/produkt\/kit-de-instrumente-de-demontare-geamuri-parbrize\/\"]}]},{\"@type\":\"ImageObject\",\"inLanguage\":\"ro-RO\",\"@id\":\"https:\/\/proventuss.eu\/ro\/produkt\/kit-de-instrumente-de-demontare-geamuri-parbrize\/#primaryimage\",\"url\":\"https:\/\/proventuss.eu\/wp-content\/uploads\/2022\/07\/zestaw.jpg\",\"contentUrl\":\"https:\/\/proventuss.eu\/wp-content\/uploads\/2022\/07\/zestaw.jpg\",\"width\":444,\"height\":295},{\"@type\":\"BreadcrumbList\",\"@id\":\"https:\/\/proventuss.eu\/ro\/produkt\/kit-de-instrumente-de-demontare-geamuri-parbrize\/#breadcrumb\",\"itemListElement\":[{\"@type\":\"ListItem\",\"position\":1,\"name\":\"Home\",\"item\":\"https:\/\/proventuss.eu\/ro\/\"},{\"@type\":\"ListItem\",\"position\":2,\"name\":\"Produse\",\"item\":\"https:\/\/proventuss.eu\/produse\/\"},{\"@type\":\"ListItem\",\"position\":3,\"name\":\"Kit de instrumente de demontare geamuri\/parbrize\"}]},{\"@type\":\"WebSite\",\"@id\":\"https:\/\/proventuss.eu\/#website\",\"url\":\"https:\/\/proventuss.eu\/\",\"name\":\"Proventuss\",\"description\":\"\",\"potentialAction\":[{\"@type\":\"SearchAction\",\"target\":{\"@type\":\"EntryPoint\",\"urlTemplate\":\"https:\/\/proventuss.eu\/?s={search_term_string}\"},\"query-input\":\"required name=search_term_string\"}],\"inLanguage\":\"ro-RO\"}]}<\/script>\n<!-- \/ Yoast SEO plugin. -->","yoast_head_json":{"title":"Kit de instrumente de demontare geamuri\/parbrize - Proventuss","robots":{"index":"index","follow":"follow","max-snippet":"max-snippet:-1","max-image-preview":"max-image-preview:large","max-video-preview":"max-video-preview:-1"},"canonical":"https:\/\/proventuss.eu\/ro\/produkt\/kit-de-instrumente-de-demontare-geamuri-parbrize\/","og_locale":"ro_RO","og_type":"article","og_title":"Kit de instrumente de demontare geamuri\/parbrize - Proventuss","og_description":"Kit pentru \u020bndep\u0103rtarea geamurilor\/parbrizelor deteriorate. Kitul include: instrument pentru \u020bndep\u0103rtarea geamului\/parbrizului, cu\u021bit cu garnitur\u0103 de cauciuc, instrument pentru \u020bndep\u0103rtarea pl\u0103cu\u021belor de t\u0103iere, instrument pentru s\u00e2rm\u0103, s\u00e2rma de t\u0103iere \u015fi m\u00e2nere de prindere a s\u00e2rmei.","og_url":"https:\/\/proventuss.eu\/ro\/produkt\/kit-de-instrumente-de-demontare-geamuri-parbrize\/","og_site_name":"Proventuss","article_modified_time":"2023-02-10T11:44:57+00:00","og_image":[{"width":444,"height":295,"url":"https:\/\/proventuss.eu\/wp-content\/uploads\/2022\/07\/zestaw.jpg","type":"image\/jpeg"}],"twitter_card":"summary_large_image","twitter_misc":{"Timp estimat pentru citire":"1 minut"},"schema":{"@context":"https:\/\/schema.org","@graph":[{"@type":"WebPage","@id":"https:\/\/proventuss.eu\/ro\/produkt\/kit-de-instrumente-de-demontare-geamuri-parbrize\/","url":"https:\/\/proventuss.eu\/ro\/produkt\/kit-de-instrumente-de-demontare-geamuri-parbrize\/","name":"Kit de instrumente de demontare geamuri\/parbrize - Proventuss","isPartOf":{"@id":"https:\/\/proventuss.eu\/#website"},"primaryImageOfPage":{"@id":"https:\/\/proventuss.eu\/ro\/produkt\/kit-de-instrumente-de-demontare-geamuri-parbrize\/#primaryimage"},"image":{"@id":"https:\/\/proventuss.eu\/ro\/produkt\/kit-de-instrumente-de-demontare-geamuri-parbrize\/#primaryimage"},"thumbnailUrl":"https:\/\/proventuss.eu\/wp-content\/uploads\/2022\/07\/zestaw.jpg","datePublished":"2022-04-26T11:17:24+00:00","dateModified":"2023-02-10T11:44:57+00:00","breadcrumb":{"@id":"https:\/\/proventuss.eu\/ro\/produkt\/kit-de-instrumente-de-demontare-geamuri-parbrize\/#breadcrumb"},"inLanguage":"ro-RO","potentialAction":[{"@type":"ReadAction","target":["https:\/\/proventuss.eu\/ro\/produkt\/kit-de-instrumente-de-demontare-geamuri-parbrize\/"]}]},{"@type":"ImageObject","inLanguage":"ro-RO","@id":"https:\/\/proventuss.eu\/ro\/produkt\/kit-de-instrumente-de-demontare-geamuri-parbrize\/#primaryimage","url":"https:\/\/proventuss.eu\/wp-content\/uploads\/2022\/07\/zestaw.jpg","contentUrl":"https:\/\/proventuss.eu\/wp-content\/uploads\/2022\/07\/zestaw.jpg","width":444,"height":295},{"@type":"BreadcrumbList","@id":"https:\/\/proventuss.eu\/ro\/produkt\/kit-de-instrumente-de-demontare-geamuri-parbrize\/#breadcrumb","itemListElement":[{"@type":"ListItem","position":1,"name":"Home","item":"https:\/\/proventuss.eu\/ro\/"},{"@type":"ListItem","position":2,"name":"Produse","item":"https:\/\/proventuss.eu\/produse\/"},{"@type":"ListItem","position":3,"name":"Kit de instrumente de demontare geamuri\/parbrize"}]},{"@type":"WebSite","@id":"https:\/\/proventuss.eu\/#website","url":"https:\/\/proventuss.eu\/","name":"Proventuss","description":"","potentialAction":[{"@type":"SearchAction","target":{"@type":"EntryPoint","urlTemplate":"https:\/\/proventuss.eu\/?s={search_term_string}"},"query-input":"required name=search_term_string"}],"inLanguage":"ro-RO"}]}},"_links":{"self":[{"href":"https:\/\/proventuss.eu\/ro\/wp-json\/wp\/v2\/product\/10293"}],"collection":[{"href":"https:\/\/proventuss.eu\/ro\/wp-json\/wp\/v2\/product"}],"about":[{"href":"https:\/\/proventuss.eu\/ro\/wp-json\/wp\/v2\/types\/product"}],"replies":[{"embeddable":true,"href":"https:\/\/proventuss.eu\/ro\/wp-json\/wp\/v2\/comments?post=10293"}],"wp:featuredmedia":[{"embeddable":true,"href":"https:\/\/proventuss.eu\/ro\/wp-json\/wp\/v2\/media\/10080"}],"wp:attachment":[{"href":"https:\/\/proventuss.eu\/ro\/wp-json\/wp\/v2\/media?parent=10293"}],"wp:term":[{"taxonomy":"product_cat","embeddable":true,"href":"https:\/\/proventuss.eu\/ro\/wp-json\/wp\/v2\/product_cat?post=10293"},{"taxonomy":"product_tag","embeddable":true,"href":"https:\/\/proventuss.eu\/ro\/wp-json\/wp\/v2\/product_tag?post=10293"}],"curies":[{"name":"wp","href":"https:\/\/api.w.org\/{rel}","templated":true}]}}