{"id":10291,"date":"2022-04-26T11:15:58","date_gmt":"2022-04-26T11:15:58","guid":{"rendered":"https:\/\/proventuss.eu\/produkt\/cheie-dinamometrica-pentru-rotoare\/"},"modified":"2023-02-10T11:44:19","modified_gmt":"2023-02-10T11:44:19","slug":"cheie-dinamometrica-pentru-rotoare","status":"publish","type":"product","link":"https:\/\/proventuss.eu\/ro\/produs\/cheie-dinamometrica-pentru-rotoare\/","title":{"rendered":"Cheie dinamometric\u0103 pentru rotoare"},"content":{"rendered":"<p>Cheia dinamometric\u0103 permite ca rotoarele s\u0103 fie str\u00e2nse cu cuplul potrivit, a\u015fa cum este specificat de produc\u0103tor. Distan\u021ba reglabil\u0103 permite folosirea pentru rotoarele plate cu diametru cuprins \u020bntre 50 \u2013 60mm.<\/p>\n","protected":false},"excerpt":{"rendered":"<p>Cheia dinamometric\u0103 permite ca rotoarele s\u0103 fie str\u00e2nse cu cuplul potrivit, a\u015fa cum este specificat de produc\u0103tor. Distan\u021ba reglabil\u0103 permite folosirea pentru rotoarele plate cu diametru cuprins \u020bntre 50 \u2013 60mm.<\/p>\n","protected":false},"featured_media":9655,"comment_status":"open","ping_status":"closed","template":"","meta":{"_acf_changed":false},"product_cat":[409],"product_tag":[],"acf":[],"yoast_head":"<!-- This site is optimized with the Yoast SEO plugin v22.9 - https:\/\/yoast.com\/wordpress\/plugins\/seo\/ -->\n<title>Cheie dinamometric\u0103 pentru rotoare - Proventuss<\/title>\n<meta name=\"robots\" content=\"index, follow, max-snippet:-1, max-image-preview:large, max-video-preview:-1\" \/>\n<link rel=\"canonical\" href=\"https:\/\/proventuss.eu\/ro\/produkt\/cheie-dinamometrica-pentru-rotoare\/\" \/>\n<meta property=\"og:locale\" content=\"ro_RO\" \/>\n<meta property=\"og:type\" content=\"article\" \/>\n<meta property=\"og:title\" content=\"Cheie dinamometric\u0103 pentru rotoare - Proventuss\" \/>\n<meta property=\"og:description\" content=\"Cheia dinamometric\u0103 permite ca rotoarele s\u0103 fie str\u00e2nse cu cuplul potrivit, a\u015fa cum este specificat de produc\u0103tor. Distan\u021ba reglabil\u0103 permite folosirea pentru rotoarele plate cu diametru cuprins \u020bntre 50 \u2013 60mm.\" \/>\n<meta property=\"og:url\" content=\"https:\/\/proventuss.eu\/ro\/produkt\/cheie-dinamometrica-pentru-rotoare\/\" \/>\n<meta property=\"og:site_name\" content=\"Proventuss\" \/>\n<meta property=\"article:modified_time\" content=\"2023-02-10T11:44:19+00:00\" \/>\n<meta property=\"og:image\" content=\"https:\/\/proventuss.eu\/wp-content\/uploads\/2022\/04\/Klucz-dynamometryczny-do-rotul-1-rotated.jpg\" \/>\n\t<meta property=\"og:image:width\" content=\"190\" \/>\n\t<meta property=\"og:image:height\" content=\"881\" \/>\n\t<meta property=\"og:image:type\" content=\"image\/jpeg\" \/>\n<meta name=\"twitter:card\" content=\"summary_large_image\" \/>\n<meta name=\"twitter:label1\" content=\"Timp estimat pentru citire\" \/>\n\t<meta name=\"twitter:data1\" content=\"1 minut\" \/>\n<script type=\"application\/ld+json\" class=\"yoast-schema-graph\">{\"@context\":\"https:\/\/schema.org\",\"@graph\":[{\"@type\":\"WebPage\",\"@id\":\"https:\/\/proventuss.eu\/ro\/produkt\/cheie-dinamometrica-pentru-rotoare\/\",\"url\":\"https:\/\/proventuss.eu\/ro\/produkt\/cheie-dinamometrica-pentru-rotoare\/\",\"name\":\"Cheie dinamometric\u0103 pentru rotoare - Proventuss\",\"isPartOf\":{\"@id\":\"https:\/\/proventuss.eu\/#website\"},\"primaryImageOfPage\":{\"@id\":\"https:\/\/proventuss.eu\/ro\/produkt\/cheie-dinamometrica-pentru-rotoare\/#primaryimage\"},\"image\":{\"@id\":\"https:\/\/proventuss.eu\/ro\/produkt\/cheie-dinamometrica-pentru-rotoare\/#primaryimage\"},\"thumbnailUrl\":\"https:\/\/proventuss.eu\/wp-content\/uploads\/2022\/04\/Klucz-dynamometryczny-do-rotul-1-rotated.jpg\",\"datePublished\":\"2022-04-26T11:15:58+00:00\",\"dateModified\":\"2023-02-10T11:44:19+00:00\",\"breadcrumb\":{\"@id\":\"https:\/\/proventuss.eu\/ro\/produkt\/cheie-dinamometrica-pentru-rotoare\/#breadcrumb\"},\"inLanguage\":\"ro-RO\",\"potentialAction\":[{\"@type\":\"ReadAction\",\"target\":[\"https:\/\/proventuss.eu\/ro\/produkt\/cheie-dinamometrica-pentru-rotoare\/\"]}]},{\"@type\":\"ImageObject\",\"inLanguage\":\"ro-RO\",\"@id\":\"https:\/\/proventuss.eu\/ro\/produkt\/cheie-dinamometrica-pentru-rotoare\/#primaryimage\",\"url\":\"https:\/\/proventuss.eu\/wp-content\/uploads\/2022\/04\/Klucz-dynamometryczny-do-rotul-1-rotated.jpg\",\"contentUrl\":\"https:\/\/proventuss.eu\/wp-content\/uploads\/2022\/04\/Klucz-dynamometryczny-do-rotul-1-rotated.jpg\",\"width\":190,\"height\":881},{\"@type\":\"BreadcrumbList\",\"@id\":\"https:\/\/proventuss.eu\/ro\/produkt\/cheie-dinamometrica-pentru-rotoare\/#breadcrumb\",\"itemListElement\":[{\"@type\":\"ListItem\",\"position\":1,\"name\":\"Home\",\"item\":\"https:\/\/proventuss.eu\/ro\/\"},{\"@type\":\"ListItem\",\"position\":2,\"name\":\"Produse\",\"item\":\"https:\/\/proventuss.eu\/produse\/\"},{\"@type\":\"ListItem\",\"position\":3,\"name\":\"Cheie dinamometric\u0103 pentru rotoare\"}]},{\"@type\":\"WebSite\",\"@id\":\"https:\/\/proventuss.eu\/#website\",\"url\":\"https:\/\/proventuss.eu\/\",\"name\":\"Proventuss\",\"description\":\"\",\"potentialAction\":[{\"@type\":\"SearchAction\",\"target\":{\"@type\":\"EntryPoint\",\"urlTemplate\":\"https:\/\/proventuss.eu\/?s={search_term_string}\"},\"query-input\":\"required name=search_term_string\"}],\"inLanguage\":\"ro-RO\"}]}<\/script>\n<!-- \/ Yoast SEO plugin. -->","yoast_head_json":{"title":"Cheie dinamometric\u0103 pentru rotoare - Proventuss","robots":{"index":"index","follow":"follow","max-snippet":"max-snippet:-1","max-image-preview":"max-image-preview:large","max-video-preview":"max-video-preview:-1"},"canonical":"https:\/\/proventuss.eu\/ro\/produkt\/cheie-dinamometrica-pentru-rotoare\/","og_locale":"ro_RO","og_type":"article","og_title":"Cheie dinamometric\u0103 pentru rotoare - Proventuss","og_description":"Cheia dinamometric\u0103 permite ca rotoarele s\u0103 fie str\u00e2nse cu cuplul potrivit, a\u015fa cum este specificat de produc\u0103tor. Distan\u021ba reglabil\u0103 permite folosirea pentru rotoarele plate cu diametru cuprins \u020bntre 50 \u2013 60mm.","og_url":"https:\/\/proventuss.eu\/ro\/produkt\/cheie-dinamometrica-pentru-rotoare\/","og_site_name":"Proventuss","article_modified_time":"2023-02-10T11:44:19+00:00","og_image":[{"width":190,"height":881,"url":"https:\/\/proventuss.eu\/wp-content\/uploads\/2022\/04\/Klucz-dynamometryczny-do-rotul-1-rotated.jpg","type":"image\/jpeg"}],"twitter_card":"summary_large_image","twitter_misc":{"Timp estimat pentru citire":"1 minut"},"schema":{"@context":"https:\/\/schema.org","@graph":[{"@type":"WebPage","@id":"https:\/\/proventuss.eu\/ro\/produkt\/cheie-dinamometrica-pentru-rotoare\/","url":"https:\/\/proventuss.eu\/ro\/produkt\/cheie-dinamometrica-pentru-rotoare\/","name":"Cheie dinamometric\u0103 pentru rotoare - Proventuss","isPartOf":{"@id":"https:\/\/proventuss.eu\/#website"},"primaryImageOfPage":{"@id":"https:\/\/proventuss.eu\/ro\/produkt\/cheie-dinamometrica-pentru-rotoare\/#primaryimage"},"image":{"@id":"https:\/\/proventuss.eu\/ro\/produkt\/cheie-dinamometrica-pentru-rotoare\/#primaryimage"},"thumbnailUrl":"https:\/\/proventuss.eu\/wp-content\/uploads\/2022\/04\/Klucz-dynamometryczny-do-rotul-1-rotated.jpg","datePublished":"2022-04-26T11:15:58+00:00","dateModified":"2023-02-10T11:44:19+00:00","breadcrumb":{"@id":"https:\/\/proventuss.eu\/ro\/produkt\/cheie-dinamometrica-pentru-rotoare\/#breadcrumb"},"inLanguage":"ro-RO","potentialAction":[{"@type":"ReadAction","target":["https:\/\/proventuss.eu\/ro\/produkt\/cheie-dinamometrica-pentru-rotoare\/"]}]},{"@type":"ImageObject","inLanguage":"ro-RO","@id":"https:\/\/proventuss.eu\/ro\/produkt\/cheie-dinamometrica-pentru-rotoare\/#primaryimage","url":"https:\/\/proventuss.eu\/wp-content\/uploads\/2022\/04\/Klucz-dynamometryczny-do-rotul-1-rotated.jpg","contentUrl":"https:\/\/proventuss.eu\/wp-content\/uploads\/2022\/04\/Klucz-dynamometryczny-do-rotul-1-rotated.jpg","width":190,"height":881},{"@type":"BreadcrumbList","@id":"https:\/\/proventuss.eu\/ro\/produkt\/cheie-dinamometrica-pentru-rotoare\/#breadcrumb","itemListElement":[{"@type":"ListItem","position":1,"name":"Home","item":"https:\/\/proventuss.eu\/ro\/"},{"@type":"ListItem","position":2,"name":"Produse","item":"https:\/\/proventuss.eu\/produse\/"},{"@type":"ListItem","position":3,"name":"Cheie dinamometric\u0103 pentru rotoare"}]},{"@type":"WebSite","@id":"https:\/\/proventuss.eu\/#website","url":"https:\/\/proventuss.eu\/","name":"Proventuss","description":"","potentialAction":[{"@type":"SearchAction","target":{"@type":"EntryPoint","urlTemplate":"https:\/\/proventuss.eu\/?s={search_term_string}"},"query-input":"required name=search_term_string"}],"inLanguage":"ro-RO"}]}},"_links":{"self":[{"href":"https:\/\/proventuss.eu\/ro\/wp-json\/wp\/v2\/product\/10291"}],"collection":[{"href":"https:\/\/proventuss.eu\/ro\/wp-json\/wp\/v2\/product"}],"about":[{"href":"https:\/\/proventuss.eu\/ro\/wp-json\/wp\/v2\/types\/product"}],"replies":[{"embeddable":true,"href":"https:\/\/proventuss.eu\/ro\/wp-json\/wp\/v2\/comments?post=10291"}],"wp:featuredmedia":[{"embeddable":true,"href":"https:\/\/proventuss.eu\/ro\/wp-json\/wp\/v2\/media\/9655"}],"wp:attachment":[{"href":"https:\/\/proventuss.eu\/ro\/wp-json\/wp\/v2\/media?parent=10291"}],"wp:term":[{"taxonomy":"product_cat","embeddable":true,"href":"https:\/\/proventuss.eu\/ro\/wp-json\/wp\/v2\/product_cat?post=10291"},{"taxonomy":"product_tag","embeddable":true,"href":"https:\/\/proventuss.eu\/ro\/wp-json\/wp\/v2\/product_tag?post=10291"}],"curies":[{"name":"wp","href":"https:\/\/api.w.org\/{rel}","templated":true}]}}