{"id":10289,"date":"2022-04-26T11:09:55","date_gmt":"2022-04-26T11:09:55","guid":{"rendered":"https:\/\/proventuss.eu\/produkt\/vi-pro-pneumatic-gun-310-600-ml\/"},"modified":"2024-10-22T10:22:52","modified_gmt":"2024-10-22T10:22:52","slug":"vi-pro-pneumatic-gun-310-600-ml","status":"publish","type":"product","link":"https:\/\/proventuss.eu\/ro\/produs\/vi-pro-pneumatic-gun-310-600-ml\/","title":{"rendered":"Vi-Pro\u00ae PNEUMATIC GUN 310-600 ML"},"content":{"rendered":"<p>Putem aplica adezivi, siliconi si etansanti rapid si precis folosind un storcator pneumatic profesional cu reglare de presiune Vi-Pro\u00ae Pneumatic Gun 310-600 ml. Datorit\u0103 unui element suplimentar, storc\u0103torul universal asigur\u0103 aplicarea maselor ambalate \u00een a\u0219a-numitul c\u00e2rna\u021bi cu un volum de 600 ml (de ex. Vi-Pro\u00ae EPDM Paste Adhesive 903) \u0219i \u00een cartu\u0219e cu o capacitate de 310 ml.<\/p>\n<p>Caracteristici caracteristice:<\/p>\n<ul>\n<li>pentru carnati de 600 ml si cartuse de 310 ml<\/li>\n<li>aplicare precis\u0103 \u0219i sensibilitate ridicat\u0103<\/li>\n<li>maner ergonomic, prindere confortabila<\/li>\n<li>reductor de presiune redus\u0103<\/li>\n<li>Valoarea de desc\u0103rcare integrat\u0103 (f\u0103r\u0103 picurare)<\/li>\n<li>retur pneumatic<\/li>\n<li>nivelul de zgomot &#8211; &lt;80 dB<\/li>\n<li>lungime total\u0103 &#8211; 400 mm<\/li>\n<li>greutate net\u0103 &#8211; 1.252 g<\/li>\n<li>presiune de lucru 0-10 bar<\/li>\n<li>forta maxima &#8211; 200 Kgf (10 bar \u2013 145 PSI) \u2013 1.961 kN<\/li>\n<li>racord &#8211; 1\/4 tata gaz<\/li>\n<\/ul>\n<p>Ambalare: 1 buc.<\/p>\n","protected":false},"excerpt":{"rendered":"<p>Putem aplica adezivi, siliconi si etansanti rapid si precis folosind un storcator pneumatic profesional cu reglare de presiune Vi-Pro\u00ae Pneumatic Gun 310-600 ml. Datorit\u0103 unui element suplimentar, storc\u0103torul universal asigur\u0103 aplicarea maselor ambalate \u00een a\u0219a-numitul c\u00e2rna\u021bi cu un volum de 600 ml (de ex. Vi-Pro\u00ae EPDM Paste Adhesive 903) \u0219i \u00een cartu\u0219e cu o capacitate [&hellip;]<\/p>\n","protected":false},"featured_media":9974,"comment_status":"open","ping_status":"closed","template":"","meta":{"_acf_changed":false},"product_cat":[410,409],"product_tag":[],"acf":[],"yoast_head":"<!-- This site is optimized with the Yoast SEO plugin v22.9 - https:\/\/yoast.com\/wordpress\/plugins\/seo\/ -->\n<title>Vi-Pro\u00ae PNEUMATIC GUN 310-600 ML - Proventuss<\/title>\n<meta name=\"robots\" content=\"index, follow, max-snippet:-1, max-image-preview:large, max-video-preview:-1\" \/>\n<link rel=\"canonical\" href=\"https:\/\/proventuss.eu\/ro\/produkt\/vi-pro-pneumatic-gun-310-600-ml\/\" \/>\n<meta property=\"og:locale\" content=\"ro_RO\" \/>\n<meta property=\"og:type\" content=\"article\" \/>\n<meta property=\"og:title\" content=\"Vi-Pro\u00ae PNEUMATIC GUN 310-600 ML - Proventuss\" \/>\n<meta property=\"og:description\" content=\"Putem aplica adezivi, siliconi si etansanti rapid si precis folosind un storcator pneumatic profesional cu reglare de presiune Vi-Pro\u00ae Pneumatic Gun 310-600 ml. Datorit\u0103 unui element suplimentar, storc\u0103torul universal asigur\u0103 aplicarea maselor ambalate \u00een a\u0219a-numitul c\u00e2rna\u021bi cu un volum de 600 ml (de ex. Vi-Pro\u00ae EPDM Paste Adhesive 903) \u0219i \u00een cartu\u0219e cu o capacitate [&hellip;]\" \/>\n<meta property=\"og:url\" content=\"https:\/\/proventuss.eu\/ro\/produkt\/vi-pro-pneumatic-gun-310-600-ml\/\" \/>\n<meta property=\"og:site_name\" content=\"Proventuss\" \/>\n<meta property=\"article:modified_time\" content=\"2024-10-22T10:22:52+00:00\" \/>\n<meta property=\"og:image\" content=\"https:\/\/proventuss.eu\/wp-content\/uploads\/2022\/04\/Vi-Pro-Pneumatic-Gun-310-600-ml.png\" \/>\n\t<meta property=\"og:image:width\" content=\"768\" \/>\n\t<meta property=\"og:image:height\" content=\"768\" \/>\n\t<meta property=\"og:image:type\" content=\"image\/png\" \/>\n<meta name=\"twitter:card\" content=\"summary_large_image\" \/>\n<meta name=\"twitter:label1\" content=\"Timp estimat pentru citire\" \/>\n\t<meta name=\"twitter:data1\" content=\"1 minut\" \/>\n<script type=\"application\/ld+json\" class=\"yoast-schema-graph\">{\"@context\":\"https:\/\/schema.org\",\"@graph\":[{\"@type\":\"WebPage\",\"@id\":\"https:\/\/proventuss.eu\/ro\/produkt\/vi-pro-pneumatic-gun-310-600-ml\/\",\"url\":\"https:\/\/proventuss.eu\/ro\/produkt\/vi-pro-pneumatic-gun-310-600-ml\/\",\"name\":\"Vi-Pro\u00ae PNEUMATIC GUN 310-600 ML - Proventuss\",\"isPartOf\":{\"@id\":\"https:\/\/proventuss.eu\/#website\"},\"primaryImageOfPage\":{\"@id\":\"https:\/\/proventuss.eu\/ro\/produkt\/vi-pro-pneumatic-gun-310-600-ml\/#primaryimage\"},\"image\":{\"@id\":\"https:\/\/proventuss.eu\/ro\/produkt\/vi-pro-pneumatic-gun-310-600-ml\/#primaryimage\"},\"thumbnailUrl\":\"https:\/\/proventuss.eu\/wp-content\/uploads\/2022\/04\/Vi-Pro-Pneumatic-Gun-310-600-ml.png\",\"datePublished\":\"2022-04-26T11:09:55+00:00\",\"dateModified\":\"2024-10-22T10:22:52+00:00\",\"breadcrumb\":{\"@id\":\"https:\/\/proventuss.eu\/ro\/produkt\/vi-pro-pneumatic-gun-310-600-ml\/#breadcrumb\"},\"inLanguage\":\"ro-RO\",\"potentialAction\":[{\"@type\":\"ReadAction\",\"target\":[\"https:\/\/proventuss.eu\/ro\/produkt\/vi-pro-pneumatic-gun-310-600-ml\/\"]}]},{\"@type\":\"ImageObject\",\"inLanguage\":\"ro-RO\",\"@id\":\"https:\/\/proventuss.eu\/ro\/produkt\/vi-pro-pneumatic-gun-310-600-ml\/#primaryimage\",\"url\":\"https:\/\/proventuss.eu\/wp-content\/uploads\/2022\/04\/Vi-Pro-Pneumatic-Gun-310-600-ml.png\",\"contentUrl\":\"https:\/\/proventuss.eu\/wp-content\/uploads\/2022\/04\/Vi-Pro-Pneumatic-Gun-310-600-ml.png\",\"width\":768,\"height\":768,\"caption\":\"Na zdj\u0119ciu Pistolet pneumatyczny do kie\u0142basek 600 ml i kartuszy 310 ml. Precyzyjna aplikacja i wysoka czu\u0142o\u015b\u0107. Ergonomiczna r\u0119koje\u015b\u0107, wygodny chwyt. Kolor czarny.\"},{\"@type\":\"BreadcrumbList\",\"@id\":\"https:\/\/proventuss.eu\/ro\/produkt\/vi-pro-pneumatic-gun-310-600-ml\/#breadcrumb\",\"itemListElement\":[{\"@type\":\"ListItem\",\"position\":1,\"name\":\"Home\",\"item\":\"https:\/\/proventuss.eu\/ro\/\"},{\"@type\":\"ListItem\",\"position\":2,\"name\":\"Produse\",\"item\":\"https:\/\/proventuss.eu\/produse\/\"},{\"@type\":\"ListItem\",\"position\":3,\"name\":\"Vi-Pro\u00ae PNEUMATIC GUN 310-600 ML\"}]},{\"@type\":\"WebSite\",\"@id\":\"https:\/\/proventuss.eu\/#website\",\"url\":\"https:\/\/proventuss.eu\/\",\"name\":\"Proventuss\",\"description\":\"\",\"potentialAction\":[{\"@type\":\"SearchAction\",\"target\":{\"@type\":\"EntryPoint\",\"urlTemplate\":\"https:\/\/proventuss.eu\/?s={search_term_string}\"},\"query-input\":\"required name=search_term_string\"}],\"inLanguage\":\"ro-RO\"}]}<\/script>\n<!-- \/ Yoast SEO plugin. -->","yoast_head_json":{"title":"Vi-Pro\u00ae PNEUMATIC GUN 310-600 ML - Proventuss","robots":{"index":"index","follow":"follow","max-snippet":"max-snippet:-1","max-image-preview":"max-image-preview:large","max-video-preview":"max-video-preview:-1"},"canonical":"https:\/\/proventuss.eu\/ro\/produkt\/vi-pro-pneumatic-gun-310-600-ml\/","og_locale":"ro_RO","og_type":"article","og_title":"Vi-Pro\u00ae PNEUMATIC GUN 310-600 ML - Proventuss","og_description":"Putem aplica adezivi, siliconi si etansanti rapid si precis folosind un storcator pneumatic profesional cu reglare de presiune Vi-Pro\u00ae Pneumatic Gun 310-600 ml. Datorit\u0103 unui element suplimentar, storc\u0103torul universal asigur\u0103 aplicarea maselor ambalate \u00een a\u0219a-numitul c\u00e2rna\u021bi cu un volum de 600 ml (de ex. Vi-Pro\u00ae EPDM Paste Adhesive 903) \u0219i \u00een cartu\u0219e cu o capacitate [&hellip;]","og_url":"https:\/\/proventuss.eu\/ro\/produkt\/vi-pro-pneumatic-gun-310-600-ml\/","og_site_name":"Proventuss","article_modified_time":"2024-10-22T10:22:52+00:00","og_image":[{"width":768,"height":768,"url":"https:\/\/proventuss.eu\/wp-content\/uploads\/2022\/04\/Vi-Pro-Pneumatic-Gun-310-600-ml.png","type":"image\/png"}],"twitter_card":"summary_large_image","twitter_misc":{"Timp estimat pentru citire":"1 minut"},"schema":{"@context":"https:\/\/schema.org","@graph":[{"@type":"WebPage","@id":"https:\/\/proventuss.eu\/ro\/produkt\/vi-pro-pneumatic-gun-310-600-ml\/","url":"https:\/\/proventuss.eu\/ro\/produkt\/vi-pro-pneumatic-gun-310-600-ml\/","name":"Vi-Pro\u00ae PNEUMATIC GUN 310-600 ML - Proventuss","isPartOf":{"@id":"https:\/\/proventuss.eu\/#website"},"primaryImageOfPage":{"@id":"https:\/\/proventuss.eu\/ro\/produkt\/vi-pro-pneumatic-gun-310-600-ml\/#primaryimage"},"image":{"@id":"https:\/\/proventuss.eu\/ro\/produkt\/vi-pro-pneumatic-gun-310-600-ml\/#primaryimage"},"thumbnailUrl":"https:\/\/proventuss.eu\/wp-content\/uploads\/2022\/04\/Vi-Pro-Pneumatic-Gun-310-600-ml.png","datePublished":"2022-04-26T11:09:55+00:00","dateModified":"2024-10-22T10:22:52+00:00","breadcrumb":{"@id":"https:\/\/proventuss.eu\/ro\/produkt\/vi-pro-pneumatic-gun-310-600-ml\/#breadcrumb"},"inLanguage":"ro-RO","potentialAction":[{"@type":"ReadAction","target":["https:\/\/proventuss.eu\/ro\/produkt\/vi-pro-pneumatic-gun-310-600-ml\/"]}]},{"@type":"ImageObject","inLanguage":"ro-RO","@id":"https:\/\/proventuss.eu\/ro\/produkt\/vi-pro-pneumatic-gun-310-600-ml\/#primaryimage","url":"https:\/\/proventuss.eu\/wp-content\/uploads\/2022\/04\/Vi-Pro-Pneumatic-Gun-310-600-ml.png","contentUrl":"https:\/\/proventuss.eu\/wp-content\/uploads\/2022\/04\/Vi-Pro-Pneumatic-Gun-310-600-ml.png","width":768,"height":768,"caption":"Na zdj\u0119ciu Pistolet pneumatyczny do kie\u0142basek 600 ml i kartuszy 310 ml. Precyzyjna aplikacja i wysoka czu\u0142o\u015b\u0107. Ergonomiczna r\u0119koje\u015b\u0107, wygodny chwyt. Kolor czarny."},{"@type":"BreadcrumbList","@id":"https:\/\/proventuss.eu\/ro\/produkt\/vi-pro-pneumatic-gun-310-600-ml\/#breadcrumb","itemListElement":[{"@type":"ListItem","position":1,"name":"Home","item":"https:\/\/proventuss.eu\/ro\/"},{"@type":"ListItem","position":2,"name":"Produse","item":"https:\/\/proventuss.eu\/produse\/"},{"@type":"ListItem","position":3,"name":"Vi-Pro\u00ae PNEUMATIC GUN 310-600 ML"}]},{"@type":"WebSite","@id":"https:\/\/proventuss.eu\/#website","url":"https:\/\/proventuss.eu\/","name":"Proventuss","description":"","potentialAction":[{"@type":"SearchAction","target":{"@type":"EntryPoint","urlTemplate":"https:\/\/proventuss.eu\/?s={search_term_string}"},"query-input":"required name=search_term_string"}],"inLanguage":"ro-RO"}]}},"_links":{"self":[{"href":"https:\/\/proventuss.eu\/ro\/wp-json\/wp\/v2\/product\/10289"}],"collection":[{"href":"https:\/\/proventuss.eu\/ro\/wp-json\/wp\/v2\/product"}],"about":[{"href":"https:\/\/proventuss.eu\/ro\/wp-json\/wp\/v2\/types\/product"}],"replies":[{"embeddable":true,"href":"https:\/\/proventuss.eu\/ro\/wp-json\/wp\/v2\/comments?post=10289"}],"wp:featuredmedia":[{"embeddable":true,"href":"https:\/\/proventuss.eu\/ro\/wp-json\/wp\/v2\/media\/9974"}],"wp:attachment":[{"href":"https:\/\/proventuss.eu\/ro\/wp-json\/wp\/v2\/media?parent=10289"}],"wp:term":[{"taxonomy":"product_cat","embeddable":true,"href":"https:\/\/proventuss.eu\/ro\/wp-json\/wp\/v2\/product_cat?post=10289"},{"taxonomy":"product_tag","embeddable":true,"href":"https:\/\/proventuss.eu\/ro\/wp-json\/wp\/v2\/product_tag?post=10289"}],"curies":[{"name":"wp","href":"https:\/\/api.w.org\/{rel}","templated":true}]}}