{"id":10288,"date":"2022-04-26T11:08:39","date_gmt":"2022-04-26T11:08:39","guid":{"rendered":"https:\/\/proventuss.eu\/produkt\/vi-pro-pneumatic-gun-600-ml\/"},"modified":"2024-10-22T10:34:25","modified_gmt":"2024-10-22T10:34:25","slug":"vi-pro-pneumatic-gun-600-ml","status":"publish","type":"product","link":"https:\/\/proventuss.eu\/ro\/produs\/vi-pro-pneumatic-gun-600-ml\/","title":{"rendered":"Vi-Pro\u00ae PNEUMATIC GUN 600 ML"},"content":{"rendered":"<p>\u020an timpul renov\u0103rilor sau la construc\u021bii \u020bn \u015fantier timpul \u015fi precizia sunt importante. Aplicarea precis\u0103 a adezivilor, sigilan\u021bilor sunt asigurate de Vi-Pro\u00ae PNEUMATIC GUN 600 ML cu regulator de presiune.<\/p>\n<p>Folosind sistemul de aplicare eficient putem aplica Vi-Pro\u00ae Pasta Adeziva 903 dar \u015fi alte produse ambalate \u020bn a\u015fa-numitul salam, cu un volum de 600ml. Echipamentul u\u015for de manevrat poate fi ajustat dup\u0103 preferin\u021be datorit\u0103 posibilit\u0103\u021bii de reglaj \u015fi setare a dozajului dorit.<\/p>\n<p><strong>Beneficii:<\/strong><br \/>\n&#8211; pentru salam de 600ml<br \/>\n&#8211; aplicare precis\u0103 \u015fi de mare sensibilitate<br \/>\n&#8211; m\u00e2ner ergonomic, prindere confortabil\u0103<\/p>\n","protected":false},"excerpt":{"rendered":"<p>\u020an timpul renov\u0103rilor sau la construc\u021bii \u020bn \u015fantier timpul \u015fi precizia sunt importante. Aplicarea precis\u0103 a adezivilor, sigilan\u021bilor sunt asigurate de Vi-Pro\u00ae PNEUMATIC GUN 600 ML cu regulator de presiune. Folosind sistemul de aplicare eficient putem aplica Vi-Pro\u00ae Pasta Adeziva 903 dar \u015fi alte produse ambalate \u020bn a\u015fa-numitul salam, cu un volum de 600ml. Echipamentul [&hellip;]<\/p>\n","protected":false},"featured_media":10075,"comment_status":"open","ping_status":"closed","template":"","meta":{"_acf_changed":false},"product_cat":[410,409],"product_tag":[],"acf":[],"yoast_head":"<!-- This site is optimized with the Yoast SEO plugin v22.9 - https:\/\/yoast.com\/wordpress\/plugins\/seo\/ -->\n<title>Vi-Pro\u00ae PNEUMATIC GUN 600 ML - Proventuss<\/title>\n<meta name=\"robots\" content=\"index, follow, max-snippet:-1, max-image-preview:large, max-video-preview:-1\" \/>\n<link rel=\"canonical\" href=\"https:\/\/proventuss.eu\/ro\/produkt\/vi-pro-pneumatic-gun-600-ml\/\" \/>\n<meta property=\"og:locale\" content=\"ro_RO\" \/>\n<meta property=\"og:type\" content=\"article\" \/>\n<meta property=\"og:title\" content=\"Vi-Pro\u00ae PNEUMATIC GUN 600 ML - Proventuss\" \/>\n<meta property=\"og:description\" content=\"\u020an timpul renov\u0103rilor sau la construc\u021bii \u020bn \u015fantier timpul \u015fi precizia sunt importante. Aplicarea precis\u0103 a adezivilor, sigilan\u021bilor sunt asigurate de Vi-Pro\u00ae PNEUMATIC GUN 600 ML cu regulator de presiune. Folosind sistemul de aplicare eficient putem aplica Vi-Pro\u00ae Pasta Adeziva 903 dar \u015fi alte produse ambalate \u020bn a\u015fa-numitul salam, cu un volum de 600ml. Echipamentul [&hellip;]\" \/>\n<meta property=\"og:url\" content=\"https:\/\/proventuss.eu\/ro\/produkt\/vi-pro-pneumatic-gun-600-ml\/\" \/>\n<meta property=\"og:site_name\" content=\"Proventuss\" \/>\n<meta property=\"article:modified_time\" content=\"2024-10-22T10:34:25+00:00\" \/>\n<meta property=\"og:image\" content=\"https:\/\/proventuss.eu\/wp-content\/uploads\/2022\/04\/Vi-Pro-Pneumatic-Gun-600-ml.png\" \/>\n\t<meta property=\"og:image:width\" content=\"1080\" \/>\n\t<meta property=\"og:image:height\" content=\"1080\" \/>\n\t<meta property=\"og:image:type\" content=\"image\/png\" \/>\n<meta name=\"twitter:card\" content=\"summary_large_image\" \/>\n<meta name=\"twitter:label1\" content=\"Timp estimat pentru citire\" \/>\n\t<meta name=\"twitter:data1\" content=\"1 minut\" \/>\n<script type=\"application\/ld+json\" class=\"yoast-schema-graph\">{\"@context\":\"https:\/\/schema.org\",\"@graph\":[{\"@type\":\"WebPage\",\"@id\":\"https:\/\/proventuss.eu\/ro\/produkt\/vi-pro-pneumatic-gun-600-ml\/\",\"url\":\"https:\/\/proventuss.eu\/ro\/produkt\/vi-pro-pneumatic-gun-600-ml\/\",\"name\":\"Vi-Pro\u00ae PNEUMATIC GUN 600 ML - Proventuss\",\"isPartOf\":{\"@id\":\"https:\/\/proventuss.eu\/#website\"},\"primaryImageOfPage\":{\"@id\":\"https:\/\/proventuss.eu\/ro\/produkt\/vi-pro-pneumatic-gun-600-ml\/#primaryimage\"},\"image\":{\"@id\":\"https:\/\/proventuss.eu\/ro\/produkt\/vi-pro-pneumatic-gun-600-ml\/#primaryimage\"},\"thumbnailUrl\":\"https:\/\/proventuss.eu\/wp-content\/uploads\/2022\/04\/Vi-Pro-Pneumatic-Gun-600-ml.png\",\"datePublished\":\"2022-04-26T11:08:39+00:00\",\"dateModified\":\"2024-10-22T10:34:25+00:00\",\"breadcrumb\":{\"@id\":\"https:\/\/proventuss.eu\/ro\/produkt\/vi-pro-pneumatic-gun-600-ml\/#breadcrumb\"},\"inLanguage\":\"ro-RO\",\"potentialAction\":[{\"@type\":\"ReadAction\",\"target\":[\"https:\/\/proventuss.eu\/ro\/produkt\/vi-pro-pneumatic-gun-600-ml\/\"]}]},{\"@type\":\"ImageObject\",\"inLanguage\":\"ro-RO\",\"@id\":\"https:\/\/proventuss.eu\/ro\/produkt\/vi-pro-pneumatic-gun-600-ml\/#primaryimage\",\"url\":\"https:\/\/proventuss.eu\/wp-content\/uploads\/2022\/04\/Vi-Pro-Pneumatic-Gun-600-ml.png\",\"contentUrl\":\"https:\/\/proventuss.eu\/wp-content\/uploads\/2022\/04\/Vi-Pro-Pneumatic-Gun-600-ml.png\",\"width\":1080,\"height\":1080,\"caption\":\"Na zdj\u0119ciu Pistolet pneumatyczny do kie\u0142basek o obj\u0119to\u015bci 600 ml. Precyzyjna aplikacja, wysoka czu\u0142o\u015b\u0107, ergonomiczna r\u0119koje\u015b\u0107, wygodny chwyt. Kolor czarny.\"},{\"@type\":\"BreadcrumbList\",\"@id\":\"https:\/\/proventuss.eu\/ro\/produkt\/vi-pro-pneumatic-gun-600-ml\/#breadcrumb\",\"itemListElement\":[{\"@type\":\"ListItem\",\"position\":1,\"name\":\"Home\",\"item\":\"https:\/\/proventuss.eu\/ro\/\"},{\"@type\":\"ListItem\",\"position\":2,\"name\":\"Produse\",\"item\":\"https:\/\/proventuss.eu\/produse\/\"},{\"@type\":\"ListItem\",\"position\":3,\"name\":\"Vi-Pro\u00ae PNEUMATIC GUN 600 ML\"}]},{\"@type\":\"WebSite\",\"@id\":\"https:\/\/proventuss.eu\/#website\",\"url\":\"https:\/\/proventuss.eu\/\",\"name\":\"Proventuss\",\"description\":\"\",\"potentialAction\":[{\"@type\":\"SearchAction\",\"target\":{\"@type\":\"EntryPoint\",\"urlTemplate\":\"https:\/\/proventuss.eu\/?s={search_term_string}\"},\"query-input\":\"required name=search_term_string\"}],\"inLanguage\":\"ro-RO\"}]}<\/script>\n<!-- \/ Yoast SEO plugin. -->","yoast_head_json":{"title":"Vi-Pro\u00ae PNEUMATIC GUN 600 ML - Proventuss","robots":{"index":"index","follow":"follow","max-snippet":"max-snippet:-1","max-image-preview":"max-image-preview:large","max-video-preview":"max-video-preview:-1"},"canonical":"https:\/\/proventuss.eu\/ro\/produkt\/vi-pro-pneumatic-gun-600-ml\/","og_locale":"ro_RO","og_type":"article","og_title":"Vi-Pro\u00ae PNEUMATIC GUN 600 ML - Proventuss","og_description":"\u020an timpul renov\u0103rilor sau la construc\u021bii \u020bn \u015fantier timpul \u015fi precizia sunt importante. Aplicarea precis\u0103 a adezivilor, sigilan\u021bilor sunt asigurate de Vi-Pro\u00ae PNEUMATIC GUN 600 ML cu regulator de presiune. Folosind sistemul de aplicare eficient putem aplica Vi-Pro\u00ae Pasta Adeziva 903 dar \u015fi alte produse ambalate \u020bn a\u015fa-numitul salam, cu un volum de 600ml. Echipamentul [&hellip;]","og_url":"https:\/\/proventuss.eu\/ro\/produkt\/vi-pro-pneumatic-gun-600-ml\/","og_site_name":"Proventuss","article_modified_time":"2024-10-22T10:34:25+00:00","og_image":[{"width":1080,"height":1080,"url":"https:\/\/proventuss.eu\/wp-content\/uploads\/2022\/04\/Vi-Pro-Pneumatic-Gun-600-ml.png","type":"image\/png"}],"twitter_card":"summary_large_image","twitter_misc":{"Timp estimat pentru citire":"1 minut"},"schema":{"@context":"https:\/\/schema.org","@graph":[{"@type":"WebPage","@id":"https:\/\/proventuss.eu\/ro\/produkt\/vi-pro-pneumatic-gun-600-ml\/","url":"https:\/\/proventuss.eu\/ro\/produkt\/vi-pro-pneumatic-gun-600-ml\/","name":"Vi-Pro\u00ae PNEUMATIC GUN 600 ML - Proventuss","isPartOf":{"@id":"https:\/\/proventuss.eu\/#website"},"primaryImageOfPage":{"@id":"https:\/\/proventuss.eu\/ro\/produkt\/vi-pro-pneumatic-gun-600-ml\/#primaryimage"},"image":{"@id":"https:\/\/proventuss.eu\/ro\/produkt\/vi-pro-pneumatic-gun-600-ml\/#primaryimage"},"thumbnailUrl":"https:\/\/proventuss.eu\/wp-content\/uploads\/2022\/04\/Vi-Pro-Pneumatic-Gun-600-ml.png","datePublished":"2022-04-26T11:08:39+00:00","dateModified":"2024-10-22T10:34:25+00:00","breadcrumb":{"@id":"https:\/\/proventuss.eu\/ro\/produkt\/vi-pro-pneumatic-gun-600-ml\/#breadcrumb"},"inLanguage":"ro-RO","potentialAction":[{"@type":"ReadAction","target":["https:\/\/proventuss.eu\/ro\/produkt\/vi-pro-pneumatic-gun-600-ml\/"]}]},{"@type":"ImageObject","inLanguage":"ro-RO","@id":"https:\/\/proventuss.eu\/ro\/produkt\/vi-pro-pneumatic-gun-600-ml\/#primaryimage","url":"https:\/\/proventuss.eu\/wp-content\/uploads\/2022\/04\/Vi-Pro-Pneumatic-Gun-600-ml.png","contentUrl":"https:\/\/proventuss.eu\/wp-content\/uploads\/2022\/04\/Vi-Pro-Pneumatic-Gun-600-ml.png","width":1080,"height":1080,"caption":"Na zdj\u0119ciu Pistolet pneumatyczny do kie\u0142basek o obj\u0119to\u015bci 600 ml. Precyzyjna aplikacja, wysoka czu\u0142o\u015b\u0107, ergonomiczna r\u0119koje\u015b\u0107, wygodny chwyt. Kolor czarny."},{"@type":"BreadcrumbList","@id":"https:\/\/proventuss.eu\/ro\/produkt\/vi-pro-pneumatic-gun-600-ml\/#breadcrumb","itemListElement":[{"@type":"ListItem","position":1,"name":"Home","item":"https:\/\/proventuss.eu\/ro\/"},{"@type":"ListItem","position":2,"name":"Produse","item":"https:\/\/proventuss.eu\/produse\/"},{"@type":"ListItem","position":3,"name":"Vi-Pro\u00ae PNEUMATIC GUN 600 ML"}]},{"@type":"WebSite","@id":"https:\/\/proventuss.eu\/#website","url":"https:\/\/proventuss.eu\/","name":"Proventuss","description":"","potentialAction":[{"@type":"SearchAction","target":{"@type":"EntryPoint","urlTemplate":"https:\/\/proventuss.eu\/?s={search_term_string}"},"query-input":"required name=search_term_string"}],"inLanguage":"ro-RO"}]}},"_links":{"self":[{"href":"https:\/\/proventuss.eu\/ro\/wp-json\/wp\/v2\/product\/10288"}],"collection":[{"href":"https:\/\/proventuss.eu\/ro\/wp-json\/wp\/v2\/product"}],"about":[{"href":"https:\/\/proventuss.eu\/ro\/wp-json\/wp\/v2\/types\/product"}],"replies":[{"embeddable":true,"href":"https:\/\/proventuss.eu\/ro\/wp-json\/wp\/v2\/comments?post=10288"}],"wp:featuredmedia":[{"embeddable":true,"href":"https:\/\/proventuss.eu\/ro\/wp-json\/wp\/v2\/media\/10075"}],"wp:attachment":[{"href":"https:\/\/proventuss.eu\/ro\/wp-json\/wp\/v2\/media?parent=10288"}],"wp:term":[{"taxonomy":"product_cat","embeddable":true,"href":"https:\/\/proventuss.eu\/ro\/wp-json\/wp\/v2\/product_cat?post=10288"},{"taxonomy":"product_tag","embeddable":true,"href":"https:\/\/proventuss.eu\/ro\/wp-json\/wp\/v2\/product_tag?post=10288"}],"curies":[{"name":"wp","href":"https:\/\/api.w.org\/{rel}","templated":true}]}}