{"id":10287,"date":"2022-04-26T11:06:46","date_gmt":"2022-04-26T11:06:46","guid":{"rendered":"https:\/\/proventuss.eu\/produkt\/vi-pro-pu-application-gun\/"},"modified":"2022-04-26T11:06:46","modified_gmt":"2022-04-26T11:06:46","slug":"vi-pro-pu-application-gun","status":"publish","type":"product","link":"https:\/\/proventuss.eu\/ro\/produs\/vi-pro-pu-application-gun\/","title":{"rendered":"Vi-Pro\u00ae PU APPLICATION GUN"},"content":{"rendered":"<p><strong>Pistol pentru aplicare spum\u0103 poliuretanic\u0103<\/strong><\/p>\n<p>Pistolul pentru spum\u0103 Vi-Pro\u00ae PU APPLICATION GUN se folose\u015fte \u020bn toate aplica\u021biile de etan\u015f\u0103ri sau izola\u021bii, asambl\u0103ri, repara\u021bii \u015fi construc\u021bii \u2013 oriunde se folose\u015fte spum\u0103 poliuretanic\u0103. Este un pistol de bun\u0103 calitate, durabil, creat pentru aplicarea spumei poliuretanice tip aerosoli. Asigur\u0103 aplicarea rapid\u0103 \u015fi precis\u0103 a sigilantului. Este rezistent la coroziune \u015fi u\u015for de cur\u0103\u021bat \u2013 se poate folosi mai mul\u021bi ani. Disponibil cu un set de accesorii \u015fi manual de utilizare. M\u00e2ner ergonomic, cu prindere confortabil\u0103. Ajustare u\u015foar\u0103 a cordonului de spum\u0103. Pentru tuburi de spum\u0103 standard.<\/p>\n","protected":false},"excerpt":{"rendered":"<p>Pistol pentru aplicare spum\u0103 poliuretanic\u0103 Pistolul pentru spum\u0103 Vi-Pro\u00ae PU APPLICATION GUN se folose\u015fte \u020bn toate aplica\u021biile de etan\u015f\u0103ri sau izola\u021bii, asambl\u0103ri, repara\u021bii \u015fi construc\u021bii \u2013 oriunde se folose\u015fte spum\u0103 poliuretanic\u0103. Este un pistol de bun\u0103 calitate, durabil, creat pentru aplicarea spumei poliuretanice tip aerosoli. Asigur\u0103 aplicarea rapid\u0103 \u015fi precis\u0103 a sigilantului. Este rezistent la [&hellip;]<\/p>\n","protected":false},"featured_media":9605,"comment_status":"open","ping_status":"closed","template":"","meta":{"_acf_changed":false},"product_cat":[410,409],"product_tag":[],"acf":[],"yoast_head":"<!-- This site is optimized with the Yoast SEO plugin v22.9 - https:\/\/yoast.com\/wordpress\/plugins\/seo\/ -->\n<title>Vi-Pro\u00ae PU APPLICATION GUN - Proventuss<\/title>\n<meta name=\"robots\" content=\"index, follow, max-snippet:-1, max-image-preview:large, max-video-preview:-1\" \/>\n<link rel=\"canonical\" href=\"https:\/\/proventuss.eu\/ro\/produkt\/vi-pro-pu-application-gun\/\" \/>\n<meta property=\"og:locale\" content=\"ro_RO\" \/>\n<meta property=\"og:type\" content=\"article\" \/>\n<meta property=\"og:title\" content=\"Vi-Pro\u00ae PU APPLICATION GUN - Proventuss\" \/>\n<meta property=\"og:description\" content=\"Pistol pentru aplicare spum\u0103 poliuretanic\u0103 Pistolul pentru spum\u0103 Vi-Pro\u00ae PU APPLICATION GUN se folose\u015fte \u020bn toate aplica\u021biile de etan\u015f\u0103ri sau izola\u021bii, asambl\u0103ri, repara\u021bii \u015fi construc\u021bii \u2013 oriunde se folose\u015fte spum\u0103 poliuretanic\u0103. Este un pistol de bun\u0103 calitate, durabil, creat pentru aplicarea spumei poliuretanice tip aerosoli. Asigur\u0103 aplicarea rapid\u0103 \u015fi precis\u0103 a sigilantului. Este rezistent la [&hellip;]\" \/>\n<meta property=\"og:url\" content=\"https:\/\/proventuss.eu\/ro\/produkt\/vi-pro-pu-application-gun\/\" \/>\n<meta property=\"og:site_name\" content=\"Proventuss\" \/>\n<meta property=\"og:image\" content=\"https:\/\/proventuss.eu\/wp-content\/uploads\/2022\/04\/Vi-Pro-PU-Application-Gun_12.png\" \/>\n\t<meta property=\"og:image:width\" content=\"640\" \/>\n\t<meta property=\"og:image:height\" content=\"640\" \/>\n\t<meta property=\"og:image:type\" content=\"image\/png\" \/>\n<meta name=\"twitter:card\" content=\"summary_large_image\" \/>\n<meta name=\"twitter:label1\" content=\"Timp estimat pentru citire\" \/>\n\t<meta name=\"twitter:data1\" content=\"1 minut\" \/>\n<script type=\"application\/ld+json\" class=\"yoast-schema-graph\">{\"@context\":\"https:\/\/schema.org\",\"@graph\":[{\"@type\":\"WebPage\",\"@id\":\"https:\/\/proventuss.eu\/ro\/produkt\/vi-pro-pu-application-gun\/\",\"url\":\"https:\/\/proventuss.eu\/ro\/produkt\/vi-pro-pu-application-gun\/\",\"name\":\"Vi-Pro\u00ae PU APPLICATION GUN - Proventuss\",\"isPartOf\":{\"@id\":\"https:\/\/proventuss.eu\/#website\"},\"primaryImageOfPage\":{\"@id\":\"https:\/\/proventuss.eu\/ro\/produkt\/vi-pro-pu-application-gun\/#primaryimage\"},\"image\":{\"@id\":\"https:\/\/proventuss.eu\/ro\/produkt\/vi-pro-pu-application-gun\/#primaryimage\"},\"thumbnailUrl\":\"https:\/\/proventuss.eu\/wp-content\/uploads\/2022\/04\/Vi-Pro-PU-Application-Gun_12.png\",\"datePublished\":\"2022-04-26T11:06:46+00:00\",\"dateModified\":\"2022-04-26T11:06:46+00:00\",\"breadcrumb\":{\"@id\":\"https:\/\/proventuss.eu\/ro\/produkt\/vi-pro-pu-application-gun\/#breadcrumb\"},\"inLanguage\":\"ro-RO\",\"potentialAction\":[{\"@type\":\"ReadAction\",\"target\":[\"https:\/\/proventuss.eu\/ro\/produkt\/vi-pro-pu-application-gun\/\"]}]},{\"@type\":\"ImageObject\",\"inLanguage\":\"ro-RO\",\"@id\":\"https:\/\/proventuss.eu\/ro\/produkt\/vi-pro-pu-application-gun\/#primaryimage\",\"url\":\"https:\/\/proventuss.eu\/wp-content\/uploads\/2022\/04\/Vi-Pro-PU-Application-Gun_12.png\",\"contentUrl\":\"https:\/\/proventuss.eu\/wp-content\/uploads\/2022\/04\/Vi-Pro-PU-Application-Gun_12.png\",\"width\":640,\"height\":640,\"caption\":\"Na zdj\u0119ciu Pistolet do pianki poliuretanowej zapewnia szybkie i dok\u0142adne nak\u0142adanie. Dost\u0119pny w zestawie z ko\u0144c\u00f3wkami do precyzyjnej pracy.\"},{\"@type\":\"BreadcrumbList\",\"@id\":\"https:\/\/proventuss.eu\/ro\/produkt\/vi-pro-pu-application-gun\/#breadcrumb\",\"itemListElement\":[{\"@type\":\"ListItem\",\"position\":1,\"name\":\"Home\",\"item\":\"https:\/\/proventuss.eu\/ro\/\"},{\"@type\":\"ListItem\",\"position\":2,\"name\":\"Produse\",\"item\":\"https:\/\/proventuss.eu\/produse\/\"},{\"@type\":\"ListItem\",\"position\":3,\"name\":\"Vi-Pro\u00ae PU APPLICATION GUN\"}]},{\"@type\":\"WebSite\",\"@id\":\"https:\/\/proventuss.eu\/#website\",\"url\":\"https:\/\/proventuss.eu\/\",\"name\":\"Proventuss\",\"description\":\"\",\"potentialAction\":[{\"@type\":\"SearchAction\",\"target\":{\"@type\":\"EntryPoint\",\"urlTemplate\":\"https:\/\/proventuss.eu\/?s={search_term_string}\"},\"query-input\":\"required name=search_term_string\"}],\"inLanguage\":\"ro-RO\"}]}<\/script>\n<!-- \/ Yoast SEO plugin. -->","yoast_head_json":{"title":"Vi-Pro\u00ae PU APPLICATION GUN - Proventuss","robots":{"index":"index","follow":"follow","max-snippet":"max-snippet:-1","max-image-preview":"max-image-preview:large","max-video-preview":"max-video-preview:-1"},"canonical":"https:\/\/proventuss.eu\/ro\/produkt\/vi-pro-pu-application-gun\/","og_locale":"ro_RO","og_type":"article","og_title":"Vi-Pro\u00ae PU APPLICATION GUN - Proventuss","og_description":"Pistol pentru aplicare spum\u0103 poliuretanic\u0103 Pistolul pentru spum\u0103 Vi-Pro\u00ae PU APPLICATION GUN se folose\u015fte \u020bn toate aplica\u021biile de etan\u015f\u0103ri sau izola\u021bii, asambl\u0103ri, repara\u021bii \u015fi construc\u021bii \u2013 oriunde se folose\u015fte spum\u0103 poliuretanic\u0103. Este un pistol de bun\u0103 calitate, durabil, creat pentru aplicarea spumei poliuretanice tip aerosoli. Asigur\u0103 aplicarea rapid\u0103 \u015fi precis\u0103 a sigilantului. Este rezistent la [&hellip;]","og_url":"https:\/\/proventuss.eu\/ro\/produkt\/vi-pro-pu-application-gun\/","og_site_name":"Proventuss","og_image":[{"width":640,"height":640,"url":"https:\/\/proventuss.eu\/wp-content\/uploads\/2022\/04\/Vi-Pro-PU-Application-Gun_12.png","type":"image\/png"}],"twitter_card":"summary_large_image","twitter_misc":{"Timp estimat pentru citire":"1 minut"},"schema":{"@context":"https:\/\/schema.org","@graph":[{"@type":"WebPage","@id":"https:\/\/proventuss.eu\/ro\/produkt\/vi-pro-pu-application-gun\/","url":"https:\/\/proventuss.eu\/ro\/produkt\/vi-pro-pu-application-gun\/","name":"Vi-Pro\u00ae PU APPLICATION GUN - Proventuss","isPartOf":{"@id":"https:\/\/proventuss.eu\/#website"},"primaryImageOfPage":{"@id":"https:\/\/proventuss.eu\/ro\/produkt\/vi-pro-pu-application-gun\/#primaryimage"},"image":{"@id":"https:\/\/proventuss.eu\/ro\/produkt\/vi-pro-pu-application-gun\/#primaryimage"},"thumbnailUrl":"https:\/\/proventuss.eu\/wp-content\/uploads\/2022\/04\/Vi-Pro-PU-Application-Gun_12.png","datePublished":"2022-04-26T11:06:46+00:00","dateModified":"2022-04-26T11:06:46+00:00","breadcrumb":{"@id":"https:\/\/proventuss.eu\/ro\/produkt\/vi-pro-pu-application-gun\/#breadcrumb"},"inLanguage":"ro-RO","potentialAction":[{"@type":"ReadAction","target":["https:\/\/proventuss.eu\/ro\/produkt\/vi-pro-pu-application-gun\/"]}]},{"@type":"ImageObject","inLanguage":"ro-RO","@id":"https:\/\/proventuss.eu\/ro\/produkt\/vi-pro-pu-application-gun\/#primaryimage","url":"https:\/\/proventuss.eu\/wp-content\/uploads\/2022\/04\/Vi-Pro-PU-Application-Gun_12.png","contentUrl":"https:\/\/proventuss.eu\/wp-content\/uploads\/2022\/04\/Vi-Pro-PU-Application-Gun_12.png","width":640,"height":640,"caption":"Na zdj\u0119ciu Pistolet do pianki poliuretanowej zapewnia szybkie i dok\u0142adne nak\u0142adanie. Dost\u0119pny w zestawie z ko\u0144c\u00f3wkami do precyzyjnej pracy."},{"@type":"BreadcrumbList","@id":"https:\/\/proventuss.eu\/ro\/produkt\/vi-pro-pu-application-gun\/#breadcrumb","itemListElement":[{"@type":"ListItem","position":1,"name":"Home","item":"https:\/\/proventuss.eu\/ro\/"},{"@type":"ListItem","position":2,"name":"Produse","item":"https:\/\/proventuss.eu\/produse\/"},{"@type":"ListItem","position":3,"name":"Vi-Pro\u00ae PU APPLICATION GUN"}]},{"@type":"WebSite","@id":"https:\/\/proventuss.eu\/#website","url":"https:\/\/proventuss.eu\/","name":"Proventuss","description":"","potentialAction":[{"@type":"SearchAction","target":{"@type":"EntryPoint","urlTemplate":"https:\/\/proventuss.eu\/?s={search_term_string}"},"query-input":"required name=search_term_string"}],"inLanguage":"ro-RO"}]}},"_links":{"self":[{"href":"https:\/\/proventuss.eu\/ro\/wp-json\/wp\/v2\/product\/10287"}],"collection":[{"href":"https:\/\/proventuss.eu\/ro\/wp-json\/wp\/v2\/product"}],"about":[{"href":"https:\/\/proventuss.eu\/ro\/wp-json\/wp\/v2\/types\/product"}],"replies":[{"embeddable":true,"href":"https:\/\/proventuss.eu\/ro\/wp-json\/wp\/v2\/comments?post=10287"}],"wp:featuredmedia":[{"embeddable":true,"href":"https:\/\/proventuss.eu\/ro\/wp-json\/wp\/v2\/media\/9605"}],"wp:attachment":[{"href":"https:\/\/proventuss.eu\/ro\/wp-json\/wp\/v2\/media?parent=10287"}],"wp:term":[{"taxonomy":"product_cat","embeddable":true,"href":"https:\/\/proventuss.eu\/ro\/wp-json\/wp\/v2\/product_cat?post=10287"},{"taxonomy":"product_tag","embeddable":true,"href":"https:\/\/proventuss.eu\/ro\/wp-json\/wp\/v2\/product_tag?post=10287"}],"curies":[{"name":"wp","href":"https:\/\/api.w.org\/{rel}","templated":true}]}}