{"id":10285,"date":"2022-04-26T11:05:36","date_gmt":"2022-04-26T11:05:36","guid":{"rendered":"https:\/\/proventuss.eu\/produkt\/milwaukee-m12-pcg-600\/"},"modified":"2022-04-26T11:05:36","modified_gmt":"2022-04-26T11:05:36","slug":"milwaukee-m12-pcg-600","status":"publish","type":"product","link":"https:\/\/proventuss.eu\/ro\/produs\/milwaukee-m12-pcg-600\/","title":{"rendered":"MILWAUKEE M12 PCG\/600"},"content":{"rendered":"<p>Pistol profesional cu baterii pentru aplicat siliconul ambalat la salam (400 \u2013<br \/>\n600ml) dar poate fi folosit \u015fi cu cartu\u015fe (310ml).<\/p>\n<p>Alimentat cu baterii Redlithium-Ion de 12V.<br \/>\nEste excelent pentru lucrul at\u00e2t \u00een atelier, c\u00e2t \u015fi pentru condi\u021bii dificile de pe \u015fantier.<br \/>\nDesignul compact asigur\u0103 o manevrabilitate foarte u\u015foar\u0103.<\/p>\n<p><strong>Beneficii:<\/strong><br \/>\n&#8211; Eficien\u021b\u0103 optim\u0103 la temperatur\u0103 sc\u0103zut\u0103 \u015fi ridicat\u0103.<br \/>\n&#8211; Ajustabil pentru cartu\u015fe de 310ml<br \/>\n&#8211; Vitez\u0103 ajustabil\u0103 pe 6 nivele<br \/>\n&#8211; Sistem anti-picurare<br \/>\n&#8211; Protec\u021bie pentru supra-solicitare<br \/>\n&#8211; Cea mai mare fiabilitate pentru produsele din clasa sa<br \/>\n&#8211; Sistem flexibil de baterii de la Milwaukee M12 Electro Tools<br \/>\n&#8211; Utilizare silen\u021bioas\u0103<\/p>\n","protected":false},"excerpt":{"rendered":"<p>Pistol profesional cu baterii pentru aplicat siliconul ambalat la salam (400 \u2013 600ml) dar poate fi folosit \u015fi cu cartu\u015fe (310ml). Alimentat cu baterii Redlithium-Ion de 12V. Este excelent pentru lucrul at\u00e2t \u00een atelier, c\u00e2t \u015fi pentru condi\u021bii dificile de pe \u015fantier. Designul compact asigur\u0103 o manevrabilitate foarte u\u015foar\u0103. Beneficii: &#8211; Eficien\u021b\u0103 optim\u0103 la temperatur\u0103 [&hellip;]<\/p>\n","protected":false},"featured_media":9604,"comment_status":"open","ping_status":"closed","template":"","meta":{"_acf_changed":false},"product_cat":[410,409],"product_tag":[],"acf":[],"yoast_head":"<!-- This site is optimized with the Yoast SEO plugin v22.9 - https:\/\/yoast.com\/wordpress\/plugins\/seo\/ -->\n<title>MILWAUKEE M12 PCG\/600 - Proventuss<\/title>\n<meta name=\"robots\" content=\"index, follow, max-snippet:-1, max-image-preview:large, max-video-preview:-1\" \/>\n<link rel=\"canonical\" href=\"https:\/\/proventuss.eu\/ro\/produkt\/milwaukee-m12-pcg-600\/\" \/>\n<meta property=\"og:locale\" content=\"ro_RO\" \/>\n<meta property=\"og:type\" content=\"article\" \/>\n<meta property=\"og:title\" content=\"MILWAUKEE M12 PCG\/600 - Proventuss\" \/>\n<meta property=\"og:description\" content=\"Pistol profesional cu baterii pentru aplicat siliconul ambalat la salam (400 \u2013 600ml) dar poate fi folosit \u015fi cu cartu\u015fe (310ml). Alimentat cu baterii Redlithium-Ion de 12V. Este excelent pentru lucrul at\u00e2t \u00een atelier, c\u00e2t \u015fi pentru condi\u021bii dificile de pe \u015fantier. Designul compact asigur\u0103 o manevrabilitate foarte u\u015foar\u0103. Beneficii: &#8211; Eficien\u021b\u0103 optim\u0103 la temperatur\u0103 [&hellip;]\" \/>\n<meta property=\"og:url\" content=\"https:\/\/proventuss.eu\/ro\/produkt\/milwaukee-m12-pcg-600\/\" \/>\n<meta property=\"og:site_name\" content=\"Proventuss\" \/>\n<meta property=\"og:image\" content=\"https:\/\/proventuss.eu\/wp-content\/uploads\/2022\/04\/M12_PCG_600A_200.jpg\" \/>\n\t<meta property=\"og:image:width\" content=\"200\" \/>\n\t<meta property=\"og:image:height\" content=\"97\" \/>\n\t<meta property=\"og:image:type\" content=\"image\/jpeg\" \/>\n<meta name=\"twitter:card\" content=\"summary_large_image\" \/>\n<meta name=\"twitter:label1\" content=\"Timp estimat pentru citire\" \/>\n\t<meta name=\"twitter:data1\" content=\"1 minut\" \/>\n<script type=\"application\/ld+json\" class=\"yoast-schema-graph\">{\"@context\":\"https:\/\/schema.org\",\"@graph\":[{\"@type\":\"WebPage\",\"@id\":\"https:\/\/proventuss.eu\/ro\/produkt\/milwaukee-m12-pcg-600\/\",\"url\":\"https:\/\/proventuss.eu\/ro\/produkt\/milwaukee-m12-pcg-600\/\",\"name\":\"MILWAUKEE M12 PCG\/600 - Proventuss\",\"isPartOf\":{\"@id\":\"https:\/\/proventuss.eu\/#website\"},\"primaryImageOfPage\":{\"@id\":\"https:\/\/proventuss.eu\/ro\/produkt\/milwaukee-m12-pcg-600\/#primaryimage\"},\"image\":{\"@id\":\"https:\/\/proventuss.eu\/ro\/produkt\/milwaukee-m12-pcg-600\/#primaryimage\"},\"thumbnailUrl\":\"https:\/\/proventuss.eu\/wp-content\/uploads\/2022\/04\/M12_PCG_600A_200.jpg\",\"datePublished\":\"2022-04-26T11:05:36+00:00\",\"dateModified\":\"2022-04-26T11:05:36+00:00\",\"breadcrumb\":{\"@id\":\"https:\/\/proventuss.eu\/ro\/produkt\/milwaukee-m12-pcg-600\/#breadcrumb\"},\"inLanguage\":\"ro-RO\",\"potentialAction\":[{\"@type\":\"ReadAction\",\"target\":[\"https:\/\/proventuss.eu\/ro\/produkt\/milwaukee-m12-pcg-600\/\"]}]},{\"@type\":\"ImageObject\",\"inLanguage\":\"ro-RO\",\"@id\":\"https:\/\/proventuss.eu\/ro\/produkt\/milwaukee-m12-pcg-600\/#primaryimage\",\"url\":\"https:\/\/proventuss.eu\/wp-content\/uploads\/2022\/04\/M12_PCG_600A_200.jpg\",\"contentUrl\":\"https:\/\/proventuss.eu\/wp-content\/uploads\/2022\/04\/M12_PCG_600A_200.jpg\",\"width\":200,\"height\":97},{\"@type\":\"BreadcrumbList\",\"@id\":\"https:\/\/proventuss.eu\/ro\/produkt\/milwaukee-m12-pcg-600\/#breadcrumb\",\"itemListElement\":[{\"@type\":\"ListItem\",\"position\":1,\"name\":\"Home\",\"item\":\"https:\/\/proventuss.eu\/ro\/\"},{\"@type\":\"ListItem\",\"position\":2,\"name\":\"Produse\",\"item\":\"https:\/\/proventuss.eu\/produse\/\"},{\"@type\":\"ListItem\",\"position\":3,\"name\":\"MILWAUKEE M12 PCG\/600\"}]},{\"@type\":\"WebSite\",\"@id\":\"https:\/\/proventuss.eu\/#website\",\"url\":\"https:\/\/proventuss.eu\/\",\"name\":\"Proventuss\",\"description\":\"\",\"potentialAction\":[{\"@type\":\"SearchAction\",\"target\":{\"@type\":\"EntryPoint\",\"urlTemplate\":\"https:\/\/proventuss.eu\/?s={search_term_string}\"},\"query-input\":\"required name=search_term_string\"}],\"inLanguage\":\"ro-RO\"}]}<\/script>\n<!-- \/ Yoast SEO plugin. -->","yoast_head_json":{"title":"MILWAUKEE M12 PCG\/600 - Proventuss","robots":{"index":"index","follow":"follow","max-snippet":"max-snippet:-1","max-image-preview":"max-image-preview:large","max-video-preview":"max-video-preview:-1"},"canonical":"https:\/\/proventuss.eu\/ro\/produkt\/milwaukee-m12-pcg-600\/","og_locale":"ro_RO","og_type":"article","og_title":"MILWAUKEE M12 PCG\/600 - Proventuss","og_description":"Pistol profesional cu baterii pentru aplicat siliconul ambalat la salam (400 \u2013 600ml) dar poate fi folosit \u015fi cu cartu\u015fe (310ml). Alimentat cu baterii Redlithium-Ion de 12V. Este excelent pentru lucrul at\u00e2t \u00een atelier, c\u00e2t \u015fi pentru condi\u021bii dificile de pe \u015fantier. Designul compact asigur\u0103 o manevrabilitate foarte u\u015foar\u0103. Beneficii: &#8211; Eficien\u021b\u0103 optim\u0103 la temperatur\u0103 [&hellip;]","og_url":"https:\/\/proventuss.eu\/ro\/produkt\/milwaukee-m12-pcg-600\/","og_site_name":"Proventuss","og_image":[{"width":200,"height":97,"url":"https:\/\/proventuss.eu\/wp-content\/uploads\/2022\/04\/M12_PCG_600A_200.jpg","type":"image\/jpeg"}],"twitter_card":"summary_large_image","twitter_misc":{"Timp estimat pentru citire":"1 minut"},"schema":{"@context":"https:\/\/schema.org","@graph":[{"@type":"WebPage","@id":"https:\/\/proventuss.eu\/ro\/produkt\/milwaukee-m12-pcg-600\/","url":"https:\/\/proventuss.eu\/ro\/produkt\/milwaukee-m12-pcg-600\/","name":"MILWAUKEE M12 PCG\/600 - Proventuss","isPartOf":{"@id":"https:\/\/proventuss.eu\/#website"},"primaryImageOfPage":{"@id":"https:\/\/proventuss.eu\/ro\/produkt\/milwaukee-m12-pcg-600\/#primaryimage"},"image":{"@id":"https:\/\/proventuss.eu\/ro\/produkt\/milwaukee-m12-pcg-600\/#primaryimage"},"thumbnailUrl":"https:\/\/proventuss.eu\/wp-content\/uploads\/2022\/04\/M12_PCG_600A_200.jpg","datePublished":"2022-04-26T11:05:36+00:00","dateModified":"2022-04-26T11:05:36+00:00","breadcrumb":{"@id":"https:\/\/proventuss.eu\/ro\/produkt\/milwaukee-m12-pcg-600\/#breadcrumb"},"inLanguage":"ro-RO","potentialAction":[{"@type":"ReadAction","target":["https:\/\/proventuss.eu\/ro\/produkt\/milwaukee-m12-pcg-600\/"]}]},{"@type":"ImageObject","inLanguage":"ro-RO","@id":"https:\/\/proventuss.eu\/ro\/produkt\/milwaukee-m12-pcg-600\/#primaryimage","url":"https:\/\/proventuss.eu\/wp-content\/uploads\/2022\/04\/M12_PCG_600A_200.jpg","contentUrl":"https:\/\/proventuss.eu\/wp-content\/uploads\/2022\/04\/M12_PCG_600A_200.jpg","width":200,"height":97},{"@type":"BreadcrumbList","@id":"https:\/\/proventuss.eu\/ro\/produkt\/milwaukee-m12-pcg-600\/#breadcrumb","itemListElement":[{"@type":"ListItem","position":1,"name":"Home","item":"https:\/\/proventuss.eu\/ro\/"},{"@type":"ListItem","position":2,"name":"Produse","item":"https:\/\/proventuss.eu\/produse\/"},{"@type":"ListItem","position":3,"name":"MILWAUKEE M12 PCG\/600"}]},{"@type":"WebSite","@id":"https:\/\/proventuss.eu\/#website","url":"https:\/\/proventuss.eu\/","name":"Proventuss","description":"","potentialAction":[{"@type":"SearchAction","target":{"@type":"EntryPoint","urlTemplate":"https:\/\/proventuss.eu\/?s={search_term_string}"},"query-input":"required name=search_term_string"}],"inLanguage":"ro-RO"}]}},"_links":{"self":[{"href":"https:\/\/proventuss.eu\/ro\/wp-json\/wp\/v2\/product\/10285"}],"collection":[{"href":"https:\/\/proventuss.eu\/ro\/wp-json\/wp\/v2\/product"}],"about":[{"href":"https:\/\/proventuss.eu\/ro\/wp-json\/wp\/v2\/types\/product"}],"replies":[{"embeddable":true,"href":"https:\/\/proventuss.eu\/ro\/wp-json\/wp\/v2\/comments?post=10285"}],"wp:featuredmedia":[{"embeddable":true,"href":"https:\/\/proventuss.eu\/ro\/wp-json\/wp\/v2\/media\/9604"}],"wp:attachment":[{"href":"https:\/\/proventuss.eu\/ro\/wp-json\/wp\/v2\/media?parent=10285"}],"wp:term":[{"taxonomy":"product_cat","embeddable":true,"href":"https:\/\/proventuss.eu\/ro\/wp-json\/wp\/v2\/product_cat?post=10285"},{"taxonomy":"product_tag","embeddable":true,"href":"https:\/\/proventuss.eu\/ro\/wp-json\/wp\/v2\/product_tag?post=10285"}],"curies":[{"name":"wp","href":"https:\/\/api.w.org\/{rel}","templated":true}]}}