{"id":10283,"date":"2022-04-26T10:50:58","date_gmt":"2022-04-26T10:50:58","guid":{"rendered":"https:\/\/proventuss.eu\/produkt\/norbond-t444\/"},"modified":"2023-02-10T12:01:53","modified_gmt":"2023-02-10T12:01:53","slug":"norbond-t444","status":"publish","type":"product","link":"https:\/\/proventuss.eu\/ro\/produs\/norbond-t444\/","title":{"rendered":"Norbond T444"},"content":{"rendered":"<p>Band\u0103 adeziv\u0103 din polietilen\u0103 pentru lipiri cu rezisten\u021be mari, av\u00e2nd adeziune excelent\u0103 \u015fi rezisten\u021b\u0103 ridicat\u0103 la temperatur\u0103. Solu\u021bia perfect\u0103 pentru aplica\u021bii unde \u020bnc\u0103rc\u0103rile sunt mari, cum ar fi panourile, oglinzile, etc.<\/p>\n<p><strong>DIMENSIUNI (mm):<\/strong><br \/>\nRol\u0103 cu lungime de 50 m: 1.0 mm grosime; 9mm l\u0103\u021bime;<br \/>\nCuloare: neagr\u0103<\/p>\n","protected":false},"excerpt":{"rendered":"<p>Band\u0103 adeziv\u0103 din polietilen\u0103 pentru lipiri cu rezisten\u021be mari, av\u00e2nd adeziune excelent\u0103 \u015fi rezisten\u021b\u0103 ridicat\u0103 la temperatur\u0103. Solu\u021bia perfect\u0103 pentru aplica\u021bii unde \u020bnc\u0103rc\u0103rile sunt mari, cum ar fi panourile, oglinzile, etc. DIMENSIUNI (mm): Rol\u0103 cu lungime de 50 m: 1.0 mm grosime; 9mm l\u0103\u021bime; Culoare: neagr\u0103<\/p>\n","protected":false},"featured_media":9663,"comment_status":"open","ping_status":"closed","template":"","meta":{"_acf_changed":false},"product_cat":[422],"product_tag":[],"acf":[],"yoast_head":"<!-- This site is optimized with the Yoast SEO plugin v22.9 - https:\/\/yoast.com\/wordpress\/plugins\/seo\/ -->\n<title>Norbond T444 - Proventuss<\/title>\n<meta name=\"robots\" content=\"index, follow, max-snippet:-1, max-image-preview:large, max-video-preview:-1\" \/>\n<link rel=\"canonical\" href=\"https:\/\/proventuss.eu\/ro\/produkt\/norbond-t444\/\" \/>\n<meta property=\"og:locale\" content=\"ro_RO\" \/>\n<meta property=\"og:type\" content=\"article\" \/>\n<meta property=\"og:title\" content=\"Norbond T444 - Proventuss\" \/>\n<meta property=\"og:description\" content=\"Band\u0103 adeziv\u0103 din polietilen\u0103 pentru lipiri cu rezisten\u021be mari, av\u00e2nd adeziune excelent\u0103 \u015fi rezisten\u021b\u0103 ridicat\u0103 la temperatur\u0103. Solu\u021bia perfect\u0103 pentru aplica\u021bii unde \u020bnc\u0103rc\u0103rile sunt mari, cum ar fi panourile, oglinzile, etc. DIMENSIUNI (mm): Rol\u0103 cu lungime de 50 m: 1.0 mm grosime; 9mm l\u0103\u021bime; Culoare: neagr\u0103\" \/>\n<meta property=\"og:url\" content=\"https:\/\/proventuss.eu\/ro\/produkt\/norbond-t444\/\" \/>\n<meta property=\"og:site_name\" content=\"Proventuss\" \/>\n<meta property=\"article:modified_time\" content=\"2023-02-10T12:01:53+00:00\" \/>\n<meta property=\"og:image\" content=\"https:\/\/proventuss.eu\/wp-content\/uploads\/2022\/04\/Norbond-T444.jpg\" \/>\n\t<meta property=\"og:image:width\" content=\"640\" \/>\n\t<meta property=\"og:image:height\" content=\"640\" \/>\n\t<meta property=\"og:image:type\" content=\"image\/jpeg\" \/>\n<meta name=\"twitter:card\" content=\"summary_large_image\" \/>\n<meta name=\"twitter:label1\" content=\"Timp estimat pentru citire\" \/>\n\t<meta name=\"twitter:data1\" content=\"1 minut\" \/>\n<script type=\"application\/ld+json\" class=\"yoast-schema-graph\">{\"@context\":\"https:\/\/schema.org\",\"@graph\":[{\"@type\":\"WebPage\",\"@id\":\"https:\/\/proventuss.eu\/ro\/produkt\/norbond-t444\/\",\"url\":\"https:\/\/proventuss.eu\/ro\/produkt\/norbond-t444\/\",\"name\":\"Norbond T444 - Proventuss\",\"isPartOf\":{\"@id\":\"https:\/\/proventuss.eu\/#website\"},\"primaryImageOfPage\":{\"@id\":\"https:\/\/proventuss.eu\/ro\/produkt\/norbond-t444\/#primaryimage\"},\"image\":{\"@id\":\"https:\/\/proventuss.eu\/ro\/produkt\/norbond-t444\/#primaryimage\"},\"thumbnailUrl\":\"https:\/\/proventuss.eu\/wp-content\/uploads\/2022\/04\/Norbond-T444.jpg\",\"datePublished\":\"2022-04-26T10:50:58+00:00\",\"dateModified\":\"2023-02-10T12:01:53+00:00\",\"breadcrumb\":{\"@id\":\"https:\/\/proventuss.eu\/ro\/produkt\/norbond-t444\/#breadcrumb\"},\"inLanguage\":\"ro-RO\",\"potentialAction\":[{\"@type\":\"ReadAction\",\"target\":[\"https:\/\/proventuss.eu\/ro\/produkt\/norbond-t444\/\"]}]},{\"@type\":\"ImageObject\",\"inLanguage\":\"ro-RO\",\"@id\":\"https:\/\/proventuss.eu\/ro\/produkt\/norbond-t444\/#primaryimage\",\"url\":\"https:\/\/proventuss.eu\/wp-content\/uploads\/2022\/04\/Norbond-T444.jpg\",\"contentUrl\":\"https:\/\/proventuss.eu\/wp-content\/uploads\/2022\/04\/Norbond-T444.jpg\",\"width\":640,\"height\":640},{\"@type\":\"BreadcrumbList\",\"@id\":\"https:\/\/proventuss.eu\/ro\/produkt\/norbond-t444\/#breadcrumb\",\"itemListElement\":[{\"@type\":\"ListItem\",\"position\":1,\"name\":\"Home\",\"item\":\"https:\/\/proventuss.eu\/ro\/\"},{\"@type\":\"ListItem\",\"position\":2,\"name\":\"Produse\",\"item\":\"https:\/\/proventuss.eu\/produse\/\"},{\"@type\":\"ListItem\",\"position\":3,\"name\":\"Norbond T444\"}]},{\"@type\":\"WebSite\",\"@id\":\"https:\/\/proventuss.eu\/#website\",\"url\":\"https:\/\/proventuss.eu\/\",\"name\":\"Proventuss\",\"description\":\"\",\"potentialAction\":[{\"@type\":\"SearchAction\",\"target\":{\"@type\":\"EntryPoint\",\"urlTemplate\":\"https:\/\/proventuss.eu\/?s={search_term_string}\"},\"query-input\":\"required name=search_term_string\"}],\"inLanguage\":\"ro-RO\"}]}<\/script>\n<!-- \/ Yoast SEO plugin. -->","yoast_head_json":{"title":"Norbond T444 - Proventuss","robots":{"index":"index","follow":"follow","max-snippet":"max-snippet:-1","max-image-preview":"max-image-preview:large","max-video-preview":"max-video-preview:-1"},"canonical":"https:\/\/proventuss.eu\/ro\/produkt\/norbond-t444\/","og_locale":"ro_RO","og_type":"article","og_title":"Norbond T444 - Proventuss","og_description":"Band\u0103 adeziv\u0103 din polietilen\u0103 pentru lipiri cu rezisten\u021be mari, av\u00e2nd adeziune excelent\u0103 \u015fi rezisten\u021b\u0103 ridicat\u0103 la temperatur\u0103. Solu\u021bia perfect\u0103 pentru aplica\u021bii unde \u020bnc\u0103rc\u0103rile sunt mari, cum ar fi panourile, oglinzile, etc. DIMENSIUNI (mm): Rol\u0103 cu lungime de 50 m: 1.0 mm grosime; 9mm l\u0103\u021bime; Culoare: neagr\u0103","og_url":"https:\/\/proventuss.eu\/ro\/produkt\/norbond-t444\/","og_site_name":"Proventuss","article_modified_time":"2023-02-10T12:01:53+00:00","og_image":[{"width":640,"height":640,"url":"https:\/\/proventuss.eu\/wp-content\/uploads\/2022\/04\/Norbond-T444.jpg","type":"image\/jpeg"}],"twitter_card":"summary_large_image","twitter_misc":{"Timp estimat pentru citire":"1 minut"},"schema":{"@context":"https:\/\/schema.org","@graph":[{"@type":"WebPage","@id":"https:\/\/proventuss.eu\/ro\/produkt\/norbond-t444\/","url":"https:\/\/proventuss.eu\/ro\/produkt\/norbond-t444\/","name":"Norbond T444 - Proventuss","isPartOf":{"@id":"https:\/\/proventuss.eu\/#website"},"primaryImageOfPage":{"@id":"https:\/\/proventuss.eu\/ro\/produkt\/norbond-t444\/#primaryimage"},"image":{"@id":"https:\/\/proventuss.eu\/ro\/produkt\/norbond-t444\/#primaryimage"},"thumbnailUrl":"https:\/\/proventuss.eu\/wp-content\/uploads\/2022\/04\/Norbond-T444.jpg","datePublished":"2022-04-26T10:50:58+00:00","dateModified":"2023-02-10T12:01:53+00:00","breadcrumb":{"@id":"https:\/\/proventuss.eu\/ro\/produkt\/norbond-t444\/#breadcrumb"},"inLanguage":"ro-RO","potentialAction":[{"@type":"ReadAction","target":["https:\/\/proventuss.eu\/ro\/produkt\/norbond-t444\/"]}]},{"@type":"ImageObject","inLanguage":"ro-RO","@id":"https:\/\/proventuss.eu\/ro\/produkt\/norbond-t444\/#primaryimage","url":"https:\/\/proventuss.eu\/wp-content\/uploads\/2022\/04\/Norbond-T444.jpg","contentUrl":"https:\/\/proventuss.eu\/wp-content\/uploads\/2022\/04\/Norbond-T444.jpg","width":640,"height":640},{"@type":"BreadcrumbList","@id":"https:\/\/proventuss.eu\/ro\/produkt\/norbond-t444\/#breadcrumb","itemListElement":[{"@type":"ListItem","position":1,"name":"Home","item":"https:\/\/proventuss.eu\/ro\/"},{"@type":"ListItem","position":2,"name":"Produse","item":"https:\/\/proventuss.eu\/produse\/"},{"@type":"ListItem","position":3,"name":"Norbond T444"}]},{"@type":"WebSite","@id":"https:\/\/proventuss.eu\/#website","url":"https:\/\/proventuss.eu\/","name":"Proventuss","description":"","potentialAction":[{"@type":"SearchAction","target":{"@type":"EntryPoint","urlTemplate":"https:\/\/proventuss.eu\/?s={search_term_string}"},"query-input":"required name=search_term_string"}],"inLanguage":"ro-RO"}]}},"_links":{"self":[{"href":"https:\/\/proventuss.eu\/ro\/wp-json\/wp\/v2\/product\/10283"}],"collection":[{"href":"https:\/\/proventuss.eu\/ro\/wp-json\/wp\/v2\/product"}],"about":[{"href":"https:\/\/proventuss.eu\/ro\/wp-json\/wp\/v2\/types\/product"}],"replies":[{"embeddable":true,"href":"https:\/\/proventuss.eu\/ro\/wp-json\/wp\/v2\/comments?post=10283"}],"wp:featuredmedia":[{"embeddable":true,"href":"https:\/\/proventuss.eu\/ro\/wp-json\/wp\/v2\/media\/9663"}],"wp:attachment":[{"href":"https:\/\/proventuss.eu\/ro\/wp-json\/wp\/v2\/media?parent=10283"}],"wp:term":[{"taxonomy":"product_cat","embeddable":true,"href":"https:\/\/proventuss.eu\/ro\/wp-json\/wp\/v2\/product_cat?post=10283"},{"taxonomy":"product_tag","embeddable":true,"href":"https:\/\/proventuss.eu\/ro\/wp-json\/wp\/v2\/product_tag?post=10283"}],"curies":[{"name":"wp","href":"https:\/\/api.w.org\/{rel}","templated":true}]}}