{"id":10280,"date":"2022-04-26T10:45:35","date_gmt":"2022-04-26T10:45:35","guid":{"rendered":"https:\/\/proventuss.eu\/produkt\/vi-pro-backer-rod\/"},"modified":"2022-04-26T10:45:35","modified_gmt":"2022-04-26T10:45:35","slug":"vi-pro-backer-rod","status":"publish","type":"product","link":"https:\/\/proventuss.eu\/ro\/produs\/vi-pro-backer-rod\/","title":{"rendered":"Vi-Pro\u00ae BACKER ROD"},"content":{"rendered":"<p>Cordon de umplere din spum\u0103 de polietilen\u0103. Vi-Pro\u00ae BACKER ROD asigur\u0103 expandare \u015fi sigilare flexibil\u0103 la instalarea de t\u00e2mpl\u0103rii, de geamuri \u015fi diferite tipuri de fa\u021bade, la izolarea de cl\u0103diri \u015fi alte lucr\u0103ri de construc\u021bie \u015fi renovare.<\/p>\n<p>Universal \u015fi u\u015for de instalat, fundul de rost poate fi folosit at\u00e2t la interiorul c\u00e2t \u015fi la exteriorul cl\u0103dirilor, pe suprafe\u021be verticale \u015fi orizontale. Ini\u021bial cordonul umple g\u0103urile, permite corectarea sec\u021biunilor \u015fi redude consumul materialului de umplere (de ex. Silicon).<\/p>\n<p><strong>Beneficii:<\/strong><br \/>\n&#8211; Uz universal &#8211; pentru sigilare \u015fi rosturile de dilatare \u020bn diferite aplica\u021bii<br \/>\n&#8211; U\u015for de folosit, a se t\u0103ia la lungimea dorit\u0103<\/p>\n<p><strong>Dimensiuni disponibile:<\/strong><br \/>\n6mm, 8mm, 10mm, 20mm, 25mm, pana la 70mm diametru \u2013 role<br \/>\nde 25ml<\/p>\n","protected":false},"excerpt":{"rendered":"<p>Cordon de umplere din spum\u0103 de polietilen\u0103. Vi-Pro\u00ae BACKER ROD asigur\u0103 expandare \u015fi sigilare flexibil\u0103 la instalarea de t\u00e2mpl\u0103rii, de geamuri \u015fi diferite tipuri de fa\u021bade, la izolarea de cl\u0103diri \u015fi alte lucr\u0103ri de construc\u021bie \u015fi renovare. Universal \u015fi u\u015for de instalat, fundul de rost poate fi folosit at\u00e2t la interiorul c\u00e2t \u015fi la exteriorul [&hellip;]<\/p>\n","protected":false},"featured_media":9597,"comment_status":"open","ping_status":"closed","template":"","meta":{"_acf_changed":false},"product_cat":[422],"product_tag":[],"acf":[],"yoast_head":"<!-- This site is optimized with the Yoast SEO plugin v22.9 - https:\/\/yoast.com\/wordpress\/plugins\/seo\/ -->\n<title>Vi-Pro\u00ae BACKER ROD - Proventuss<\/title>\n<meta name=\"robots\" content=\"index, follow, max-snippet:-1, max-image-preview:large, max-video-preview:-1\" \/>\n<link rel=\"canonical\" href=\"https:\/\/proventuss.eu\/ro\/produkt\/vi-pro-backer-rod\/\" \/>\n<meta property=\"og:locale\" content=\"ro_RO\" \/>\n<meta property=\"og:type\" content=\"article\" \/>\n<meta property=\"og:title\" content=\"Vi-Pro\u00ae BACKER ROD - Proventuss\" \/>\n<meta property=\"og:description\" content=\"Cordon de umplere din spum\u0103 de polietilen\u0103. Vi-Pro\u00ae BACKER ROD asigur\u0103 expandare \u015fi sigilare flexibil\u0103 la instalarea de t\u00e2mpl\u0103rii, de geamuri \u015fi diferite tipuri de fa\u021bade, la izolarea de cl\u0103diri \u015fi alte lucr\u0103ri de construc\u021bie \u015fi renovare. Universal \u015fi u\u015for de instalat, fundul de rost poate fi folosit at\u00e2t la interiorul c\u00e2t \u015fi la exteriorul [&hellip;]\" \/>\n<meta property=\"og:url\" content=\"https:\/\/proventuss.eu\/ro\/produkt\/vi-pro-backer-rod\/\" \/>\n<meta property=\"og:site_name\" content=\"Proventuss\" \/>\n<meta property=\"og:image\" content=\"https:\/\/proventuss.eu\/wp-content\/uploads\/2022\/04\/Vi-Pro-Backer-Rod-8-mm-na-25-m.png\" \/>\n\t<meta property=\"og:image:width\" content=\"640\" \/>\n\t<meta property=\"og:image:height\" content=\"640\" \/>\n\t<meta property=\"og:image:type\" content=\"image\/png\" \/>\n<meta name=\"twitter:card\" content=\"summary_large_image\" \/>\n<meta name=\"twitter:label1\" content=\"Timp estimat pentru citire\" \/>\n\t<meta name=\"twitter:data1\" content=\"1 minut\" \/>\n<script type=\"application\/ld+json\" class=\"yoast-schema-graph\">{\"@context\":\"https:\/\/schema.org\",\"@graph\":[{\"@type\":\"WebPage\",\"@id\":\"https:\/\/proventuss.eu\/ro\/produkt\/vi-pro-backer-rod\/\",\"url\":\"https:\/\/proventuss.eu\/ro\/produkt\/vi-pro-backer-rod\/\",\"name\":\"Vi-Pro\u00ae BACKER ROD - Proventuss\",\"isPartOf\":{\"@id\":\"https:\/\/proventuss.eu\/#website\"},\"primaryImageOfPage\":{\"@id\":\"https:\/\/proventuss.eu\/ro\/produkt\/vi-pro-backer-rod\/#primaryimage\"},\"image\":{\"@id\":\"https:\/\/proventuss.eu\/ro\/produkt\/vi-pro-backer-rod\/#primaryimage\"},\"thumbnailUrl\":\"https:\/\/proventuss.eu\/wp-content\/uploads\/2022\/04\/Vi-Pro-Backer-Rod-8-mm-na-25-m.png\",\"datePublished\":\"2022-04-26T10:45:35+00:00\",\"dateModified\":\"2022-04-26T10:45:35+00:00\",\"breadcrumb\":{\"@id\":\"https:\/\/proventuss.eu\/ro\/produkt\/vi-pro-backer-rod\/#breadcrumb\"},\"inLanguage\":\"ro-RO\",\"potentialAction\":[{\"@type\":\"ReadAction\",\"target\":[\"https:\/\/proventuss.eu\/ro\/produkt\/vi-pro-backer-rod\/\"]}]},{\"@type\":\"ImageObject\",\"inLanguage\":\"ro-RO\",\"@id\":\"https:\/\/proventuss.eu\/ro\/produkt\/vi-pro-backer-rod\/#primaryimage\",\"url\":\"https:\/\/proventuss.eu\/wp-content\/uploads\/2022\/04\/Vi-Pro-Backer-Rod-8-mm-na-25-m.png\",\"contentUrl\":\"https:\/\/proventuss.eu\/wp-content\/uploads\/2022\/04\/Vi-Pro-Backer-Rod-8-mm-na-25-m.png\",\"width\":640,\"height\":640,\"caption\":\"Na zdj\u0119ciu sznur wype\u0142niaj\u0105cy z pianki polietylenowej - elastyczne wype\u0142nienie dylatacyjne i uszczelnienie przy monta\u017cu okien i fasad.\"},{\"@type\":\"BreadcrumbList\",\"@id\":\"https:\/\/proventuss.eu\/ro\/produkt\/vi-pro-backer-rod\/#breadcrumb\",\"itemListElement\":[{\"@type\":\"ListItem\",\"position\":1,\"name\":\"Home\",\"item\":\"https:\/\/proventuss.eu\/ro\/\"},{\"@type\":\"ListItem\",\"position\":2,\"name\":\"Produse\",\"item\":\"https:\/\/proventuss.eu\/produse\/\"},{\"@type\":\"ListItem\",\"position\":3,\"name\":\"Vi-Pro\u00ae BACKER ROD\"}]},{\"@type\":\"WebSite\",\"@id\":\"https:\/\/proventuss.eu\/#website\",\"url\":\"https:\/\/proventuss.eu\/\",\"name\":\"Proventuss\",\"description\":\"\",\"potentialAction\":[{\"@type\":\"SearchAction\",\"target\":{\"@type\":\"EntryPoint\",\"urlTemplate\":\"https:\/\/proventuss.eu\/?s={search_term_string}\"},\"query-input\":\"required name=search_term_string\"}],\"inLanguage\":\"ro-RO\"}]}<\/script>\n<!-- \/ Yoast SEO plugin. -->","yoast_head_json":{"title":"Vi-Pro\u00ae BACKER ROD - Proventuss","robots":{"index":"index","follow":"follow","max-snippet":"max-snippet:-1","max-image-preview":"max-image-preview:large","max-video-preview":"max-video-preview:-1"},"canonical":"https:\/\/proventuss.eu\/ro\/produkt\/vi-pro-backer-rod\/","og_locale":"ro_RO","og_type":"article","og_title":"Vi-Pro\u00ae BACKER ROD - Proventuss","og_description":"Cordon de umplere din spum\u0103 de polietilen\u0103. Vi-Pro\u00ae BACKER ROD asigur\u0103 expandare \u015fi sigilare flexibil\u0103 la instalarea de t\u00e2mpl\u0103rii, de geamuri \u015fi diferite tipuri de fa\u021bade, la izolarea de cl\u0103diri \u015fi alte lucr\u0103ri de construc\u021bie \u015fi renovare. Universal \u015fi u\u015for de instalat, fundul de rost poate fi folosit at\u00e2t la interiorul c\u00e2t \u015fi la exteriorul [&hellip;]","og_url":"https:\/\/proventuss.eu\/ro\/produkt\/vi-pro-backer-rod\/","og_site_name":"Proventuss","og_image":[{"width":640,"height":640,"url":"https:\/\/proventuss.eu\/wp-content\/uploads\/2022\/04\/Vi-Pro-Backer-Rod-8-mm-na-25-m.png","type":"image\/png"}],"twitter_card":"summary_large_image","twitter_misc":{"Timp estimat pentru citire":"1 minut"},"schema":{"@context":"https:\/\/schema.org","@graph":[{"@type":"WebPage","@id":"https:\/\/proventuss.eu\/ro\/produkt\/vi-pro-backer-rod\/","url":"https:\/\/proventuss.eu\/ro\/produkt\/vi-pro-backer-rod\/","name":"Vi-Pro\u00ae BACKER ROD - Proventuss","isPartOf":{"@id":"https:\/\/proventuss.eu\/#website"},"primaryImageOfPage":{"@id":"https:\/\/proventuss.eu\/ro\/produkt\/vi-pro-backer-rod\/#primaryimage"},"image":{"@id":"https:\/\/proventuss.eu\/ro\/produkt\/vi-pro-backer-rod\/#primaryimage"},"thumbnailUrl":"https:\/\/proventuss.eu\/wp-content\/uploads\/2022\/04\/Vi-Pro-Backer-Rod-8-mm-na-25-m.png","datePublished":"2022-04-26T10:45:35+00:00","dateModified":"2022-04-26T10:45:35+00:00","breadcrumb":{"@id":"https:\/\/proventuss.eu\/ro\/produkt\/vi-pro-backer-rod\/#breadcrumb"},"inLanguage":"ro-RO","potentialAction":[{"@type":"ReadAction","target":["https:\/\/proventuss.eu\/ro\/produkt\/vi-pro-backer-rod\/"]}]},{"@type":"ImageObject","inLanguage":"ro-RO","@id":"https:\/\/proventuss.eu\/ro\/produkt\/vi-pro-backer-rod\/#primaryimage","url":"https:\/\/proventuss.eu\/wp-content\/uploads\/2022\/04\/Vi-Pro-Backer-Rod-8-mm-na-25-m.png","contentUrl":"https:\/\/proventuss.eu\/wp-content\/uploads\/2022\/04\/Vi-Pro-Backer-Rod-8-mm-na-25-m.png","width":640,"height":640,"caption":"Na zdj\u0119ciu sznur wype\u0142niaj\u0105cy z pianki polietylenowej - elastyczne wype\u0142nienie dylatacyjne i uszczelnienie przy monta\u017cu okien i fasad."},{"@type":"BreadcrumbList","@id":"https:\/\/proventuss.eu\/ro\/produkt\/vi-pro-backer-rod\/#breadcrumb","itemListElement":[{"@type":"ListItem","position":1,"name":"Home","item":"https:\/\/proventuss.eu\/ro\/"},{"@type":"ListItem","position":2,"name":"Produse","item":"https:\/\/proventuss.eu\/produse\/"},{"@type":"ListItem","position":3,"name":"Vi-Pro\u00ae BACKER ROD"}]},{"@type":"WebSite","@id":"https:\/\/proventuss.eu\/#website","url":"https:\/\/proventuss.eu\/","name":"Proventuss","description":"","potentialAction":[{"@type":"SearchAction","target":{"@type":"EntryPoint","urlTemplate":"https:\/\/proventuss.eu\/?s={search_term_string}"},"query-input":"required name=search_term_string"}],"inLanguage":"ro-RO"}]}},"_links":{"self":[{"href":"https:\/\/proventuss.eu\/ro\/wp-json\/wp\/v2\/product\/10280"}],"collection":[{"href":"https:\/\/proventuss.eu\/ro\/wp-json\/wp\/v2\/product"}],"about":[{"href":"https:\/\/proventuss.eu\/ro\/wp-json\/wp\/v2\/types\/product"}],"replies":[{"embeddable":true,"href":"https:\/\/proventuss.eu\/ro\/wp-json\/wp\/v2\/comments?post=10280"}],"wp:featuredmedia":[{"embeddable":true,"href":"https:\/\/proventuss.eu\/ro\/wp-json\/wp\/v2\/media\/9597"}],"wp:attachment":[{"href":"https:\/\/proventuss.eu\/ro\/wp-json\/wp\/v2\/media?parent=10280"}],"wp:term":[{"taxonomy":"product_cat","embeddable":true,"href":"https:\/\/proventuss.eu\/ro\/wp-json\/wp\/v2\/product_cat?post=10280"},{"taxonomy":"product_tag","embeddable":true,"href":"https:\/\/proventuss.eu\/ro\/wp-json\/wp\/v2\/product_tag?post=10280"}],"curies":[{"name":"wp","href":"https:\/\/api.w.org\/{rel}","templated":true}]}}