{"id":10278,"date":"2022-10-11T11:02:25","date_gmt":"2022-10-11T11:02:25","guid":{"rendered":"https:\/\/proventuss.eu\/produkt\/vi-pro-window-tape-inside\/"},"modified":"2023-02-10T12:09:03","modified_gmt":"2023-02-10T12:09:03","slug":"vi-pro-window-tape-inside","status":"publish","type":"product","link":"https:\/\/proventuss.eu\/ro\/produs\/vi-pro-window-tape-inside\/","title":{"rendered":"Vi-Pro Window Tape Inside"},"content":{"rendered":"<p>Membran\u0103 etan\u015f\u0103 la aer \u015fi umezeal\u0103 folosit\u0103 la rosturile interioare dintre fereastr\u0103 \u015fi perete. Poate fi tencuit\u0103 pe ambele fe\u021be. Autoadeziv\u0103 pe fa\u021ba dinspre fereastr\u0103.<\/p>\n<p><strong>Avantaje:<\/strong><br \/>\nEtan\u015f\u0103 la aer<br \/>\nEtan\u015f\u0103 la vapori<br \/>\nPoate fi lipit\u0103 cu Vipro Strongbond 25 MS pe perete<\/p>\n<p><strong>Aplica\u021bii:<\/strong><br \/>\nSe poate folosi pe toate tipurile de u\u015fi \u015fi ferestre<br \/>\nEtan\u015feaz\u0103 la vapori din interiorul cl\u0103dirii<\/p>\n","protected":false},"excerpt":{"rendered":"<p>Membran\u0103 etan\u015f\u0103 la aer \u015fi umezeal\u0103 folosit\u0103 la rosturile interioare dintre fereastr\u0103 \u015fi perete. Poate fi tencuit\u0103 pe ambele fe\u021be. Autoadeziv\u0103 pe fa\u021ba dinspre fereastr\u0103. Avantaje: Etan\u015f\u0103 la aer Etan\u015f\u0103 la vapori Poate fi lipit\u0103 cu Vipro Strongbond 25 MS pe perete Aplica\u021bii: Se poate folosi pe toate tipurile de u\u015fi \u015fi ferestre Etan\u015feaz\u0103 la [&hellip;]<\/p>\n","protected":false},"featured_media":10202,"comment_status":"open","ping_status":"closed","template":"","meta":{"_acf_changed":false},"product_cat":[422],"product_tag":[],"acf":[],"yoast_head":"<!-- This site is optimized with the Yoast SEO plugin v22.9 - https:\/\/yoast.com\/wordpress\/plugins\/seo\/ -->\n<title>Vi-Pro Window Tape Inside - Proventuss<\/title>\n<meta name=\"robots\" content=\"index, follow, max-snippet:-1, max-image-preview:large, max-video-preview:-1\" \/>\n<link rel=\"canonical\" href=\"https:\/\/proventuss.eu\/ro\/produkt\/vi-pro-window-tape-inside\/\" \/>\n<meta property=\"og:locale\" content=\"ro_RO\" \/>\n<meta property=\"og:type\" content=\"article\" \/>\n<meta property=\"og:title\" content=\"Vi-Pro Window Tape Inside - Proventuss\" \/>\n<meta property=\"og:description\" content=\"Membran\u0103 etan\u015f\u0103 la aer \u015fi umezeal\u0103 folosit\u0103 la rosturile interioare dintre fereastr\u0103 \u015fi perete. Poate fi tencuit\u0103 pe ambele fe\u021be. Autoadeziv\u0103 pe fa\u021ba dinspre fereastr\u0103. Avantaje: Etan\u015f\u0103 la aer Etan\u015f\u0103 la vapori Poate fi lipit\u0103 cu Vipro Strongbond 25 MS pe perete Aplica\u021bii: Se poate folosi pe toate tipurile de u\u015fi \u015fi ferestre Etan\u015feaz\u0103 la [&hellip;]\" \/>\n<meta property=\"og:url\" content=\"https:\/\/proventuss.eu\/ro\/produkt\/vi-pro-window-tape-inside\/\" \/>\n<meta property=\"og:site_name\" content=\"Proventuss\" \/>\n<meta property=\"article:modified_time\" content=\"2023-02-10T12:09:03+00:00\" \/>\n<meta property=\"og:image\" content=\"https:\/\/proventuss.eu\/wp-content\/uploads\/2022\/10\/MG_5935a1-e1665486003530-1024x856.png\" \/>\n\t<meta property=\"og:image:width\" content=\"1024\" \/>\n\t<meta property=\"og:image:height\" content=\"856\" \/>\n\t<meta property=\"og:image:type\" content=\"image\/png\" \/>\n<meta name=\"twitter:card\" content=\"summary_large_image\" \/>\n<meta name=\"twitter:label1\" content=\"Timp estimat pentru citire\" \/>\n\t<meta name=\"twitter:data1\" content=\"1 minut\" \/>\n<script type=\"application\/ld+json\" class=\"yoast-schema-graph\">{\"@context\":\"https:\/\/schema.org\",\"@graph\":[{\"@type\":\"WebPage\",\"@id\":\"https:\/\/proventuss.eu\/ro\/produkt\/vi-pro-window-tape-inside\/\",\"url\":\"https:\/\/proventuss.eu\/ro\/produkt\/vi-pro-window-tape-inside\/\",\"name\":\"Vi-Pro Window Tape Inside - Proventuss\",\"isPartOf\":{\"@id\":\"https:\/\/proventuss.eu\/#website\"},\"primaryImageOfPage\":{\"@id\":\"https:\/\/proventuss.eu\/ro\/produkt\/vi-pro-window-tape-inside\/#primaryimage\"},\"image\":{\"@id\":\"https:\/\/proventuss.eu\/ro\/produkt\/vi-pro-window-tape-inside\/#primaryimage\"},\"thumbnailUrl\":\"https:\/\/proventuss.eu\/wp-content\/uploads\/2022\/10\/MG_5935a1-e1665486003530.png\",\"datePublished\":\"2022-10-11T11:02:25+00:00\",\"dateModified\":\"2023-02-10T12:09:03+00:00\",\"breadcrumb\":{\"@id\":\"https:\/\/proventuss.eu\/ro\/produkt\/vi-pro-window-tape-inside\/#breadcrumb\"},\"inLanguage\":\"ro-RO\",\"potentialAction\":[{\"@type\":\"ReadAction\",\"target\":[\"https:\/\/proventuss.eu\/ro\/produkt\/vi-pro-window-tape-inside\/\"]}]},{\"@type\":\"ImageObject\",\"inLanguage\":\"ro-RO\",\"@id\":\"https:\/\/proventuss.eu\/ro\/produkt\/vi-pro-window-tape-inside\/#primaryimage\",\"url\":\"https:\/\/proventuss.eu\/wp-content\/uploads\/2022\/10\/MG_5935a1-e1665486003530.png\",\"contentUrl\":\"https:\/\/proventuss.eu\/wp-content\/uploads\/2022\/10\/MG_5935a1-e1665486003530.png\",\"width\":1313,\"height\":1098,\"caption\":\"Na zdj\u0119ciu paroszczelna ta\u015bma do ciep\u0142ego monta\u017cu Vi-Pro Window Tape Inside. Bardzo dobra przyczepno\u015b\u0107 do wi\u0119kszo\u015bci materia\u0142\u00f3w budowlanych.\"},{\"@type\":\"BreadcrumbList\",\"@id\":\"https:\/\/proventuss.eu\/ro\/produkt\/vi-pro-window-tape-inside\/#breadcrumb\",\"itemListElement\":[{\"@type\":\"ListItem\",\"position\":1,\"name\":\"Home\",\"item\":\"https:\/\/proventuss.eu\/ro\/\"},{\"@type\":\"ListItem\",\"position\":2,\"name\":\"Produse\",\"item\":\"https:\/\/proventuss.eu\/produse\/\"},{\"@type\":\"ListItem\",\"position\":3,\"name\":\"Vi-Pro Window Tape Inside\"}]},{\"@type\":\"WebSite\",\"@id\":\"https:\/\/proventuss.eu\/#website\",\"url\":\"https:\/\/proventuss.eu\/\",\"name\":\"Proventuss\",\"description\":\"\",\"potentialAction\":[{\"@type\":\"SearchAction\",\"target\":{\"@type\":\"EntryPoint\",\"urlTemplate\":\"https:\/\/proventuss.eu\/?s={search_term_string}\"},\"query-input\":\"required name=search_term_string\"}],\"inLanguage\":\"ro-RO\"}]}<\/script>\n<!-- \/ Yoast SEO plugin. -->","yoast_head_json":{"title":"Vi-Pro Window Tape Inside - Proventuss","robots":{"index":"index","follow":"follow","max-snippet":"max-snippet:-1","max-image-preview":"max-image-preview:large","max-video-preview":"max-video-preview:-1"},"canonical":"https:\/\/proventuss.eu\/ro\/produkt\/vi-pro-window-tape-inside\/","og_locale":"ro_RO","og_type":"article","og_title":"Vi-Pro Window Tape Inside - Proventuss","og_description":"Membran\u0103 etan\u015f\u0103 la aer \u015fi umezeal\u0103 folosit\u0103 la rosturile interioare dintre fereastr\u0103 \u015fi perete. Poate fi tencuit\u0103 pe ambele fe\u021be. Autoadeziv\u0103 pe fa\u021ba dinspre fereastr\u0103. Avantaje: Etan\u015f\u0103 la aer Etan\u015f\u0103 la vapori Poate fi lipit\u0103 cu Vipro Strongbond 25 MS pe perete Aplica\u021bii: Se poate folosi pe toate tipurile de u\u015fi \u015fi ferestre Etan\u015feaz\u0103 la [&hellip;]","og_url":"https:\/\/proventuss.eu\/ro\/produkt\/vi-pro-window-tape-inside\/","og_site_name":"Proventuss","article_modified_time":"2023-02-10T12:09:03+00:00","og_image":[{"width":1024,"height":856,"url":"https:\/\/proventuss.eu\/wp-content\/uploads\/2022\/10\/MG_5935a1-e1665486003530-1024x856.png","type":"image\/png"}],"twitter_card":"summary_large_image","twitter_misc":{"Timp estimat pentru citire":"1 minut"},"schema":{"@context":"https:\/\/schema.org","@graph":[{"@type":"WebPage","@id":"https:\/\/proventuss.eu\/ro\/produkt\/vi-pro-window-tape-inside\/","url":"https:\/\/proventuss.eu\/ro\/produkt\/vi-pro-window-tape-inside\/","name":"Vi-Pro Window Tape Inside - Proventuss","isPartOf":{"@id":"https:\/\/proventuss.eu\/#website"},"primaryImageOfPage":{"@id":"https:\/\/proventuss.eu\/ro\/produkt\/vi-pro-window-tape-inside\/#primaryimage"},"image":{"@id":"https:\/\/proventuss.eu\/ro\/produkt\/vi-pro-window-tape-inside\/#primaryimage"},"thumbnailUrl":"https:\/\/proventuss.eu\/wp-content\/uploads\/2022\/10\/MG_5935a1-e1665486003530.png","datePublished":"2022-10-11T11:02:25+00:00","dateModified":"2023-02-10T12:09:03+00:00","breadcrumb":{"@id":"https:\/\/proventuss.eu\/ro\/produkt\/vi-pro-window-tape-inside\/#breadcrumb"},"inLanguage":"ro-RO","potentialAction":[{"@type":"ReadAction","target":["https:\/\/proventuss.eu\/ro\/produkt\/vi-pro-window-tape-inside\/"]}]},{"@type":"ImageObject","inLanguage":"ro-RO","@id":"https:\/\/proventuss.eu\/ro\/produkt\/vi-pro-window-tape-inside\/#primaryimage","url":"https:\/\/proventuss.eu\/wp-content\/uploads\/2022\/10\/MG_5935a1-e1665486003530.png","contentUrl":"https:\/\/proventuss.eu\/wp-content\/uploads\/2022\/10\/MG_5935a1-e1665486003530.png","width":1313,"height":1098,"caption":"Na zdj\u0119ciu paroszczelna ta\u015bma do ciep\u0142ego monta\u017cu Vi-Pro Window Tape Inside. Bardzo dobra przyczepno\u015b\u0107 do wi\u0119kszo\u015bci materia\u0142\u00f3w budowlanych."},{"@type":"BreadcrumbList","@id":"https:\/\/proventuss.eu\/ro\/produkt\/vi-pro-window-tape-inside\/#breadcrumb","itemListElement":[{"@type":"ListItem","position":1,"name":"Home","item":"https:\/\/proventuss.eu\/ro\/"},{"@type":"ListItem","position":2,"name":"Produse","item":"https:\/\/proventuss.eu\/produse\/"},{"@type":"ListItem","position":3,"name":"Vi-Pro Window Tape Inside"}]},{"@type":"WebSite","@id":"https:\/\/proventuss.eu\/#website","url":"https:\/\/proventuss.eu\/","name":"Proventuss","description":"","potentialAction":[{"@type":"SearchAction","target":{"@type":"EntryPoint","urlTemplate":"https:\/\/proventuss.eu\/?s={search_term_string}"},"query-input":"required name=search_term_string"}],"inLanguage":"ro-RO"}]}},"_links":{"self":[{"href":"https:\/\/proventuss.eu\/ro\/wp-json\/wp\/v2\/product\/10278"}],"collection":[{"href":"https:\/\/proventuss.eu\/ro\/wp-json\/wp\/v2\/product"}],"about":[{"href":"https:\/\/proventuss.eu\/ro\/wp-json\/wp\/v2\/types\/product"}],"replies":[{"embeddable":true,"href":"https:\/\/proventuss.eu\/ro\/wp-json\/wp\/v2\/comments?post=10278"}],"wp:featuredmedia":[{"embeddable":true,"href":"https:\/\/proventuss.eu\/ro\/wp-json\/wp\/v2\/media\/10202"}],"wp:attachment":[{"href":"https:\/\/proventuss.eu\/ro\/wp-json\/wp\/v2\/media?parent=10278"}],"wp:term":[{"taxonomy":"product_cat","embeddable":true,"href":"https:\/\/proventuss.eu\/ro\/wp-json\/wp\/v2\/product_cat?post=10278"},{"taxonomy":"product_tag","embeddable":true,"href":"https:\/\/proventuss.eu\/ro\/wp-json\/wp\/v2\/product_tag?post=10278"}],"curies":[{"name":"wp","href":"https:\/\/api.w.org\/{rel}","templated":true}]}}