{"id":10276,"date":"2022-04-26T10:46:52","date_gmt":"2022-04-26T10:46:52","guid":{"rendered":"https:\/\/proventuss.eu\/produkt\/vi-pro-sg-tape\/"},"modified":"2022-04-26T10:46:52","modified_gmt":"2022-04-26T10:46:52","slug":"vi-pro-sg-tape","status":"publish","type":"product","link":"https:\/\/proventuss.eu\/ro\/produs\/vi-pro-sg-tape\/","title":{"rendered":"Vi-Pro\u00ae SG TAPE"},"content":{"rendered":"<p>Band\u0103 izolatoare pe suport PVC, dublu-adeziv\u0103 &#8211; cu adeziv acrilic de mare adeziune \u2013 special conceput\u0103 pentru utilizarea \u00een sistemele de geamuri structurale.<br \/>\nAre o structur\u0103 celular\u0103 par\u021bial deschis\u0103 care permite \u020bnt\u0103rirea siliconului structural \u020bn toate sensurile.<\/p>\n<p><strong>Caracteristici:<\/strong><br \/>\n&#8211; Culoare: negru<br \/>\n&#8211; Specifica\u021bii adeziv: partea deschis\u0103, adeziv acrilic modificat pe baz\u0103 de solvent, grosime 90 microni<br \/>\n&#8211; Temperatura de serviciu: -20\u00b0C to + 90\u00b0C<br \/>\n&#8211; Rezisten\u021b\u0103 la radia\u021bii UV: foarte bun\u0103<br \/>\n&#8211; Rezisten\u021b\u0103 la ap\u0103: foarte bun\u0103<\/p>\n","protected":false},"excerpt":{"rendered":"<p>Band\u0103 izolatoare pe suport PVC, dublu-adeziv\u0103 &#8211; cu adeziv acrilic de mare adeziune \u2013 special conceput\u0103 pentru utilizarea \u00een sistemele de geamuri structurale. Are o structur\u0103 celular\u0103 par\u021bial deschis\u0103 care permite \u020bnt\u0103rirea siliconului structural \u020bn toate sensurile. Caracteristici: &#8211; Culoare: negru &#8211; Specifica\u021bii adeziv: partea deschis\u0103, adeziv acrilic modificat pe baz\u0103 de solvent, grosime 90 [&hellip;]<\/p>\n","protected":false},"featured_media":9598,"comment_status":"open","ping_status":"closed","template":"","meta":{"_acf_changed":false},"product_cat":[422],"product_tag":[],"acf":[],"yoast_head":"<!-- This site is optimized with the Yoast SEO plugin v22.9 - https:\/\/yoast.com\/wordpress\/plugins\/seo\/ -->\n<title>Vi-Pro\u00ae SG TAPE - Proventuss<\/title>\n<meta name=\"robots\" content=\"index, follow, max-snippet:-1, max-image-preview:large, max-video-preview:-1\" \/>\n<link rel=\"canonical\" href=\"https:\/\/proventuss.eu\/ro\/produkt\/vi-pro-sg-tape\/\" \/>\n<meta property=\"og:locale\" content=\"ro_RO\" \/>\n<meta property=\"og:type\" content=\"article\" \/>\n<meta property=\"og:title\" content=\"Vi-Pro\u00ae SG TAPE - Proventuss\" \/>\n<meta property=\"og:description\" content=\"Band\u0103 izolatoare pe suport PVC, dublu-adeziv\u0103 &#8211; cu adeziv acrilic de mare adeziune \u2013 special conceput\u0103 pentru utilizarea \u00een sistemele de geamuri structurale. Are o structur\u0103 celular\u0103 par\u021bial deschis\u0103 care permite \u020bnt\u0103rirea siliconului structural \u020bn toate sensurile. Caracteristici: &#8211; Culoare: negru &#8211; Specifica\u021bii adeziv: partea deschis\u0103, adeziv acrilic modificat pe baz\u0103 de solvent, grosime 90 [&hellip;]\" \/>\n<meta property=\"og:url\" content=\"https:\/\/proventuss.eu\/ro\/produkt\/vi-pro-sg-tape\/\" \/>\n<meta property=\"og:site_name\" content=\"Proventuss\" \/>\n<meta property=\"og:image\" content=\"https:\/\/proventuss.eu\/wp-content\/uploads\/2022\/04\/Vi-pro-tasma-SG.png\" \/>\n\t<meta property=\"og:image:width\" content=\"967\" \/>\n\t<meta property=\"og:image:height\" content=\"640\" \/>\n\t<meta property=\"og:image:type\" content=\"image\/png\" \/>\n<meta name=\"twitter:card\" content=\"summary_large_image\" \/>\n<script type=\"application\/ld+json\" class=\"yoast-schema-graph\">{\"@context\":\"https:\/\/schema.org\",\"@graph\":[{\"@type\":\"WebPage\",\"@id\":\"https:\/\/proventuss.eu\/ro\/produkt\/vi-pro-sg-tape\/\",\"url\":\"https:\/\/proventuss.eu\/ro\/produkt\/vi-pro-sg-tape\/\",\"name\":\"Vi-Pro\u00ae SG TAPE - Proventuss\",\"isPartOf\":{\"@id\":\"https:\/\/proventuss.eu\/#website\"},\"primaryImageOfPage\":{\"@id\":\"https:\/\/proventuss.eu\/ro\/produkt\/vi-pro-sg-tape\/#primaryimage\"},\"image\":{\"@id\":\"https:\/\/proventuss.eu\/ro\/produkt\/vi-pro-sg-tape\/#primaryimage\"},\"thumbnailUrl\":\"https:\/\/proventuss.eu\/wp-content\/uploads\/2022\/04\/Vi-pro-tasma-SG.png\",\"datePublished\":\"2022-04-26T10:46:52+00:00\",\"dateModified\":\"2022-04-26T10:46:52+00:00\",\"breadcrumb\":{\"@id\":\"https:\/\/proventuss.eu\/ro\/produkt\/vi-pro-sg-tape\/#breadcrumb\"},\"inLanguage\":\"ro-RO\",\"potentialAction\":[{\"@type\":\"ReadAction\",\"target\":[\"https:\/\/proventuss.eu\/ro\/produkt\/vi-pro-sg-tape\/\"]}]},{\"@type\":\"ImageObject\",\"inLanguage\":\"ro-RO\",\"@id\":\"https:\/\/proventuss.eu\/ro\/produkt\/vi-pro-sg-tape\/#primaryimage\",\"url\":\"https:\/\/proventuss.eu\/wp-content\/uploads\/2022\/04\/Vi-pro-tasma-SG.png\",\"contentUrl\":\"https:\/\/proventuss.eu\/wp-content\/uploads\/2022\/04\/Vi-pro-tasma-SG.png\",\"width\":967,\"height\":640,\"caption\":\"Na zdj\u0119ciu dwustronna ta\u015bma o wysokiej przyczepno\u015bci do stosowania w systemach szklenia strukturalnego. Odporno\u015b\u0107 na promieniowanie UV: bardzo dobra.\"},{\"@type\":\"BreadcrumbList\",\"@id\":\"https:\/\/proventuss.eu\/ro\/produkt\/vi-pro-sg-tape\/#breadcrumb\",\"itemListElement\":[{\"@type\":\"ListItem\",\"position\":1,\"name\":\"Home\",\"item\":\"https:\/\/proventuss.eu\/ro\/\"},{\"@type\":\"ListItem\",\"position\":2,\"name\":\"Produse\",\"item\":\"https:\/\/proventuss.eu\/produse\/\"},{\"@type\":\"ListItem\",\"position\":3,\"name\":\"Vi-Pro\u00ae SG TAPE\"}]},{\"@type\":\"WebSite\",\"@id\":\"https:\/\/proventuss.eu\/#website\",\"url\":\"https:\/\/proventuss.eu\/\",\"name\":\"Proventuss\",\"description\":\"\",\"potentialAction\":[{\"@type\":\"SearchAction\",\"target\":{\"@type\":\"EntryPoint\",\"urlTemplate\":\"https:\/\/proventuss.eu\/?s={search_term_string}\"},\"query-input\":\"required name=search_term_string\"}],\"inLanguage\":\"ro-RO\"}]}<\/script>\n<!-- \/ Yoast SEO plugin. -->","yoast_head_json":{"title":"Vi-Pro\u00ae SG TAPE - Proventuss","robots":{"index":"index","follow":"follow","max-snippet":"max-snippet:-1","max-image-preview":"max-image-preview:large","max-video-preview":"max-video-preview:-1"},"canonical":"https:\/\/proventuss.eu\/ro\/produkt\/vi-pro-sg-tape\/","og_locale":"ro_RO","og_type":"article","og_title":"Vi-Pro\u00ae SG TAPE - Proventuss","og_description":"Band\u0103 izolatoare pe suport PVC, dublu-adeziv\u0103 &#8211; cu adeziv acrilic de mare adeziune \u2013 special conceput\u0103 pentru utilizarea \u00een sistemele de geamuri structurale. Are o structur\u0103 celular\u0103 par\u021bial deschis\u0103 care permite \u020bnt\u0103rirea siliconului structural \u020bn toate sensurile. Caracteristici: &#8211; Culoare: negru &#8211; Specifica\u021bii adeziv: partea deschis\u0103, adeziv acrilic modificat pe baz\u0103 de solvent, grosime 90 [&hellip;]","og_url":"https:\/\/proventuss.eu\/ro\/produkt\/vi-pro-sg-tape\/","og_site_name":"Proventuss","og_image":[{"width":967,"height":640,"url":"https:\/\/proventuss.eu\/wp-content\/uploads\/2022\/04\/Vi-pro-tasma-SG.png","type":"image\/png"}],"twitter_card":"summary_large_image","schema":{"@context":"https:\/\/schema.org","@graph":[{"@type":"WebPage","@id":"https:\/\/proventuss.eu\/ro\/produkt\/vi-pro-sg-tape\/","url":"https:\/\/proventuss.eu\/ro\/produkt\/vi-pro-sg-tape\/","name":"Vi-Pro\u00ae SG TAPE - Proventuss","isPartOf":{"@id":"https:\/\/proventuss.eu\/#website"},"primaryImageOfPage":{"@id":"https:\/\/proventuss.eu\/ro\/produkt\/vi-pro-sg-tape\/#primaryimage"},"image":{"@id":"https:\/\/proventuss.eu\/ro\/produkt\/vi-pro-sg-tape\/#primaryimage"},"thumbnailUrl":"https:\/\/proventuss.eu\/wp-content\/uploads\/2022\/04\/Vi-pro-tasma-SG.png","datePublished":"2022-04-26T10:46:52+00:00","dateModified":"2022-04-26T10:46:52+00:00","breadcrumb":{"@id":"https:\/\/proventuss.eu\/ro\/produkt\/vi-pro-sg-tape\/#breadcrumb"},"inLanguage":"ro-RO","potentialAction":[{"@type":"ReadAction","target":["https:\/\/proventuss.eu\/ro\/produkt\/vi-pro-sg-tape\/"]}]},{"@type":"ImageObject","inLanguage":"ro-RO","@id":"https:\/\/proventuss.eu\/ro\/produkt\/vi-pro-sg-tape\/#primaryimage","url":"https:\/\/proventuss.eu\/wp-content\/uploads\/2022\/04\/Vi-pro-tasma-SG.png","contentUrl":"https:\/\/proventuss.eu\/wp-content\/uploads\/2022\/04\/Vi-pro-tasma-SG.png","width":967,"height":640,"caption":"Na zdj\u0119ciu dwustronna ta\u015bma o wysokiej przyczepno\u015bci do stosowania w systemach szklenia strukturalnego. Odporno\u015b\u0107 na promieniowanie UV: bardzo dobra."},{"@type":"BreadcrumbList","@id":"https:\/\/proventuss.eu\/ro\/produkt\/vi-pro-sg-tape\/#breadcrumb","itemListElement":[{"@type":"ListItem","position":1,"name":"Home","item":"https:\/\/proventuss.eu\/ro\/"},{"@type":"ListItem","position":2,"name":"Produse","item":"https:\/\/proventuss.eu\/produse\/"},{"@type":"ListItem","position":3,"name":"Vi-Pro\u00ae SG TAPE"}]},{"@type":"WebSite","@id":"https:\/\/proventuss.eu\/#website","url":"https:\/\/proventuss.eu\/","name":"Proventuss","description":"","potentialAction":[{"@type":"SearchAction","target":{"@type":"EntryPoint","urlTemplate":"https:\/\/proventuss.eu\/?s={search_term_string}"},"query-input":"required name=search_term_string"}],"inLanguage":"ro-RO"}]}},"_links":{"self":[{"href":"https:\/\/proventuss.eu\/ro\/wp-json\/wp\/v2\/product\/10276"}],"collection":[{"href":"https:\/\/proventuss.eu\/ro\/wp-json\/wp\/v2\/product"}],"about":[{"href":"https:\/\/proventuss.eu\/ro\/wp-json\/wp\/v2\/types\/product"}],"replies":[{"embeddable":true,"href":"https:\/\/proventuss.eu\/ro\/wp-json\/wp\/v2\/comments?post=10276"}],"wp:featuredmedia":[{"embeddable":true,"href":"https:\/\/proventuss.eu\/ro\/wp-json\/wp\/v2\/media\/9598"}],"wp:attachment":[{"href":"https:\/\/proventuss.eu\/ro\/wp-json\/wp\/v2\/media?parent=10276"}],"wp:term":[{"taxonomy":"product_cat","embeddable":true,"href":"https:\/\/proventuss.eu\/ro\/wp-json\/wp\/v2\/product_cat?post=10276"},{"taxonomy":"product_tag","embeddable":true,"href":"https:\/\/proventuss.eu\/ro\/wp-json\/wp\/v2\/product_tag?post=10276"}],"curies":[{"name":"wp","href":"https:\/\/api.w.org\/{rel}","templated":true}]}}