{"id":10275,"date":"2022-04-26T10:40:19","date_gmt":"2022-04-26T10:40:19","guid":{"rendered":"https:\/\/proventuss.eu\/produkt\/vi-pro-sm-silicone-membrane\/"},"modified":"2023-02-10T12:03:22","modified_gmt":"2023-02-10T12:03:22","slug":"vi-pro-sm-silicone-membrane","status":"publish","type":"product","link":"https:\/\/proventuss.eu\/ro\/produs\/vi-pro-sm-silicone-membrane\/","title":{"rendered":"Vi-Pro\u00ae SM SILICONE MEMBRANE"},"content":{"rendered":"<p>Vi-Pro Silicone Membrane este o membran\u0103 siliconic\u0103 prefabricat\u0103 ce nu con\u021bine plastifian\u021bi \u015fi este rezistent\u0103 la temperaturi ridicate, \u020bmb\u0103tr\u00e2nire \u015fi radia\u021bie UV. Este folosit\u0103 la etan\u015farea rosturilor de la construc\u021bii sau la repararea rosturilor la cl\u0103dirile din elemente prefabricate.<\/p>\n<p><strong>Utilizare:<\/strong><br \/>\nPentru etan\u015farea rosturilor externe dintre cl\u0103diri sau rosturile de conectare dintre materiale diferite. Membrana poate fi aplicat\u0103 \u020bn bucl\u0103, \u020bn unghi sau de preferat plat\u0103 peste rost.<\/p>\n<p>Aleg\u00e2nd banda cu l\u0103\u021bimi adecvate subdimensionate sau supradimensionate rosturile conice sau decalate pot fi etan\u015fate func\u021bional.<\/p>\n","protected":false},"excerpt":{"rendered":"<p>Vi-Pro Silicone Membrane este o membran\u0103 siliconic\u0103 prefabricat\u0103 ce nu con\u021bine plastifian\u021bi \u015fi este rezistent\u0103 la temperaturi ridicate, \u020bmb\u0103tr\u00e2nire \u015fi radia\u021bie UV. Este folosit\u0103 la etan\u015farea rosturilor de la construc\u021bii sau la repararea rosturilor la cl\u0103dirile din elemente prefabricate. Utilizare: Pentru etan\u015farea rosturilor externe dintre cl\u0103diri sau rosturile de conectare dintre materiale diferite. Membrana poate [&hellip;]<\/p>\n","protected":false},"featured_media":9593,"comment_status":"open","ping_status":"closed","template":"","meta":{"_acf_changed":false},"product_cat":[422],"product_tag":[],"acf":[],"yoast_head":"<!-- This site is optimized with the Yoast SEO plugin v22.9 - https:\/\/yoast.com\/wordpress\/plugins\/seo\/ -->\n<title>Vi-Pro\u00ae SM SILICONE MEMBRANE - Proventuss<\/title>\n<meta name=\"robots\" content=\"index, follow, max-snippet:-1, max-image-preview:large, max-video-preview:-1\" \/>\n<link rel=\"canonical\" href=\"https:\/\/proventuss.eu\/ro\/produkt\/vi-pro-sm-silicone-membrane\/\" \/>\n<meta property=\"og:locale\" content=\"ro_RO\" \/>\n<meta property=\"og:type\" content=\"article\" \/>\n<meta property=\"og:title\" content=\"Vi-Pro\u00ae SM SILICONE MEMBRANE - Proventuss\" \/>\n<meta property=\"og:description\" content=\"Vi-Pro Silicone Membrane este o membran\u0103 siliconic\u0103 prefabricat\u0103 ce nu con\u021bine plastifian\u021bi \u015fi este rezistent\u0103 la temperaturi ridicate, \u020bmb\u0103tr\u00e2nire \u015fi radia\u021bie UV. Este folosit\u0103 la etan\u015farea rosturilor de la construc\u021bii sau la repararea rosturilor la cl\u0103dirile din elemente prefabricate. Utilizare: Pentru etan\u015farea rosturilor externe dintre cl\u0103diri sau rosturile de conectare dintre materiale diferite. Membrana poate [&hellip;]\" \/>\n<meta property=\"og:url\" content=\"https:\/\/proventuss.eu\/ro\/produkt\/vi-pro-sm-silicone-membrane\/\" \/>\n<meta property=\"og:site_name\" content=\"Proventuss\" \/>\n<meta property=\"article:modified_time\" content=\"2023-02-10T12:03:22+00:00\" \/>\n<meta property=\"og:image\" content=\"https:\/\/proventuss.eu\/wp-content\/uploads\/2022\/04\/SM-Silicone-Membrane.png\" \/>\n\t<meta property=\"og:image:width\" content=\"225\" \/>\n\t<meta property=\"og:image:height\" content=\"221\" \/>\n\t<meta property=\"og:image:type\" content=\"image\/png\" \/>\n<meta name=\"twitter:card\" content=\"summary_large_image\" \/>\n<meta name=\"twitter:label1\" content=\"Timp estimat pentru citire\" \/>\n\t<meta name=\"twitter:data1\" content=\"1 minut\" \/>\n<script type=\"application\/ld+json\" class=\"yoast-schema-graph\">{\"@context\":\"https:\/\/schema.org\",\"@graph\":[{\"@type\":\"WebPage\",\"@id\":\"https:\/\/proventuss.eu\/ro\/produkt\/vi-pro-sm-silicone-membrane\/\",\"url\":\"https:\/\/proventuss.eu\/ro\/produkt\/vi-pro-sm-silicone-membrane\/\",\"name\":\"Vi-Pro\u00ae SM SILICONE MEMBRANE - Proventuss\",\"isPartOf\":{\"@id\":\"https:\/\/proventuss.eu\/#website\"},\"primaryImageOfPage\":{\"@id\":\"https:\/\/proventuss.eu\/ro\/produkt\/vi-pro-sm-silicone-membrane\/#primaryimage\"},\"image\":{\"@id\":\"https:\/\/proventuss.eu\/ro\/produkt\/vi-pro-sm-silicone-membrane\/#primaryimage\"},\"thumbnailUrl\":\"https:\/\/proventuss.eu\/wp-content\/uploads\/2022\/04\/SM-Silicone-Membrane.png\",\"datePublished\":\"2022-04-26T10:40:19+00:00\",\"dateModified\":\"2023-02-10T12:03:22+00:00\",\"breadcrumb\":{\"@id\":\"https:\/\/proventuss.eu\/ro\/produkt\/vi-pro-sm-silicone-membrane\/#breadcrumb\"},\"inLanguage\":\"ro-RO\",\"potentialAction\":[{\"@type\":\"ReadAction\",\"target\":[\"https:\/\/proventuss.eu\/ro\/produkt\/vi-pro-sm-silicone-membrane\/\"]}]},{\"@type\":\"ImageObject\",\"inLanguage\":\"ro-RO\",\"@id\":\"https:\/\/proventuss.eu\/ro\/produkt\/vi-pro-sm-silicone-membrane\/#primaryimage\",\"url\":\"https:\/\/proventuss.eu\/wp-content\/uploads\/2022\/04\/SM-Silicone-Membrane.png\",\"contentUrl\":\"https:\/\/proventuss.eu\/wp-content\/uploads\/2022\/04\/SM-Silicone-Membrane.png\",\"width\":225,\"height\":221,\"caption\":\"Na zdj\u0119ciu ta\u015bma silikonowa do uszczelniania dylatacji konstrukcyjnych, zw\u0142aszcza do naprawy uszkodzonych po\u0142\u0105cze\u0144 mi\u0119dzy prefabrykowanymi elementami budowlanymi.\"},{\"@type\":\"BreadcrumbList\",\"@id\":\"https:\/\/proventuss.eu\/ro\/produkt\/vi-pro-sm-silicone-membrane\/#breadcrumb\",\"itemListElement\":[{\"@type\":\"ListItem\",\"position\":1,\"name\":\"Home\",\"item\":\"https:\/\/proventuss.eu\/ro\/\"},{\"@type\":\"ListItem\",\"position\":2,\"name\":\"Produse\",\"item\":\"https:\/\/proventuss.eu\/produse\/\"},{\"@type\":\"ListItem\",\"position\":3,\"name\":\"Vi-Pro\u00ae SM SILICONE MEMBRANE\"}]},{\"@type\":\"WebSite\",\"@id\":\"https:\/\/proventuss.eu\/#website\",\"url\":\"https:\/\/proventuss.eu\/\",\"name\":\"Proventuss\",\"description\":\"\",\"potentialAction\":[{\"@type\":\"SearchAction\",\"target\":{\"@type\":\"EntryPoint\",\"urlTemplate\":\"https:\/\/proventuss.eu\/?s={search_term_string}\"},\"query-input\":\"required name=search_term_string\"}],\"inLanguage\":\"ro-RO\"}]}<\/script>\n<!-- \/ Yoast SEO plugin. -->","yoast_head_json":{"title":"Vi-Pro\u00ae SM SILICONE MEMBRANE - Proventuss","robots":{"index":"index","follow":"follow","max-snippet":"max-snippet:-1","max-image-preview":"max-image-preview:large","max-video-preview":"max-video-preview:-1"},"canonical":"https:\/\/proventuss.eu\/ro\/produkt\/vi-pro-sm-silicone-membrane\/","og_locale":"ro_RO","og_type":"article","og_title":"Vi-Pro\u00ae SM SILICONE MEMBRANE - Proventuss","og_description":"Vi-Pro Silicone Membrane este o membran\u0103 siliconic\u0103 prefabricat\u0103 ce nu con\u021bine plastifian\u021bi \u015fi este rezistent\u0103 la temperaturi ridicate, \u020bmb\u0103tr\u00e2nire \u015fi radia\u021bie UV. Este folosit\u0103 la etan\u015farea rosturilor de la construc\u021bii sau la repararea rosturilor la cl\u0103dirile din elemente prefabricate. Utilizare: Pentru etan\u015farea rosturilor externe dintre cl\u0103diri sau rosturile de conectare dintre materiale diferite. Membrana poate [&hellip;]","og_url":"https:\/\/proventuss.eu\/ro\/produkt\/vi-pro-sm-silicone-membrane\/","og_site_name":"Proventuss","article_modified_time":"2023-02-10T12:03:22+00:00","og_image":[{"width":225,"height":221,"url":"https:\/\/proventuss.eu\/wp-content\/uploads\/2022\/04\/SM-Silicone-Membrane.png","type":"image\/png"}],"twitter_card":"summary_large_image","twitter_misc":{"Timp estimat pentru citire":"1 minut"},"schema":{"@context":"https:\/\/schema.org","@graph":[{"@type":"WebPage","@id":"https:\/\/proventuss.eu\/ro\/produkt\/vi-pro-sm-silicone-membrane\/","url":"https:\/\/proventuss.eu\/ro\/produkt\/vi-pro-sm-silicone-membrane\/","name":"Vi-Pro\u00ae SM SILICONE MEMBRANE - Proventuss","isPartOf":{"@id":"https:\/\/proventuss.eu\/#website"},"primaryImageOfPage":{"@id":"https:\/\/proventuss.eu\/ro\/produkt\/vi-pro-sm-silicone-membrane\/#primaryimage"},"image":{"@id":"https:\/\/proventuss.eu\/ro\/produkt\/vi-pro-sm-silicone-membrane\/#primaryimage"},"thumbnailUrl":"https:\/\/proventuss.eu\/wp-content\/uploads\/2022\/04\/SM-Silicone-Membrane.png","datePublished":"2022-04-26T10:40:19+00:00","dateModified":"2023-02-10T12:03:22+00:00","breadcrumb":{"@id":"https:\/\/proventuss.eu\/ro\/produkt\/vi-pro-sm-silicone-membrane\/#breadcrumb"},"inLanguage":"ro-RO","potentialAction":[{"@type":"ReadAction","target":["https:\/\/proventuss.eu\/ro\/produkt\/vi-pro-sm-silicone-membrane\/"]}]},{"@type":"ImageObject","inLanguage":"ro-RO","@id":"https:\/\/proventuss.eu\/ro\/produkt\/vi-pro-sm-silicone-membrane\/#primaryimage","url":"https:\/\/proventuss.eu\/wp-content\/uploads\/2022\/04\/SM-Silicone-Membrane.png","contentUrl":"https:\/\/proventuss.eu\/wp-content\/uploads\/2022\/04\/SM-Silicone-Membrane.png","width":225,"height":221,"caption":"Na zdj\u0119ciu ta\u015bma silikonowa do uszczelniania dylatacji konstrukcyjnych, zw\u0142aszcza do naprawy uszkodzonych po\u0142\u0105cze\u0144 mi\u0119dzy prefabrykowanymi elementami budowlanymi."},{"@type":"BreadcrumbList","@id":"https:\/\/proventuss.eu\/ro\/produkt\/vi-pro-sm-silicone-membrane\/#breadcrumb","itemListElement":[{"@type":"ListItem","position":1,"name":"Home","item":"https:\/\/proventuss.eu\/ro\/"},{"@type":"ListItem","position":2,"name":"Produse","item":"https:\/\/proventuss.eu\/produse\/"},{"@type":"ListItem","position":3,"name":"Vi-Pro\u00ae SM SILICONE MEMBRANE"}]},{"@type":"WebSite","@id":"https:\/\/proventuss.eu\/#website","url":"https:\/\/proventuss.eu\/","name":"Proventuss","description":"","potentialAction":[{"@type":"SearchAction","target":{"@type":"EntryPoint","urlTemplate":"https:\/\/proventuss.eu\/?s={search_term_string}"},"query-input":"required name=search_term_string"}],"inLanguage":"ro-RO"}]}},"_links":{"self":[{"href":"https:\/\/proventuss.eu\/ro\/wp-json\/wp\/v2\/product\/10275"}],"collection":[{"href":"https:\/\/proventuss.eu\/ro\/wp-json\/wp\/v2\/product"}],"about":[{"href":"https:\/\/proventuss.eu\/ro\/wp-json\/wp\/v2\/types\/product"}],"replies":[{"embeddable":true,"href":"https:\/\/proventuss.eu\/ro\/wp-json\/wp\/v2\/comments?post=10275"}],"wp:featuredmedia":[{"embeddable":true,"href":"https:\/\/proventuss.eu\/ro\/wp-json\/wp\/v2\/media\/9593"}],"wp:attachment":[{"href":"https:\/\/proventuss.eu\/ro\/wp-json\/wp\/v2\/media?parent=10275"}],"wp:term":[{"taxonomy":"product_cat","embeddable":true,"href":"https:\/\/proventuss.eu\/ro\/wp-json\/wp\/v2\/product_cat?post=10275"},{"taxonomy":"product_tag","embeddable":true,"href":"https:\/\/proventuss.eu\/ro\/wp-json\/wp\/v2\/product_tag?post=10275"}],"curies":[{"name":"wp","href":"https:\/\/api.w.org\/{rel}","templated":true}]}}