{"id":10274,"date":"2022-04-26T10:44:11","date_gmt":"2022-04-26T10:44:11","guid":{"rendered":"https:\/\/proventuss.eu\/produkt\/vi-pro-expanding-joint-sealing-tape\/"},"modified":"2023-02-10T11:38:09","modified_gmt":"2023-02-10T11:38:09","slug":"vi-pro-expanding-joint-sealing-tape","status":"publish","type":"product","link":"https:\/\/proventuss.eu\/ro\/produs\/vi-pro-expanding-joint-sealing-tape\/","title":{"rendered":"Vi-Pro\u00ae EXPANDING JOINT SEALING TAPE"},"content":{"rendered":"<p>Band\u0103 expandabil\u0103 pentru etan\u015farea rosturilor, fabricat\u0103 din spum\u0103 poliuretanic\u0103 elastic\u0103 cu structur\u0103 de celule deschise, impregnat\u0103 cu r\u0103\u015fini acrilice. Dup\u0103 instalare, materialul expandeaz\u0103 \u015fi se ajusteaz\u0103 dup\u0103 forma spa\u021biului unde este aplicat, cre\u00e2nd o sigilare elastic\u0103 \u015fi permanent\u0103. Banda este acoperit\u0103 cu adeziv pe o parte pentru o mai u\u015foar\u0103 instalare \u020bn rosturi.<br \/>\nCu o compresie optim\u0103 benzile, sunt permeabile la vapori \u020bn timp ce \u020b\u015fi p\u0103streaz\u0103 rezisten\u021ba la condi\u021biile meteo \u015fi radia\u021bii UV.<\/p>\n<p><strong>Beneficii:<\/strong><br \/>\n&#8211; Eleasticitatea ridicat\u0103 asigur\u0103 o potrivire perfect\u0103 \u020bn spa\u021bii neregulate de diferite dimensiuni.<br \/>\n&#8211; La compresie ridicat\u0103, creeaz\u0103 o barier\u0103 \u020bmpotriva infiltra\u021biilor apei \u015fi rezist\u0103 la ploi puternice p\u00e2n\u0103 la 600Pa<br \/>\n&#8211; Rezisten\u021b\u0103 ridicat\u0103 la substan\u021be chimice \u015fi radia\u021bii UV<br \/>\n&#8211; Gam\u0103 larg\u0103 de temperaturi de serviciu<br \/>\n&#8211; Parametrii ridica\u021bi de izolare fonic\u0103<br \/>\n&#8211; Capacitatea maxim\u0103 de expandare: aprox. de 5 ori \u020bn\u0103l\u021bimea ini\u021bial\u0103<\/p>\n","protected":false},"excerpt":{"rendered":"<p>Band\u0103 expandabil\u0103 pentru etan\u015farea rosturilor, fabricat\u0103 din spum\u0103 poliuretanic\u0103 elastic\u0103 cu structur\u0103 de celule deschise, impregnat\u0103 cu r\u0103\u015fini acrilice. Dup\u0103 instalare, materialul expandeaz\u0103 \u015fi se ajusteaz\u0103 dup\u0103 forma spa\u021biului unde este aplicat, cre\u00e2nd o sigilare elastic\u0103 \u015fi permanent\u0103. Banda este acoperit\u0103 cu adeziv pe o parte pentru o mai u\u015foar\u0103 instalare \u020bn rosturi. Cu o [&hellip;]<\/p>\n","protected":false},"featured_media":9596,"comment_status":"open","ping_status":"closed","template":"","meta":{"_acf_changed":false},"product_cat":[422],"product_tag":[],"acf":[],"yoast_head":"<!-- This site is optimized with the Yoast SEO plugin v22.9 - https:\/\/yoast.com\/wordpress\/plugins\/seo\/ -->\n<title>Vi-Pro\u00ae EXPANDING JOINT SEALING TAPE - Proventuss<\/title>\n<meta name=\"robots\" content=\"index, follow, max-snippet:-1, max-image-preview:large, max-video-preview:-1\" \/>\n<link rel=\"canonical\" href=\"https:\/\/proventuss.eu\/ro\/produkt\/vi-pro-expanding-joint-sealing-tape\/\" \/>\n<meta property=\"og:locale\" content=\"ro_RO\" \/>\n<meta property=\"og:type\" content=\"article\" \/>\n<meta property=\"og:title\" content=\"Vi-Pro\u00ae EXPANDING JOINT SEALING TAPE - Proventuss\" \/>\n<meta property=\"og:description\" content=\"Band\u0103 expandabil\u0103 pentru etan\u015farea rosturilor, fabricat\u0103 din spum\u0103 poliuretanic\u0103 elastic\u0103 cu structur\u0103 de celule deschise, impregnat\u0103 cu r\u0103\u015fini acrilice. Dup\u0103 instalare, materialul expandeaz\u0103 \u015fi se ajusteaz\u0103 dup\u0103 forma spa\u021biului unde este aplicat, cre\u00e2nd o sigilare elastic\u0103 \u015fi permanent\u0103. Banda este acoperit\u0103 cu adeziv pe o parte pentru o mai u\u015foar\u0103 instalare \u020bn rosturi. Cu o [&hellip;]\" \/>\n<meta property=\"og:url\" content=\"https:\/\/proventuss.eu\/ro\/produkt\/vi-pro-expanding-joint-sealing-tape\/\" \/>\n<meta property=\"og:site_name\" content=\"Proventuss\" \/>\n<meta property=\"article:modified_time\" content=\"2023-02-10T11:38:09+00:00\" \/>\n<meta property=\"og:image\" content=\"https:\/\/proventuss.eu\/wp-content\/uploads\/2022\/04\/Vi-Pro-Expanding-Joint-Sealing-Tape.png\" \/>\n\t<meta property=\"og:image:width\" content=\"362\" \/>\n\t<meta property=\"og:image:height\" content=\"337\" \/>\n\t<meta property=\"og:image:type\" content=\"image\/png\" \/>\n<meta name=\"twitter:card\" content=\"summary_large_image\" \/>\n<meta name=\"twitter:label1\" content=\"Timp estimat pentru citire\" \/>\n\t<meta name=\"twitter:data1\" content=\"1 minut\" \/>\n<script type=\"application\/ld+json\" class=\"yoast-schema-graph\">{\"@context\":\"https:\/\/schema.org\",\"@graph\":[{\"@type\":\"WebPage\",\"@id\":\"https:\/\/proventuss.eu\/ro\/produkt\/vi-pro-expanding-joint-sealing-tape\/\",\"url\":\"https:\/\/proventuss.eu\/ro\/produkt\/vi-pro-expanding-joint-sealing-tape\/\",\"name\":\"Vi-Pro\u00ae EXPANDING JOINT SEALING TAPE - Proventuss\",\"isPartOf\":{\"@id\":\"https:\/\/proventuss.eu\/#website\"},\"primaryImageOfPage\":{\"@id\":\"https:\/\/proventuss.eu\/ro\/produkt\/vi-pro-expanding-joint-sealing-tape\/#primaryimage\"},\"image\":{\"@id\":\"https:\/\/proventuss.eu\/ro\/produkt\/vi-pro-expanding-joint-sealing-tape\/#primaryimage\"},\"thumbnailUrl\":\"https:\/\/proventuss.eu\/wp-content\/uploads\/2022\/04\/Vi-Pro-Expanding-Joint-Sealing-Tape.png\",\"datePublished\":\"2022-04-26T10:44:11+00:00\",\"dateModified\":\"2023-02-10T11:38:09+00:00\",\"breadcrumb\":{\"@id\":\"https:\/\/proventuss.eu\/ro\/produkt\/vi-pro-expanding-joint-sealing-tape\/#breadcrumb\"},\"inLanguage\":\"ro-RO\",\"potentialAction\":[{\"@type\":\"ReadAction\",\"target\":[\"https:\/\/proventuss.eu\/ro\/produkt\/vi-pro-expanding-joint-sealing-tape\/\"]}]},{\"@type\":\"ImageObject\",\"inLanguage\":\"ro-RO\",\"@id\":\"https:\/\/proventuss.eu\/ro\/produkt\/vi-pro-expanding-joint-sealing-tape\/#primaryimage\",\"url\":\"https:\/\/proventuss.eu\/wp-content\/uploads\/2022\/04\/Vi-Pro-Expanding-Joint-Sealing-Tape.png\",\"contentUrl\":\"https:\/\/proventuss.eu\/wp-content\/uploads\/2022\/04\/Vi-Pro-Expanding-Joint-Sealing-Tape.png\",\"width\":362,\"height\":337,\"caption\":\"Na zdj\u0119ciu Rozpr\u0119\u017cna ta\u015bma uszczelniaj\u0105ca. Wysoka elastyczno\u015b\u0107 zapewnia idealne dostosowanie do nieregularnych szczelin o zr\u00f3\u017cnicowanych szeroko\u015bciach.\"},{\"@type\":\"BreadcrumbList\",\"@id\":\"https:\/\/proventuss.eu\/ro\/produkt\/vi-pro-expanding-joint-sealing-tape\/#breadcrumb\",\"itemListElement\":[{\"@type\":\"ListItem\",\"position\":1,\"name\":\"Home\",\"item\":\"https:\/\/proventuss.eu\/ro\/\"},{\"@type\":\"ListItem\",\"position\":2,\"name\":\"Produse\",\"item\":\"https:\/\/proventuss.eu\/produse\/\"},{\"@type\":\"ListItem\",\"position\":3,\"name\":\"Vi-Pro\u00ae EXPANDING JOINT SEALING TAPE\"}]},{\"@type\":\"WebSite\",\"@id\":\"https:\/\/proventuss.eu\/#website\",\"url\":\"https:\/\/proventuss.eu\/\",\"name\":\"Proventuss\",\"description\":\"\",\"potentialAction\":[{\"@type\":\"SearchAction\",\"target\":{\"@type\":\"EntryPoint\",\"urlTemplate\":\"https:\/\/proventuss.eu\/?s={search_term_string}\"},\"query-input\":\"required name=search_term_string\"}],\"inLanguage\":\"ro-RO\"}]}<\/script>\n<!-- \/ Yoast SEO plugin. -->","yoast_head_json":{"title":"Vi-Pro\u00ae EXPANDING JOINT SEALING TAPE - Proventuss","robots":{"index":"index","follow":"follow","max-snippet":"max-snippet:-1","max-image-preview":"max-image-preview:large","max-video-preview":"max-video-preview:-1"},"canonical":"https:\/\/proventuss.eu\/ro\/produkt\/vi-pro-expanding-joint-sealing-tape\/","og_locale":"ro_RO","og_type":"article","og_title":"Vi-Pro\u00ae EXPANDING JOINT SEALING TAPE - Proventuss","og_description":"Band\u0103 expandabil\u0103 pentru etan\u015farea rosturilor, fabricat\u0103 din spum\u0103 poliuretanic\u0103 elastic\u0103 cu structur\u0103 de celule deschise, impregnat\u0103 cu r\u0103\u015fini acrilice. Dup\u0103 instalare, materialul expandeaz\u0103 \u015fi se ajusteaz\u0103 dup\u0103 forma spa\u021biului unde este aplicat, cre\u00e2nd o sigilare elastic\u0103 \u015fi permanent\u0103. Banda este acoperit\u0103 cu adeziv pe o parte pentru o mai u\u015foar\u0103 instalare \u020bn rosturi. Cu o [&hellip;]","og_url":"https:\/\/proventuss.eu\/ro\/produkt\/vi-pro-expanding-joint-sealing-tape\/","og_site_name":"Proventuss","article_modified_time":"2023-02-10T11:38:09+00:00","og_image":[{"width":362,"height":337,"url":"https:\/\/proventuss.eu\/wp-content\/uploads\/2022\/04\/Vi-Pro-Expanding-Joint-Sealing-Tape.png","type":"image\/png"}],"twitter_card":"summary_large_image","twitter_misc":{"Timp estimat pentru citire":"1 minut"},"schema":{"@context":"https:\/\/schema.org","@graph":[{"@type":"WebPage","@id":"https:\/\/proventuss.eu\/ro\/produkt\/vi-pro-expanding-joint-sealing-tape\/","url":"https:\/\/proventuss.eu\/ro\/produkt\/vi-pro-expanding-joint-sealing-tape\/","name":"Vi-Pro\u00ae EXPANDING JOINT SEALING TAPE - Proventuss","isPartOf":{"@id":"https:\/\/proventuss.eu\/#website"},"primaryImageOfPage":{"@id":"https:\/\/proventuss.eu\/ro\/produkt\/vi-pro-expanding-joint-sealing-tape\/#primaryimage"},"image":{"@id":"https:\/\/proventuss.eu\/ro\/produkt\/vi-pro-expanding-joint-sealing-tape\/#primaryimage"},"thumbnailUrl":"https:\/\/proventuss.eu\/wp-content\/uploads\/2022\/04\/Vi-Pro-Expanding-Joint-Sealing-Tape.png","datePublished":"2022-04-26T10:44:11+00:00","dateModified":"2023-02-10T11:38:09+00:00","breadcrumb":{"@id":"https:\/\/proventuss.eu\/ro\/produkt\/vi-pro-expanding-joint-sealing-tape\/#breadcrumb"},"inLanguage":"ro-RO","potentialAction":[{"@type":"ReadAction","target":["https:\/\/proventuss.eu\/ro\/produkt\/vi-pro-expanding-joint-sealing-tape\/"]}]},{"@type":"ImageObject","inLanguage":"ro-RO","@id":"https:\/\/proventuss.eu\/ro\/produkt\/vi-pro-expanding-joint-sealing-tape\/#primaryimage","url":"https:\/\/proventuss.eu\/wp-content\/uploads\/2022\/04\/Vi-Pro-Expanding-Joint-Sealing-Tape.png","contentUrl":"https:\/\/proventuss.eu\/wp-content\/uploads\/2022\/04\/Vi-Pro-Expanding-Joint-Sealing-Tape.png","width":362,"height":337,"caption":"Na zdj\u0119ciu Rozpr\u0119\u017cna ta\u015bma uszczelniaj\u0105ca. Wysoka elastyczno\u015b\u0107 zapewnia idealne dostosowanie do nieregularnych szczelin o zr\u00f3\u017cnicowanych szeroko\u015bciach."},{"@type":"BreadcrumbList","@id":"https:\/\/proventuss.eu\/ro\/produkt\/vi-pro-expanding-joint-sealing-tape\/#breadcrumb","itemListElement":[{"@type":"ListItem","position":1,"name":"Home","item":"https:\/\/proventuss.eu\/ro\/"},{"@type":"ListItem","position":2,"name":"Produse","item":"https:\/\/proventuss.eu\/produse\/"},{"@type":"ListItem","position":3,"name":"Vi-Pro\u00ae EXPANDING JOINT SEALING TAPE"}]},{"@type":"WebSite","@id":"https:\/\/proventuss.eu\/#website","url":"https:\/\/proventuss.eu\/","name":"Proventuss","description":"","potentialAction":[{"@type":"SearchAction","target":{"@type":"EntryPoint","urlTemplate":"https:\/\/proventuss.eu\/?s={search_term_string}"},"query-input":"required name=search_term_string"}],"inLanguage":"ro-RO"}]}},"_links":{"self":[{"href":"https:\/\/proventuss.eu\/ro\/wp-json\/wp\/v2\/product\/10274"}],"collection":[{"href":"https:\/\/proventuss.eu\/ro\/wp-json\/wp\/v2\/product"}],"about":[{"href":"https:\/\/proventuss.eu\/ro\/wp-json\/wp\/v2\/types\/product"}],"replies":[{"embeddable":true,"href":"https:\/\/proventuss.eu\/ro\/wp-json\/wp\/v2\/comments?post=10274"}],"wp:featuredmedia":[{"embeddable":true,"href":"https:\/\/proventuss.eu\/ro\/wp-json\/wp\/v2\/media\/9596"}],"wp:attachment":[{"href":"https:\/\/proventuss.eu\/ro\/wp-json\/wp\/v2\/media?parent=10274"}],"wp:term":[{"taxonomy":"product_cat","embeddable":true,"href":"https:\/\/proventuss.eu\/ro\/wp-json\/wp\/v2\/product_cat?post=10274"},{"taxonomy":"product_tag","embeddable":true,"href":"https:\/\/proventuss.eu\/ro\/wp-json\/wp\/v2\/product_tag?post=10274"}],"curies":[{"name":"wp","href":"https:\/\/api.w.org\/{rel}","templated":true}]}}