{"id":10273,"date":"2022-04-26T10:39:03","date_gmt":"2022-04-26T10:39:03","guid":{"rendered":"https:\/\/proventuss.eu\/produkt\/vi-pro-alu-butyl-tape\/"},"modified":"2022-04-26T10:39:03","modified_gmt":"2022-04-26T10:39:03","slug":"vi-pro-alu-butyl-tape","status":"publish","type":"product","link":"https:\/\/proventuss.eu\/ro\/produs\/vi-pro-alu-butyl-tape\/","title":{"rendered":"Vi-Pro\u00ae ALU-BUTYL TAPE"},"content":{"rendered":"<p>Band\u0103 de etan\u015fare, auto-adeziv\u0103, impermeabil\u0103 fabricat\u0103 din cauciuc butilic.<br \/>\nBanda etan\u015feaz\u0103 la vapori \u015fi ap\u0103. Este perfect\u0103 pentru sigil\u0103ri de: luminatoare, fa\u021bade,<br \/>\nsere dar \u015fi pentru izolarea si protec\u021bia: \u021bevilor de c\u0103ldur\u0103, ventila\u021bii \u015fi aer condi\u021bionat.<br \/>\nBanda din cauciuc butilic este protejat\u0103 cu o folie de protec\u021bie non-adeziv\u0103.<\/p>\n<p><strong>Beneficii:<\/strong><br \/>\n&#8211; Rezisten\u021b\u0103 excelent\u0103 la radia\u021bii UV \u015fi la intemperii<br \/>\n&#8211; Etan\u015feizare puternic\u0103 la ap\u0103 \u015fi sigilare ermetic\u0103<br \/>\n&#8211; Compatibil\u0103 cu majoritatea materialelor de construc\u021bii<br \/>\n&#8211; U\u015for de folosit<\/p>\n","protected":false},"excerpt":{"rendered":"<p>Band\u0103 de etan\u015fare, auto-adeziv\u0103, impermeabil\u0103 fabricat\u0103 din cauciuc butilic. Banda etan\u015feaz\u0103 la vapori \u015fi ap\u0103. Este perfect\u0103 pentru sigil\u0103ri de: luminatoare, fa\u021bade, sere dar \u015fi pentru izolarea si protec\u021bia: \u021bevilor de c\u0103ldur\u0103, ventila\u021bii \u015fi aer condi\u021bionat. Banda din cauciuc butilic este protejat\u0103 cu o folie de protec\u021bie non-adeziv\u0103. Beneficii: &#8211; Rezisten\u021b\u0103 excelent\u0103 la radia\u021bii UV [&hellip;]<\/p>\n","protected":false},"featured_media":9595,"comment_status":"open","ping_status":"closed","template":"","meta":{"_acf_changed":false},"product_cat":[422],"product_tag":[],"acf":[],"yoast_head":"<!-- This site is optimized with the Yoast SEO plugin v22.9 - https:\/\/yoast.com\/wordpress\/plugins\/seo\/ -->\n<title>Vi-Pro\u00ae ALU-BUTYL TAPE - Proventuss<\/title>\n<meta name=\"robots\" content=\"index, follow, max-snippet:-1, max-image-preview:large, max-video-preview:-1\" \/>\n<link rel=\"canonical\" href=\"https:\/\/proventuss.eu\/ro\/produkt\/vi-pro-alu-butyl-tape\/\" \/>\n<meta property=\"og:locale\" content=\"ro_RO\" \/>\n<meta property=\"og:type\" content=\"article\" \/>\n<meta property=\"og:title\" content=\"Vi-Pro\u00ae ALU-BUTYL TAPE - Proventuss\" \/>\n<meta property=\"og:description\" content=\"Band\u0103 de etan\u015fare, auto-adeziv\u0103, impermeabil\u0103 fabricat\u0103 din cauciuc butilic. Banda etan\u015feaz\u0103 la vapori \u015fi ap\u0103. Este perfect\u0103 pentru sigil\u0103ri de: luminatoare, fa\u021bade, sere dar \u015fi pentru izolarea si protec\u021bia: \u021bevilor de c\u0103ldur\u0103, ventila\u021bii \u015fi aer condi\u021bionat. Banda din cauciuc butilic este protejat\u0103 cu o folie de protec\u021bie non-adeziv\u0103. Beneficii: &#8211; Rezisten\u021b\u0103 excelent\u0103 la radia\u021bii UV [&hellip;]\" \/>\n<meta property=\"og:url\" content=\"https:\/\/proventuss.eu\/ro\/produkt\/vi-pro-alu-butyl-tape\/\" \/>\n<meta property=\"og:site_name\" content=\"Proventuss\" \/>\n<meta property=\"og:image\" content=\"https:\/\/proventuss.eu\/wp-content\/uploads\/2022\/04\/Vi-Pro-Alu-Butyl-Tape.png\" \/>\n\t<meta property=\"og:image:width\" content=\"597\" \/>\n\t<meta property=\"og:image:height\" content=\"640\" \/>\n\t<meta property=\"og:image:type\" content=\"image\/png\" \/>\n<meta name=\"twitter:card\" content=\"summary_large_image\" \/>\n<script type=\"application\/ld+json\" class=\"yoast-schema-graph\">{\"@context\":\"https:\/\/schema.org\",\"@graph\":[{\"@type\":\"WebPage\",\"@id\":\"https:\/\/proventuss.eu\/ro\/produkt\/vi-pro-alu-butyl-tape\/\",\"url\":\"https:\/\/proventuss.eu\/ro\/produkt\/vi-pro-alu-butyl-tape\/\",\"name\":\"Vi-Pro\u00ae ALU-BUTYL TAPE - Proventuss\",\"isPartOf\":{\"@id\":\"https:\/\/proventuss.eu\/#website\"},\"primaryImageOfPage\":{\"@id\":\"https:\/\/proventuss.eu\/ro\/produkt\/vi-pro-alu-butyl-tape\/#primaryimage\"},\"image\":{\"@id\":\"https:\/\/proventuss.eu\/ro\/produkt\/vi-pro-alu-butyl-tape\/#primaryimage\"},\"thumbnailUrl\":\"https:\/\/proventuss.eu\/wp-content\/uploads\/2022\/04\/Vi-Pro-Alu-Butyl-Tape.png\",\"datePublished\":\"2022-04-26T10:39:03+00:00\",\"dateModified\":\"2022-04-26T10:39:03+00:00\",\"breadcrumb\":{\"@id\":\"https:\/\/proventuss.eu\/ro\/produkt\/vi-pro-alu-butyl-tape\/#breadcrumb\"},\"inLanguage\":\"ro-RO\",\"potentialAction\":[{\"@type\":\"ReadAction\",\"target\":[\"https:\/\/proventuss.eu\/ro\/produkt\/vi-pro-alu-butyl-tape\/\"]}]},{\"@type\":\"ImageObject\",\"inLanguage\":\"ro-RO\",\"@id\":\"https:\/\/proventuss.eu\/ro\/produkt\/vi-pro-alu-butyl-tape\/#primaryimage\",\"url\":\"https:\/\/proventuss.eu\/wp-content\/uploads\/2022\/04\/Vi-Pro-Alu-Butyl-Tape.png\",\"contentUrl\":\"https:\/\/proventuss.eu\/wp-content\/uploads\/2022\/04\/Vi-Pro-Alu-Butyl-Tape.png\",\"width\":597,\"height\":640,\"caption\":\"Na zdj\u0119ciu ta\u015bma z masy butylowo-kauczukowej do uszczelnie\u0144: okien dachowych, \u015bwietlik\u00f3w, fasad oraz do izolacji i zabezpieczenia: przewod\u00f3w cieplnych.\"},{\"@type\":\"BreadcrumbList\",\"@id\":\"https:\/\/proventuss.eu\/ro\/produkt\/vi-pro-alu-butyl-tape\/#breadcrumb\",\"itemListElement\":[{\"@type\":\"ListItem\",\"position\":1,\"name\":\"Home\",\"item\":\"https:\/\/proventuss.eu\/ro\/\"},{\"@type\":\"ListItem\",\"position\":2,\"name\":\"Produse\",\"item\":\"https:\/\/proventuss.eu\/produse\/\"},{\"@type\":\"ListItem\",\"position\":3,\"name\":\"Vi-Pro\u00ae ALU-BUTYL TAPE\"}]},{\"@type\":\"WebSite\",\"@id\":\"https:\/\/proventuss.eu\/#website\",\"url\":\"https:\/\/proventuss.eu\/\",\"name\":\"Proventuss\",\"description\":\"\",\"potentialAction\":[{\"@type\":\"SearchAction\",\"target\":{\"@type\":\"EntryPoint\",\"urlTemplate\":\"https:\/\/proventuss.eu\/?s={search_term_string}\"},\"query-input\":\"required name=search_term_string\"}],\"inLanguage\":\"ro-RO\"}]}<\/script>\n<!-- \/ Yoast SEO plugin. -->","yoast_head_json":{"title":"Vi-Pro\u00ae ALU-BUTYL TAPE - Proventuss","robots":{"index":"index","follow":"follow","max-snippet":"max-snippet:-1","max-image-preview":"max-image-preview:large","max-video-preview":"max-video-preview:-1"},"canonical":"https:\/\/proventuss.eu\/ro\/produkt\/vi-pro-alu-butyl-tape\/","og_locale":"ro_RO","og_type":"article","og_title":"Vi-Pro\u00ae ALU-BUTYL TAPE - Proventuss","og_description":"Band\u0103 de etan\u015fare, auto-adeziv\u0103, impermeabil\u0103 fabricat\u0103 din cauciuc butilic. Banda etan\u015feaz\u0103 la vapori \u015fi ap\u0103. Este perfect\u0103 pentru sigil\u0103ri de: luminatoare, fa\u021bade, sere dar \u015fi pentru izolarea si protec\u021bia: \u021bevilor de c\u0103ldur\u0103, ventila\u021bii \u015fi aer condi\u021bionat. Banda din cauciuc butilic este protejat\u0103 cu o folie de protec\u021bie non-adeziv\u0103. Beneficii: &#8211; Rezisten\u021b\u0103 excelent\u0103 la radia\u021bii UV [&hellip;]","og_url":"https:\/\/proventuss.eu\/ro\/produkt\/vi-pro-alu-butyl-tape\/","og_site_name":"Proventuss","og_image":[{"width":597,"height":640,"url":"https:\/\/proventuss.eu\/wp-content\/uploads\/2022\/04\/Vi-Pro-Alu-Butyl-Tape.png","type":"image\/png"}],"twitter_card":"summary_large_image","schema":{"@context":"https:\/\/schema.org","@graph":[{"@type":"WebPage","@id":"https:\/\/proventuss.eu\/ro\/produkt\/vi-pro-alu-butyl-tape\/","url":"https:\/\/proventuss.eu\/ro\/produkt\/vi-pro-alu-butyl-tape\/","name":"Vi-Pro\u00ae ALU-BUTYL TAPE - Proventuss","isPartOf":{"@id":"https:\/\/proventuss.eu\/#website"},"primaryImageOfPage":{"@id":"https:\/\/proventuss.eu\/ro\/produkt\/vi-pro-alu-butyl-tape\/#primaryimage"},"image":{"@id":"https:\/\/proventuss.eu\/ro\/produkt\/vi-pro-alu-butyl-tape\/#primaryimage"},"thumbnailUrl":"https:\/\/proventuss.eu\/wp-content\/uploads\/2022\/04\/Vi-Pro-Alu-Butyl-Tape.png","datePublished":"2022-04-26T10:39:03+00:00","dateModified":"2022-04-26T10:39:03+00:00","breadcrumb":{"@id":"https:\/\/proventuss.eu\/ro\/produkt\/vi-pro-alu-butyl-tape\/#breadcrumb"},"inLanguage":"ro-RO","potentialAction":[{"@type":"ReadAction","target":["https:\/\/proventuss.eu\/ro\/produkt\/vi-pro-alu-butyl-tape\/"]}]},{"@type":"ImageObject","inLanguage":"ro-RO","@id":"https:\/\/proventuss.eu\/ro\/produkt\/vi-pro-alu-butyl-tape\/#primaryimage","url":"https:\/\/proventuss.eu\/wp-content\/uploads\/2022\/04\/Vi-Pro-Alu-Butyl-Tape.png","contentUrl":"https:\/\/proventuss.eu\/wp-content\/uploads\/2022\/04\/Vi-Pro-Alu-Butyl-Tape.png","width":597,"height":640,"caption":"Na zdj\u0119ciu ta\u015bma z masy butylowo-kauczukowej do uszczelnie\u0144: okien dachowych, \u015bwietlik\u00f3w, fasad oraz do izolacji i zabezpieczenia: przewod\u00f3w cieplnych."},{"@type":"BreadcrumbList","@id":"https:\/\/proventuss.eu\/ro\/produkt\/vi-pro-alu-butyl-tape\/#breadcrumb","itemListElement":[{"@type":"ListItem","position":1,"name":"Home","item":"https:\/\/proventuss.eu\/ro\/"},{"@type":"ListItem","position":2,"name":"Produse","item":"https:\/\/proventuss.eu\/produse\/"},{"@type":"ListItem","position":3,"name":"Vi-Pro\u00ae ALU-BUTYL TAPE"}]},{"@type":"WebSite","@id":"https:\/\/proventuss.eu\/#website","url":"https:\/\/proventuss.eu\/","name":"Proventuss","description":"","potentialAction":[{"@type":"SearchAction","target":{"@type":"EntryPoint","urlTemplate":"https:\/\/proventuss.eu\/?s={search_term_string}"},"query-input":"required name=search_term_string"}],"inLanguage":"ro-RO"}]}},"_links":{"self":[{"href":"https:\/\/proventuss.eu\/ro\/wp-json\/wp\/v2\/product\/10273"}],"collection":[{"href":"https:\/\/proventuss.eu\/ro\/wp-json\/wp\/v2\/product"}],"about":[{"href":"https:\/\/proventuss.eu\/ro\/wp-json\/wp\/v2\/types\/product"}],"replies":[{"embeddable":true,"href":"https:\/\/proventuss.eu\/ro\/wp-json\/wp\/v2\/comments?post=10273"}],"wp:featuredmedia":[{"embeddable":true,"href":"https:\/\/proventuss.eu\/ro\/wp-json\/wp\/v2\/media\/9595"}],"wp:attachment":[{"href":"https:\/\/proventuss.eu\/ro\/wp-json\/wp\/v2\/media?parent=10273"}],"wp:term":[{"taxonomy":"product_cat","embeddable":true,"href":"https:\/\/proventuss.eu\/ro\/wp-json\/wp\/v2\/product_cat?post=10273"},{"taxonomy":"product_tag","embeddable":true,"href":"https:\/\/proventuss.eu\/ro\/wp-json\/wp\/v2\/product_tag?post=10273"}],"curies":[{"name":"wp","href":"https:\/\/api.w.org\/{rel}","templated":true}]}}