{"id":10271,"date":"2022-04-26T10:34:58","date_gmt":"2022-04-26T10:34:58","guid":{"rendered":"https:\/\/proventuss.eu\/produkt\/vi-pro-strongbond-sb55-ms\/"},"modified":"2023-02-10T11:35:21","modified_gmt":"2023-02-10T11:35:21","slug":"vi-pro-strongbond-sb55-ms","status":"publish","type":"product","link":"https:\/\/proventuss.eu\/ro\/produs\/vi-pro-strongbond-sb55-ms\/","title":{"rendered":"Vi-Pro\u00ae Strongbond SB55 MS"},"content":{"rendered":"<p><strong>Adeziv \u015fi sigilant monocomponent din polimer elastic MS<\/strong><\/p>\n<p><strong>Vi-Pro\u00ae Strongbond SB55 MS<\/strong> este un adeziv \u0219i sigilant universal, monocomponent, aplicat cu pistol, care nu se contract\u0103, flexibil, pe baz\u0103 de polimer modificat cu silan. Se \u00eent\u0103re\u0219te sub influen\u021ba umidit\u0103\u021bii atmosferice, rezult\u00e2nd un adeziv performant, permanent elastic. F\u0103r\u0103 solven\u021bi \u0219i izociana\u021bi.<\/p>\n<p><strong>Domeniile de aplicare:<\/strong><\/p>\n<p>Vi-Pro\u00ae Strongbond SB55 MS este un adeziv \u015fi un sigilant performant si versatil, recomandat pentru lipiri \u015fi sigil\u0103ri elastice construc\u021bii \u015fi asambl\u0103ri industriale, auto, transporturi auto(autocare, izoterme, vehicule de transport cu refrigerare\/congelaare, containere), transporturi maritime, sisteme de ventila\u021bie \u015fi de aer condi\u021bionat, unde se necesit\u0103 rosturi din cauciuc flexibile \u015fi rezistente sau este necesar un adeziv elastic<br \/>\nputernic.<\/p>\n<p><strong>Beneficii:<\/strong><\/p>\n<p>&#8211; Polimer modificat cu silan<br \/>\n&#8211; Nu con\u021bine solven\u021bi sau izociana\u021bi<br \/>\n&#8211; Rezisten\u021b\u0103 bun\u0103 la \u020bmb\u0103tr\u00e2nire \u015fi la intemperii<br \/>\n&#8211; Tixotropie remarcabil\u0103, consisten\u021b\u0103 bun\u0103 (nu curge, nu r\u0103m\u00e2n resturi de aplicare)<br \/>\n&#8211; \u020a\u015fi p\u0103streaz\u0103 permanent flexibilitatea \u020bntr-o gam\u0103 larg\u0103 de temperaturi.<br \/>\n&#8211; Nu formeaz\u0103 bule.<br \/>\n&#8211; Se plic\u0103 u\u015for cu pistolul \u015fi are consisten\u021b\u0103 excelent\u0103 pentru finisare<br \/>\n&#8211; Aderen\u021b\u0103 excelent\u0103 f\u0103r\u0103 primer pe toate materialele de construc\u021bii \u015fi industriale \u015fi pe substraturile tipice<br \/>\n&#8211; Comportament normal, nu atac\u0103 suprafa\u021ba de contact<br \/>\n&#8211; Nu necesit\u0103 avertizarea\/marcajul \u201cPericol\u201d<br \/>\n&#8211; Se poate vopsi ulterior cu vopseluri pe baz\u0103 de ap\u0103 sau solven\u021bi (este recomandabil s\u0103 se efectueze un test \u020bnainte)<\/p>\n","protected":false},"excerpt":{"rendered":"<p>Adeziv \u015fi sigilant monocomponent din polimer elastic MS Vi-Pro\u00ae Strongbond SB55 MS este un adeziv \u0219i sigilant universal, monocomponent, aplicat cu pistol, care nu se contract\u0103, flexibil, pe baz\u0103 de polimer modificat cu silan. Se \u00eent\u0103re\u0219te sub influen\u021ba umidit\u0103\u021bii atmosferice, rezult\u00e2nd un adeziv performant, permanent elastic. F\u0103r\u0103 solven\u021bi \u0219i izociana\u021bi. Domeniile de aplicare: Vi-Pro\u00ae Strongbond [&hellip;]<\/p>\n","protected":false},"featured_media":10055,"comment_status":"open","ping_status":"closed","template":"","meta":{"_acf_changed":false},"product_cat":[417,420],"product_tag":[],"acf":[],"yoast_head":"<!-- This site is optimized with the Yoast SEO plugin v22.9 - https:\/\/yoast.com\/wordpress\/plugins\/seo\/ -->\n<title>Vi-Pro\u00ae Strongbond SB55 MS - Proventuss<\/title>\n<meta name=\"robots\" content=\"index, follow, max-snippet:-1, max-image-preview:large, max-video-preview:-1\" \/>\n<link rel=\"canonical\" href=\"https:\/\/proventuss.eu\/ro\/produkt\/vi-pro-strongbond-sb55-ms\/\" \/>\n<meta property=\"og:locale\" content=\"ro_RO\" \/>\n<meta property=\"og:type\" content=\"article\" \/>\n<meta property=\"og:title\" content=\"Vi-Pro\u00ae Strongbond SB55 MS - Proventuss\" \/>\n<meta property=\"og:description\" content=\"Adeziv \u015fi sigilant monocomponent din polimer elastic MS Vi-Pro\u00ae Strongbond SB55 MS este un adeziv \u0219i sigilant universal, monocomponent, aplicat cu pistol, care nu se contract\u0103, flexibil, pe baz\u0103 de polimer modificat cu silan. Se \u00eent\u0103re\u0219te sub influen\u021ba umidit\u0103\u021bii atmosferice, rezult\u00e2nd un adeziv performant, permanent elastic. F\u0103r\u0103 solven\u021bi \u0219i izociana\u021bi. Domeniile de aplicare: Vi-Pro\u00ae Strongbond [&hellip;]\" \/>\n<meta property=\"og:url\" content=\"https:\/\/proventuss.eu\/ro\/produkt\/vi-pro-strongbond-sb55-ms\/\" \/>\n<meta property=\"og:site_name\" content=\"Proventuss\" \/>\n<meta property=\"article:modified_time\" content=\"2023-02-10T11:35:21+00:00\" \/>\n<meta property=\"og:image\" content=\"https:\/\/proventuss.eu\/wp-content\/uploads\/2022\/04\/Vi-Pro-Strongbond-SB55-MS.png\" \/>\n\t<meta property=\"og:image:width\" content=\"357\" \/>\n\t<meta property=\"og:image:height\" content=\"1920\" \/>\n\t<meta property=\"og:image:type\" content=\"image\/png\" \/>\n<meta name=\"twitter:card\" content=\"summary_large_image\" \/>\n<meta name=\"twitter:label1\" content=\"Timp estimat pentru citire\" \/>\n\t<meta name=\"twitter:data1\" content=\"2 minute\" \/>\n<script type=\"application\/ld+json\" class=\"yoast-schema-graph\">{\"@context\":\"https:\/\/schema.org\",\"@graph\":[{\"@type\":\"WebPage\",\"@id\":\"https:\/\/proventuss.eu\/ro\/produkt\/vi-pro-strongbond-sb55-ms\/\",\"url\":\"https:\/\/proventuss.eu\/ro\/produkt\/vi-pro-strongbond-sb55-ms\/\",\"name\":\"Vi-Pro\u00ae Strongbond SB55 MS - Proventuss\",\"isPartOf\":{\"@id\":\"https:\/\/proventuss.eu\/#website\"},\"primaryImageOfPage\":{\"@id\":\"https:\/\/proventuss.eu\/ro\/produkt\/vi-pro-strongbond-sb55-ms\/#primaryimage\"},\"image\":{\"@id\":\"https:\/\/proventuss.eu\/ro\/produkt\/vi-pro-strongbond-sb55-ms\/#primaryimage\"},\"thumbnailUrl\":\"https:\/\/proventuss.eu\/wp-content\/uploads\/2022\/04\/Vi-Pro-Strongbond-SB55-MS.png\",\"datePublished\":\"2022-04-26T10:34:58+00:00\",\"dateModified\":\"2023-02-10T11:35:21+00:00\",\"breadcrumb\":{\"@id\":\"https:\/\/proventuss.eu\/ro\/produkt\/vi-pro-strongbond-sb55-ms\/#breadcrumb\"},\"inLanguage\":\"ro-RO\",\"potentialAction\":[{\"@type\":\"ReadAction\",\"target\":[\"https:\/\/proventuss.eu\/ro\/produkt\/vi-pro-strongbond-sb55-ms\/\"]}]},{\"@type\":\"ImageObject\",\"inLanguage\":\"ro-RO\",\"@id\":\"https:\/\/proventuss.eu\/ro\/produkt\/vi-pro-strongbond-sb55-ms\/#primaryimage\",\"url\":\"https:\/\/proventuss.eu\/wp-content\/uploads\/2022\/04\/Vi-Pro-Strongbond-SB55-MS.png\",\"contentUrl\":\"https:\/\/proventuss.eu\/wp-content\/uploads\/2022\/04\/Vi-Pro-Strongbond-SB55-MS.png\",\"width\":357,\"height\":1920,\"caption\":\"Na zdj\u0119ciu Jednosk\u0142adnikowy elastyczny klej - doskona\u0142a przyczepno\u015b\u0107 bez podk\u0142adu do wszystkich typowych materia\u0142\u00f3w budowlanych i przemys\u0142owych oraz pod\u0142o\u017cy. Kie\u0142baska 600 ml.\"},{\"@type\":\"BreadcrumbList\",\"@id\":\"https:\/\/proventuss.eu\/ro\/produkt\/vi-pro-strongbond-sb55-ms\/#breadcrumb\",\"itemListElement\":[{\"@type\":\"ListItem\",\"position\":1,\"name\":\"Home\",\"item\":\"https:\/\/proventuss.eu\/ro\/\"},{\"@type\":\"ListItem\",\"position\":2,\"name\":\"Produse\",\"item\":\"https:\/\/proventuss.eu\/produse\/\"},{\"@type\":\"ListItem\",\"position\":3,\"name\":\"Vi-Pro\u00ae Strongbond SB55 MS\"}]},{\"@type\":\"WebSite\",\"@id\":\"https:\/\/proventuss.eu\/#website\",\"url\":\"https:\/\/proventuss.eu\/\",\"name\":\"Proventuss\",\"description\":\"\",\"potentialAction\":[{\"@type\":\"SearchAction\",\"target\":{\"@type\":\"EntryPoint\",\"urlTemplate\":\"https:\/\/proventuss.eu\/?s={search_term_string}\"},\"query-input\":\"required name=search_term_string\"}],\"inLanguage\":\"ro-RO\"}]}<\/script>\n<!-- \/ Yoast SEO plugin. -->","yoast_head_json":{"title":"Vi-Pro\u00ae Strongbond SB55 MS - Proventuss","robots":{"index":"index","follow":"follow","max-snippet":"max-snippet:-1","max-image-preview":"max-image-preview:large","max-video-preview":"max-video-preview:-1"},"canonical":"https:\/\/proventuss.eu\/ro\/produkt\/vi-pro-strongbond-sb55-ms\/","og_locale":"ro_RO","og_type":"article","og_title":"Vi-Pro\u00ae Strongbond SB55 MS - Proventuss","og_description":"Adeziv \u015fi sigilant monocomponent din polimer elastic MS Vi-Pro\u00ae Strongbond SB55 MS este un adeziv \u0219i sigilant universal, monocomponent, aplicat cu pistol, care nu se contract\u0103, flexibil, pe baz\u0103 de polimer modificat cu silan. Se \u00eent\u0103re\u0219te sub influen\u021ba umidit\u0103\u021bii atmosferice, rezult\u00e2nd un adeziv performant, permanent elastic. F\u0103r\u0103 solven\u021bi \u0219i izociana\u021bi. Domeniile de aplicare: Vi-Pro\u00ae Strongbond [&hellip;]","og_url":"https:\/\/proventuss.eu\/ro\/produkt\/vi-pro-strongbond-sb55-ms\/","og_site_name":"Proventuss","article_modified_time":"2023-02-10T11:35:21+00:00","og_image":[{"width":357,"height":1920,"url":"https:\/\/proventuss.eu\/wp-content\/uploads\/2022\/04\/Vi-Pro-Strongbond-SB55-MS.png","type":"image\/png"}],"twitter_card":"summary_large_image","twitter_misc":{"Timp estimat pentru citire":"2 minute"},"schema":{"@context":"https:\/\/schema.org","@graph":[{"@type":"WebPage","@id":"https:\/\/proventuss.eu\/ro\/produkt\/vi-pro-strongbond-sb55-ms\/","url":"https:\/\/proventuss.eu\/ro\/produkt\/vi-pro-strongbond-sb55-ms\/","name":"Vi-Pro\u00ae Strongbond SB55 MS - Proventuss","isPartOf":{"@id":"https:\/\/proventuss.eu\/#website"},"primaryImageOfPage":{"@id":"https:\/\/proventuss.eu\/ro\/produkt\/vi-pro-strongbond-sb55-ms\/#primaryimage"},"image":{"@id":"https:\/\/proventuss.eu\/ro\/produkt\/vi-pro-strongbond-sb55-ms\/#primaryimage"},"thumbnailUrl":"https:\/\/proventuss.eu\/wp-content\/uploads\/2022\/04\/Vi-Pro-Strongbond-SB55-MS.png","datePublished":"2022-04-26T10:34:58+00:00","dateModified":"2023-02-10T11:35:21+00:00","breadcrumb":{"@id":"https:\/\/proventuss.eu\/ro\/produkt\/vi-pro-strongbond-sb55-ms\/#breadcrumb"},"inLanguage":"ro-RO","potentialAction":[{"@type":"ReadAction","target":["https:\/\/proventuss.eu\/ro\/produkt\/vi-pro-strongbond-sb55-ms\/"]}]},{"@type":"ImageObject","inLanguage":"ro-RO","@id":"https:\/\/proventuss.eu\/ro\/produkt\/vi-pro-strongbond-sb55-ms\/#primaryimage","url":"https:\/\/proventuss.eu\/wp-content\/uploads\/2022\/04\/Vi-Pro-Strongbond-SB55-MS.png","contentUrl":"https:\/\/proventuss.eu\/wp-content\/uploads\/2022\/04\/Vi-Pro-Strongbond-SB55-MS.png","width":357,"height":1920,"caption":"Na zdj\u0119ciu Jednosk\u0142adnikowy elastyczny klej - doskona\u0142a przyczepno\u015b\u0107 bez podk\u0142adu do wszystkich typowych materia\u0142\u00f3w budowlanych i przemys\u0142owych oraz pod\u0142o\u017cy. Kie\u0142baska 600 ml."},{"@type":"BreadcrumbList","@id":"https:\/\/proventuss.eu\/ro\/produkt\/vi-pro-strongbond-sb55-ms\/#breadcrumb","itemListElement":[{"@type":"ListItem","position":1,"name":"Home","item":"https:\/\/proventuss.eu\/ro\/"},{"@type":"ListItem","position":2,"name":"Produse","item":"https:\/\/proventuss.eu\/produse\/"},{"@type":"ListItem","position":3,"name":"Vi-Pro\u00ae Strongbond SB55 MS"}]},{"@type":"WebSite","@id":"https:\/\/proventuss.eu\/#website","url":"https:\/\/proventuss.eu\/","name":"Proventuss","description":"","potentialAction":[{"@type":"SearchAction","target":{"@type":"EntryPoint","urlTemplate":"https:\/\/proventuss.eu\/?s={search_term_string}"},"query-input":"required name=search_term_string"}],"inLanguage":"ro-RO"}]}},"_links":{"self":[{"href":"https:\/\/proventuss.eu\/ro\/wp-json\/wp\/v2\/product\/10271"}],"collection":[{"href":"https:\/\/proventuss.eu\/ro\/wp-json\/wp\/v2\/product"}],"about":[{"href":"https:\/\/proventuss.eu\/ro\/wp-json\/wp\/v2\/types\/product"}],"replies":[{"embeddable":true,"href":"https:\/\/proventuss.eu\/ro\/wp-json\/wp\/v2\/comments?post=10271"}],"wp:featuredmedia":[{"embeddable":true,"href":"https:\/\/proventuss.eu\/ro\/wp-json\/wp\/v2\/media\/10055"}],"wp:attachment":[{"href":"https:\/\/proventuss.eu\/ro\/wp-json\/wp\/v2\/media?parent=10271"}],"wp:term":[{"taxonomy":"product_cat","embeddable":true,"href":"https:\/\/proventuss.eu\/ro\/wp-json\/wp\/v2\/product_cat?post=10271"},{"taxonomy":"product_tag","embeddable":true,"href":"https:\/\/proventuss.eu\/ro\/wp-json\/wp\/v2\/product_tag?post=10271"}],"curies":[{"name":"wp","href":"https:\/\/api.w.org\/{rel}","templated":true}]}}