{"id":10270,"date":"2022-04-26T10:32:32","date_gmt":"2022-04-26T10:32:32","guid":{"rendered":"https:\/\/proventuss.eu\/produkt\/vi-pro-strongbond-sb25-ms\/"},"modified":"2023-02-10T11:32:44","modified_gmt":"2023-02-10T11:32:44","slug":"vi-pro-strongbond-sb25-ms","status":"publish","type":"product","link":"https:\/\/proventuss.eu\/ro\/produs\/vi-pro-strongbond-sb25-ms\/","title":{"rendered":"Vi-Pro\u00ae Strongbond SB25 MS"},"content":{"rendered":"<p><strong>Sigilant pentru construc\u021bii, monocomponent cu modulus ridicat<\/strong><\/p>\n<p>Vi-Pro\u00ae Strongbond SB25 MS este un sigilant pentru construc\u021bii, monocomponent, cu modul mare \u015fi elasticitate permanent\u0103, bazat pe tehnologia polimerilor cu termina\u021bii de silan. Se \u020bnt\u0103re\u015fte sub influen\u021ba umidit\u0103\u021bii atmosferice \u015fi formeaz\u0103 un sigilant elastic, cu excelente propriet\u0103\u021bi de aderen\u021b\u0103 \u015fi rezisten\u021b\u0103 la \u020bmb\u0103tr\u00e2nire \u015fi la condi\u021biile meteorologice. Nu con\u021bine solven\u021bi \u015fi izociana\u021bi, nu con\u021bine compu\u015fi organici volatili &#8211; VOC. Consisten\u021b\u0103 \u015fi tixotropie remarcabile.<\/p>\n<p><strong>Aplica\u021bii obi\u015fnuite:<\/strong><\/p>\n<p>&#8211; Sigil\u0103ri de rosturi \u020bn aplic\u0103ri verticale \u015fi orizontale<br \/>\n&#8211; Rosturi ale pere\u021bilor exteriori sau intre pl\u0103ci<br \/>\n&#8211; Impermeabilizarea rosturilor dintre c\u0103r\u0103mizi, zid\u0103rii, lemn, beton, rame metalice, \u020bmbin\u0103ri \u020bn pere\u021bi, podele, balcoane, \u020bn jurul ferestrelor \u015fi tocurilor de u\u015fi.<br \/>\n&#8211; Sigilarea acoperi\u015furilor \u015fi jgheaburilor metalice<br \/>\n&#8211; Sigilarea \u015fi izolarea \u020bntre diferite materiale<br \/>\n&#8211; Lipire elastic\u0103 \u020bntre metale, materiale plastice, sticl\u0103 \u015fi alte materiale<\/p>\n<p><strong>Beneficii:<\/strong><\/p>\n<p>&#8211; Prietenos cu mediul \u020bnconjur\u0103tor \u2013 f\u0103r\u0103 solven\u021bi sau izociana\u021bi.<br \/>\n&#8211; Nu necesit\u0103 avertizarea\/marcajul \u201cPericol\u201d<br \/>\n&#8211; Nu formeaz\u0103 bule, inodor<br \/>\n&#8211; R\u0103m\u00e2ne permanent elastic \u020bntr-o gam\u0103 larg\u0103 de temperaturi.<br \/>\n&#8211; Recomandat pentru mi\u015fc\u0103ri ale rosturilor de +\/- 25%<br \/>\n&#8211; Rezisten\u021b\u0103 excelent\u0103 la \u020bmb\u0103tr\u00e2nire \u015fi condi\u021biile meteorologice; culoare stabil\u0103, nu se \u020bng\u0103lbene\u015fte; se poate vopsi dup\u0103<br \/>\n&#8211; Excelent\u0103 aderen\u021b\u0103 f\u0103r\u0103 primer pe toate materialele de construc\u021bii \u015fi substraturile obi\u015fnuite<\/p>\n","protected":false},"excerpt":{"rendered":"<p>Sigilant pentru construc\u021bii, monocomponent cu modulus ridicat Vi-Pro\u00ae Strongbond SB25 MS este un sigilant pentru construc\u021bii, monocomponent, cu modul mare \u015fi elasticitate permanent\u0103, bazat pe tehnologia polimerilor cu termina\u021bii de silan. Se \u020bnt\u0103re\u015fte sub influen\u021ba umidit\u0103\u021bii atmosferice \u015fi formeaz\u0103 un sigilant elastic, cu excelente propriet\u0103\u021bi de aderen\u021b\u0103 \u015fi rezisten\u021b\u0103 la \u020bmb\u0103tr\u00e2nire \u015fi la condi\u021biile meteorologice. [&hellip;]<\/p>\n","protected":false},"featured_media":10054,"comment_status":"open","ping_status":"closed","template":"","meta":{"_acf_changed":false},"product_cat":[417,420],"product_tag":[],"acf":[],"yoast_head":"<!-- This site is optimized with the Yoast SEO plugin v22.9 - https:\/\/yoast.com\/wordpress\/plugins\/seo\/ -->\n<title>Vi-Pro\u00ae Strongbond SB25 MS - Proventuss<\/title>\n<meta name=\"robots\" content=\"index, follow, max-snippet:-1, max-image-preview:large, max-video-preview:-1\" \/>\n<link rel=\"canonical\" href=\"https:\/\/proventuss.eu\/ro\/produkt\/vi-pro-strongbond-sb25-ms\/\" \/>\n<meta property=\"og:locale\" content=\"ro_RO\" \/>\n<meta property=\"og:type\" content=\"article\" \/>\n<meta property=\"og:title\" content=\"Vi-Pro\u00ae Strongbond SB25 MS - Proventuss\" \/>\n<meta property=\"og:description\" content=\"Sigilant pentru construc\u021bii, monocomponent cu modulus ridicat Vi-Pro\u00ae Strongbond SB25 MS este un sigilant pentru construc\u021bii, monocomponent, cu modul mare \u015fi elasticitate permanent\u0103, bazat pe tehnologia polimerilor cu termina\u021bii de silan. Se \u020bnt\u0103re\u015fte sub influen\u021ba umidit\u0103\u021bii atmosferice \u015fi formeaz\u0103 un sigilant elastic, cu excelente propriet\u0103\u021bi de aderen\u021b\u0103 \u015fi rezisten\u021b\u0103 la \u020bmb\u0103tr\u00e2nire \u015fi la condi\u021biile meteorologice. [&hellip;]\" \/>\n<meta property=\"og:url\" content=\"https:\/\/proventuss.eu\/ro\/produkt\/vi-pro-strongbond-sb25-ms\/\" \/>\n<meta property=\"og:site_name\" content=\"Proventuss\" \/>\n<meta property=\"article:modified_time\" content=\"2023-02-10T11:32:44+00:00\" \/>\n<meta property=\"og:image\" content=\"https:\/\/proventuss.eu\/wp-content\/uploads\/2022\/04\/Vi-Pro-Strongbond-SB25-MS.png\" \/>\n\t<meta property=\"og:image:width\" content=\"330\" \/>\n\t<meta property=\"og:image:height\" content=\"1920\" \/>\n\t<meta property=\"og:image:type\" content=\"image\/png\" \/>\n<meta name=\"twitter:card\" content=\"summary_large_image\" \/>\n<meta name=\"twitter:label1\" content=\"Timp estimat pentru citire\" \/>\n\t<meta name=\"twitter:data1\" content=\"2 minute\" \/>\n<script type=\"application\/ld+json\" class=\"yoast-schema-graph\">{\"@context\":\"https:\/\/schema.org\",\"@graph\":[{\"@type\":\"WebPage\",\"@id\":\"https:\/\/proventuss.eu\/ro\/produkt\/vi-pro-strongbond-sb25-ms\/\",\"url\":\"https:\/\/proventuss.eu\/ro\/produkt\/vi-pro-strongbond-sb25-ms\/\",\"name\":\"Vi-Pro\u00ae Strongbond SB25 MS - Proventuss\",\"isPartOf\":{\"@id\":\"https:\/\/proventuss.eu\/#website\"},\"primaryImageOfPage\":{\"@id\":\"https:\/\/proventuss.eu\/ro\/produkt\/vi-pro-strongbond-sb25-ms\/#primaryimage\"},\"image\":{\"@id\":\"https:\/\/proventuss.eu\/ro\/produkt\/vi-pro-strongbond-sb25-ms\/#primaryimage\"},\"thumbnailUrl\":\"https:\/\/proventuss.eu\/wp-content\/uploads\/2022\/04\/Vi-Pro-Strongbond-SB25-MS.png\",\"datePublished\":\"2022-04-26T10:32:32+00:00\",\"dateModified\":\"2023-02-10T11:32:44+00:00\",\"breadcrumb\":{\"@id\":\"https:\/\/proventuss.eu\/ro\/produkt\/vi-pro-strongbond-sb25-ms\/#breadcrumb\"},\"inLanguage\":\"ro-RO\",\"potentialAction\":[{\"@type\":\"ReadAction\",\"target\":[\"https:\/\/proventuss.eu\/ro\/produkt\/vi-pro-strongbond-sb25-ms\/\"]}]},{\"@type\":\"ImageObject\",\"inLanguage\":\"ro-RO\",\"@id\":\"https:\/\/proventuss.eu\/ro\/produkt\/vi-pro-strongbond-sb25-ms\/#primaryimage\",\"url\":\"https:\/\/proventuss.eu\/wp-content\/uploads\/2022\/04\/Vi-Pro-Strongbond-SB25-MS.png\",\"contentUrl\":\"https:\/\/proventuss.eu\/wp-content\/uploads\/2022\/04\/Vi-Pro-Strongbond-SB25-MS.png\",\"width\":330,\"height\":1920,\"caption\":\"Na zdj\u0119ciu jednosk\u0142adnikowy uszczelniacz budowlany - doskona\u0142a przyczepno\u015b\u0107 bez podk\u0142adu do wszystkich typowych materia\u0142\u00f3w budowlanych i pod\u0142o\u017cy. Kie\u0142baska 600 ml.\"},{\"@type\":\"BreadcrumbList\",\"@id\":\"https:\/\/proventuss.eu\/ro\/produkt\/vi-pro-strongbond-sb25-ms\/#breadcrumb\",\"itemListElement\":[{\"@type\":\"ListItem\",\"position\":1,\"name\":\"Home\",\"item\":\"https:\/\/proventuss.eu\/ro\/\"},{\"@type\":\"ListItem\",\"position\":2,\"name\":\"Produse\",\"item\":\"https:\/\/proventuss.eu\/produse\/\"},{\"@type\":\"ListItem\",\"position\":3,\"name\":\"Vi-Pro\u00ae Strongbond SB25 MS\"}]},{\"@type\":\"WebSite\",\"@id\":\"https:\/\/proventuss.eu\/#website\",\"url\":\"https:\/\/proventuss.eu\/\",\"name\":\"Proventuss\",\"description\":\"\",\"potentialAction\":[{\"@type\":\"SearchAction\",\"target\":{\"@type\":\"EntryPoint\",\"urlTemplate\":\"https:\/\/proventuss.eu\/?s={search_term_string}\"},\"query-input\":\"required name=search_term_string\"}],\"inLanguage\":\"ro-RO\"}]}<\/script>\n<!-- \/ Yoast SEO plugin. -->","yoast_head_json":{"title":"Vi-Pro\u00ae Strongbond SB25 MS - Proventuss","robots":{"index":"index","follow":"follow","max-snippet":"max-snippet:-1","max-image-preview":"max-image-preview:large","max-video-preview":"max-video-preview:-1"},"canonical":"https:\/\/proventuss.eu\/ro\/produkt\/vi-pro-strongbond-sb25-ms\/","og_locale":"ro_RO","og_type":"article","og_title":"Vi-Pro\u00ae Strongbond SB25 MS - Proventuss","og_description":"Sigilant pentru construc\u021bii, monocomponent cu modulus ridicat Vi-Pro\u00ae Strongbond SB25 MS este un sigilant pentru construc\u021bii, monocomponent, cu modul mare \u015fi elasticitate permanent\u0103, bazat pe tehnologia polimerilor cu termina\u021bii de silan. Se \u020bnt\u0103re\u015fte sub influen\u021ba umidit\u0103\u021bii atmosferice \u015fi formeaz\u0103 un sigilant elastic, cu excelente propriet\u0103\u021bi de aderen\u021b\u0103 \u015fi rezisten\u021b\u0103 la \u020bmb\u0103tr\u00e2nire \u015fi la condi\u021biile meteorologice. [&hellip;]","og_url":"https:\/\/proventuss.eu\/ro\/produkt\/vi-pro-strongbond-sb25-ms\/","og_site_name":"Proventuss","article_modified_time":"2023-02-10T11:32:44+00:00","og_image":[{"width":330,"height":1920,"url":"https:\/\/proventuss.eu\/wp-content\/uploads\/2022\/04\/Vi-Pro-Strongbond-SB25-MS.png","type":"image\/png"}],"twitter_card":"summary_large_image","twitter_misc":{"Timp estimat pentru citire":"2 minute"},"schema":{"@context":"https:\/\/schema.org","@graph":[{"@type":"WebPage","@id":"https:\/\/proventuss.eu\/ro\/produkt\/vi-pro-strongbond-sb25-ms\/","url":"https:\/\/proventuss.eu\/ro\/produkt\/vi-pro-strongbond-sb25-ms\/","name":"Vi-Pro\u00ae Strongbond SB25 MS - Proventuss","isPartOf":{"@id":"https:\/\/proventuss.eu\/#website"},"primaryImageOfPage":{"@id":"https:\/\/proventuss.eu\/ro\/produkt\/vi-pro-strongbond-sb25-ms\/#primaryimage"},"image":{"@id":"https:\/\/proventuss.eu\/ro\/produkt\/vi-pro-strongbond-sb25-ms\/#primaryimage"},"thumbnailUrl":"https:\/\/proventuss.eu\/wp-content\/uploads\/2022\/04\/Vi-Pro-Strongbond-SB25-MS.png","datePublished":"2022-04-26T10:32:32+00:00","dateModified":"2023-02-10T11:32:44+00:00","breadcrumb":{"@id":"https:\/\/proventuss.eu\/ro\/produkt\/vi-pro-strongbond-sb25-ms\/#breadcrumb"},"inLanguage":"ro-RO","potentialAction":[{"@type":"ReadAction","target":["https:\/\/proventuss.eu\/ro\/produkt\/vi-pro-strongbond-sb25-ms\/"]}]},{"@type":"ImageObject","inLanguage":"ro-RO","@id":"https:\/\/proventuss.eu\/ro\/produkt\/vi-pro-strongbond-sb25-ms\/#primaryimage","url":"https:\/\/proventuss.eu\/wp-content\/uploads\/2022\/04\/Vi-Pro-Strongbond-SB25-MS.png","contentUrl":"https:\/\/proventuss.eu\/wp-content\/uploads\/2022\/04\/Vi-Pro-Strongbond-SB25-MS.png","width":330,"height":1920,"caption":"Na zdj\u0119ciu jednosk\u0142adnikowy uszczelniacz budowlany - doskona\u0142a przyczepno\u015b\u0107 bez podk\u0142adu do wszystkich typowych materia\u0142\u00f3w budowlanych i pod\u0142o\u017cy. Kie\u0142baska 600 ml."},{"@type":"BreadcrumbList","@id":"https:\/\/proventuss.eu\/ro\/produkt\/vi-pro-strongbond-sb25-ms\/#breadcrumb","itemListElement":[{"@type":"ListItem","position":1,"name":"Home","item":"https:\/\/proventuss.eu\/ro\/"},{"@type":"ListItem","position":2,"name":"Produse","item":"https:\/\/proventuss.eu\/produse\/"},{"@type":"ListItem","position":3,"name":"Vi-Pro\u00ae Strongbond SB25 MS"}]},{"@type":"WebSite","@id":"https:\/\/proventuss.eu\/#website","url":"https:\/\/proventuss.eu\/","name":"Proventuss","description":"","potentialAction":[{"@type":"SearchAction","target":{"@type":"EntryPoint","urlTemplate":"https:\/\/proventuss.eu\/?s={search_term_string}"},"query-input":"required name=search_term_string"}],"inLanguage":"ro-RO"}]}},"_links":{"self":[{"href":"https:\/\/proventuss.eu\/ro\/wp-json\/wp\/v2\/product\/10270"}],"collection":[{"href":"https:\/\/proventuss.eu\/ro\/wp-json\/wp\/v2\/product"}],"about":[{"href":"https:\/\/proventuss.eu\/ro\/wp-json\/wp\/v2\/types\/product"}],"replies":[{"embeddable":true,"href":"https:\/\/proventuss.eu\/ro\/wp-json\/wp\/v2\/comments?post=10270"}],"wp:featuredmedia":[{"embeddable":true,"href":"https:\/\/proventuss.eu\/ro\/wp-json\/wp\/v2\/media\/10054"}],"wp:attachment":[{"href":"https:\/\/proventuss.eu\/ro\/wp-json\/wp\/v2\/media?parent=10270"}],"wp:term":[{"taxonomy":"product_cat","embeddable":true,"href":"https:\/\/proventuss.eu\/ro\/wp-json\/wp\/v2\/product_cat?post=10270"},{"taxonomy":"product_tag","embeddable":true,"href":"https:\/\/proventuss.eu\/ro\/wp-json\/wp\/v2\/product_tag?post=10270"}],"curies":[{"name":"wp","href":"https:\/\/api.w.org\/{rel}","templated":true}]}}