{"id":10269,"date":"2022-04-26T10:30:27","date_gmt":"2022-04-26T10:30:27","guid":{"rendered":"https:\/\/proventuss.eu\/produkt\/vi-pro-strongbond-sb20-ms\/"},"modified":"2022-04-26T10:30:27","modified_gmt":"2022-04-26T10:30:27","slug":"vi-pro-strongbond-sb20-ms","status":"publish","type":"product","link":"https:\/\/proventuss.eu\/ro\/produs\/vi-pro-strongbond-sb20-ms\/","title":{"rendered":"Vi-Pro\u00ae Strongbond SB20 MS"},"content":{"rendered":"<p><strong>Sigilant pentru construc\u021bii, monocomponent, cu modul mic<\/strong><\/p>\n<p>Vi-Pro\u00ae Strongbond SB20 MS este un sigilant pentru construc\u021bii, monocomponent, aplicabil cu pistolul, nu curge \u2013 cordon de adeziv stabil, pe baz\u0103 de polimer modificat cu silan. Se \u020bnt\u0103re\u015fte sub influen\u021ba umidit\u0103\u021bii atmosferice \u015fi formeaz\u0103 un compus cu performan\u021b\u0103 ridicat\u0103, cu elasticitate permanent\u0103 \u015fi o rezisten\u021b\u0103 ridicat\u0103 la \u020bmb\u0103tr\u00e2nire \u015fi la condi\u021biile meteorologice. Nu con\u021bine solven\u021bi \u015fi izociana\u021bi. Vi-Pro\u00ae Strongbond<br \/>\nSB20 MS este un sigilant pentru construc\u021bii, versatil \u015fi performant, recomandat \u020bn aplica\u021bii verticale \u015fi orizontale, pentru rosturile de dilatare ale construc\u021biilor, rosturi la \u020bmbinarea elementelor prefabricate, pere\u021bilor exteriori sau la plac\u0103ri. Potrivit pentru sigil\u0103ri de acoperi\u015furi si jgheaburi metalice, parape\u021bi de poduri \u015fi balcoane, impermeabilizarea rosturilor dintre c\u0103r\u0103mizi, blocuri de zid\u0103rii, lemn, beton, ferestre<br \/>\nde metal sau tocuri de u\u015fi.<\/p>\n<p><strong>Beneficii:<\/strong><\/p>\n<p>&#8211; Prietenos cu mediul inconjur\u0103tor \u2013 nu con\u021bine solven\u021bi sau izociana\u021bi<br \/>\n&#8211; Nu necesit\u0103 avertizarea\/marcajul \u201cPericol\u201d<br \/>\n&#8211; Nu formeaz\u0103 bule, nu are miros<br \/>\n&#8211; Lipe\u015fte \u015fi sigileaz\u0103 \u020bn acela\u015fi timp<br \/>\n&#8211; Elasticitate permanent\u0103, recomandat pentru rosturi cu mi\u015fc\u0103ri de \u00b125%<br \/>\n&#8211; U\u015for de aplicat cu pistolul, cu o excelent\u0103 consisten\u021b\u0103 pentru finisare.<br \/>\n&#8211; Aderen\u021b\u0103 performant\u0103 pe toate materiale de construc\u021bii<br \/>\n&#8211; Tixotropie excep\u021bional\u0103, nu curge av\u00e2nd resturi de aplicare mici<br \/>\n&#8211; Aderen\u021b\u0103 excelent\u0103 f\u0103r\u0103 primer pe toate materialele industriale \u015fi de construc\u021bii tipice.<br \/>\n&#8211; Nu p\u0103teaz\u0103 betonul sau materialele poroase<br \/>\n&#8211; Rezisten\u021b\u0103 excelent\u0103 la \u020bmb\u0103tr\u00e2nire, vreme; culoare stabil\u0103, nu se ing\u0103lbene\u015fte<br \/>\n&#8211; Permite vopsirea ulterioar\u0103 cu vopseluri pe baz\u0103 de ap\u0103 sau solven\u021bi (se recomand\u0103 testarea suprafe\u021bei la \u020bnceput)<\/p>\n","protected":false},"excerpt":{"rendered":"<p>Sigilant pentru construc\u021bii, monocomponent, cu modul mic Vi-Pro\u00ae Strongbond SB20 MS este un sigilant pentru construc\u021bii, monocomponent, aplicabil cu pistolul, nu curge \u2013 cordon de adeziv stabil, pe baz\u0103 de polimer modificat cu silan. Se \u020bnt\u0103re\u015fte sub influen\u021ba umidit\u0103\u021bii atmosferice \u015fi formeaz\u0103 un compus cu performan\u021b\u0103 ridicat\u0103, cu elasticitate permanent\u0103 \u015fi o rezisten\u021b\u0103 ridicat\u0103 la [&hellip;]<\/p>\n","protected":false},"featured_media":10053,"comment_status":"open","ping_status":"closed","template":"","meta":{"_acf_changed":false},"product_cat":[420],"product_tag":[],"acf":[],"yoast_head":"<!-- This site is optimized with the Yoast SEO plugin v22.9 - https:\/\/yoast.com\/wordpress\/plugins\/seo\/ -->\n<title>Vi-Pro\u00ae Strongbond SB20 MS - Proventuss<\/title>\n<meta name=\"robots\" content=\"index, follow, max-snippet:-1, max-image-preview:large, max-video-preview:-1\" \/>\n<link rel=\"canonical\" href=\"https:\/\/proventuss.eu\/ro\/produkt\/vi-pro-strongbond-sb20-ms\/\" \/>\n<meta property=\"og:locale\" content=\"ro_RO\" \/>\n<meta property=\"og:type\" content=\"article\" \/>\n<meta property=\"og:title\" content=\"Vi-Pro\u00ae Strongbond SB20 MS - Proventuss\" \/>\n<meta property=\"og:description\" content=\"Sigilant pentru construc\u021bii, monocomponent, cu modul mic Vi-Pro\u00ae Strongbond SB20 MS este un sigilant pentru construc\u021bii, monocomponent, aplicabil cu pistolul, nu curge \u2013 cordon de adeziv stabil, pe baz\u0103 de polimer modificat cu silan. Se \u020bnt\u0103re\u015fte sub influen\u021ba umidit\u0103\u021bii atmosferice \u015fi formeaz\u0103 un compus cu performan\u021b\u0103 ridicat\u0103, cu elasticitate permanent\u0103 \u015fi o rezisten\u021b\u0103 ridicat\u0103 la [&hellip;]\" \/>\n<meta property=\"og:url\" content=\"https:\/\/proventuss.eu\/ro\/produkt\/vi-pro-strongbond-sb20-ms\/\" \/>\n<meta property=\"og:site_name\" content=\"Proventuss\" \/>\n<meta property=\"og:image\" content=\"https:\/\/proventuss.eu\/wp-content\/uploads\/2022\/04\/Vi-Pro-Strongbond-SB20-MS.png\" \/>\n\t<meta property=\"og:image:width\" content=\"317\" \/>\n\t<meta property=\"og:image:height\" content=\"1920\" \/>\n\t<meta property=\"og:image:type\" content=\"image\/png\" \/>\n<meta name=\"twitter:card\" content=\"summary_large_image\" \/>\n<meta name=\"twitter:label1\" content=\"Timp estimat pentru citire\" \/>\n\t<meta name=\"twitter:data1\" content=\"1 minut\" \/>\n<script type=\"application\/ld+json\" class=\"yoast-schema-graph\">{\"@context\":\"https:\/\/schema.org\",\"@graph\":[{\"@type\":\"WebPage\",\"@id\":\"https:\/\/proventuss.eu\/ro\/produkt\/vi-pro-strongbond-sb20-ms\/\",\"url\":\"https:\/\/proventuss.eu\/ro\/produkt\/vi-pro-strongbond-sb20-ms\/\",\"name\":\"Vi-Pro\u00ae Strongbond SB20 MS - Proventuss\",\"isPartOf\":{\"@id\":\"https:\/\/proventuss.eu\/#website\"},\"primaryImageOfPage\":{\"@id\":\"https:\/\/proventuss.eu\/ro\/produkt\/vi-pro-strongbond-sb20-ms\/#primaryimage\"},\"image\":{\"@id\":\"https:\/\/proventuss.eu\/ro\/produkt\/vi-pro-strongbond-sb20-ms\/#primaryimage\"},\"thumbnailUrl\":\"https:\/\/proventuss.eu\/wp-content\/uploads\/2022\/04\/Vi-Pro-Strongbond-SB20-MS.png\",\"datePublished\":\"2022-04-26T10:30:27+00:00\",\"dateModified\":\"2022-04-26T10:30:27+00:00\",\"breadcrumb\":{\"@id\":\"https:\/\/proventuss.eu\/ro\/produkt\/vi-pro-strongbond-sb20-ms\/#breadcrumb\"},\"inLanguage\":\"ro-RO\",\"potentialAction\":[{\"@type\":\"ReadAction\",\"target\":[\"https:\/\/proventuss.eu\/ro\/produkt\/vi-pro-strongbond-sb20-ms\/\"]}]},{\"@type\":\"ImageObject\",\"inLanguage\":\"ro-RO\",\"@id\":\"https:\/\/proventuss.eu\/ro\/produkt\/vi-pro-strongbond-sb20-ms\/#primaryimage\",\"url\":\"https:\/\/proventuss.eu\/wp-content\/uploads\/2022\/04\/Vi-Pro-Strongbond-SB20-MS.png\",\"contentUrl\":\"https:\/\/proventuss.eu\/wp-content\/uploads\/2022\/04\/Vi-Pro-Strongbond-SB20-MS.png\",\"width\":317,\"height\":1920,\"caption\":\"Na zdj\u0119ciu wydajny, jednosk\u0142adnikowy uszczelniacz budowlany do uszczelniania metalowych dach\u00f3w i rynien, most\u00f3w i parapet\u00f3w balkonowych. Kie\u0142baska.\"},{\"@type\":\"BreadcrumbList\",\"@id\":\"https:\/\/proventuss.eu\/ro\/produkt\/vi-pro-strongbond-sb20-ms\/#breadcrumb\",\"itemListElement\":[{\"@type\":\"ListItem\",\"position\":1,\"name\":\"Home\",\"item\":\"https:\/\/proventuss.eu\/ro\/\"},{\"@type\":\"ListItem\",\"position\":2,\"name\":\"Produse\",\"item\":\"https:\/\/proventuss.eu\/produse\/\"},{\"@type\":\"ListItem\",\"position\":3,\"name\":\"Vi-Pro\u00ae Strongbond SB20 MS\"}]},{\"@type\":\"WebSite\",\"@id\":\"https:\/\/proventuss.eu\/#website\",\"url\":\"https:\/\/proventuss.eu\/\",\"name\":\"Proventuss\",\"description\":\"\",\"potentialAction\":[{\"@type\":\"SearchAction\",\"target\":{\"@type\":\"EntryPoint\",\"urlTemplate\":\"https:\/\/proventuss.eu\/?s={search_term_string}\"},\"query-input\":\"required name=search_term_string\"}],\"inLanguage\":\"ro-RO\"}]}<\/script>\n<!-- \/ Yoast SEO plugin. -->","yoast_head_json":{"title":"Vi-Pro\u00ae Strongbond SB20 MS - Proventuss","robots":{"index":"index","follow":"follow","max-snippet":"max-snippet:-1","max-image-preview":"max-image-preview:large","max-video-preview":"max-video-preview:-1"},"canonical":"https:\/\/proventuss.eu\/ro\/produkt\/vi-pro-strongbond-sb20-ms\/","og_locale":"ro_RO","og_type":"article","og_title":"Vi-Pro\u00ae Strongbond SB20 MS - Proventuss","og_description":"Sigilant pentru construc\u021bii, monocomponent, cu modul mic Vi-Pro\u00ae Strongbond SB20 MS este un sigilant pentru construc\u021bii, monocomponent, aplicabil cu pistolul, nu curge \u2013 cordon de adeziv stabil, pe baz\u0103 de polimer modificat cu silan. Se \u020bnt\u0103re\u015fte sub influen\u021ba umidit\u0103\u021bii atmosferice \u015fi formeaz\u0103 un compus cu performan\u021b\u0103 ridicat\u0103, cu elasticitate permanent\u0103 \u015fi o rezisten\u021b\u0103 ridicat\u0103 la [&hellip;]","og_url":"https:\/\/proventuss.eu\/ro\/produkt\/vi-pro-strongbond-sb20-ms\/","og_site_name":"Proventuss","og_image":[{"width":317,"height":1920,"url":"https:\/\/proventuss.eu\/wp-content\/uploads\/2022\/04\/Vi-Pro-Strongbond-SB20-MS.png","type":"image\/png"}],"twitter_card":"summary_large_image","twitter_misc":{"Timp estimat pentru citire":"1 minut"},"schema":{"@context":"https:\/\/schema.org","@graph":[{"@type":"WebPage","@id":"https:\/\/proventuss.eu\/ro\/produkt\/vi-pro-strongbond-sb20-ms\/","url":"https:\/\/proventuss.eu\/ro\/produkt\/vi-pro-strongbond-sb20-ms\/","name":"Vi-Pro\u00ae Strongbond SB20 MS - Proventuss","isPartOf":{"@id":"https:\/\/proventuss.eu\/#website"},"primaryImageOfPage":{"@id":"https:\/\/proventuss.eu\/ro\/produkt\/vi-pro-strongbond-sb20-ms\/#primaryimage"},"image":{"@id":"https:\/\/proventuss.eu\/ro\/produkt\/vi-pro-strongbond-sb20-ms\/#primaryimage"},"thumbnailUrl":"https:\/\/proventuss.eu\/wp-content\/uploads\/2022\/04\/Vi-Pro-Strongbond-SB20-MS.png","datePublished":"2022-04-26T10:30:27+00:00","dateModified":"2022-04-26T10:30:27+00:00","breadcrumb":{"@id":"https:\/\/proventuss.eu\/ro\/produkt\/vi-pro-strongbond-sb20-ms\/#breadcrumb"},"inLanguage":"ro-RO","potentialAction":[{"@type":"ReadAction","target":["https:\/\/proventuss.eu\/ro\/produkt\/vi-pro-strongbond-sb20-ms\/"]}]},{"@type":"ImageObject","inLanguage":"ro-RO","@id":"https:\/\/proventuss.eu\/ro\/produkt\/vi-pro-strongbond-sb20-ms\/#primaryimage","url":"https:\/\/proventuss.eu\/wp-content\/uploads\/2022\/04\/Vi-Pro-Strongbond-SB20-MS.png","contentUrl":"https:\/\/proventuss.eu\/wp-content\/uploads\/2022\/04\/Vi-Pro-Strongbond-SB20-MS.png","width":317,"height":1920,"caption":"Na zdj\u0119ciu wydajny, jednosk\u0142adnikowy uszczelniacz budowlany do uszczelniania metalowych dach\u00f3w i rynien, most\u00f3w i parapet\u00f3w balkonowych. Kie\u0142baska."},{"@type":"BreadcrumbList","@id":"https:\/\/proventuss.eu\/ro\/produkt\/vi-pro-strongbond-sb20-ms\/#breadcrumb","itemListElement":[{"@type":"ListItem","position":1,"name":"Home","item":"https:\/\/proventuss.eu\/ro\/"},{"@type":"ListItem","position":2,"name":"Produse","item":"https:\/\/proventuss.eu\/produse\/"},{"@type":"ListItem","position":3,"name":"Vi-Pro\u00ae Strongbond SB20 MS"}]},{"@type":"WebSite","@id":"https:\/\/proventuss.eu\/#website","url":"https:\/\/proventuss.eu\/","name":"Proventuss","description":"","potentialAction":[{"@type":"SearchAction","target":{"@type":"EntryPoint","urlTemplate":"https:\/\/proventuss.eu\/?s={search_term_string}"},"query-input":"required name=search_term_string"}],"inLanguage":"ro-RO"}]}},"_links":{"self":[{"href":"https:\/\/proventuss.eu\/ro\/wp-json\/wp\/v2\/product\/10269"}],"collection":[{"href":"https:\/\/proventuss.eu\/ro\/wp-json\/wp\/v2\/product"}],"about":[{"href":"https:\/\/proventuss.eu\/ro\/wp-json\/wp\/v2\/types\/product"}],"replies":[{"embeddable":true,"href":"https:\/\/proventuss.eu\/ro\/wp-json\/wp\/v2\/comments?post=10269"}],"wp:featuredmedia":[{"embeddable":true,"href":"https:\/\/proventuss.eu\/ro\/wp-json\/wp\/v2\/media\/10053"}],"wp:attachment":[{"href":"https:\/\/proventuss.eu\/ro\/wp-json\/wp\/v2\/media?parent=10269"}],"wp:term":[{"taxonomy":"product_cat","embeddable":true,"href":"https:\/\/proventuss.eu\/ro\/wp-json\/wp\/v2\/product_cat?post=10269"},{"taxonomy":"product_tag","embeddable":true,"href":"https:\/\/proventuss.eu\/ro\/wp-json\/wp\/v2\/product_tag?post=10269"}],"curies":[{"name":"wp","href":"https:\/\/api.w.org\/{rel}","templated":true}]}}