{"id":10268,"date":"2022-04-26T10:17:26","date_gmt":"2022-04-26T10:17:26","guid":{"rendered":"https:\/\/proventuss.eu\/produkt\/dowsil-881\/"},"modified":"2022-04-26T10:17:26","modified_gmt":"2022-04-26T10:17:26","slug":"dowsil-881","status":"publish","type":"product","link":"https:\/\/proventuss.eu\/ro\/produs\/dowsil-881\/","title":{"rendered":"DOWSIL 881"},"content":{"rendered":"<p>Adeziv siliconic cu rezisten\u021b\u0103 mare, modul ridicat, adeziv siliconic acetoxy monocomponent, recomandat \u020bn special pentru lipirea sticlei unde se necesit\u0103 o lipire<br \/>\nrigid\u0103 \u015fi foarte puternic\u0103, \u020bmpreun\u0103 cu o uscare rapid\u0103 \u015fi rezisten\u021b\u0103 la UV \u015fi la contactul cu apa. Poate fi folosit pentru lipirea acvariilor de mici dimensiuni conform<br \/>\nnormei DIN 32622 \u015fi pentru sigilarea \u015fi lipirea pere\u021bilor f\u0103cu\u021bi din blocuri de sticl\u0103. Nu este potrivit pentru aplica\u021bii structurale \u015fi de izola\u021bie.<\/p>\n<p>Beneficii:<br \/>\n&#8211; Sigilant acetoxy monocomponent cu \u020bnt\u0103rire rapid\u0103<br \/>\n&#8211; Rezistent la expunere UV<br \/>\n&#8211; Rezistent la imersia intermitent\u0103 \u020bn ap\u0103<br \/>\n&#8211; Aderen\u021b\u0103 ridicat\u0103 \u015fi de durat\u0103 pe sticl\u0103v<\/p>\n<p><strong>Ambalare\/culori:<\/strong><br \/>\nCartu\u015f: 310 ml<br \/>\n<strong>Culori:<\/strong> transparent, negru<\/p>\n","protected":false},"excerpt":{"rendered":"<p>Adeziv siliconic cu rezisten\u021b\u0103 mare, modul ridicat, adeziv siliconic acetoxy monocomponent, recomandat \u020bn special pentru lipirea sticlei unde se necesit\u0103 o lipire rigid\u0103 \u015fi foarte puternic\u0103, \u020bmpreun\u0103 cu o uscare rapid\u0103 \u015fi rezisten\u021b\u0103 la UV \u015fi la contactul cu apa. Poate fi folosit pentru lipirea acvariilor de mici dimensiuni conform normei DIN 32622 \u015fi pentru [&hellip;]<\/p>\n","protected":false},"featured_media":9592,"comment_status":"open","ping_status":"closed","template":"","meta":{"_acf_changed":false},"product_cat":[420],"product_tag":[],"acf":[],"yoast_head":"<!-- This site is optimized with the Yoast SEO plugin v22.9 - https:\/\/yoast.com\/wordpress\/plugins\/seo\/ -->\n<title>DOWSIL 881 - Proventuss<\/title>\n<meta name=\"robots\" content=\"index, follow, max-snippet:-1, max-image-preview:large, max-video-preview:-1\" \/>\n<link rel=\"canonical\" href=\"https:\/\/proventuss.eu\/ro\/produkt\/dowsil-881\/\" \/>\n<meta property=\"og:locale\" content=\"ro_RO\" \/>\n<meta property=\"og:type\" content=\"article\" \/>\n<meta property=\"og:title\" content=\"DOWSIL 881 - Proventuss\" \/>\n<meta property=\"og:description\" content=\"Adeziv siliconic cu rezisten\u021b\u0103 mare, modul ridicat, adeziv siliconic acetoxy monocomponent, recomandat \u020bn special pentru lipirea sticlei unde se necesit\u0103 o lipire rigid\u0103 \u015fi foarte puternic\u0103, \u020bmpreun\u0103 cu o uscare rapid\u0103 \u015fi rezisten\u021b\u0103 la UV \u015fi la contactul cu apa. Poate fi folosit pentru lipirea acvariilor de mici dimensiuni conform normei DIN 32622 \u015fi pentru [&hellip;]\" \/>\n<meta property=\"og:url\" content=\"https:\/\/proventuss.eu\/ro\/produkt\/dowsil-881\/\" \/>\n<meta property=\"og:site_name\" content=\"Proventuss\" \/>\n<meta property=\"og:image\" content=\"https:\/\/proventuss.eu\/wp-content\/uploads\/2022\/04\/881.png\" \/>\n\t<meta property=\"og:image:width\" content=\"232\" \/>\n\t<meta property=\"og:image:height\" content=\"640\" \/>\n\t<meta property=\"og:image:type\" content=\"image\/png\" \/>\n<meta name=\"twitter:card\" content=\"summary_large_image\" \/>\n<meta name=\"twitter:label1\" content=\"Timp estimat pentru citire\" \/>\n\t<meta name=\"twitter:data1\" content=\"1 minut\" \/>\n<script type=\"application\/ld+json\" class=\"yoast-schema-graph\">{\"@context\":\"https:\/\/schema.org\",\"@graph\":[{\"@type\":\"WebPage\",\"@id\":\"https:\/\/proventuss.eu\/ro\/produkt\/dowsil-881\/\",\"url\":\"https:\/\/proventuss.eu\/ro\/produkt\/dowsil-881\/\",\"name\":\"DOWSIL 881 - Proventuss\",\"isPartOf\":{\"@id\":\"https:\/\/proventuss.eu\/#website\"},\"primaryImageOfPage\":{\"@id\":\"https:\/\/proventuss.eu\/ro\/produkt\/dowsil-881\/#primaryimage\"},\"image\":{\"@id\":\"https:\/\/proventuss.eu\/ro\/produkt\/dowsil-881\/#primaryimage\"},\"thumbnailUrl\":\"https:\/\/proventuss.eu\/wp-content\/uploads\/2022\/04\/881.png\",\"datePublished\":\"2022-04-26T10:17:26+00:00\",\"dateModified\":\"2022-04-26T10:17:26+00:00\",\"breadcrumb\":{\"@id\":\"https:\/\/proventuss.eu\/ro\/produkt\/dowsil-881\/#breadcrumb\"},\"inLanguage\":\"ro-RO\",\"potentialAction\":[{\"@type\":\"ReadAction\",\"target\":[\"https:\/\/proventuss.eu\/ro\/produkt\/dowsil-881\/\"]}]},{\"@type\":\"ImageObject\",\"inLanguage\":\"ro-RO\",\"@id\":\"https:\/\/proventuss.eu\/ro\/produkt\/dowsil-881\/#primaryimage\",\"url\":\"https:\/\/proventuss.eu\/wp-content\/uploads\/2022\/04\/881.png\",\"contentUrl\":\"https:\/\/proventuss.eu\/wp-content\/uploads\/2022\/04\/881.png\",\"width\":232,\"height\":640},{\"@type\":\"BreadcrumbList\",\"@id\":\"https:\/\/proventuss.eu\/ro\/produkt\/dowsil-881\/#breadcrumb\",\"itemListElement\":[{\"@type\":\"ListItem\",\"position\":1,\"name\":\"Home\",\"item\":\"https:\/\/proventuss.eu\/ro\/\"},{\"@type\":\"ListItem\",\"position\":2,\"name\":\"Produse\",\"item\":\"https:\/\/proventuss.eu\/produse\/\"},{\"@type\":\"ListItem\",\"position\":3,\"name\":\"DOWSIL 881\"}]},{\"@type\":\"WebSite\",\"@id\":\"https:\/\/proventuss.eu\/#website\",\"url\":\"https:\/\/proventuss.eu\/\",\"name\":\"Proventuss\",\"description\":\"\",\"potentialAction\":[{\"@type\":\"SearchAction\",\"target\":{\"@type\":\"EntryPoint\",\"urlTemplate\":\"https:\/\/proventuss.eu\/?s={search_term_string}\"},\"query-input\":\"required name=search_term_string\"}],\"inLanguage\":\"ro-RO\"}]}<\/script>\n<!-- \/ Yoast SEO plugin. -->","yoast_head_json":{"title":"DOWSIL 881 - Proventuss","robots":{"index":"index","follow":"follow","max-snippet":"max-snippet:-1","max-image-preview":"max-image-preview:large","max-video-preview":"max-video-preview:-1"},"canonical":"https:\/\/proventuss.eu\/ro\/produkt\/dowsil-881\/","og_locale":"ro_RO","og_type":"article","og_title":"DOWSIL 881 - Proventuss","og_description":"Adeziv siliconic cu rezisten\u021b\u0103 mare, modul ridicat, adeziv siliconic acetoxy monocomponent, recomandat \u020bn special pentru lipirea sticlei unde se necesit\u0103 o lipire rigid\u0103 \u015fi foarte puternic\u0103, \u020bmpreun\u0103 cu o uscare rapid\u0103 \u015fi rezisten\u021b\u0103 la UV \u015fi la contactul cu apa. Poate fi folosit pentru lipirea acvariilor de mici dimensiuni conform normei DIN 32622 \u015fi pentru [&hellip;]","og_url":"https:\/\/proventuss.eu\/ro\/produkt\/dowsil-881\/","og_site_name":"Proventuss","og_image":[{"width":232,"height":640,"url":"https:\/\/proventuss.eu\/wp-content\/uploads\/2022\/04\/881.png","type":"image\/png"}],"twitter_card":"summary_large_image","twitter_misc":{"Timp estimat pentru citire":"1 minut"},"schema":{"@context":"https:\/\/schema.org","@graph":[{"@type":"WebPage","@id":"https:\/\/proventuss.eu\/ro\/produkt\/dowsil-881\/","url":"https:\/\/proventuss.eu\/ro\/produkt\/dowsil-881\/","name":"DOWSIL 881 - Proventuss","isPartOf":{"@id":"https:\/\/proventuss.eu\/#website"},"primaryImageOfPage":{"@id":"https:\/\/proventuss.eu\/ro\/produkt\/dowsil-881\/#primaryimage"},"image":{"@id":"https:\/\/proventuss.eu\/ro\/produkt\/dowsil-881\/#primaryimage"},"thumbnailUrl":"https:\/\/proventuss.eu\/wp-content\/uploads\/2022\/04\/881.png","datePublished":"2022-04-26T10:17:26+00:00","dateModified":"2022-04-26T10:17:26+00:00","breadcrumb":{"@id":"https:\/\/proventuss.eu\/ro\/produkt\/dowsil-881\/#breadcrumb"},"inLanguage":"ro-RO","potentialAction":[{"@type":"ReadAction","target":["https:\/\/proventuss.eu\/ro\/produkt\/dowsil-881\/"]}]},{"@type":"ImageObject","inLanguage":"ro-RO","@id":"https:\/\/proventuss.eu\/ro\/produkt\/dowsil-881\/#primaryimage","url":"https:\/\/proventuss.eu\/wp-content\/uploads\/2022\/04\/881.png","contentUrl":"https:\/\/proventuss.eu\/wp-content\/uploads\/2022\/04\/881.png","width":232,"height":640},{"@type":"BreadcrumbList","@id":"https:\/\/proventuss.eu\/ro\/produkt\/dowsil-881\/#breadcrumb","itemListElement":[{"@type":"ListItem","position":1,"name":"Home","item":"https:\/\/proventuss.eu\/ro\/"},{"@type":"ListItem","position":2,"name":"Produse","item":"https:\/\/proventuss.eu\/produse\/"},{"@type":"ListItem","position":3,"name":"DOWSIL 881"}]},{"@type":"WebSite","@id":"https:\/\/proventuss.eu\/#website","url":"https:\/\/proventuss.eu\/","name":"Proventuss","description":"","potentialAction":[{"@type":"SearchAction","target":{"@type":"EntryPoint","urlTemplate":"https:\/\/proventuss.eu\/?s={search_term_string}"},"query-input":"required name=search_term_string"}],"inLanguage":"ro-RO"}]}},"_links":{"self":[{"href":"https:\/\/proventuss.eu\/ro\/wp-json\/wp\/v2\/product\/10268"}],"collection":[{"href":"https:\/\/proventuss.eu\/ro\/wp-json\/wp\/v2\/product"}],"about":[{"href":"https:\/\/proventuss.eu\/ro\/wp-json\/wp\/v2\/types\/product"}],"replies":[{"embeddable":true,"href":"https:\/\/proventuss.eu\/ro\/wp-json\/wp\/v2\/comments?post=10268"}],"wp:featuredmedia":[{"embeddable":true,"href":"https:\/\/proventuss.eu\/ro\/wp-json\/wp\/v2\/media\/9592"}],"wp:attachment":[{"href":"https:\/\/proventuss.eu\/ro\/wp-json\/wp\/v2\/media?parent=10268"}],"wp:term":[{"taxonomy":"product_cat","embeddable":true,"href":"https:\/\/proventuss.eu\/ro\/wp-json\/wp\/v2\/product_cat?post=10268"},{"taxonomy":"product_tag","embeddable":true,"href":"https:\/\/proventuss.eu\/ro\/wp-json\/wp\/v2\/product_tag?post=10268"}],"curies":[{"name":"wp","href":"https:\/\/api.w.org\/{rel}","templated":true}]}}