{"id":10267,"date":"2022-04-26T10:14:23","date_gmt":"2022-04-26T10:14:23","guid":{"rendered":"https:\/\/proventuss.eu\/produkt\/dowsil-817\/"},"modified":"2022-04-26T10:14:23","modified_gmt":"2022-04-26T10:14:23","slug":"dowsil-817","status":"publish","type":"product","link":"https:\/\/proventuss.eu\/ro\/produs\/dowsil-817\/","title":{"rendered":"DOWSIL 817"},"content":{"rendered":"<p>Adeziv siliconic monocomponent, pentru oglinzi, av\u00e2nd modul ridicat, pentru fixarea la interior a oglinzilor, a sticlei emailate sau panourilor de metal pe diferite substratur.<\/p>\n<p><strong>Beneficii:<\/strong><br \/>\n&#8211; Aderen\u021b\u0103 excelent\u0103 f\u0103r\u0103 primer pe mai toate sticlele, suprafe\u021bele metalice sau acoperite de oglind\u0103.<br \/>\n&#8211; Sistem neutru de int\u0103rire, non-coroziv<br \/>\n&#8211; Rezisten\u021b\u0103 excelent\u0103 la c\u0103ldur\u0103 \u015fi umiditate<br \/>\n&#8211; F\u0103r\u0103 miros<br \/>\n&#8211; Rezistent la ozon, radia\u021bii UV \u015fi temperaturi extreme<\/p>\n<p><strong>Ambalare\/culori:<\/strong><br \/>\nCartu\u015f: 310 ml<br \/>\n<strong>Culoare:<\/strong> alb<\/p>\n","protected":false},"excerpt":{"rendered":"<p>Adeziv siliconic monocomponent, pentru oglinzi, av\u00e2nd modul ridicat, pentru fixarea la interior a oglinzilor, a sticlei emailate sau panourilor de metal pe diferite substratur. Beneficii: &#8211; Aderen\u021b\u0103 excelent\u0103 f\u0103r\u0103 primer pe mai toate sticlele, suprafe\u021bele metalice sau acoperite de oglind\u0103. &#8211; Sistem neutru de int\u0103rire, non-coroziv &#8211; Rezisten\u021b\u0103 excelent\u0103 la c\u0103ldur\u0103 \u015fi umiditate &#8211; F\u0103r\u0103 [&hellip;]<\/p>\n","protected":false},"featured_media":9640,"comment_status":"open","ping_status":"closed","template":"","meta":{"_acf_changed":false},"product_cat":[420],"product_tag":[],"acf":[],"yoast_head":"<!-- This site is optimized with the Yoast SEO plugin v22.9 - https:\/\/yoast.com\/wordpress\/plugins\/seo\/ -->\n<title>DOWSIL 817 - Proventuss<\/title>\n<meta name=\"robots\" content=\"index, follow, max-snippet:-1, max-image-preview:large, max-video-preview:-1\" \/>\n<link rel=\"canonical\" href=\"https:\/\/proventuss.eu\/ro\/produkt\/dowsil-817\/\" \/>\n<meta property=\"og:locale\" content=\"ro_RO\" \/>\n<meta property=\"og:type\" content=\"article\" \/>\n<meta property=\"og:title\" content=\"DOWSIL 817 - Proventuss\" \/>\n<meta property=\"og:description\" content=\"Adeziv siliconic monocomponent, pentru oglinzi, av\u00e2nd modul ridicat, pentru fixarea la interior a oglinzilor, a sticlei emailate sau panourilor de metal pe diferite substratur. Beneficii: &#8211; Aderen\u021b\u0103 excelent\u0103 f\u0103r\u0103 primer pe mai toate sticlele, suprafe\u021bele metalice sau acoperite de oglind\u0103. &#8211; Sistem neutru de int\u0103rire, non-coroziv &#8211; Rezisten\u021b\u0103 excelent\u0103 la c\u0103ldur\u0103 \u015fi umiditate &#8211; F\u0103r\u0103 [&hellip;]\" \/>\n<meta property=\"og:url\" content=\"https:\/\/proventuss.eu\/ro\/produkt\/dowsil-817\/\" \/>\n<meta property=\"og:site_name\" content=\"Proventuss\" \/>\n<meta property=\"og:image\" content=\"https:\/\/proventuss.eu\/wp-content\/uploads\/2022\/04\/817.jpg\" \/>\n\t<meta property=\"og:image:width\" content=\"408\" \/>\n\t<meta property=\"og:image:height\" content=\"1136\" \/>\n\t<meta property=\"og:image:type\" content=\"image\/jpeg\" \/>\n<meta name=\"twitter:card\" content=\"summary_large_image\" \/>\n<script type=\"application\/ld+json\" class=\"yoast-schema-graph\">{\"@context\":\"https:\/\/schema.org\",\"@graph\":[{\"@type\":\"WebPage\",\"@id\":\"https:\/\/proventuss.eu\/ro\/produkt\/dowsil-817\/\",\"url\":\"https:\/\/proventuss.eu\/ro\/produkt\/dowsil-817\/\",\"name\":\"DOWSIL 817 - Proventuss\",\"isPartOf\":{\"@id\":\"https:\/\/proventuss.eu\/#website\"},\"primaryImageOfPage\":{\"@id\":\"https:\/\/proventuss.eu\/ro\/produkt\/dowsil-817\/#primaryimage\"},\"image\":{\"@id\":\"https:\/\/proventuss.eu\/ro\/produkt\/dowsil-817\/#primaryimage\"},\"thumbnailUrl\":\"https:\/\/proventuss.eu\/wp-content\/uploads\/2022\/04\/817.jpg\",\"datePublished\":\"2022-04-26T10:14:23+00:00\",\"dateModified\":\"2022-04-26T10:14:23+00:00\",\"breadcrumb\":{\"@id\":\"https:\/\/proventuss.eu\/ro\/produkt\/dowsil-817\/#breadcrumb\"},\"inLanguage\":\"ro-RO\",\"potentialAction\":[{\"@type\":\"ReadAction\",\"target\":[\"https:\/\/proventuss.eu\/ro\/produkt\/dowsil-817\/\"]}]},{\"@type\":\"ImageObject\",\"inLanguage\":\"ro-RO\",\"@id\":\"https:\/\/proventuss.eu\/ro\/produkt\/dowsil-817\/#primaryimage\",\"url\":\"https:\/\/proventuss.eu\/wp-content\/uploads\/2022\/04\/817.jpg\",\"contentUrl\":\"https:\/\/proventuss.eu\/wp-content\/uploads\/2022\/04\/817.jpg\",\"width\":408,\"height\":1136},{\"@type\":\"BreadcrumbList\",\"@id\":\"https:\/\/proventuss.eu\/ro\/produkt\/dowsil-817\/#breadcrumb\",\"itemListElement\":[{\"@type\":\"ListItem\",\"position\":1,\"name\":\"Home\",\"item\":\"https:\/\/proventuss.eu\/ro\/\"},{\"@type\":\"ListItem\",\"position\":2,\"name\":\"Produse\",\"item\":\"https:\/\/proventuss.eu\/produse\/\"},{\"@type\":\"ListItem\",\"position\":3,\"name\":\"DOWSIL 817\"}]},{\"@type\":\"WebSite\",\"@id\":\"https:\/\/proventuss.eu\/#website\",\"url\":\"https:\/\/proventuss.eu\/\",\"name\":\"Proventuss\",\"description\":\"\",\"potentialAction\":[{\"@type\":\"SearchAction\",\"target\":{\"@type\":\"EntryPoint\",\"urlTemplate\":\"https:\/\/proventuss.eu\/?s={search_term_string}\"},\"query-input\":\"required name=search_term_string\"}],\"inLanguage\":\"ro-RO\"}]}<\/script>\n<!-- \/ Yoast SEO plugin. -->","yoast_head_json":{"title":"DOWSIL 817 - Proventuss","robots":{"index":"index","follow":"follow","max-snippet":"max-snippet:-1","max-image-preview":"max-image-preview:large","max-video-preview":"max-video-preview:-1"},"canonical":"https:\/\/proventuss.eu\/ro\/produkt\/dowsil-817\/","og_locale":"ro_RO","og_type":"article","og_title":"DOWSIL 817 - Proventuss","og_description":"Adeziv siliconic monocomponent, pentru oglinzi, av\u00e2nd modul ridicat, pentru fixarea la interior a oglinzilor, a sticlei emailate sau panourilor de metal pe diferite substratur. Beneficii: &#8211; Aderen\u021b\u0103 excelent\u0103 f\u0103r\u0103 primer pe mai toate sticlele, suprafe\u021bele metalice sau acoperite de oglind\u0103. &#8211; Sistem neutru de int\u0103rire, non-coroziv &#8211; Rezisten\u021b\u0103 excelent\u0103 la c\u0103ldur\u0103 \u015fi umiditate &#8211; F\u0103r\u0103 [&hellip;]","og_url":"https:\/\/proventuss.eu\/ro\/produkt\/dowsil-817\/","og_site_name":"Proventuss","og_image":[{"width":408,"height":1136,"url":"https:\/\/proventuss.eu\/wp-content\/uploads\/2022\/04\/817.jpg","type":"image\/jpeg"}],"twitter_card":"summary_large_image","schema":{"@context":"https:\/\/schema.org","@graph":[{"@type":"WebPage","@id":"https:\/\/proventuss.eu\/ro\/produkt\/dowsil-817\/","url":"https:\/\/proventuss.eu\/ro\/produkt\/dowsil-817\/","name":"DOWSIL 817 - Proventuss","isPartOf":{"@id":"https:\/\/proventuss.eu\/#website"},"primaryImageOfPage":{"@id":"https:\/\/proventuss.eu\/ro\/produkt\/dowsil-817\/#primaryimage"},"image":{"@id":"https:\/\/proventuss.eu\/ro\/produkt\/dowsil-817\/#primaryimage"},"thumbnailUrl":"https:\/\/proventuss.eu\/wp-content\/uploads\/2022\/04\/817.jpg","datePublished":"2022-04-26T10:14:23+00:00","dateModified":"2022-04-26T10:14:23+00:00","breadcrumb":{"@id":"https:\/\/proventuss.eu\/ro\/produkt\/dowsil-817\/#breadcrumb"},"inLanguage":"ro-RO","potentialAction":[{"@type":"ReadAction","target":["https:\/\/proventuss.eu\/ro\/produkt\/dowsil-817\/"]}]},{"@type":"ImageObject","inLanguage":"ro-RO","@id":"https:\/\/proventuss.eu\/ro\/produkt\/dowsil-817\/#primaryimage","url":"https:\/\/proventuss.eu\/wp-content\/uploads\/2022\/04\/817.jpg","contentUrl":"https:\/\/proventuss.eu\/wp-content\/uploads\/2022\/04\/817.jpg","width":408,"height":1136},{"@type":"BreadcrumbList","@id":"https:\/\/proventuss.eu\/ro\/produkt\/dowsil-817\/#breadcrumb","itemListElement":[{"@type":"ListItem","position":1,"name":"Home","item":"https:\/\/proventuss.eu\/ro\/"},{"@type":"ListItem","position":2,"name":"Produse","item":"https:\/\/proventuss.eu\/produse\/"},{"@type":"ListItem","position":3,"name":"DOWSIL 817"}]},{"@type":"WebSite","@id":"https:\/\/proventuss.eu\/#website","url":"https:\/\/proventuss.eu\/","name":"Proventuss","description":"","potentialAction":[{"@type":"SearchAction","target":{"@type":"EntryPoint","urlTemplate":"https:\/\/proventuss.eu\/?s={search_term_string}"},"query-input":"required name=search_term_string"}],"inLanguage":"ro-RO"}]}},"_links":{"self":[{"href":"https:\/\/proventuss.eu\/ro\/wp-json\/wp\/v2\/product\/10267"}],"collection":[{"href":"https:\/\/proventuss.eu\/ro\/wp-json\/wp\/v2\/product"}],"about":[{"href":"https:\/\/proventuss.eu\/ro\/wp-json\/wp\/v2\/types\/product"}],"replies":[{"embeddable":true,"href":"https:\/\/proventuss.eu\/ro\/wp-json\/wp\/v2\/comments?post=10267"}],"wp:featuredmedia":[{"embeddable":true,"href":"https:\/\/proventuss.eu\/ro\/wp-json\/wp\/v2\/media\/9640"}],"wp:attachment":[{"href":"https:\/\/proventuss.eu\/ro\/wp-json\/wp\/v2\/media?parent=10267"}],"wp:term":[{"taxonomy":"product_cat","embeddable":true,"href":"https:\/\/proventuss.eu\/ro\/wp-json\/wp\/v2\/product_cat?post=10267"},{"taxonomy":"product_tag","embeddable":true,"href":"https:\/\/proventuss.eu\/ro\/wp-json\/wp\/v2\/product_tag?post=10267"}],"curies":[{"name":"wp","href":"https:\/\/api.w.org\/{rel}","templated":true}]}}