{"id":10266,"date":"2022-04-26T10:13:08","date_gmt":"2022-04-26T10:13:08","guid":{"rendered":"https:\/\/proventuss.eu\/produkt\/dowsil-785-2\/"},"modified":"2022-04-26T10:13:08","modified_gmt":"2022-04-26T10:13:08","slug":"dowsil-785-2","status":"publish","type":"product","link":"https:\/\/proventuss.eu\/ro\/produs\/dowsil-785-2\/","title":{"rendered":"DOWSIL 785"},"content":{"rendered":"<p><strong>SIGILANT SANITAR SILICONIC SANITAR CU ACETAT<\/strong>, sigilant siliconic monocomponent cu modul mediu\/\u00eenalt, special conceput pentru etan\u0219area accesoriilor sanitare, inclusiv a b\u0103ilor, du\u0219urilor, chiuvetelor, pi\u015foarelor \u0219i a \u00eembin\u0103rilor din pl\u0103ci ceramice.<\/p>\n<p><strong>Beneficii:<\/strong><br \/>\n&#8211; Etan\u0219ant bacteriostatic, rezistent la ciuperci \u0219i mucegai.<br \/>\n&#8211; Rezistent la ozon, radia\u021bii ultraviolete \u0219i temperaturi extreme<br \/>\n&#8211; Este conform cu ISO 11600-F-20LM<br \/>\n&#8211; Polimer 100% siliconic<br \/>\n&#8211; Nu se contract\u0103<br \/>\n&#8211; Nu con\u021bine solven\u021bi<br \/>\n&#8211; Finisaj lucios<\/p>\n<p><strong>Ambalare\/culori:<\/strong><br \/>\nCartu\u0219: 310 ml<br \/>\n<strong>Culoare:<\/strong> transparent, alb, negru, gri, gri, maro, aluminiu,<br \/>\nbej bahama, culori speciale<\/p>\n","protected":false},"excerpt":{"rendered":"<p>SIGILANT SANITAR SILICONIC SANITAR CU ACETAT, sigilant siliconic monocomponent cu modul mediu\/\u00eenalt, special conceput pentru etan\u0219area accesoriilor sanitare, inclusiv a b\u0103ilor, du\u0219urilor, chiuvetelor, pi\u015foarelor \u0219i a \u00eembin\u0103rilor din pl\u0103ci ceramice. Beneficii: &#8211; Etan\u0219ant bacteriostatic, rezistent la ciuperci \u0219i mucegai. &#8211; Rezistent la ozon, radia\u021bii ultraviolete \u0219i temperaturi extreme &#8211; Este conform cu ISO 11600-F-20LM &#8211; [&hellip;]<\/p>\n","protected":false},"featured_media":10139,"comment_status":"open","ping_status":"closed","template":"","meta":{"_acf_changed":false},"product_cat":[420],"product_tag":[],"acf":[],"yoast_head":"<!-- This site is optimized with the Yoast SEO plugin v22.9 - https:\/\/yoast.com\/wordpress\/plugins\/seo\/ -->\n<title>DOWSIL 785 - Proventuss<\/title>\n<meta name=\"robots\" content=\"index, follow, max-snippet:-1, max-image-preview:large, max-video-preview:-1\" \/>\n<link rel=\"canonical\" href=\"https:\/\/proventuss.eu\/ro\/produkt\/dowsil-785-2\/\" \/>\n<meta property=\"og:locale\" content=\"ro_RO\" \/>\n<meta property=\"og:type\" content=\"article\" \/>\n<meta property=\"og:title\" content=\"DOWSIL 785 - Proventuss\" \/>\n<meta property=\"og:description\" content=\"SIGILANT SANITAR SILICONIC SANITAR CU ACETAT, sigilant siliconic monocomponent cu modul mediu\/\u00eenalt, special conceput pentru etan\u0219area accesoriilor sanitare, inclusiv a b\u0103ilor, du\u0219urilor, chiuvetelor, pi\u015foarelor \u0219i a \u00eembin\u0103rilor din pl\u0103ci ceramice. Beneficii: &#8211; Etan\u0219ant bacteriostatic, rezistent la ciuperci \u0219i mucegai. &#8211; Rezistent la ozon, radia\u021bii ultraviolete \u0219i temperaturi extreme &#8211; Este conform cu ISO 11600-F-20LM &#8211; [&hellip;]\" \/>\n<meta property=\"og:url\" content=\"https:\/\/proventuss.eu\/ro\/produkt\/dowsil-785-2\/\" \/>\n<meta property=\"og:site_name\" content=\"Proventuss\" \/>\n<meta property=\"og:image\" content=\"https:\/\/proventuss.eu\/wp-content\/uploads\/2022\/04\/Dowsil-785-Acetoxy-e1662367673682.jpg\" \/>\n\t<meta property=\"og:image:width\" content=\"478\" \/>\n\t<meta property=\"og:image:height\" content=\"1331\" \/>\n\t<meta property=\"og:image:type\" content=\"image\/jpeg\" \/>\n<meta name=\"twitter:card\" content=\"summary_large_image\" \/>\n<script type=\"application\/ld+json\" class=\"yoast-schema-graph\">{\"@context\":\"https:\/\/schema.org\",\"@graph\":[{\"@type\":\"WebPage\",\"@id\":\"https:\/\/proventuss.eu\/ro\/produkt\/dowsil-785-2\/\",\"url\":\"https:\/\/proventuss.eu\/ro\/produkt\/dowsil-785-2\/\",\"name\":\"DOWSIL 785 - Proventuss\",\"isPartOf\":{\"@id\":\"https:\/\/proventuss.eu\/#website\"},\"primaryImageOfPage\":{\"@id\":\"https:\/\/proventuss.eu\/ro\/produkt\/dowsil-785-2\/#primaryimage\"},\"image\":{\"@id\":\"https:\/\/proventuss.eu\/ro\/produkt\/dowsil-785-2\/#primaryimage\"},\"thumbnailUrl\":\"https:\/\/proventuss.eu\/wp-content\/uploads\/2022\/04\/Dowsil-785-Acetoxy-e1662367673682.jpg\",\"datePublished\":\"2022-04-26T10:13:08+00:00\",\"dateModified\":\"2022-04-26T10:13:08+00:00\",\"breadcrumb\":{\"@id\":\"https:\/\/proventuss.eu\/ro\/produkt\/dowsil-785-2\/#breadcrumb\"},\"inLanguage\":\"ro-RO\",\"potentialAction\":[{\"@type\":\"ReadAction\",\"target\":[\"https:\/\/proventuss.eu\/ro\/produkt\/dowsil-785-2\/\"]}]},{\"@type\":\"ImageObject\",\"inLanguage\":\"ro-RO\",\"@id\":\"https:\/\/proventuss.eu\/ro\/produkt\/dowsil-785-2\/#primaryimage\",\"url\":\"https:\/\/proventuss.eu\/wp-content\/uploads\/2022\/04\/Dowsil-785-Acetoxy-e1662367673682.jpg\",\"contentUrl\":\"https:\/\/proventuss.eu\/wp-content\/uploads\/2022\/04\/Dowsil-785-Acetoxy-e1662367673682.jpg\",\"width\":478,\"height\":1331},{\"@type\":\"BreadcrumbList\",\"@id\":\"https:\/\/proventuss.eu\/ro\/produkt\/dowsil-785-2\/#breadcrumb\",\"itemListElement\":[{\"@type\":\"ListItem\",\"position\":1,\"name\":\"Home\",\"item\":\"https:\/\/proventuss.eu\/ro\/\"},{\"@type\":\"ListItem\",\"position\":2,\"name\":\"Produse\",\"item\":\"https:\/\/proventuss.eu\/produse\/\"},{\"@type\":\"ListItem\",\"position\":3,\"name\":\"DOWSIL 785\"}]},{\"@type\":\"WebSite\",\"@id\":\"https:\/\/proventuss.eu\/#website\",\"url\":\"https:\/\/proventuss.eu\/\",\"name\":\"Proventuss\",\"description\":\"\",\"potentialAction\":[{\"@type\":\"SearchAction\",\"target\":{\"@type\":\"EntryPoint\",\"urlTemplate\":\"https:\/\/proventuss.eu\/?s={search_term_string}\"},\"query-input\":\"required name=search_term_string\"}],\"inLanguage\":\"ro-RO\"}]}<\/script>\n<!-- \/ Yoast SEO plugin. -->","yoast_head_json":{"title":"DOWSIL 785 - Proventuss","robots":{"index":"index","follow":"follow","max-snippet":"max-snippet:-1","max-image-preview":"max-image-preview:large","max-video-preview":"max-video-preview:-1"},"canonical":"https:\/\/proventuss.eu\/ro\/produkt\/dowsil-785-2\/","og_locale":"ro_RO","og_type":"article","og_title":"DOWSIL 785 - Proventuss","og_description":"SIGILANT SANITAR SILICONIC SANITAR CU ACETAT, sigilant siliconic monocomponent cu modul mediu\/\u00eenalt, special conceput pentru etan\u0219area accesoriilor sanitare, inclusiv a b\u0103ilor, du\u0219urilor, chiuvetelor, pi\u015foarelor \u0219i a \u00eembin\u0103rilor din pl\u0103ci ceramice. Beneficii: &#8211; Etan\u0219ant bacteriostatic, rezistent la ciuperci \u0219i mucegai. &#8211; Rezistent la ozon, radia\u021bii ultraviolete \u0219i temperaturi extreme &#8211; Este conform cu ISO 11600-F-20LM &#8211; [&hellip;]","og_url":"https:\/\/proventuss.eu\/ro\/produkt\/dowsil-785-2\/","og_site_name":"Proventuss","og_image":[{"width":478,"height":1331,"url":"https:\/\/proventuss.eu\/wp-content\/uploads\/2022\/04\/Dowsil-785-Acetoxy-e1662367673682.jpg","type":"image\/jpeg"}],"twitter_card":"summary_large_image","schema":{"@context":"https:\/\/schema.org","@graph":[{"@type":"WebPage","@id":"https:\/\/proventuss.eu\/ro\/produkt\/dowsil-785-2\/","url":"https:\/\/proventuss.eu\/ro\/produkt\/dowsil-785-2\/","name":"DOWSIL 785 - Proventuss","isPartOf":{"@id":"https:\/\/proventuss.eu\/#website"},"primaryImageOfPage":{"@id":"https:\/\/proventuss.eu\/ro\/produkt\/dowsil-785-2\/#primaryimage"},"image":{"@id":"https:\/\/proventuss.eu\/ro\/produkt\/dowsil-785-2\/#primaryimage"},"thumbnailUrl":"https:\/\/proventuss.eu\/wp-content\/uploads\/2022\/04\/Dowsil-785-Acetoxy-e1662367673682.jpg","datePublished":"2022-04-26T10:13:08+00:00","dateModified":"2022-04-26T10:13:08+00:00","breadcrumb":{"@id":"https:\/\/proventuss.eu\/ro\/produkt\/dowsil-785-2\/#breadcrumb"},"inLanguage":"ro-RO","potentialAction":[{"@type":"ReadAction","target":["https:\/\/proventuss.eu\/ro\/produkt\/dowsil-785-2\/"]}]},{"@type":"ImageObject","inLanguage":"ro-RO","@id":"https:\/\/proventuss.eu\/ro\/produkt\/dowsil-785-2\/#primaryimage","url":"https:\/\/proventuss.eu\/wp-content\/uploads\/2022\/04\/Dowsil-785-Acetoxy-e1662367673682.jpg","contentUrl":"https:\/\/proventuss.eu\/wp-content\/uploads\/2022\/04\/Dowsil-785-Acetoxy-e1662367673682.jpg","width":478,"height":1331},{"@type":"BreadcrumbList","@id":"https:\/\/proventuss.eu\/ro\/produkt\/dowsil-785-2\/#breadcrumb","itemListElement":[{"@type":"ListItem","position":1,"name":"Home","item":"https:\/\/proventuss.eu\/ro\/"},{"@type":"ListItem","position":2,"name":"Produse","item":"https:\/\/proventuss.eu\/produse\/"},{"@type":"ListItem","position":3,"name":"DOWSIL 785"}]},{"@type":"WebSite","@id":"https:\/\/proventuss.eu\/#website","url":"https:\/\/proventuss.eu\/","name":"Proventuss","description":"","potentialAction":[{"@type":"SearchAction","target":{"@type":"EntryPoint","urlTemplate":"https:\/\/proventuss.eu\/?s={search_term_string}"},"query-input":"required name=search_term_string"}],"inLanguage":"ro-RO"}]}},"_links":{"self":[{"href":"https:\/\/proventuss.eu\/ro\/wp-json\/wp\/v2\/product\/10266"}],"collection":[{"href":"https:\/\/proventuss.eu\/ro\/wp-json\/wp\/v2\/product"}],"about":[{"href":"https:\/\/proventuss.eu\/ro\/wp-json\/wp\/v2\/types\/product"}],"replies":[{"embeddable":true,"href":"https:\/\/proventuss.eu\/ro\/wp-json\/wp\/v2\/comments?post=10266"}],"wp:featuredmedia":[{"embeddable":true,"href":"https:\/\/proventuss.eu\/ro\/wp-json\/wp\/v2\/media\/10139"}],"wp:attachment":[{"href":"https:\/\/proventuss.eu\/ro\/wp-json\/wp\/v2\/media?parent=10266"}],"wp:term":[{"taxonomy":"product_cat","embeddable":true,"href":"https:\/\/proventuss.eu\/ro\/wp-json\/wp\/v2\/product_cat?post=10266"},{"taxonomy":"product_tag","embeddable":true,"href":"https:\/\/proventuss.eu\/ro\/wp-json\/wp\/v2\/product_tag?post=10266"}],"curies":[{"name":"wp","href":"https:\/\/api.w.org\/{rel}","templated":true}]}}