{"id":10264,"date":"2022-04-26T10:15:35","date_gmt":"2022-04-26T10:15:35","guid":{"rendered":"https:\/\/proventuss.eu\/produkt\/dowsil-798\/"},"modified":"2023-02-10T11:29:33","modified_gmt":"2023-02-10T11:29:33","slug":"dowsil-798","status":"publish","type":"product","link":"https:\/\/proventuss.eu\/ro\/produs\/dowsil-798\/","title":{"rendered":"DOWSIL 798"},"content":{"rendered":"<p>Sigilant siliconic neutru pentru camere reci \u015fi curate, modul redus, monocomponent, conceput special pentru etan\u015farea diferitelor zone din unit\u0103\u021bi de refrigerare \u015fi camere reci, sisteme de ventila\u021bie \u015fi aer conditionat (HVAC). Acest sigilant foarte elastic este potrivit at\u00e2t pentru interior c\u00e2t \u015fi pentru exterior unde \u020bmbin\u0103rile sunt predispuse la mucegai. Este un sigilant bacteriostatic, mai bine protejat \u00eempotriva dezvolt\u0103rii culturilor bacteriene.<\/p>\n<p><strong>Beneficii:<\/strong><br \/>\n&#8211; Sistem de int\u0103rire neutru alcoxi \u015fi catalizator cu Titan (Ti)<br \/>\n&#8211; 100% silicon polimeric<br \/>\n&#8211; Excelent\u0103 aderen\u021b\u0103 f\u0103r\u0103 primer pe mai toate substraturile<br \/>\n&#8211; Rezistent la ozon, radia\u021bii UV \u015fi temperaturi extreme<br \/>\n&#8211; Modul redus, elasticitate mare<br \/>\n&#8211; Miros sc\u0103zut<br \/>\n&#8211; Rezistent la mucegai \u015fi la dezvoltarea acestuia<br \/>\n&#8211; Sigilant \u020bmpotriva bacteriilor. Propriet\u0103\u021bi antibacteriene conform ISO 22196 pentru MRSA, E. Colis, Salmonella \u015fi ISO 846 pentru P. Aeruginosa<br \/>\n&#8211; Conform cu ISO 11600-F&amp;G_25LM<\/p>\n<p><strong>Ambalare\/culori:<\/strong><br \/>\nCartu\u015f: 310ml<br \/>\n<strong>Culoare:<\/strong> alb<\/p>\n","protected":false},"excerpt":{"rendered":"<p>Sigilant siliconic neutru pentru camere reci \u015fi curate, modul redus, monocomponent, conceput special pentru etan\u015farea diferitelor zone din unit\u0103\u021bi de refrigerare \u015fi camere reci, sisteme de ventila\u021bie \u015fi aer conditionat (HVAC). Acest sigilant foarte elastic este potrivit at\u00e2t pentru interior c\u00e2t \u015fi pentru exterior unde \u020bmbin\u0103rile sunt predispuse la mucegai. Este un sigilant bacteriostatic, mai [&hellip;]<\/p>\n","protected":false},"featured_media":9638,"comment_status":"open","ping_status":"closed","template":"","meta":{"_acf_changed":false},"product_cat":[420],"product_tag":[],"acf":[],"yoast_head":"<!-- This site is optimized with the Yoast SEO plugin v22.9 - https:\/\/yoast.com\/wordpress\/plugins\/seo\/ -->\n<title>DOWSIL 798 - Proventuss<\/title>\n<meta name=\"robots\" content=\"index, follow, max-snippet:-1, max-image-preview:large, max-video-preview:-1\" \/>\n<link rel=\"canonical\" href=\"https:\/\/proventuss.eu\/ro\/produkt\/dowsil-798\/\" \/>\n<meta property=\"og:locale\" content=\"ro_RO\" \/>\n<meta property=\"og:type\" content=\"article\" \/>\n<meta property=\"og:title\" content=\"DOWSIL 798 - Proventuss\" \/>\n<meta property=\"og:description\" content=\"Sigilant siliconic neutru pentru camere reci \u015fi curate, modul redus, monocomponent, conceput special pentru etan\u015farea diferitelor zone din unit\u0103\u021bi de refrigerare \u015fi camere reci, sisteme de ventila\u021bie \u015fi aer conditionat (HVAC). Acest sigilant foarte elastic este potrivit at\u00e2t pentru interior c\u00e2t \u015fi pentru exterior unde \u020bmbin\u0103rile sunt predispuse la mucegai. Este un sigilant bacteriostatic, mai [&hellip;]\" \/>\n<meta property=\"og:url\" content=\"https:\/\/proventuss.eu\/ro\/produkt\/dowsil-798\/\" \/>\n<meta property=\"og:site_name\" content=\"Proventuss\" \/>\n<meta property=\"article:modified_time\" content=\"2023-02-10T11:29:33+00:00\" \/>\n<meta property=\"og:image\" content=\"https:\/\/proventuss.eu\/wp-content\/uploads\/2022\/04\/798.jpg\" \/>\n\t<meta property=\"og:image:width\" content=\"408\" \/>\n\t<meta property=\"og:image:height\" content=\"1136\" \/>\n\t<meta property=\"og:image:type\" content=\"image\/jpeg\" \/>\n<meta name=\"twitter:card\" content=\"summary_large_image\" \/>\n<meta name=\"twitter:label1\" content=\"Timp estimat pentru citire\" \/>\n\t<meta name=\"twitter:data1\" content=\"1 minut\" \/>\n<script type=\"application\/ld+json\" class=\"yoast-schema-graph\">{\"@context\":\"https:\/\/schema.org\",\"@graph\":[{\"@type\":\"WebPage\",\"@id\":\"https:\/\/proventuss.eu\/ro\/produkt\/dowsil-798\/\",\"url\":\"https:\/\/proventuss.eu\/ro\/produkt\/dowsil-798\/\",\"name\":\"DOWSIL 798 - Proventuss\",\"isPartOf\":{\"@id\":\"https:\/\/proventuss.eu\/#website\"},\"primaryImageOfPage\":{\"@id\":\"https:\/\/proventuss.eu\/ro\/produkt\/dowsil-798\/#primaryimage\"},\"image\":{\"@id\":\"https:\/\/proventuss.eu\/ro\/produkt\/dowsil-798\/#primaryimage\"},\"thumbnailUrl\":\"https:\/\/proventuss.eu\/wp-content\/uploads\/2022\/04\/798.jpg\",\"datePublished\":\"2022-04-26T10:15:35+00:00\",\"dateModified\":\"2023-02-10T11:29:33+00:00\",\"breadcrumb\":{\"@id\":\"https:\/\/proventuss.eu\/ro\/produkt\/dowsil-798\/#breadcrumb\"},\"inLanguage\":\"ro-RO\",\"potentialAction\":[{\"@type\":\"ReadAction\",\"target\":[\"https:\/\/proventuss.eu\/ro\/produkt\/dowsil-798\/\"]}]},{\"@type\":\"ImageObject\",\"inLanguage\":\"ro-RO\",\"@id\":\"https:\/\/proventuss.eu\/ro\/produkt\/dowsil-798\/#primaryimage\",\"url\":\"https:\/\/proventuss.eu\/wp-content\/uploads\/2022\/04\/798.jpg\",\"contentUrl\":\"https:\/\/proventuss.eu\/wp-content\/uploads\/2022\/04\/798.jpg\",\"width\":408,\"height\":1136},{\"@type\":\"BreadcrumbList\",\"@id\":\"https:\/\/proventuss.eu\/ro\/produkt\/dowsil-798\/#breadcrumb\",\"itemListElement\":[{\"@type\":\"ListItem\",\"position\":1,\"name\":\"Home\",\"item\":\"https:\/\/proventuss.eu\/ro\/\"},{\"@type\":\"ListItem\",\"position\":2,\"name\":\"Produse\",\"item\":\"https:\/\/proventuss.eu\/produse\/\"},{\"@type\":\"ListItem\",\"position\":3,\"name\":\"DOWSIL 798\"}]},{\"@type\":\"WebSite\",\"@id\":\"https:\/\/proventuss.eu\/#website\",\"url\":\"https:\/\/proventuss.eu\/\",\"name\":\"Proventuss\",\"description\":\"\",\"potentialAction\":[{\"@type\":\"SearchAction\",\"target\":{\"@type\":\"EntryPoint\",\"urlTemplate\":\"https:\/\/proventuss.eu\/?s={search_term_string}\"},\"query-input\":\"required name=search_term_string\"}],\"inLanguage\":\"ro-RO\"}]}<\/script>\n<!-- \/ Yoast SEO plugin. -->","yoast_head_json":{"title":"DOWSIL 798 - Proventuss","robots":{"index":"index","follow":"follow","max-snippet":"max-snippet:-1","max-image-preview":"max-image-preview:large","max-video-preview":"max-video-preview:-1"},"canonical":"https:\/\/proventuss.eu\/ro\/produkt\/dowsil-798\/","og_locale":"ro_RO","og_type":"article","og_title":"DOWSIL 798 - Proventuss","og_description":"Sigilant siliconic neutru pentru camere reci \u015fi curate, modul redus, monocomponent, conceput special pentru etan\u015farea diferitelor zone din unit\u0103\u021bi de refrigerare \u015fi camere reci, sisteme de ventila\u021bie \u015fi aer conditionat (HVAC). Acest sigilant foarte elastic este potrivit at\u00e2t pentru interior c\u00e2t \u015fi pentru exterior unde \u020bmbin\u0103rile sunt predispuse la mucegai. Este un sigilant bacteriostatic, mai [&hellip;]","og_url":"https:\/\/proventuss.eu\/ro\/produkt\/dowsil-798\/","og_site_name":"Proventuss","article_modified_time":"2023-02-10T11:29:33+00:00","og_image":[{"width":408,"height":1136,"url":"https:\/\/proventuss.eu\/wp-content\/uploads\/2022\/04\/798.jpg","type":"image\/jpeg"}],"twitter_card":"summary_large_image","twitter_misc":{"Timp estimat pentru citire":"1 minut"},"schema":{"@context":"https:\/\/schema.org","@graph":[{"@type":"WebPage","@id":"https:\/\/proventuss.eu\/ro\/produkt\/dowsil-798\/","url":"https:\/\/proventuss.eu\/ro\/produkt\/dowsil-798\/","name":"DOWSIL 798 - Proventuss","isPartOf":{"@id":"https:\/\/proventuss.eu\/#website"},"primaryImageOfPage":{"@id":"https:\/\/proventuss.eu\/ro\/produkt\/dowsil-798\/#primaryimage"},"image":{"@id":"https:\/\/proventuss.eu\/ro\/produkt\/dowsil-798\/#primaryimage"},"thumbnailUrl":"https:\/\/proventuss.eu\/wp-content\/uploads\/2022\/04\/798.jpg","datePublished":"2022-04-26T10:15:35+00:00","dateModified":"2023-02-10T11:29:33+00:00","breadcrumb":{"@id":"https:\/\/proventuss.eu\/ro\/produkt\/dowsil-798\/#breadcrumb"},"inLanguage":"ro-RO","potentialAction":[{"@type":"ReadAction","target":["https:\/\/proventuss.eu\/ro\/produkt\/dowsil-798\/"]}]},{"@type":"ImageObject","inLanguage":"ro-RO","@id":"https:\/\/proventuss.eu\/ro\/produkt\/dowsil-798\/#primaryimage","url":"https:\/\/proventuss.eu\/wp-content\/uploads\/2022\/04\/798.jpg","contentUrl":"https:\/\/proventuss.eu\/wp-content\/uploads\/2022\/04\/798.jpg","width":408,"height":1136},{"@type":"BreadcrumbList","@id":"https:\/\/proventuss.eu\/ro\/produkt\/dowsil-798\/#breadcrumb","itemListElement":[{"@type":"ListItem","position":1,"name":"Home","item":"https:\/\/proventuss.eu\/ro\/"},{"@type":"ListItem","position":2,"name":"Produse","item":"https:\/\/proventuss.eu\/produse\/"},{"@type":"ListItem","position":3,"name":"DOWSIL 798"}]},{"@type":"WebSite","@id":"https:\/\/proventuss.eu\/#website","url":"https:\/\/proventuss.eu\/","name":"Proventuss","description":"","potentialAction":[{"@type":"SearchAction","target":{"@type":"EntryPoint","urlTemplate":"https:\/\/proventuss.eu\/?s={search_term_string}"},"query-input":"required name=search_term_string"}],"inLanguage":"ro-RO"}]}},"_links":{"self":[{"href":"https:\/\/proventuss.eu\/ro\/wp-json\/wp\/v2\/product\/10264"}],"collection":[{"href":"https:\/\/proventuss.eu\/ro\/wp-json\/wp\/v2\/product"}],"about":[{"href":"https:\/\/proventuss.eu\/ro\/wp-json\/wp\/v2\/types\/product"}],"replies":[{"embeddable":true,"href":"https:\/\/proventuss.eu\/ro\/wp-json\/wp\/v2\/comments?post=10264"}],"wp:featuredmedia":[{"embeddable":true,"href":"https:\/\/proventuss.eu\/ro\/wp-json\/wp\/v2\/media\/9638"}],"wp:attachment":[{"href":"https:\/\/proventuss.eu\/ro\/wp-json\/wp\/v2\/media?parent=10264"}],"wp:term":[{"taxonomy":"product_cat","embeddable":true,"href":"https:\/\/proventuss.eu\/ro\/wp-json\/wp\/v2\/product_cat?post=10264"},{"taxonomy":"product_tag","embeddable":true,"href":"https:\/\/proventuss.eu\/ro\/wp-json\/wp\/v2\/product_tag?post=10264"}],"curies":[{"name":"wp","href":"https:\/\/api.w.org\/{rel}","templated":true}]}}