{"id":10262,"date":"2022-04-26T10:09:52","date_gmt":"2022-04-26T10:09:52","guid":{"rendered":"https:\/\/proventuss.eu\/produkt\/siderise-cvb-c\/"},"modified":"2023-02-10T11:28:30","modified_gmt":"2023-02-10T11:28:30","slug":"siderise-cvb-c","status":"publish","type":"product","link":"https:\/\/proventuss.eu\/ro\/produs\/siderise-cvb-c\/","title":{"rendered":"SIDERISE CVB\/C"},"content":{"rendered":"<p>Barierele acustice pentru rosturi SIDERISE CVB\/C sunt disponibile \u020bn mai multe clase \u015fi grosimi oferind o gam\u0103 larg\u0103 de valori de reducere a sunetului.<\/p>\n<p><strong>Beneficii:<\/strong><br \/>\n&#8211; Asigur\u0103 o izolare fonic\u0103 de 51dB+ (Rw)<br \/>\n&#8211; Izoleaz\u0103 la foc<br \/>\n&#8211; Produs testat de un organism independent<br \/>\n&#8211; Rezist\u0103 la foc p\u00e2n\u0103 la 1 or\u0103<\/p>\n<p>Produsul pentru izolare este disponibil cu o gam\u0103 de membrane centrale, op\u021bionale, cu mas\u0103 mare pentru a ob\u021bine valori SRI semnificativ mai mari.<br \/>\nUnele produse din gama de bariere acustice pentru rosturi SIDERISE CVB\/C au certificare la foc, permi\u021b\u00e2nd s\u0103 fie folosite ca bariere pentru rosturi at\u00e2t pentru tavane casetate c\u00e2t \u015fi pentru pardoseli flotante. Produsul este extrem de simplu de fixat \u015fi poate fi u\u015for de t\u0103iat ca s\u0103 se potriveasc\u0103 penetr\u0103rilor de serviciu.<\/p>\n<p>Nota: acest produs a fost cunoscut anterior drept bariere acustice pentru rosturi seria \u2018\u2019Lamaphon CVB\u2019\u2019.<\/p>\n","protected":false},"excerpt":{"rendered":"<p>Barierele acustice pentru rosturi SIDERISE CVB\/C sunt disponibile \u020bn mai multe clase \u015fi grosimi oferind o gam\u0103 larg\u0103 de valori de reducere a sunetului. Beneficii: &#8211; Asigur\u0103 o izolare fonic\u0103 de 51dB+ (Rw) &#8211; Izoleaz\u0103 la foc &#8211; Produs testat de un organism independent &#8211; Rezist\u0103 la foc p\u00e2n\u0103 la 1 or\u0103 Produsul pentru izolare [&hellip;]<\/p>\n","protected":false},"featured_media":9667,"comment_status":"open","ping_status":"closed","template":"","meta":{"_acf_changed":false},"product_cat":[415],"product_tag":[],"acf":[],"yoast_head":"<!-- This site is optimized with the Yoast SEO plugin v22.9 - https:\/\/yoast.com\/wordpress\/plugins\/seo\/ -->\n<title>SIDERISE CVB\/C - Proventuss<\/title>\n<meta name=\"robots\" content=\"index, follow, max-snippet:-1, max-image-preview:large, max-video-preview:-1\" \/>\n<link rel=\"canonical\" href=\"https:\/\/proventuss.eu\/ro\/produkt\/siderise-cvb-c\/\" \/>\n<meta property=\"og:locale\" content=\"ro_RO\" \/>\n<meta property=\"og:type\" content=\"article\" \/>\n<meta property=\"og:title\" content=\"SIDERISE CVB\/C - Proventuss\" \/>\n<meta property=\"og:description\" content=\"Barierele acustice pentru rosturi SIDERISE CVB\/C sunt disponibile \u020bn mai multe clase \u015fi grosimi oferind o gam\u0103 larg\u0103 de valori de reducere a sunetului. Beneficii: &#8211; Asigur\u0103 o izolare fonic\u0103 de 51dB+ (Rw) &#8211; Izoleaz\u0103 la foc &#8211; Produs testat de un organism independent &#8211; Rezist\u0103 la foc p\u00e2n\u0103 la 1 or\u0103 Produsul pentru izolare [&hellip;]\" \/>\n<meta property=\"og:url\" content=\"https:\/\/proventuss.eu\/ro\/produkt\/siderise-cvb-c\/\" \/>\n<meta property=\"og:site_name\" content=\"Proventuss\" \/>\n<meta property=\"article:modified_time\" content=\"2023-02-10T11:28:30+00:00\" \/>\n<meta property=\"og:image\" content=\"https:\/\/proventuss.eu\/wp-content\/uploads\/2022\/04\/Siderise-CVB-C-akustyczne.jpg\" \/>\n\t<meta property=\"og:image:width\" content=\"224\" \/>\n\t<meta property=\"og:image:height\" content=\"224\" \/>\n\t<meta property=\"og:image:type\" content=\"image\/jpeg\" \/>\n<meta name=\"twitter:card\" content=\"summary_large_image\" \/>\n<meta name=\"twitter:label1\" content=\"Timp estimat pentru citire\" \/>\n\t<meta name=\"twitter:data1\" content=\"1 minut\" \/>\n<script type=\"application\/ld+json\" class=\"yoast-schema-graph\">{\"@context\":\"https:\/\/schema.org\",\"@graph\":[{\"@type\":\"WebPage\",\"@id\":\"https:\/\/proventuss.eu\/ro\/produkt\/siderise-cvb-c\/\",\"url\":\"https:\/\/proventuss.eu\/ro\/produkt\/siderise-cvb-c\/\",\"name\":\"SIDERISE CVB\/C - Proventuss\",\"isPartOf\":{\"@id\":\"https:\/\/proventuss.eu\/#website\"},\"primaryImageOfPage\":{\"@id\":\"https:\/\/proventuss.eu\/ro\/produkt\/siderise-cvb-c\/#primaryimage\"},\"image\":{\"@id\":\"https:\/\/proventuss.eu\/ro\/produkt\/siderise-cvb-c\/#primaryimage\"},\"thumbnailUrl\":\"https:\/\/proventuss.eu\/wp-content\/uploads\/2022\/04\/Siderise-CVB-C-akustyczne.jpg\",\"datePublished\":\"2022-04-26T10:09:52+00:00\",\"dateModified\":\"2023-02-10T11:28:30+00:00\",\"breadcrumb\":{\"@id\":\"https:\/\/proventuss.eu\/ro\/produkt\/siderise-cvb-c\/#breadcrumb\"},\"inLanguage\":\"ro-RO\",\"potentialAction\":[{\"@type\":\"ReadAction\",\"target\":[\"https:\/\/proventuss.eu\/ro\/produkt\/siderise-cvb-c\/\"]}]},{\"@type\":\"ImageObject\",\"inLanguage\":\"ro-RO\",\"@id\":\"https:\/\/proventuss.eu\/ro\/produkt\/siderise-cvb-c\/#primaryimage\",\"url\":\"https:\/\/proventuss.eu\/wp-content\/uploads\/2022\/04\/Siderise-CVB-C-akustyczne.jpg\",\"contentUrl\":\"https:\/\/proventuss.eu\/wp-content\/uploads\/2022\/04\/Siderise-CVB-C-akustyczne.jpg\",\"width\":224,\"height\":224},{\"@type\":\"BreadcrumbList\",\"@id\":\"https:\/\/proventuss.eu\/ro\/produkt\/siderise-cvb-c\/#breadcrumb\",\"itemListElement\":[{\"@type\":\"ListItem\",\"position\":1,\"name\":\"Home\",\"item\":\"https:\/\/proventuss.eu\/ro\/\"},{\"@type\":\"ListItem\",\"position\":2,\"name\":\"Produse\",\"item\":\"https:\/\/proventuss.eu\/produse\/\"},{\"@type\":\"ListItem\",\"position\":3,\"name\":\"SIDERISE CVB\/C\"}]},{\"@type\":\"WebSite\",\"@id\":\"https:\/\/proventuss.eu\/#website\",\"url\":\"https:\/\/proventuss.eu\/\",\"name\":\"Proventuss\",\"description\":\"\",\"potentialAction\":[{\"@type\":\"SearchAction\",\"target\":{\"@type\":\"EntryPoint\",\"urlTemplate\":\"https:\/\/proventuss.eu\/?s={search_term_string}\"},\"query-input\":\"required name=search_term_string\"}],\"inLanguage\":\"ro-RO\"}]}<\/script>\n<!-- \/ Yoast SEO plugin. -->","yoast_head_json":{"title":"SIDERISE CVB\/C - Proventuss","robots":{"index":"index","follow":"follow","max-snippet":"max-snippet:-1","max-image-preview":"max-image-preview:large","max-video-preview":"max-video-preview:-1"},"canonical":"https:\/\/proventuss.eu\/ro\/produkt\/siderise-cvb-c\/","og_locale":"ro_RO","og_type":"article","og_title":"SIDERISE CVB\/C - Proventuss","og_description":"Barierele acustice pentru rosturi SIDERISE CVB\/C sunt disponibile \u020bn mai multe clase \u015fi grosimi oferind o gam\u0103 larg\u0103 de valori de reducere a sunetului. Beneficii: &#8211; Asigur\u0103 o izolare fonic\u0103 de 51dB+ (Rw) &#8211; Izoleaz\u0103 la foc &#8211; Produs testat de un organism independent &#8211; Rezist\u0103 la foc p\u00e2n\u0103 la 1 or\u0103 Produsul pentru izolare [&hellip;]","og_url":"https:\/\/proventuss.eu\/ro\/produkt\/siderise-cvb-c\/","og_site_name":"Proventuss","article_modified_time":"2023-02-10T11:28:30+00:00","og_image":[{"width":224,"height":224,"url":"https:\/\/proventuss.eu\/wp-content\/uploads\/2022\/04\/Siderise-CVB-C-akustyczne.jpg","type":"image\/jpeg"}],"twitter_card":"summary_large_image","twitter_misc":{"Timp estimat pentru citire":"1 minut"},"schema":{"@context":"https:\/\/schema.org","@graph":[{"@type":"WebPage","@id":"https:\/\/proventuss.eu\/ro\/produkt\/siderise-cvb-c\/","url":"https:\/\/proventuss.eu\/ro\/produkt\/siderise-cvb-c\/","name":"SIDERISE CVB\/C - Proventuss","isPartOf":{"@id":"https:\/\/proventuss.eu\/#website"},"primaryImageOfPage":{"@id":"https:\/\/proventuss.eu\/ro\/produkt\/siderise-cvb-c\/#primaryimage"},"image":{"@id":"https:\/\/proventuss.eu\/ro\/produkt\/siderise-cvb-c\/#primaryimage"},"thumbnailUrl":"https:\/\/proventuss.eu\/wp-content\/uploads\/2022\/04\/Siderise-CVB-C-akustyczne.jpg","datePublished":"2022-04-26T10:09:52+00:00","dateModified":"2023-02-10T11:28:30+00:00","breadcrumb":{"@id":"https:\/\/proventuss.eu\/ro\/produkt\/siderise-cvb-c\/#breadcrumb"},"inLanguage":"ro-RO","potentialAction":[{"@type":"ReadAction","target":["https:\/\/proventuss.eu\/ro\/produkt\/siderise-cvb-c\/"]}]},{"@type":"ImageObject","inLanguage":"ro-RO","@id":"https:\/\/proventuss.eu\/ro\/produkt\/siderise-cvb-c\/#primaryimage","url":"https:\/\/proventuss.eu\/wp-content\/uploads\/2022\/04\/Siderise-CVB-C-akustyczne.jpg","contentUrl":"https:\/\/proventuss.eu\/wp-content\/uploads\/2022\/04\/Siderise-CVB-C-akustyczne.jpg","width":224,"height":224},{"@type":"BreadcrumbList","@id":"https:\/\/proventuss.eu\/ro\/produkt\/siderise-cvb-c\/#breadcrumb","itemListElement":[{"@type":"ListItem","position":1,"name":"Home","item":"https:\/\/proventuss.eu\/ro\/"},{"@type":"ListItem","position":2,"name":"Produse","item":"https:\/\/proventuss.eu\/produse\/"},{"@type":"ListItem","position":3,"name":"SIDERISE CVB\/C"}]},{"@type":"WebSite","@id":"https:\/\/proventuss.eu\/#website","url":"https:\/\/proventuss.eu\/","name":"Proventuss","description":"","potentialAction":[{"@type":"SearchAction","target":{"@type":"EntryPoint","urlTemplate":"https:\/\/proventuss.eu\/?s={search_term_string}"},"query-input":"required name=search_term_string"}],"inLanguage":"ro-RO"}]}},"_links":{"self":[{"href":"https:\/\/proventuss.eu\/ro\/wp-json\/wp\/v2\/product\/10262"}],"collection":[{"href":"https:\/\/proventuss.eu\/ro\/wp-json\/wp\/v2\/product"}],"about":[{"href":"https:\/\/proventuss.eu\/ro\/wp-json\/wp\/v2\/types\/product"}],"replies":[{"embeddable":true,"href":"https:\/\/proventuss.eu\/ro\/wp-json\/wp\/v2\/comments?post=10262"}],"wp:featuredmedia":[{"embeddable":true,"href":"https:\/\/proventuss.eu\/ro\/wp-json\/wp\/v2\/media\/9667"}],"wp:attachment":[{"href":"https:\/\/proventuss.eu\/ro\/wp-json\/wp\/v2\/media?parent=10262"}],"wp:term":[{"taxonomy":"product_cat","embeddable":true,"href":"https:\/\/proventuss.eu\/ro\/wp-json\/wp\/v2\/product_cat?post=10262"},{"taxonomy":"product_tag","embeddable":true,"href":"https:\/\/proventuss.eu\/ro\/wp-json\/wp\/v2\/product_tag?post=10262"}],"curies":[{"name":"wp","href":"https:\/\/api.w.org\/{rel}","templated":true}]}}