{"id":10261,"date":"2022-04-26T10:08:34","date_gmt":"2022-04-26T10:08:34","guid":{"rendered":"https:\/\/proventuss.eu\/produkt\/siderise-cw-ab\/"},"modified":"2022-04-26T10:08:34","modified_gmt":"2022-04-26T10:08:34","slug":"siderise-cw-ab","status":"publish","type":"product","link":"https:\/\/proventuss.eu\/ro\/produs\/siderise-cw-ab\/","title":{"rendered":"SIDERISE CW-AB"},"content":{"rendered":"<p>Bariera acustic\u0103 SIDERISE CW-AB pentru fa\u021bade const\u0103 \u020bntr-un material compozit<br \/>\nizolator fonic, flexibil, utilizat pentru a acoperi suprafa\u021ba dintre zona de parapet<br \/>\nla pere\u021bii cortin\u0103 \u015fi structura cl\u0103dirii, pentru a forma o barier\u0103 acustic\u0103 de \u020bnalt\u0103<br \/>\nperforman\u021b\u0103.<\/p>\n<p><strong>Beneficii:<\/strong><br \/>\n&#8211; Foarte flexibil\u0103, u\u015for de t\u0103iat \u020bn forma dorit\u0103 direct \u020bn \u015fantier<br \/>\n&#8211; Ideal\u0103 ca metod\u0103 de remediu dup\u0103 instalarea barierelor \u020bmpotriva incendiului<br \/>\n&#8211; Se adapteaz\u0103 la mi\u015fc\u0103rile fa\u021badelor<br \/>\n&#8211; Poate \u2018\u2019urm\u0103ri\u2019\u2019 diferite contururi<br \/>\n&#8211; Disponibile \u020bn form\u0103 de f\u00e2\u015fii sau foi pentru a fi t\u0103iate \u020bn \u015fantier<\/p>\n<p>Produsul ofer\u0103 o solu\u021bie simpl\u0103 la problema \u020bmbun\u0103t\u0103\u021birii performan\u021bei acustice \u201cpodea la podea\u201d c\u00e2nd este folosit \u020bmpreun\u0103 cu barierele perimetrale \u015fi panourile de protec\u021bie la foc pentru pere\u021bii cortin\u0103 de la SIDERISE.<br \/>\nNota: Acest produs a fost cunoscut \u020bnainte ca bariera acustic\u0103 \u2018\u2019Lamatherm CW-AB\u2019\u2019.<\/p>\n","protected":false},"excerpt":{"rendered":"<p>Bariera acustic\u0103 SIDERISE CW-AB pentru fa\u021bade const\u0103 \u020bntr-un material compozit izolator fonic, flexibil, utilizat pentru a acoperi suprafa\u021ba dintre zona de parapet la pere\u021bii cortin\u0103 \u015fi structura cl\u0103dirii, pentru a forma o barier\u0103 acustic\u0103 de \u020bnalt\u0103 performan\u021b\u0103. Beneficii: &#8211; Foarte flexibil\u0103, u\u015for de t\u0103iat \u020bn forma dorit\u0103 direct \u020bn \u015fantier &#8211; Ideal\u0103 ca metod\u0103 de [&hellip;]<\/p>\n","protected":false},"featured_media":10042,"comment_status":"open","ping_status":"closed","template":"","meta":{"_acf_changed":false},"product_cat":[415],"product_tag":[],"acf":[],"yoast_head":"<!-- This site is optimized with the Yoast SEO plugin v22.9 - https:\/\/yoast.com\/wordpress\/plugins\/seo\/ -->\n<title>SIDERISE CW-AB - Proventuss<\/title>\n<meta name=\"robots\" content=\"index, follow, max-snippet:-1, max-image-preview:large, max-video-preview:-1\" \/>\n<link rel=\"canonical\" href=\"https:\/\/proventuss.eu\/ro\/produkt\/siderise-cw-ab\/\" \/>\n<meta property=\"og:locale\" content=\"ro_RO\" \/>\n<meta property=\"og:type\" content=\"article\" \/>\n<meta property=\"og:title\" content=\"SIDERISE CW-AB - Proventuss\" \/>\n<meta property=\"og:description\" content=\"Bariera acustic\u0103 SIDERISE CW-AB pentru fa\u021bade const\u0103 \u020bntr-un material compozit izolator fonic, flexibil, utilizat pentru a acoperi suprafa\u021ba dintre zona de parapet la pere\u021bii cortin\u0103 \u015fi structura cl\u0103dirii, pentru a forma o barier\u0103 acustic\u0103 de \u020bnalt\u0103 performan\u021b\u0103. Beneficii: &#8211; Foarte flexibil\u0103, u\u015for de t\u0103iat \u020bn forma dorit\u0103 direct \u020bn \u015fantier &#8211; Ideal\u0103 ca metod\u0103 de [&hellip;]\" \/>\n<meta property=\"og:url\" content=\"https:\/\/proventuss.eu\/ro\/produkt\/siderise-cw-ab\/\" \/>\n<meta property=\"og:site_name\" content=\"Proventuss\" \/>\n<meta property=\"og:image\" content=\"https:\/\/proventuss.eu\/wp-content\/uploads\/2022\/04\/CW-AB.jpg\" \/>\n\t<meta property=\"og:image:width\" content=\"756\" \/>\n\t<meta property=\"og:image:height\" content=\"756\" \/>\n\t<meta property=\"og:image:type\" content=\"image\/jpeg\" \/>\n<meta name=\"twitter:card\" content=\"summary_large_image\" \/>\n<meta name=\"twitter:label1\" content=\"Timp estimat pentru citire\" \/>\n\t<meta name=\"twitter:data1\" content=\"1 minut\" \/>\n<script type=\"application\/ld+json\" class=\"yoast-schema-graph\">{\"@context\":\"https:\/\/schema.org\",\"@graph\":[{\"@type\":\"WebPage\",\"@id\":\"https:\/\/proventuss.eu\/ro\/produkt\/siderise-cw-ab\/\",\"url\":\"https:\/\/proventuss.eu\/ro\/produkt\/siderise-cw-ab\/\",\"name\":\"SIDERISE CW-AB - Proventuss\",\"isPartOf\":{\"@id\":\"https:\/\/proventuss.eu\/#website\"},\"primaryImageOfPage\":{\"@id\":\"https:\/\/proventuss.eu\/ro\/produkt\/siderise-cw-ab\/#primaryimage\"},\"image\":{\"@id\":\"https:\/\/proventuss.eu\/ro\/produkt\/siderise-cw-ab\/#primaryimage\"},\"thumbnailUrl\":\"https:\/\/proventuss.eu\/wp-content\/uploads\/2022\/04\/CW-AB.jpg\",\"datePublished\":\"2022-04-26T10:08:34+00:00\",\"dateModified\":\"2022-04-26T10:08:34+00:00\",\"breadcrumb\":{\"@id\":\"https:\/\/proventuss.eu\/ro\/produkt\/siderise-cw-ab\/#breadcrumb\"},\"inLanguage\":\"ro-RO\",\"potentialAction\":[{\"@type\":\"ReadAction\",\"target\":[\"https:\/\/proventuss.eu\/ro\/produkt\/siderise-cw-ab\/\"]}]},{\"@type\":\"ImageObject\",\"inLanguage\":\"ro-RO\",\"@id\":\"https:\/\/proventuss.eu\/ro\/produkt\/siderise-cw-ab\/#primaryimage\",\"url\":\"https:\/\/proventuss.eu\/wp-content\/uploads\/2022\/04\/CW-AB.jpg\",\"contentUrl\":\"https:\/\/proventuss.eu\/wp-content\/uploads\/2022\/04\/CW-AB.jpg\",\"width\":756,\"height\":756},{\"@type\":\"BreadcrumbList\",\"@id\":\"https:\/\/proventuss.eu\/ro\/produkt\/siderise-cw-ab\/#breadcrumb\",\"itemListElement\":[{\"@type\":\"ListItem\",\"position\":1,\"name\":\"Home\",\"item\":\"https:\/\/proventuss.eu\/ro\/\"},{\"@type\":\"ListItem\",\"position\":2,\"name\":\"Produse\",\"item\":\"https:\/\/proventuss.eu\/produse\/\"},{\"@type\":\"ListItem\",\"position\":3,\"name\":\"SIDERISE CW-AB\"}]},{\"@type\":\"WebSite\",\"@id\":\"https:\/\/proventuss.eu\/#website\",\"url\":\"https:\/\/proventuss.eu\/\",\"name\":\"Proventuss\",\"description\":\"\",\"potentialAction\":[{\"@type\":\"SearchAction\",\"target\":{\"@type\":\"EntryPoint\",\"urlTemplate\":\"https:\/\/proventuss.eu\/?s={search_term_string}\"},\"query-input\":\"required name=search_term_string\"}],\"inLanguage\":\"ro-RO\"}]}<\/script>\n<!-- \/ Yoast SEO plugin. -->","yoast_head_json":{"title":"SIDERISE CW-AB - Proventuss","robots":{"index":"index","follow":"follow","max-snippet":"max-snippet:-1","max-image-preview":"max-image-preview:large","max-video-preview":"max-video-preview:-1"},"canonical":"https:\/\/proventuss.eu\/ro\/produkt\/siderise-cw-ab\/","og_locale":"ro_RO","og_type":"article","og_title":"SIDERISE CW-AB - Proventuss","og_description":"Bariera acustic\u0103 SIDERISE CW-AB pentru fa\u021bade const\u0103 \u020bntr-un material compozit izolator fonic, flexibil, utilizat pentru a acoperi suprafa\u021ba dintre zona de parapet la pere\u021bii cortin\u0103 \u015fi structura cl\u0103dirii, pentru a forma o barier\u0103 acustic\u0103 de \u020bnalt\u0103 performan\u021b\u0103. Beneficii: &#8211; Foarte flexibil\u0103, u\u015for de t\u0103iat \u020bn forma dorit\u0103 direct \u020bn \u015fantier &#8211; Ideal\u0103 ca metod\u0103 de [&hellip;]","og_url":"https:\/\/proventuss.eu\/ro\/produkt\/siderise-cw-ab\/","og_site_name":"Proventuss","og_image":[{"width":756,"height":756,"url":"https:\/\/proventuss.eu\/wp-content\/uploads\/2022\/04\/CW-AB.jpg","type":"image\/jpeg"}],"twitter_card":"summary_large_image","twitter_misc":{"Timp estimat pentru citire":"1 minut"},"schema":{"@context":"https:\/\/schema.org","@graph":[{"@type":"WebPage","@id":"https:\/\/proventuss.eu\/ro\/produkt\/siderise-cw-ab\/","url":"https:\/\/proventuss.eu\/ro\/produkt\/siderise-cw-ab\/","name":"SIDERISE CW-AB - Proventuss","isPartOf":{"@id":"https:\/\/proventuss.eu\/#website"},"primaryImageOfPage":{"@id":"https:\/\/proventuss.eu\/ro\/produkt\/siderise-cw-ab\/#primaryimage"},"image":{"@id":"https:\/\/proventuss.eu\/ro\/produkt\/siderise-cw-ab\/#primaryimage"},"thumbnailUrl":"https:\/\/proventuss.eu\/wp-content\/uploads\/2022\/04\/CW-AB.jpg","datePublished":"2022-04-26T10:08:34+00:00","dateModified":"2022-04-26T10:08:34+00:00","breadcrumb":{"@id":"https:\/\/proventuss.eu\/ro\/produkt\/siderise-cw-ab\/#breadcrumb"},"inLanguage":"ro-RO","potentialAction":[{"@type":"ReadAction","target":["https:\/\/proventuss.eu\/ro\/produkt\/siderise-cw-ab\/"]}]},{"@type":"ImageObject","inLanguage":"ro-RO","@id":"https:\/\/proventuss.eu\/ro\/produkt\/siderise-cw-ab\/#primaryimage","url":"https:\/\/proventuss.eu\/wp-content\/uploads\/2022\/04\/CW-AB.jpg","contentUrl":"https:\/\/proventuss.eu\/wp-content\/uploads\/2022\/04\/CW-AB.jpg","width":756,"height":756},{"@type":"BreadcrumbList","@id":"https:\/\/proventuss.eu\/ro\/produkt\/siderise-cw-ab\/#breadcrumb","itemListElement":[{"@type":"ListItem","position":1,"name":"Home","item":"https:\/\/proventuss.eu\/ro\/"},{"@type":"ListItem","position":2,"name":"Produse","item":"https:\/\/proventuss.eu\/produse\/"},{"@type":"ListItem","position":3,"name":"SIDERISE CW-AB"}]},{"@type":"WebSite","@id":"https:\/\/proventuss.eu\/#website","url":"https:\/\/proventuss.eu\/","name":"Proventuss","description":"","potentialAction":[{"@type":"SearchAction","target":{"@type":"EntryPoint","urlTemplate":"https:\/\/proventuss.eu\/?s={search_term_string}"},"query-input":"required name=search_term_string"}],"inLanguage":"ro-RO"}]}},"_links":{"self":[{"href":"https:\/\/proventuss.eu\/ro\/wp-json\/wp\/v2\/product\/10261"}],"collection":[{"href":"https:\/\/proventuss.eu\/ro\/wp-json\/wp\/v2\/product"}],"about":[{"href":"https:\/\/proventuss.eu\/ro\/wp-json\/wp\/v2\/types\/product"}],"replies":[{"embeddable":true,"href":"https:\/\/proventuss.eu\/ro\/wp-json\/wp\/v2\/comments?post=10261"}],"wp:featuredmedia":[{"embeddable":true,"href":"https:\/\/proventuss.eu\/ro\/wp-json\/wp\/v2\/media\/10042"}],"wp:attachment":[{"href":"https:\/\/proventuss.eu\/ro\/wp-json\/wp\/v2\/media?parent=10261"}],"wp:term":[{"taxonomy":"product_cat","embeddable":true,"href":"https:\/\/proventuss.eu\/ro\/wp-json\/wp\/v2\/product_cat?post=10261"},{"taxonomy":"product_tag","embeddable":true,"href":"https:\/\/proventuss.eu\/ro\/wp-json\/wp\/v2\/product_tag?post=10261"}],"curies":[{"name":"wp","href":"https:\/\/api.w.org\/{rel}","templated":true}]}}