{"id":10260,"date":"2022-04-26T10:04:59","date_gmt":"2022-04-26T10:04:59","guid":{"rendered":"https:\/\/proventuss.eu\/produkt\/siderise-mi\/"},"modified":"2023-02-10T11:27:58","modified_gmt":"2023-02-10T11:27:58","slug":"siderise-mi","status":"publish","type":"product","link":"https:\/\/proventuss.eu\/ro\/produs\/siderise-mi\/","title":{"rendered":"SIDERISE MI"},"content":{"rendered":"<p>Inserturile SIDERISE pentru montan\u021bi\/traverse cuprind o gam\u0103 de materiale special concepute pentru a \u020bmbun\u0103ta\u021bi performan\u021bele de izolare fonic\u0103 a fa\u021badelor formate din profile u\u015foare, goale \u015fi zone vitrate.<\/p>\n<p><strong>Beneficii:<\/strong><br \/>\n&#8211; Izolare fonic\u0103 de p\u00e2n\u0103 la 41dB Rw prin \u201crama\u201d din montan\u021bi de 50mm<br \/>\n&#8211; U\u015for de instalat<br \/>\n&#8211; Gam\u0103 larg\u0103 de materiale de baz\u0103<br \/>\n&#8211; Dimensiuni \u015fi forme pe comand\u0103<\/p>\n<p>De\u015fi inserturile pot fi folosite cu scopul de a \u020bmbun\u0103t\u0103\u021bi caracteristicile de izolare fonic\u0103 prin anvelopa cl\u0103dirii, de exemplu performan\u021ba de la exterior c\u0103tre interior, ele sunt mai frecvent utilizate pentru a ajuta la reducerea transmisiei sunetului \u020bntre zonele interne adiacente. Aceasta include transmiterea sunetului de genul \u201ccamer\u0103 la camer\u0103\u201d \u015fi \u201cpodea la podea\u201d.<br \/>\nSolu\u021bii optime, specifice, au fost dezvoltate pentru fiecare situa\u021bie obi\u015fnuit\u0103 \u020bnt\u00e2lnit\u0103 \u020bn construc\u021biile cu pere\u021bi cortin\u0103.<br \/>\nProiectarea insertului adecvat \u021bine cont nu numai de performan\u021ba acustic\u0103, ci \u015fi u\u015furin\u021ba \u015fi caracterul practic al instal\u0103rii. Tehnicile de producere intern\u0103 precum t\u0103ierea\/frezare pe CNC dup\u0103 matri\u021b\u0103 asigur\u0103 o potrivire exact\u0103 \u020bn special \u020bn golurile interioare ale profilelor.<\/p>\n<p>Nota: Acest produs a fost cunoscut anterior drept inser\u021bii \u2018\u2019Lamaphon\u2019\u2019 pentru montan\u021bi\/ traverse.<\/p>\n","protected":false},"excerpt":{"rendered":"<p>Inserturile SIDERISE pentru montan\u021bi\/traverse cuprind o gam\u0103 de materiale special concepute pentru a \u020bmbun\u0103ta\u021bi performan\u021bele de izolare fonic\u0103 a fa\u021badelor formate din profile u\u015foare, goale \u015fi zone vitrate. Beneficii: &#8211; Izolare fonic\u0103 de p\u00e2n\u0103 la 41dB Rw prin \u201crama\u201d din montan\u021bi de 50mm &#8211; U\u015for de instalat &#8211; Gam\u0103 larg\u0103 de materiale de baz\u0103 &#8211; [&hellip;]<\/p>\n","protected":false},"featured_media":9669,"comment_status":"open","ping_status":"closed","template":"","meta":{"_acf_changed":false},"product_cat":[415],"product_tag":[],"acf":[],"yoast_head":"<!-- This site is optimized with the Yoast SEO plugin v22.9 - https:\/\/yoast.com\/wordpress\/plugins\/seo\/ -->\n<title>SIDERISE MI - Proventuss<\/title>\n<meta name=\"robots\" content=\"index, follow, max-snippet:-1, max-image-preview:large, max-video-preview:-1\" \/>\n<link rel=\"canonical\" href=\"https:\/\/proventuss.eu\/ro\/produkt\/siderise-mi\/\" \/>\n<meta property=\"og:locale\" content=\"ro_RO\" \/>\n<meta property=\"og:type\" content=\"article\" \/>\n<meta property=\"og:title\" content=\"SIDERISE MI - Proventuss\" \/>\n<meta property=\"og:description\" content=\"Inserturile SIDERISE pentru montan\u021bi\/traverse cuprind o gam\u0103 de materiale special concepute pentru a \u020bmbun\u0103ta\u021bi performan\u021bele de izolare fonic\u0103 a fa\u021badelor formate din profile u\u015foare, goale \u015fi zone vitrate. Beneficii: &#8211; Izolare fonic\u0103 de p\u00e2n\u0103 la 41dB Rw prin \u201crama\u201d din montan\u021bi de 50mm &#8211; U\u015for de instalat &#8211; Gam\u0103 larg\u0103 de materiale de baz\u0103 &#8211; [&hellip;]\" \/>\n<meta property=\"og:url\" content=\"https:\/\/proventuss.eu\/ro\/produkt\/siderise-mi\/\" \/>\n<meta property=\"og:site_name\" content=\"Proventuss\" \/>\n<meta property=\"article:modified_time\" content=\"2023-02-10T11:27:58+00:00\" \/>\n<meta property=\"og:image\" content=\"https:\/\/proventuss.eu\/wp-content\/uploads\/2022\/04\/Siderise-Mi-akustyczne.jpg\" \/>\n\t<meta property=\"og:image:width\" content=\"224\" \/>\n\t<meta property=\"og:image:height\" content=\"224\" \/>\n\t<meta property=\"og:image:type\" content=\"image\/jpeg\" \/>\n<meta name=\"twitter:card\" content=\"summary_large_image\" \/>\n<meta name=\"twitter:label1\" content=\"Timp estimat pentru citire\" \/>\n\t<meta name=\"twitter:data1\" content=\"2 minute\" \/>\n<script type=\"application\/ld+json\" class=\"yoast-schema-graph\">{\"@context\":\"https:\/\/schema.org\",\"@graph\":[{\"@type\":\"WebPage\",\"@id\":\"https:\/\/proventuss.eu\/ro\/produkt\/siderise-mi\/\",\"url\":\"https:\/\/proventuss.eu\/ro\/produkt\/siderise-mi\/\",\"name\":\"SIDERISE MI - Proventuss\",\"isPartOf\":{\"@id\":\"https:\/\/proventuss.eu\/#website\"},\"primaryImageOfPage\":{\"@id\":\"https:\/\/proventuss.eu\/ro\/produkt\/siderise-mi\/#primaryimage\"},\"image\":{\"@id\":\"https:\/\/proventuss.eu\/ro\/produkt\/siderise-mi\/#primaryimage\"},\"thumbnailUrl\":\"https:\/\/proventuss.eu\/wp-content\/uploads\/2022\/04\/Siderise-Mi-akustyczne.jpg\",\"datePublished\":\"2022-04-26T10:04:59+00:00\",\"dateModified\":\"2023-02-10T11:27:58+00:00\",\"breadcrumb\":{\"@id\":\"https:\/\/proventuss.eu\/ro\/produkt\/siderise-mi\/#breadcrumb\"},\"inLanguage\":\"ro-RO\",\"potentialAction\":[{\"@type\":\"ReadAction\",\"target\":[\"https:\/\/proventuss.eu\/ro\/produkt\/siderise-mi\/\"]}]},{\"@type\":\"ImageObject\",\"inLanguage\":\"ro-RO\",\"@id\":\"https:\/\/proventuss.eu\/ro\/produkt\/siderise-mi\/#primaryimage\",\"url\":\"https:\/\/proventuss.eu\/wp-content\/uploads\/2022\/04\/Siderise-Mi-akustyczne.jpg\",\"contentUrl\":\"https:\/\/proventuss.eu\/wp-content\/uploads\/2022\/04\/Siderise-Mi-akustyczne.jpg\",\"width\":224,\"height\":224},{\"@type\":\"BreadcrumbList\",\"@id\":\"https:\/\/proventuss.eu\/ro\/produkt\/siderise-mi\/#breadcrumb\",\"itemListElement\":[{\"@type\":\"ListItem\",\"position\":1,\"name\":\"Home\",\"item\":\"https:\/\/proventuss.eu\/ro\/\"},{\"@type\":\"ListItem\",\"position\":2,\"name\":\"Produse\",\"item\":\"https:\/\/proventuss.eu\/produse\/\"},{\"@type\":\"ListItem\",\"position\":3,\"name\":\"SIDERISE MI\"}]},{\"@type\":\"WebSite\",\"@id\":\"https:\/\/proventuss.eu\/#website\",\"url\":\"https:\/\/proventuss.eu\/\",\"name\":\"Proventuss\",\"description\":\"\",\"potentialAction\":[{\"@type\":\"SearchAction\",\"target\":{\"@type\":\"EntryPoint\",\"urlTemplate\":\"https:\/\/proventuss.eu\/?s={search_term_string}\"},\"query-input\":\"required name=search_term_string\"}],\"inLanguage\":\"ro-RO\"}]}<\/script>\n<!-- \/ Yoast SEO plugin. -->","yoast_head_json":{"title":"SIDERISE MI - Proventuss","robots":{"index":"index","follow":"follow","max-snippet":"max-snippet:-1","max-image-preview":"max-image-preview:large","max-video-preview":"max-video-preview:-1"},"canonical":"https:\/\/proventuss.eu\/ro\/produkt\/siderise-mi\/","og_locale":"ro_RO","og_type":"article","og_title":"SIDERISE MI - Proventuss","og_description":"Inserturile SIDERISE pentru montan\u021bi\/traverse cuprind o gam\u0103 de materiale special concepute pentru a \u020bmbun\u0103ta\u021bi performan\u021bele de izolare fonic\u0103 a fa\u021badelor formate din profile u\u015foare, goale \u015fi zone vitrate. Beneficii: &#8211; Izolare fonic\u0103 de p\u00e2n\u0103 la 41dB Rw prin \u201crama\u201d din montan\u021bi de 50mm &#8211; U\u015for de instalat &#8211; Gam\u0103 larg\u0103 de materiale de baz\u0103 &#8211; [&hellip;]","og_url":"https:\/\/proventuss.eu\/ro\/produkt\/siderise-mi\/","og_site_name":"Proventuss","article_modified_time":"2023-02-10T11:27:58+00:00","og_image":[{"width":224,"height":224,"url":"https:\/\/proventuss.eu\/wp-content\/uploads\/2022\/04\/Siderise-Mi-akustyczne.jpg","type":"image\/jpeg"}],"twitter_card":"summary_large_image","twitter_misc":{"Timp estimat pentru citire":"2 minute"},"schema":{"@context":"https:\/\/schema.org","@graph":[{"@type":"WebPage","@id":"https:\/\/proventuss.eu\/ro\/produkt\/siderise-mi\/","url":"https:\/\/proventuss.eu\/ro\/produkt\/siderise-mi\/","name":"SIDERISE MI - Proventuss","isPartOf":{"@id":"https:\/\/proventuss.eu\/#website"},"primaryImageOfPage":{"@id":"https:\/\/proventuss.eu\/ro\/produkt\/siderise-mi\/#primaryimage"},"image":{"@id":"https:\/\/proventuss.eu\/ro\/produkt\/siderise-mi\/#primaryimage"},"thumbnailUrl":"https:\/\/proventuss.eu\/wp-content\/uploads\/2022\/04\/Siderise-Mi-akustyczne.jpg","datePublished":"2022-04-26T10:04:59+00:00","dateModified":"2023-02-10T11:27:58+00:00","breadcrumb":{"@id":"https:\/\/proventuss.eu\/ro\/produkt\/siderise-mi\/#breadcrumb"},"inLanguage":"ro-RO","potentialAction":[{"@type":"ReadAction","target":["https:\/\/proventuss.eu\/ro\/produkt\/siderise-mi\/"]}]},{"@type":"ImageObject","inLanguage":"ro-RO","@id":"https:\/\/proventuss.eu\/ro\/produkt\/siderise-mi\/#primaryimage","url":"https:\/\/proventuss.eu\/wp-content\/uploads\/2022\/04\/Siderise-Mi-akustyczne.jpg","contentUrl":"https:\/\/proventuss.eu\/wp-content\/uploads\/2022\/04\/Siderise-Mi-akustyczne.jpg","width":224,"height":224},{"@type":"BreadcrumbList","@id":"https:\/\/proventuss.eu\/ro\/produkt\/siderise-mi\/#breadcrumb","itemListElement":[{"@type":"ListItem","position":1,"name":"Home","item":"https:\/\/proventuss.eu\/ro\/"},{"@type":"ListItem","position":2,"name":"Produse","item":"https:\/\/proventuss.eu\/produse\/"},{"@type":"ListItem","position":3,"name":"SIDERISE MI"}]},{"@type":"WebSite","@id":"https:\/\/proventuss.eu\/#website","url":"https:\/\/proventuss.eu\/","name":"Proventuss","description":"","potentialAction":[{"@type":"SearchAction","target":{"@type":"EntryPoint","urlTemplate":"https:\/\/proventuss.eu\/?s={search_term_string}"},"query-input":"required name=search_term_string"}],"inLanguage":"ro-RO"}]}},"_links":{"self":[{"href":"https:\/\/proventuss.eu\/ro\/wp-json\/wp\/v2\/product\/10260"}],"collection":[{"href":"https:\/\/proventuss.eu\/ro\/wp-json\/wp\/v2\/product"}],"about":[{"href":"https:\/\/proventuss.eu\/ro\/wp-json\/wp\/v2\/types\/product"}],"replies":[{"embeddable":true,"href":"https:\/\/proventuss.eu\/ro\/wp-json\/wp\/v2\/comments?post=10260"}],"wp:featuredmedia":[{"embeddable":true,"href":"https:\/\/proventuss.eu\/ro\/wp-json\/wp\/v2\/media\/9669"}],"wp:attachment":[{"href":"https:\/\/proventuss.eu\/ro\/wp-json\/wp\/v2\/media?parent=10260"}],"wp:term":[{"taxonomy":"product_cat","embeddable":true,"href":"https:\/\/proventuss.eu\/ro\/wp-json\/wp\/v2\/product_cat?post=10260"},{"taxonomy":"product_tag","embeddable":true,"href":"https:\/\/proventuss.eu\/ro\/wp-json\/wp\/v2\/product_tag?post=10260"}],"curies":[{"name":"wp","href":"https:\/\/api.w.org\/{rel}","templated":true}]}}