{"id":10259,"date":"2022-04-26T09:55:42","date_gmt":"2022-04-26T09:55:42","guid":{"rendered":"https:\/\/proventuss.eu\/produkt\/siderise-osci\/"},"modified":"2022-04-26T09:55:42","modified_gmt":"2022-04-26T09:55:42","slug":"siderise-osci","status":"publish","type":"product","link":"https:\/\/proventuss.eu\/ro\/produs\/siderise-osci\/","title":{"rendered":"SIDERISE OSCI"},"content":{"rendered":"<p>Produsul SIDERISE OSCI poate fi folosit orizontal sau vertical, ca parte dintr-un<br \/>\nsistem de placare, aplicat direct pe suprafa\u021ba intern\u0103 \u020bn cazul casetelor, pentru a<br \/>\nsimplifica detalierea \u015fi instalarea barierelor adiacente \u015fi\/sau s\u0103 asigure golul de<br \/>\naer pentru ventila\u021bie dimensionat \u020bn limitele admise.<\/p>\n<p><strong>Beneficii:<\/strong><br \/>\n&#8211; Testat cu numeroase sisteme de fa\u021bade conform BS 8414 si NFPA 285<br \/>\n&#8211; Poate fi folosit \u020bn combina\u021bie cu bariere RH25 sau RH50 (orizontal) sau RV (vertical).<br \/>\n&#8211; Gam\u0103 larg\u0103 de grosimi \u015fi l\u0103\u021bimi ce ofer\u0103 solu\u021bii pentru o mare diversitate de casete placarea fa\u021badelor ventilate.<br \/>\n&#8211; Clasificare A2-s1, d0 conform EN 13501-1.<\/p>\n<p>SIDERISE OSCI se pozi\u021bioneaz\u0103 paralel \u015fi se aliniaz\u0103 central cu barierele SIDERISE RH sau RV, lu\u00e2nd \u020bn considerare specifica\u021biile ansamblului sistemului de placare. De obicei, aceasta necesit\u0103 luarea \u00een considerare a specifica\u021biilor \u0219i configura\u021biei panourilor de placare, pozi\u021bionarea \u0219inelor de sus\u021binere sau a structurilor similare din o\u021bel \u0219i\/sau sisteme cu c\u00e2rlig sau console pentru sus\u021binerea panoului.<\/p>\n","protected":false},"excerpt":{"rendered":"<p>Produsul SIDERISE OSCI poate fi folosit orizontal sau vertical, ca parte dintr-un sistem de placare, aplicat direct pe suprafa\u021ba intern\u0103 \u020bn cazul casetelor, pentru a simplifica detalierea \u015fi instalarea barierelor adiacente \u015fi\/sau s\u0103 asigure golul de aer pentru ventila\u021bie dimensionat \u020bn limitele admise. Beneficii: &#8211; Testat cu numeroase sisteme de fa\u021bade conform BS 8414 si [&hellip;]<\/p>\n","protected":false},"featured_media":10045,"comment_status":"open","ping_status":"closed","template":"","meta":{"_acf_changed":false},"product_cat":[416],"product_tag":[],"acf":[],"yoast_head":"<!-- This site is optimized with the Yoast SEO plugin v22.9 - https:\/\/yoast.com\/wordpress\/plugins\/seo\/ -->\n<title>SIDERISE OSCI - Proventuss<\/title>\n<meta name=\"robots\" content=\"index, follow, max-snippet:-1, max-image-preview:large, max-video-preview:-1\" \/>\n<link rel=\"canonical\" href=\"https:\/\/proventuss.eu\/ro\/produkt\/siderise-osci\/\" \/>\n<meta property=\"og:locale\" content=\"ro_RO\" \/>\n<meta property=\"og:type\" content=\"article\" \/>\n<meta property=\"og:title\" content=\"SIDERISE OSCI - Proventuss\" \/>\n<meta property=\"og:description\" content=\"Produsul SIDERISE OSCI poate fi folosit orizontal sau vertical, ca parte dintr-un sistem de placare, aplicat direct pe suprafa\u021ba intern\u0103 \u020bn cazul casetelor, pentru a simplifica detalierea \u015fi instalarea barierelor adiacente \u015fi\/sau s\u0103 asigure golul de aer pentru ventila\u021bie dimensionat \u020bn limitele admise. Beneficii: &#8211; Testat cu numeroase sisteme de fa\u021bade conform BS 8414 si [&hellip;]\" \/>\n<meta property=\"og:url\" content=\"https:\/\/proventuss.eu\/ro\/produkt\/siderise-osci\/\" \/>\n<meta property=\"og:site_name\" content=\"Proventuss\" \/>\n<meta property=\"og:image\" content=\"https:\/\/proventuss.eu\/wp-content\/uploads\/2022\/04\/OSCI.jpg\" \/>\n\t<meta property=\"og:image:width\" content=\"756\" \/>\n\t<meta property=\"og:image:height\" content=\"756\" \/>\n\t<meta property=\"og:image:type\" content=\"image\/jpeg\" \/>\n<meta name=\"twitter:card\" content=\"summary_large_image\" \/>\n<meta name=\"twitter:label1\" content=\"Timp estimat pentru citire\" \/>\n\t<meta name=\"twitter:data1\" content=\"1 minut\" \/>\n<script type=\"application\/ld+json\" class=\"yoast-schema-graph\">{\"@context\":\"https:\/\/schema.org\",\"@graph\":[{\"@type\":\"WebPage\",\"@id\":\"https:\/\/proventuss.eu\/ro\/produkt\/siderise-osci\/\",\"url\":\"https:\/\/proventuss.eu\/ro\/produkt\/siderise-osci\/\",\"name\":\"SIDERISE OSCI - Proventuss\",\"isPartOf\":{\"@id\":\"https:\/\/proventuss.eu\/#website\"},\"primaryImageOfPage\":{\"@id\":\"https:\/\/proventuss.eu\/ro\/produkt\/siderise-osci\/#primaryimage\"},\"image\":{\"@id\":\"https:\/\/proventuss.eu\/ro\/produkt\/siderise-osci\/#primaryimage\"},\"thumbnailUrl\":\"https:\/\/proventuss.eu\/wp-content\/uploads\/2022\/04\/OSCI.jpg\",\"datePublished\":\"2022-04-26T09:55:42+00:00\",\"dateModified\":\"2022-04-26T09:55:42+00:00\",\"breadcrumb\":{\"@id\":\"https:\/\/proventuss.eu\/ro\/produkt\/siderise-osci\/#breadcrumb\"},\"inLanguage\":\"ro-RO\",\"potentialAction\":[{\"@type\":\"ReadAction\",\"target\":[\"https:\/\/proventuss.eu\/ro\/produkt\/siderise-osci\/\"]}]},{\"@type\":\"ImageObject\",\"inLanguage\":\"ro-RO\",\"@id\":\"https:\/\/proventuss.eu\/ro\/produkt\/siderise-osci\/#primaryimage\",\"url\":\"https:\/\/proventuss.eu\/wp-content\/uploads\/2022\/04\/OSCI.jpg\",\"contentUrl\":\"https:\/\/proventuss.eu\/wp-content\/uploads\/2022\/04\/OSCI.jpg\",\"width\":756,\"height\":756},{\"@type\":\"BreadcrumbList\",\"@id\":\"https:\/\/proventuss.eu\/ro\/produkt\/siderise-osci\/#breadcrumb\",\"itemListElement\":[{\"@type\":\"ListItem\",\"position\":1,\"name\":\"Home\",\"item\":\"https:\/\/proventuss.eu\/ro\/\"},{\"@type\":\"ListItem\",\"position\":2,\"name\":\"Produse\",\"item\":\"https:\/\/proventuss.eu\/produse\/\"},{\"@type\":\"ListItem\",\"position\":3,\"name\":\"SIDERISE OSCI\"}]},{\"@type\":\"WebSite\",\"@id\":\"https:\/\/proventuss.eu\/#website\",\"url\":\"https:\/\/proventuss.eu\/\",\"name\":\"Proventuss\",\"description\":\"\",\"potentialAction\":[{\"@type\":\"SearchAction\",\"target\":{\"@type\":\"EntryPoint\",\"urlTemplate\":\"https:\/\/proventuss.eu\/?s={search_term_string}\"},\"query-input\":\"required name=search_term_string\"}],\"inLanguage\":\"ro-RO\"}]}<\/script>\n<!-- \/ Yoast SEO plugin. -->","yoast_head_json":{"title":"SIDERISE OSCI - Proventuss","robots":{"index":"index","follow":"follow","max-snippet":"max-snippet:-1","max-image-preview":"max-image-preview:large","max-video-preview":"max-video-preview:-1"},"canonical":"https:\/\/proventuss.eu\/ro\/produkt\/siderise-osci\/","og_locale":"ro_RO","og_type":"article","og_title":"SIDERISE OSCI - Proventuss","og_description":"Produsul SIDERISE OSCI poate fi folosit orizontal sau vertical, ca parte dintr-un sistem de placare, aplicat direct pe suprafa\u021ba intern\u0103 \u020bn cazul casetelor, pentru a simplifica detalierea \u015fi instalarea barierelor adiacente \u015fi\/sau s\u0103 asigure golul de aer pentru ventila\u021bie dimensionat \u020bn limitele admise. Beneficii: &#8211; Testat cu numeroase sisteme de fa\u021bade conform BS 8414 si [&hellip;]","og_url":"https:\/\/proventuss.eu\/ro\/produkt\/siderise-osci\/","og_site_name":"Proventuss","og_image":[{"width":756,"height":756,"url":"https:\/\/proventuss.eu\/wp-content\/uploads\/2022\/04\/OSCI.jpg","type":"image\/jpeg"}],"twitter_card":"summary_large_image","twitter_misc":{"Timp estimat pentru citire":"1 minut"},"schema":{"@context":"https:\/\/schema.org","@graph":[{"@type":"WebPage","@id":"https:\/\/proventuss.eu\/ro\/produkt\/siderise-osci\/","url":"https:\/\/proventuss.eu\/ro\/produkt\/siderise-osci\/","name":"SIDERISE OSCI - Proventuss","isPartOf":{"@id":"https:\/\/proventuss.eu\/#website"},"primaryImageOfPage":{"@id":"https:\/\/proventuss.eu\/ro\/produkt\/siderise-osci\/#primaryimage"},"image":{"@id":"https:\/\/proventuss.eu\/ro\/produkt\/siderise-osci\/#primaryimage"},"thumbnailUrl":"https:\/\/proventuss.eu\/wp-content\/uploads\/2022\/04\/OSCI.jpg","datePublished":"2022-04-26T09:55:42+00:00","dateModified":"2022-04-26T09:55:42+00:00","breadcrumb":{"@id":"https:\/\/proventuss.eu\/ro\/produkt\/siderise-osci\/#breadcrumb"},"inLanguage":"ro-RO","potentialAction":[{"@type":"ReadAction","target":["https:\/\/proventuss.eu\/ro\/produkt\/siderise-osci\/"]}]},{"@type":"ImageObject","inLanguage":"ro-RO","@id":"https:\/\/proventuss.eu\/ro\/produkt\/siderise-osci\/#primaryimage","url":"https:\/\/proventuss.eu\/wp-content\/uploads\/2022\/04\/OSCI.jpg","contentUrl":"https:\/\/proventuss.eu\/wp-content\/uploads\/2022\/04\/OSCI.jpg","width":756,"height":756},{"@type":"BreadcrumbList","@id":"https:\/\/proventuss.eu\/ro\/produkt\/siderise-osci\/#breadcrumb","itemListElement":[{"@type":"ListItem","position":1,"name":"Home","item":"https:\/\/proventuss.eu\/ro\/"},{"@type":"ListItem","position":2,"name":"Produse","item":"https:\/\/proventuss.eu\/produse\/"},{"@type":"ListItem","position":3,"name":"SIDERISE OSCI"}]},{"@type":"WebSite","@id":"https:\/\/proventuss.eu\/#website","url":"https:\/\/proventuss.eu\/","name":"Proventuss","description":"","potentialAction":[{"@type":"SearchAction","target":{"@type":"EntryPoint","urlTemplate":"https:\/\/proventuss.eu\/?s={search_term_string}"},"query-input":"required name=search_term_string"}],"inLanguage":"ro-RO"}]}},"_links":{"self":[{"href":"https:\/\/proventuss.eu\/ro\/wp-json\/wp\/v2\/product\/10259"}],"collection":[{"href":"https:\/\/proventuss.eu\/ro\/wp-json\/wp\/v2\/product"}],"about":[{"href":"https:\/\/proventuss.eu\/ro\/wp-json\/wp\/v2\/types\/product"}],"replies":[{"embeddable":true,"href":"https:\/\/proventuss.eu\/ro\/wp-json\/wp\/v2\/comments?post=10259"}],"wp:featuredmedia":[{"embeddable":true,"href":"https:\/\/proventuss.eu\/ro\/wp-json\/wp\/v2\/media\/10045"}],"wp:attachment":[{"href":"https:\/\/proventuss.eu\/ro\/wp-json\/wp\/v2\/media?parent=10259"}],"wp:term":[{"taxonomy":"product_cat","embeddable":true,"href":"https:\/\/proventuss.eu\/ro\/wp-json\/wp\/v2\/product_cat?post=10259"},{"taxonomy":"product_tag","embeddable":true,"href":"https:\/\/proventuss.eu\/ro\/wp-json\/wp\/v2\/product_tag?post=10259"}],"curies":[{"name":"wp","href":"https:\/\/api.w.org\/{rel}","templated":true}]}}