{"id":10258,"date":"2022-04-26T09:54:26","date_gmt":"2022-04-26T09:54:26","guid":{"rendered":"https:\/\/proventuss.eu\/produkt\/siderise-rh\/"},"modified":"2023-02-10T11:26:43","modified_gmt":"2023-02-10T11:26:43","slug":"siderise-rh","status":"publish","type":"product","link":"https:\/\/proventuss.eu\/ro\/produs\/siderise-rh\/","title":{"rendered":"SIDERISE RH"},"content":{"rendered":"<p>SIDERISE RH\/RV reprezint\u0103 alegerea implicit\u0103 pentru sistemul lider de pia\u021b\u0103, cu performan\u021b\u0103 ridicat\u0103, aplicabil la fa\u021badele ventilate.<br \/>\nSistemul permite ventila\u021bia continu\u0103 \u015fi drenajul \u020bn spatele plac\u0103rii.<\/p>\n<p><strong>Beneficii:<\/strong><br \/>\n&#8211; Ofer\u0103 p\u00e2n\u0103 la 120 de minute integritate la foc \u015fi izolare (EI 120)<br \/>\n&#8211; Testate de Association For Specialist Fire Protection \u2013 ASFP, \u2018\u2019Testul de rezisten\u021b\u0103 la foc al barierelor cu cavit\u0103\u021bi \u00een stare deschis\u0103\u201d (\u2019\u2019Fire Resistance Test of Open State Cavity Barriers\u2019\u2019) utilizand BS EN 1363-1 \u015fi principiile BS EN 1366-4<br \/>\n&#8211; Potrivite pentru aplic\u0103ri orizontale (gol deschis)<br \/>\n&#8211; Produs omologat de un organism independent<\/p>\n<p>&#8211; Toate barierele orizontale sunt codate \u020bn func\u021bie de culoare pentru o identificare mai u\u015foar\u0103.<\/p>\n<p>Barierele orizontale \u020bncorporeaz\u0103 o band\u0103 intumescent\u0103 lipit\u0103 continuu pe marginea anterioar\u0103 \u015fi \u020bncapsulat\u0103 \u020bntr-o folie polimeric\u0103 rezistent\u0103 la ap\u0103. \u020an eventualitatea expunerii la foc, aceasta expandeaz\u0103 \u015fi etan\u015feaz\u0103 complet cavitatea de ventila\u021bie format\u0103 la momentul instal\u0103rii dintre barier\u0103 \u015fi spatele pl\u0103cilor, \u020bn conformitate cu ghidurile Centre for Window and Cladding Technology &#8211; CWCT \u015fi National House Building Council &#8211; NHBC pentru cavit\u0103\u021bi de ventila\u021bie de p\u00e2n\u0103 la 50 mm.<br \/>\nBarierele au coduri de culoare pentru o mai u\u015foar\u0103 identificare. SIDERISE RH sunt primele bariere orizontale certificate pentru fa\u021badele ventilate.<\/p>\n<p>SIDERISE RH sunt primele bariere verticale pentru fa\u021badele ventilate certificate \u2018\u2019ewcl5\u2019\u2019 la WarringtonFire (WF), lideri mondiali \u020bn servicii de securitate la incendiu (servicii de testare, inspec\u021bie \u0219i certificare).<\/p>\n","protected":false},"excerpt":{"rendered":"<p>SIDERISE RH\/RV reprezint\u0103 alegerea implicit\u0103 pentru sistemul lider de pia\u021b\u0103, cu performan\u021b\u0103 ridicat\u0103, aplicabil la fa\u021badele ventilate. Sistemul permite ventila\u021bia continu\u0103 \u015fi drenajul \u020bn spatele plac\u0103rii. Beneficii: &#8211; Ofer\u0103 p\u00e2n\u0103 la 120 de minute integritate la foc \u015fi izolare (EI 120) &#8211; Testate de Association For Specialist Fire Protection \u2013 ASFP, \u2018\u2019Testul de rezisten\u021b\u0103 la [&hellip;]<\/p>\n","protected":false},"featured_media":10046,"comment_status":"open","ping_status":"closed","template":"","meta":{"_acf_changed":false},"product_cat":[416],"product_tag":[],"acf":[],"yoast_head":"<!-- This site is optimized with the Yoast SEO plugin v22.9 - https:\/\/yoast.com\/wordpress\/plugins\/seo\/ -->\n<title>SIDERISE RH - Proventuss<\/title>\n<meta name=\"robots\" content=\"index, follow, max-snippet:-1, max-image-preview:large, max-video-preview:-1\" \/>\n<link rel=\"canonical\" href=\"https:\/\/proventuss.eu\/ro\/produkt\/siderise-rh\/\" \/>\n<meta property=\"og:locale\" content=\"ro_RO\" \/>\n<meta property=\"og:type\" content=\"article\" \/>\n<meta property=\"og:title\" content=\"SIDERISE RH - Proventuss\" \/>\n<meta property=\"og:description\" content=\"SIDERISE RH\/RV reprezint\u0103 alegerea implicit\u0103 pentru sistemul lider de pia\u021b\u0103, cu performan\u021b\u0103 ridicat\u0103, aplicabil la fa\u021badele ventilate. Sistemul permite ventila\u021bia continu\u0103 \u015fi drenajul \u020bn spatele plac\u0103rii. Beneficii: &#8211; Ofer\u0103 p\u00e2n\u0103 la 120 de minute integritate la foc \u015fi izolare (EI 120) &#8211; Testate de Association For Specialist Fire Protection \u2013 ASFP, \u2018\u2019Testul de rezisten\u021b\u0103 la [&hellip;]\" \/>\n<meta property=\"og:url\" content=\"https:\/\/proventuss.eu\/ro\/produkt\/siderise-rh\/\" \/>\n<meta property=\"og:site_name\" content=\"Proventuss\" \/>\n<meta property=\"article:modified_time\" content=\"2023-02-10T11:26:43+00:00\" \/>\n<meta property=\"og:image\" content=\"https:\/\/proventuss.eu\/wp-content\/uploads\/2022\/04\/RH.jpg\" \/>\n\t<meta property=\"og:image:width\" content=\"756\" \/>\n\t<meta property=\"og:image:height\" content=\"756\" \/>\n\t<meta property=\"og:image:type\" content=\"image\/jpeg\" \/>\n<meta name=\"twitter:card\" content=\"summary_large_image\" \/>\n<meta name=\"twitter:label1\" content=\"Timp estimat pentru citire\" \/>\n\t<meta name=\"twitter:data1\" content=\"2 minute\" \/>\n<script type=\"application\/ld+json\" class=\"yoast-schema-graph\">{\"@context\":\"https:\/\/schema.org\",\"@graph\":[{\"@type\":\"WebPage\",\"@id\":\"https:\/\/proventuss.eu\/ro\/produkt\/siderise-rh\/\",\"url\":\"https:\/\/proventuss.eu\/ro\/produkt\/siderise-rh\/\",\"name\":\"SIDERISE RH - Proventuss\",\"isPartOf\":{\"@id\":\"https:\/\/proventuss.eu\/#website\"},\"primaryImageOfPage\":{\"@id\":\"https:\/\/proventuss.eu\/ro\/produkt\/siderise-rh\/#primaryimage\"},\"image\":{\"@id\":\"https:\/\/proventuss.eu\/ro\/produkt\/siderise-rh\/#primaryimage\"},\"thumbnailUrl\":\"https:\/\/proventuss.eu\/wp-content\/uploads\/2022\/04\/RH.jpg\",\"datePublished\":\"2022-04-26T09:54:26+00:00\",\"dateModified\":\"2023-02-10T11:26:43+00:00\",\"breadcrumb\":{\"@id\":\"https:\/\/proventuss.eu\/ro\/produkt\/siderise-rh\/#breadcrumb\"},\"inLanguage\":\"ro-RO\",\"potentialAction\":[{\"@type\":\"ReadAction\",\"target\":[\"https:\/\/proventuss.eu\/ro\/produkt\/siderise-rh\/\"]}]},{\"@type\":\"ImageObject\",\"inLanguage\":\"ro-RO\",\"@id\":\"https:\/\/proventuss.eu\/ro\/produkt\/siderise-rh\/#primaryimage\",\"url\":\"https:\/\/proventuss.eu\/wp-content\/uploads\/2022\/04\/RH.jpg\",\"contentUrl\":\"https:\/\/proventuss.eu\/wp-content\/uploads\/2022\/04\/RH.jpg\",\"width\":756,\"height\":756},{\"@type\":\"BreadcrumbList\",\"@id\":\"https:\/\/proventuss.eu\/ro\/produkt\/siderise-rh\/#breadcrumb\",\"itemListElement\":[{\"@type\":\"ListItem\",\"position\":1,\"name\":\"Home\",\"item\":\"https:\/\/proventuss.eu\/ro\/\"},{\"@type\":\"ListItem\",\"position\":2,\"name\":\"Produse\",\"item\":\"https:\/\/proventuss.eu\/produse\/\"},{\"@type\":\"ListItem\",\"position\":3,\"name\":\"SIDERISE RH\"}]},{\"@type\":\"WebSite\",\"@id\":\"https:\/\/proventuss.eu\/#website\",\"url\":\"https:\/\/proventuss.eu\/\",\"name\":\"Proventuss\",\"description\":\"\",\"potentialAction\":[{\"@type\":\"SearchAction\",\"target\":{\"@type\":\"EntryPoint\",\"urlTemplate\":\"https:\/\/proventuss.eu\/?s={search_term_string}\"},\"query-input\":\"required name=search_term_string\"}],\"inLanguage\":\"ro-RO\"}]}<\/script>\n<!-- \/ Yoast SEO plugin. -->","yoast_head_json":{"title":"SIDERISE RH - Proventuss","robots":{"index":"index","follow":"follow","max-snippet":"max-snippet:-1","max-image-preview":"max-image-preview:large","max-video-preview":"max-video-preview:-1"},"canonical":"https:\/\/proventuss.eu\/ro\/produkt\/siderise-rh\/","og_locale":"ro_RO","og_type":"article","og_title":"SIDERISE RH - Proventuss","og_description":"SIDERISE RH\/RV reprezint\u0103 alegerea implicit\u0103 pentru sistemul lider de pia\u021b\u0103, cu performan\u021b\u0103 ridicat\u0103, aplicabil la fa\u021badele ventilate. Sistemul permite ventila\u021bia continu\u0103 \u015fi drenajul \u020bn spatele plac\u0103rii. Beneficii: &#8211; Ofer\u0103 p\u00e2n\u0103 la 120 de minute integritate la foc \u015fi izolare (EI 120) &#8211; Testate de Association For Specialist Fire Protection \u2013 ASFP, \u2018\u2019Testul de rezisten\u021b\u0103 la [&hellip;]","og_url":"https:\/\/proventuss.eu\/ro\/produkt\/siderise-rh\/","og_site_name":"Proventuss","article_modified_time":"2023-02-10T11:26:43+00:00","og_image":[{"width":756,"height":756,"url":"https:\/\/proventuss.eu\/wp-content\/uploads\/2022\/04\/RH.jpg","type":"image\/jpeg"}],"twitter_card":"summary_large_image","twitter_misc":{"Timp estimat pentru citire":"2 minute"},"schema":{"@context":"https:\/\/schema.org","@graph":[{"@type":"WebPage","@id":"https:\/\/proventuss.eu\/ro\/produkt\/siderise-rh\/","url":"https:\/\/proventuss.eu\/ro\/produkt\/siderise-rh\/","name":"SIDERISE RH - Proventuss","isPartOf":{"@id":"https:\/\/proventuss.eu\/#website"},"primaryImageOfPage":{"@id":"https:\/\/proventuss.eu\/ro\/produkt\/siderise-rh\/#primaryimage"},"image":{"@id":"https:\/\/proventuss.eu\/ro\/produkt\/siderise-rh\/#primaryimage"},"thumbnailUrl":"https:\/\/proventuss.eu\/wp-content\/uploads\/2022\/04\/RH.jpg","datePublished":"2022-04-26T09:54:26+00:00","dateModified":"2023-02-10T11:26:43+00:00","breadcrumb":{"@id":"https:\/\/proventuss.eu\/ro\/produkt\/siderise-rh\/#breadcrumb"},"inLanguage":"ro-RO","potentialAction":[{"@type":"ReadAction","target":["https:\/\/proventuss.eu\/ro\/produkt\/siderise-rh\/"]}]},{"@type":"ImageObject","inLanguage":"ro-RO","@id":"https:\/\/proventuss.eu\/ro\/produkt\/siderise-rh\/#primaryimage","url":"https:\/\/proventuss.eu\/wp-content\/uploads\/2022\/04\/RH.jpg","contentUrl":"https:\/\/proventuss.eu\/wp-content\/uploads\/2022\/04\/RH.jpg","width":756,"height":756},{"@type":"BreadcrumbList","@id":"https:\/\/proventuss.eu\/ro\/produkt\/siderise-rh\/#breadcrumb","itemListElement":[{"@type":"ListItem","position":1,"name":"Home","item":"https:\/\/proventuss.eu\/ro\/"},{"@type":"ListItem","position":2,"name":"Produse","item":"https:\/\/proventuss.eu\/produse\/"},{"@type":"ListItem","position":3,"name":"SIDERISE RH"}]},{"@type":"WebSite","@id":"https:\/\/proventuss.eu\/#website","url":"https:\/\/proventuss.eu\/","name":"Proventuss","description":"","potentialAction":[{"@type":"SearchAction","target":{"@type":"EntryPoint","urlTemplate":"https:\/\/proventuss.eu\/?s={search_term_string}"},"query-input":"required name=search_term_string"}],"inLanguage":"ro-RO"}]}},"_links":{"self":[{"href":"https:\/\/proventuss.eu\/ro\/wp-json\/wp\/v2\/product\/10258"}],"collection":[{"href":"https:\/\/proventuss.eu\/ro\/wp-json\/wp\/v2\/product"}],"about":[{"href":"https:\/\/proventuss.eu\/ro\/wp-json\/wp\/v2\/types\/product"}],"replies":[{"embeddable":true,"href":"https:\/\/proventuss.eu\/ro\/wp-json\/wp\/v2\/comments?post=10258"}],"wp:featuredmedia":[{"embeddable":true,"href":"https:\/\/proventuss.eu\/ro\/wp-json\/wp\/v2\/media\/10046"}],"wp:attachment":[{"href":"https:\/\/proventuss.eu\/ro\/wp-json\/wp\/v2\/media?parent=10258"}],"wp:term":[{"taxonomy":"product_cat","embeddable":true,"href":"https:\/\/proventuss.eu\/ro\/wp-json\/wp\/v2\/product_cat?post=10258"},{"taxonomy":"product_tag","embeddable":true,"href":"https:\/\/proventuss.eu\/ro\/wp-json\/wp\/v2\/product_tag?post=10258"}],"curies":[{"name":"wp","href":"https:\/\/api.w.org\/{rel}","templated":true}]}}