{"id":10257,"date":"2022-04-26T09:52:19","date_gmt":"2022-04-26T09:52:19","guid":{"rendered":"https:\/\/proventuss.eu\/produkt\/siderise-rv\/"},"modified":"2023-02-10T11:25:47","modified_gmt":"2023-02-10T11:25:47","slug":"siderise-rv","status":"publish","type":"product","link":"https:\/\/proventuss.eu\/ro\/produs\/siderise-rv\/","title":{"rendered":"SIDERISE RV"},"content":{"rendered":"<p>Este folosit \u020bn construc\u021bii, la anvelopa exterioar\u0103 a cl\u0103dirilor, men\u021bine fluxul de aer necesar ventil\u0103rii \u015fi drenarea liber\u0103 la toate sistemele de fa\u021bade ventilate, iar \u020bn caz de incendiu va asigura o sigilare eficient\u0103 la fum \u015fi foc.<\/p>\n<p><strong>Beneficii:<\/strong><br \/>\n&#8211; Permite ventilarea continu\u0103 \u015fi drenajul in spatele plac\u0103rii.<br \/>\n&#8211; P\u00e2n\u0103 la 120 de minute de integritate la foc.<br \/>\n&#8211; Testate de Association For Specialist Fire Protection \u2013 ASFP, \u2018\u2019Testul de rezisten\u021b\u0103 la foc al barierelor cu cavit\u0103\u021bi \u00een stare deschis\u0103\u201d (\u2019\u2019Fire Resistance Test of Open State Cavity Barriers\u2019\u2019) utiliz\u00e2nd BS EN 1363-1 \u015fi principiile BS EN 1366-4<br \/>\n&#8211; Potrivite pentru aplica\u021bii pe vertical\u0103 (sigilare complet\u0103)<br \/>\n&#8211; Produs omologat de un organism independent<\/p>\n<p>Bariera SIDERISE RV este folosit\u0103 pentru a umple complet golul dintre \u020bnvelisul exterior \u015fi structura intern\u0103. Construc\u021bia ofer\u0103 rezisten\u021b\u0103 excelent\u0103 la trecerea at\u00e2t a fumului c\u00e2t \u015fi a focului. \u020an plus, sigil\u00e2nd complet golul, ajut\u0103 fa\u021badele ventilate s\u0103 func\u021bioneze, men\u021bin\u00e2nd compartimentul de presurizare al aerului. Important &#8211; construc\u021bia unic\u0103 a elementului din vat\u0103 mineral\u0103 permite barierelor verticale s\u0103 se adapteze la mi\u015fcarea de func\u021bionare asociat\u0103 \u020bn mod normal cu fa\u021badele ventilate.<br \/>\nSiderise RV sunt primele bariere verticale pentru fa\u021badele ventilate certificate \u2018\u2019ewcl5\u2019\u2019 la WarringtonFire (WF), lideri mondiali \u00een servicii de securitate la incendiu (servicii de testare, inspec\u021bie \u0219i certificare).<\/p>\n","protected":false},"excerpt":{"rendered":"<p>Este folosit \u020bn construc\u021bii, la anvelopa exterioar\u0103 a cl\u0103dirilor, men\u021bine fluxul de aer necesar ventil\u0103rii \u015fi drenarea liber\u0103 la toate sistemele de fa\u021bade ventilate, iar \u020bn caz de incendiu va asigura o sigilare eficient\u0103 la fum \u015fi foc. Beneficii: &#8211; Permite ventilarea continu\u0103 \u015fi drenajul in spatele plac\u0103rii. &#8211; P\u00e2n\u0103 la 120 de minute de [&hellip;]<\/p>\n","protected":false},"featured_media":10047,"comment_status":"open","ping_status":"closed","template":"","meta":{"_acf_changed":false},"product_cat":[416],"product_tag":[],"acf":[],"yoast_head":"<!-- This site is optimized with the Yoast SEO plugin v22.9 - https:\/\/yoast.com\/wordpress\/plugins\/seo\/ -->\n<title>SIDERISE RV - Proventuss<\/title>\n<meta name=\"robots\" content=\"index, follow, max-snippet:-1, max-image-preview:large, max-video-preview:-1\" \/>\n<link rel=\"canonical\" href=\"https:\/\/proventuss.eu\/ro\/produkt\/siderise-rv\/\" \/>\n<meta property=\"og:locale\" content=\"ro_RO\" \/>\n<meta property=\"og:type\" content=\"article\" \/>\n<meta property=\"og:title\" content=\"SIDERISE RV - Proventuss\" \/>\n<meta property=\"og:description\" content=\"Este folosit \u020bn construc\u021bii, la anvelopa exterioar\u0103 a cl\u0103dirilor, men\u021bine fluxul de aer necesar ventil\u0103rii \u015fi drenarea liber\u0103 la toate sistemele de fa\u021bade ventilate, iar \u020bn caz de incendiu va asigura o sigilare eficient\u0103 la fum \u015fi foc. Beneficii: &#8211; Permite ventilarea continu\u0103 \u015fi drenajul in spatele plac\u0103rii. &#8211; P\u00e2n\u0103 la 120 de minute de [&hellip;]\" \/>\n<meta property=\"og:url\" content=\"https:\/\/proventuss.eu\/ro\/produkt\/siderise-rv\/\" \/>\n<meta property=\"og:site_name\" content=\"Proventuss\" \/>\n<meta property=\"article:modified_time\" content=\"2023-02-10T11:25:47+00:00\" \/>\n<meta property=\"og:image\" content=\"https:\/\/proventuss.eu\/wp-content\/uploads\/2022\/04\/RV.jpg\" \/>\n\t<meta property=\"og:image:width\" content=\"756\" \/>\n\t<meta property=\"og:image:height\" content=\"756\" \/>\n\t<meta property=\"og:image:type\" content=\"image\/jpeg\" \/>\n<meta name=\"twitter:card\" content=\"summary_large_image\" \/>\n<meta name=\"twitter:label1\" content=\"Timp estimat pentru citire\" \/>\n\t<meta name=\"twitter:data1\" content=\"2 minute\" \/>\n<script type=\"application\/ld+json\" class=\"yoast-schema-graph\">{\"@context\":\"https:\/\/schema.org\",\"@graph\":[{\"@type\":\"WebPage\",\"@id\":\"https:\/\/proventuss.eu\/ro\/produkt\/siderise-rv\/\",\"url\":\"https:\/\/proventuss.eu\/ro\/produkt\/siderise-rv\/\",\"name\":\"SIDERISE RV - Proventuss\",\"isPartOf\":{\"@id\":\"https:\/\/proventuss.eu\/#website\"},\"primaryImageOfPage\":{\"@id\":\"https:\/\/proventuss.eu\/ro\/produkt\/siderise-rv\/#primaryimage\"},\"image\":{\"@id\":\"https:\/\/proventuss.eu\/ro\/produkt\/siderise-rv\/#primaryimage\"},\"thumbnailUrl\":\"https:\/\/proventuss.eu\/wp-content\/uploads\/2022\/04\/RV.jpg\",\"datePublished\":\"2022-04-26T09:52:19+00:00\",\"dateModified\":\"2023-02-10T11:25:47+00:00\",\"breadcrumb\":{\"@id\":\"https:\/\/proventuss.eu\/ro\/produkt\/siderise-rv\/#breadcrumb\"},\"inLanguage\":\"ro-RO\",\"potentialAction\":[{\"@type\":\"ReadAction\",\"target\":[\"https:\/\/proventuss.eu\/ro\/produkt\/siderise-rv\/\"]}]},{\"@type\":\"ImageObject\",\"inLanguage\":\"ro-RO\",\"@id\":\"https:\/\/proventuss.eu\/ro\/produkt\/siderise-rv\/#primaryimage\",\"url\":\"https:\/\/proventuss.eu\/wp-content\/uploads\/2022\/04\/RV.jpg\",\"contentUrl\":\"https:\/\/proventuss.eu\/wp-content\/uploads\/2022\/04\/RV.jpg\",\"width\":756,\"height\":756},{\"@type\":\"BreadcrumbList\",\"@id\":\"https:\/\/proventuss.eu\/ro\/produkt\/siderise-rv\/#breadcrumb\",\"itemListElement\":[{\"@type\":\"ListItem\",\"position\":1,\"name\":\"Home\",\"item\":\"https:\/\/proventuss.eu\/ro\/\"},{\"@type\":\"ListItem\",\"position\":2,\"name\":\"Produse\",\"item\":\"https:\/\/proventuss.eu\/produse\/\"},{\"@type\":\"ListItem\",\"position\":3,\"name\":\"SIDERISE RV\"}]},{\"@type\":\"WebSite\",\"@id\":\"https:\/\/proventuss.eu\/#website\",\"url\":\"https:\/\/proventuss.eu\/\",\"name\":\"Proventuss\",\"description\":\"\",\"potentialAction\":[{\"@type\":\"SearchAction\",\"target\":{\"@type\":\"EntryPoint\",\"urlTemplate\":\"https:\/\/proventuss.eu\/?s={search_term_string}\"},\"query-input\":\"required name=search_term_string\"}],\"inLanguage\":\"ro-RO\"}]}<\/script>\n<!-- \/ Yoast SEO plugin. -->","yoast_head_json":{"title":"SIDERISE RV - Proventuss","robots":{"index":"index","follow":"follow","max-snippet":"max-snippet:-1","max-image-preview":"max-image-preview:large","max-video-preview":"max-video-preview:-1"},"canonical":"https:\/\/proventuss.eu\/ro\/produkt\/siderise-rv\/","og_locale":"ro_RO","og_type":"article","og_title":"SIDERISE RV - Proventuss","og_description":"Este folosit \u020bn construc\u021bii, la anvelopa exterioar\u0103 a cl\u0103dirilor, men\u021bine fluxul de aer necesar ventil\u0103rii \u015fi drenarea liber\u0103 la toate sistemele de fa\u021bade ventilate, iar \u020bn caz de incendiu va asigura o sigilare eficient\u0103 la fum \u015fi foc. Beneficii: &#8211; Permite ventilarea continu\u0103 \u015fi drenajul in spatele plac\u0103rii. &#8211; P\u00e2n\u0103 la 120 de minute de [&hellip;]","og_url":"https:\/\/proventuss.eu\/ro\/produkt\/siderise-rv\/","og_site_name":"Proventuss","article_modified_time":"2023-02-10T11:25:47+00:00","og_image":[{"width":756,"height":756,"url":"https:\/\/proventuss.eu\/wp-content\/uploads\/2022\/04\/RV.jpg","type":"image\/jpeg"}],"twitter_card":"summary_large_image","twitter_misc":{"Timp estimat pentru citire":"2 minute"},"schema":{"@context":"https:\/\/schema.org","@graph":[{"@type":"WebPage","@id":"https:\/\/proventuss.eu\/ro\/produkt\/siderise-rv\/","url":"https:\/\/proventuss.eu\/ro\/produkt\/siderise-rv\/","name":"SIDERISE RV - Proventuss","isPartOf":{"@id":"https:\/\/proventuss.eu\/#website"},"primaryImageOfPage":{"@id":"https:\/\/proventuss.eu\/ro\/produkt\/siderise-rv\/#primaryimage"},"image":{"@id":"https:\/\/proventuss.eu\/ro\/produkt\/siderise-rv\/#primaryimage"},"thumbnailUrl":"https:\/\/proventuss.eu\/wp-content\/uploads\/2022\/04\/RV.jpg","datePublished":"2022-04-26T09:52:19+00:00","dateModified":"2023-02-10T11:25:47+00:00","breadcrumb":{"@id":"https:\/\/proventuss.eu\/ro\/produkt\/siderise-rv\/#breadcrumb"},"inLanguage":"ro-RO","potentialAction":[{"@type":"ReadAction","target":["https:\/\/proventuss.eu\/ro\/produkt\/siderise-rv\/"]}]},{"@type":"ImageObject","inLanguage":"ro-RO","@id":"https:\/\/proventuss.eu\/ro\/produkt\/siderise-rv\/#primaryimage","url":"https:\/\/proventuss.eu\/wp-content\/uploads\/2022\/04\/RV.jpg","contentUrl":"https:\/\/proventuss.eu\/wp-content\/uploads\/2022\/04\/RV.jpg","width":756,"height":756},{"@type":"BreadcrumbList","@id":"https:\/\/proventuss.eu\/ro\/produkt\/siderise-rv\/#breadcrumb","itemListElement":[{"@type":"ListItem","position":1,"name":"Home","item":"https:\/\/proventuss.eu\/ro\/"},{"@type":"ListItem","position":2,"name":"Produse","item":"https:\/\/proventuss.eu\/produse\/"},{"@type":"ListItem","position":3,"name":"SIDERISE RV"}]},{"@type":"WebSite","@id":"https:\/\/proventuss.eu\/#website","url":"https:\/\/proventuss.eu\/","name":"Proventuss","description":"","potentialAction":[{"@type":"SearchAction","target":{"@type":"EntryPoint","urlTemplate":"https:\/\/proventuss.eu\/?s={search_term_string}"},"query-input":"required name=search_term_string"}],"inLanguage":"ro-RO"}]}},"_links":{"self":[{"href":"https:\/\/proventuss.eu\/ro\/wp-json\/wp\/v2\/product\/10257"}],"collection":[{"href":"https:\/\/proventuss.eu\/ro\/wp-json\/wp\/v2\/product"}],"about":[{"href":"https:\/\/proventuss.eu\/ro\/wp-json\/wp\/v2\/types\/product"}],"replies":[{"embeddable":true,"href":"https:\/\/proventuss.eu\/ro\/wp-json\/wp\/v2\/comments?post=10257"}],"wp:featuredmedia":[{"embeddable":true,"href":"https:\/\/proventuss.eu\/ro\/wp-json\/wp\/v2\/media\/10047"}],"wp:attachment":[{"href":"https:\/\/proventuss.eu\/ro\/wp-json\/wp\/v2\/media?parent=10257"}],"wp:term":[{"taxonomy":"product_cat","embeddable":true,"href":"https:\/\/proventuss.eu\/ro\/wp-json\/wp\/v2\/product_cat?post=10257"},{"taxonomy":"product_tag","embeddable":true,"href":"https:\/\/proventuss.eu\/ro\/wp-json\/wp\/v2\/product_tag?post=10257"}],"curies":[{"name":"wp","href":"https:\/\/api.w.org\/{rel}","templated":true}]}}