{"id":10256,"date":"2022-04-26T09:51:00","date_gmt":"2022-04-26T09:51:00","guid":{"rendered":"https:\/\/proventuss.eu\/produkt\/siderise-ch\/"},"modified":"2022-04-26T09:51:00","modified_gmt":"2022-04-26T09:51:00","slug":"siderise-ch","status":"publish","type":"product","link":"https:\/\/proventuss.eu\/ro\/produs\/siderise-ch\/","title":{"rendered":"SIDERISE CH"},"content":{"rendered":"<p>Siderise CH este folosit \u020bn construc\u021bia sau anvelopa exterioar\u0103 a cl\u0103dirilor \u015fi ofer\u0103 o<br \/>\nprotec\u021bie la foc cu performan\u021be dovedite. Testat conform EN 1366-4, ofer\u0103 p\u00e2n\u0103 la<br \/>\n2 ore rezisten\u021b\u0103 la foc.<\/p>\n<p><strong>Beneficii:<\/strong><br \/>\n&#8211; Clasificat \u2018A1\u2019 EN 13501-1<br \/>\n&#8211; Verificat cu multiple sisteme de testare conform BS 8414 si NFPA 285<\/p>\n<p>Ofer\u0103 o barier\u0103 rezistent\u0103 la foc cu \u201cumplere complet\u0103\u201d pentru aplica\u021biile de placare exterioar\u0103 \u015fi au fost testate conform ultimelor standarde europene de testare la foc. Sunt fabricate printr-un procedeu unic, care \u020bi confer\u0103 o caracteristic\u0103 de rezisten\u021b\u0103 mecanic\u0103, care spore\u015fte at\u00e2t performan\u021ba la foc c\u00e2t \u015fi u\u015furin\u021ba la instalare. Au<br \/>\nfost testate adi\u021bional cu bariera Siderise RV dispuse vertical ca parte din sistem.<\/p>\n","protected":false},"excerpt":{"rendered":"<p>Siderise CH este folosit \u020bn construc\u021bia sau anvelopa exterioar\u0103 a cl\u0103dirilor \u015fi ofer\u0103 o protec\u021bie la foc cu performan\u021be dovedite. Testat conform EN 1366-4, ofer\u0103 p\u00e2n\u0103 la 2 ore rezisten\u021b\u0103 la foc. Beneficii: &#8211; Clasificat \u2018A1\u2019 EN 13501-1 &#8211; Verificat cu multiple sisteme de testare conform BS 8414 si NFPA 285 Ofer\u0103 o barier\u0103 rezistent\u0103 [&hellip;]<\/p>\n","protected":false},"featured_media":10041,"comment_status":"open","ping_status":"closed","template":"","meta":{"_acf_changed":false},"product_cat":[416],"product_tag":[],"acf":[],"yoast_head":"<!-- This site is optimized with the Yoast SEO plugin v22.9 - https:\/\/yoast.com\/wordpress\/plugins\/seo\/ -->\n<title>SIDERISE CH - Proventuss<\/title>\n<meta name=\"robots\" content=\"index, follow, max-snippet:-1, max-image-preview:large, max-video-preview:-1\" \/>\n<link rel=\"canonical\" href=\"https:\/\/proventuss.eu\/ro\/produkt\/siderise-ch\/\" \/>\n<meta property=\"og:locale\" content=\"ro_RO\" \/>\n<meta property=\"og:type\" content=\"article\" \/>\n<meta property=\"og:title\" content=\"SIDERISE CH - Proventuss\" \/>\n<meta property=\"og:description\" content=\"Siderise CH este folosit \u020bn construc\u021bia sau anvelopa exterioar\u0103 a cl\u0103dirilor \u015fi ofer\u0103 o protec\u021bie la foc cu performan\u021be dovedite. Testat conform EN 1366-4, ofer\u0103 p\u00e2n\u0103 la 2 ore rezisten\u021b\u0103 la foc. Beneficii: &#8211; Clasificat \u2018A1\u2019 EN 13501-1 &#8211; Verificat cu multiple sisteme de testare conform BS 8414 si NFPA 285 Ofer\u0103 o barier\u0103 rezistent\u0103 [&hellip;]\" \/>\n<meta property=\"og:url\" content=\"https:\/\/proventuss.eu\/ro\/produkt\/siderise-ch\/\" \/>\n<meta property=\"og:site_name\" content=\"Proventuss\" \/>\n<meta property=\"og:image\" content=\"https:\/\/proventuss.eu\/wp-content\/uploads\/2022\/04\/CH.jpg\" \/>\n\t<meta property=\"og:image:width\" content=\"591\" \/>\n\t<meta property=\"og:image:height\" content=\"591\" \/>\n\t<meta property=\"og:image:type\" content=\"image\/jpeg\" \/>\n<meta name=\"twitter:card\" content=\"summary_large_image\" \/>\n<meta name=\"twitter:label1\" content=\"Timp estimat pentru citire\" \/>\n\t<meta name=\"twitter:data1\" content=\"1 minut\" \/>\n<script type=\"application\/ld+json\" class=\"yoast-schema-graph\">{\"@context\":\"https:\/\/schema.org\",\"@graph\":[{\"@type\":\"WebPage\",\"@id\":\"https:\/\/proventuss.eu\/ro\/produkt\/siderise-ch\/\",\"url\":\"https:\/\/proventuss.eu\/ro\/produkt\/siderise-ch\/\",\"name\":\"SIDERISE CH - Proventuss\",\"isPartOf\":{\"@id\":\"https:\/\/proventuss.eu\/#website\"},\"primaryImageOfPage\":{\"@id\":\"https:\/\/proventuss.eu\/ro\/produkt\/siderise-ch\/#primaryimage\"},\"image\":{\"@id\":\"https:\/\/proventuss.eu\/ro\/produkt\/siderise-ch\/#primaryimage\"},\"thumbnailUrl\":\"https:\/\/proventuss.eu\/wp-content\/uploads\/2022\/04\/CH.jpg\",\"datePublished\":\"2022-04-26T09:51:00+00:00\",\"dateModified\":\"2022-04-26T09:51:00+00:00\",\"breadcrumb\":{\"@id\":\"https:\/\/proventuss.eu\/ro\/produkt\/siderise-ch\/#breadcrumb\"},\"inLanguage\":\"ro-RO\",\"potentialAction\":[{\"@type\":\"ReadAction\",\"target\":[\"https:\/\/proventuss.eu\/ro\/produkt\/siderise-ch\/\"]}]},{\"@type\":\"ImageObject\",\"inLanguage\":\"ro-RO\",\"@id\":\"https:\/\/proventuss.eu\/ro\/produkt\/siderise-ch\/#primaryimage\",\"url\":\"https:\/\/proventuss.eu\/wp-content\/uploads\/2022\/04\/CH.jpg\",\"contentUrl\":\"https:\/\/proventuss.eu\/wp-content\/uploads\/2022\/04\/CH.jpg\",\"width\":591,\"height\":591},{\"@type\":\"BreadcrumbList\",\"@id\":\"https:\/\/proventuss.eu\/ro\/produkt\/siderise-ch\/#breadcrumb\",\"itemListElement\":[{\"@type\":\"ListItem\",\"position\":1,\"name\":\"Home\",\"item\":\"https:\/\/proventuss.eu\/ro\/\"},{\"@type\":\"ListItem\",\"position\":2,\"name\":\"Produse\",\"item\":\"https:\/\/proventuss.eu\/produse\/\"},{\"@type\":\"ListItem\",\"position\":3,\"name\":\"SIDERISE CH\"}]},{\"@type\":\"WebSite\",\"@id\":\"https:\/\/proventuss.eu\/#website\",\"url\":\"https:\/\/proventuss.eu\/\",\"name\":\"Proventuss\",\"description\":\"\",\"potentialAction\":[{\"@type\":\"SearchAction\",\"target\":{\"@type\":\"EntryPoint\",\"urlTemplate\":\"https:\/\/proventuss.eu\/?s={search_term_string}\"},\"query-input\":\"required name=search_term_string\"}],\"inLanguage\":\"ro-RO\"}]}<\/script>\n<!-- \/ Yoast SEO plugin. -->","yoast_head_json":{"title":"SIDERISE CH - Proventuss","robots":{"index":"index","follow":"follow","max-snippet":"max-snippet:-1","max-image-preview":"max-image-preview:large","max-video-preview":"max-video-preview:-1"},"canonical":"https:\/\/proventuss.eu\/ro\/produkt\/siderise-ch\/","og_locale":"ro_RO","og_type":"article","og_title":"SIDERISE CH - Proventuss","og_description":"Siderise CH este folosit \u020bn construc\u021bia sau anvelopa exterioar\u0103 a cl\u0103dirilor \u015fi ofer\u0103 o protec\u021bie la foc cu performan\u021be dovedite. Testat conform EN 1366-4, ofer\u0103 p\u00e2n\u0103 la 2 ore rezisten\u021b\u0103 la foc. Beneficii: &#8211; Clasificat \u2018A1\u2019 EN 13501-1 &#8211; Verificat cu multiple sisteme de testare conform BS 8414 si NFPA 285 Ofer\u0103 o barier\u0103 rezistent\u0103 [&hellip;]","og_url":"https:\/\/proventuss.eu\/ro\/produkt\/siderise-ch\/","og_site_name":"Proventuss","og_image":[{"width":591,"height":591,"url":"https:\/\/proventuss.eu\/wp-content\/uploads\/2022\/04\/CH.jpg","type":"image\/jpeg"}],"twitter_card":"summary_large_image","twitter_misc":{"Timp estimat pentru citire":"1 minut"},"schema":{"@context":"https:\/\/schema.org","@graph":[{"@type":"WebPage","@id":"https:\/\/proventuss.eu\/ro\/produkt\/siderise-ch\/","url":"https:\/\/proventuss.eu\/ro\/produkt\/siderise-ch\/","name":"SIDERISE CH - Proventuss","isPartOf":{"@id":"https:\/\/proventuss.eu\/#website"},"primaryImageOfPage":{"@id":"https:\/\/proventuss.eu\/ro\/produkt\/siderise-ch\/#primaryimage"},"image":{"@id":"https:\/\/proventuss.eu\/ro\/produkt\/siderise-ch\/#primaryimage"},"thumbnailUrl":"https:\/\/proventuss.eu\/wp-content\/uploads\/2022\/04\/CH.jpg","datePublished":"2022-04-26T09:51:00+00:00","dateModified":"2022-04-26T09:51:00+00:00","breadcrumb":{"@id":"https:\/\/proventuss.eu\/ro\/produkt\/siderise-ch\/#breadcrumb"},"inLanguage":"ro-RO","potentialAction":[{"@type":"ReadAction","target":["https:\/\/proventuss.eu\/ro\/produkt\/siderise-ch\/"]}]},{"@type":"ImageObject","inLanguage":"ro-RO","@id":"https:\/\/proventuss.eu\/ro\/produkt\/siderise-ch\/#primaryimage","url":"https:\/\/proventuss.eu\/wp-content\/uploads\/2022\/04\/CH.jpg","contentUrl":"https:\/\/proventuss.eu\/wp-content\/uploads\/2022\/04\/CH.jpg","width":591,"height":591},{"@type":"BreadcrumbList","@id":"https:\/\/proventuss.eu\/ro\/produkt\/siderise-ch\/#breadcrumb","itemListElement":[{"@type":"ListItem","position":1,"name":"Home","item":"https:\/\/proventuss.eu\/ro\/"},{"@type":"ListItem","position":2,"name":"Produse","item":"https:\/\/proventuss.eu\/produse\/"},{"@type":"ListItem","position":3,"name":"SIDERISE CH"}]},{"@type":"WebSite","@id":"https:\/\/proventuss.eu\/#website","url":"https:\/\/proventuss.eu\/","name":"Proventuss","description":"","potentialAction":[{"@type":"SearchAction","target":{"@type":"EntryPoint","urlTemplate":"https:\/\/proventuss.eu\/?s={search_term_string}"},"query-input":"required name=search_term_string"}],"inLanguage":"ro-RO"}]}},"_links":{"self":[{"href":"https:\/\/proventuss.eu\/ro\/wp-json\/wp\/v2\/product\/10256"}],"collection":[{"href":"https:\/\/proventuss.eu\/ro\/wp-json\/wp\/v2\/product"}],"about":[{"href":"https:\/\/proventuss.eu\/ro\/wp-json\/wp\/v2\/types\/product"}],"replies":[{"embeddable":true,"href":"https:\/\/proventuss.eu\/ro\/wp-json\/wp\/v2\/comments?post=10256"}],"wp:featuredmedia":[{"embeddable":true,"href":"https:\/\/proventuss.eu\/ro\/wp-json\/wp\/v2\/media\/10041"}],"wp:attachment":[{"href":"https:\/\/proventuss.eu\/ro\/wp-json\/wp\/v2\/media?parent=10256"}],"wp:term":[{"taxonomy":"product_cat","embeddable":true,"href":"https:\/\/proventuss.eu\/ro\/wp-json\/wp\/v2\/product_cat?post=10256"},{"taxonomy":"product_tag","embeddable":true,"href":"https:\/\/proventuss.eu\/ro\/wp-json\/wp\/v2\/product_tag?post=10256"}],"curies":[{"name":"wp","href":"https:\/\/api.w.org\/{rel}","templated":true}]}}