{"id":10255,"date":"2022-04-26T09:49:31","date_gmt":"2022-04-26T09:49:31","guid":{"rendered":"https:\/\/proventuss.eu\/produkt\/siderise-lgs\/"},"modified":"2023-02-10T11:24:32","modified_gmt":"2023-02-10T11:24:32","slug":"siderise-lgs","status":"publish","type":"product","link":"https:\/\/proventuss.eu\/ro\/produs\/siderise-lgs\/","title":{"rendered":"SIDERISE LGS"},"content":{"rendered":"<p>Siderise LGS Linear Gap Seals este flexibil, rezistent la ap\u0103, etan\u015fant intumescent pentru goluri liniare care expandeaz\u0103 atunci c\u00e2nd este expus la c\u0103ldur\u0103. Ofer\u0103 mijloace practice pentru sigilarea rosturilor dintre elementele cl\u0103dirii \u020bmpotriva penetr\u0103rii la foc.<\/p>\n<p><strong>Beneficii:<\/strong><br \/>\n&#8211; P\u00e2n\u0103 la 2 ore integritate la foc (EI 120)<br \/>\n&#8211; Produs omologat de un organism independent conform CF 5386<br \/>\n&#8211; Rapid \u015fi u\u015for de instalat<br \/>\n&#8211; Permite preluarea deplas\u0103rilor cu +\/- 25%.<\/p>\n<p>Miezul compresibil al spumei se poate adapta la diferite l\u0103\u021bimi de rosturi, permi\u021b\u00e2nd mi\u015fc\u0103rile structurale \u020bn timp ce \u020bndepline\u015fte cerin\u021bele pentru etan\u015farea la fum \u015fi av\u00e2nd propriet\u0103\u021bi de izolare termic\u0103 \u015fi acustic\u0103.<br \/>\nDimensiunile standard sunt disponibile pentru a se potrivi golurilor de p\u00e2n\u0103 la 150 mm \u015fi ofer\u0103 protec\u021bie la foc timp de 2 ore. Materialul poate fi folosit ca barier\u0103 eficient\u0103 pentru foc \u020bn interiorul canalelor de cabluri \u2013 permi\u021b\u00e2nd instalarea altor cabluri.<\/p>\n","protected":false},"excerpt":{"rendered":"<p>Siderise LGS Linear Gap Seals este flexibil, rezistent la ap\u0103, etan\u015fant intumescent pentru goluri liniare care expandeaz\u0103 atunci c\u00e2nd este expus la c\u0103ldur\u0103. Ofer\u0103 mijloace practice pentru sigilarea rosturilor dintre elementele cl\u0103dirii \u020bmpotriva penetr\u0103rii la foc. Beneficii: &#8211; P\u00e2n\u0103 la 2 ore integritate la foc (EI 120) &#8211; Produs omologat de un organism independent conform [&hellip;]<\/p>\n","protected":false},"featured_media":10044,"comment_status":"open","ping_status":"closed","template":"","meta":{"_acf_changed":false},"product_cat":[416],"product_tag":[],"acf":[],"yoast_head":"<!-- This site is optimized with the Yoast SEO plugin v22.9 - https:\/\/yoast.com\/wordpress\/plugins\/seo\/ -->\n<title>SIDERISE LGS - Proventuss<\/title>\n<meta name=\"robots\" content=\"index, follow, max-snippet:-1, max-image-preview:large, max-video-preview:-1\" \/>\n<link rel=\"canonical\" href=\"https:\/\/proventuss.eu\/ro\/produkt\/siderise-lgs\/\" \/>\n<meta property=\"og:locale\" content=\"ro_RO\" \/>\n<meta property=\"og:type\" content=\"article\" \/>\n<meta property=\"og:title\" content=\"SIDERISE LGS - Proventuss\" \/>\n<meta property=\"og:description\" content=\"Siderise LGS Linear Gap Seals este flexibil, rezistent la ap\u0103, etan\u015fant intumescent pentru goluri liniare care expandeaz\u0103 atunci c\u00e2nd este expus la c\u0103ldur\u0103. Ofer\u0103 mijloace practice pentru sigilarea rosturilor dintre elementele cl\u0103dirii \u020bmpotriva penetr\u0103rii la foc. Beneficii: &#8211; P\u00e2n\u0103 la 2 ore integritate la foc (EI 120) &#8211; Produs omologat de un organism independent conform [&hellip;]\" \/>\n<meta property=\"og:url\" content=\"https:\/\/proventuss.eu\/ro\/produkt\/siderise-lgs\/\" \/>\n<meta property=\"og:site_name\" content=\"Proventuss\" \/>\n<meta property=\"article:modified_time\" content=\"2023-02-10T11:24:32+00:00\" \/>\n<meta property=\"og:image\" content=\"https:\/\/proventuss.eu\/wp-content\/uploads\/2022\/04\/LGS.jpg\" \/>\n\t<meta property=\"og:image:width\" content=\"756\" \/>\n\t<meta property=\"og:image:height\" content=\"756\" \/>\n\t<meta property=\"og:image:type\" content=\"image\/jpeg\" \/>\n<meta name=\"twitter:card\" content=\"summary_large_image\" \/>\n<meta name=\"twitter:label1\" content=\"Timp estimat pentru citire\" \/>\n\t<meta name=\"twitter:data1\" content=\"1 minut\" \/>\n<script type=\"application\/ld+json\" class=\"yoast-schema-graph\">{\"@context\":\"https:\/\/schema.org\",\"@graph\":[{\"@type\":\"WebPage\",\"@id\":\"https:\/\/proventuss.eu\/ro\/produkt\/siderise-lgs\/\",\"url\":\"https:\/\/proventuss.eu\/ro\/produkt\/siderise-lgs\/\",\"name\":\"SIDERISE LGS - Proventuss\",\"isPartOf\":{\"@id\":\"https:\/\/proventuss.eu\/#website\"},\"primaryImageOfPage\":{\"@id\":\"https:\/\/proventuss.eu\/ro\/produkt\/siderise-lgs\/#primaryimage\"},\"image\":{\"@id\":\"https:\/\/proventuss.eu\/ro\/produkt\/siderise-lgs\/#primaryimage\"},\"thumbnailUrl\":\"https:\/\/proventuss.eu\/wp-content\/uploads\/2022\/04\/LGS.jpg\",\"datePublished\":\"2022-04-26T09:49:31+00:00\",\"dateModified\":\"2023-02-10T11:24:32+00:00\",\"breadcrumb\":{\"@id\":\"https:\/\/proventuss.eu\/ro\/produkt\/siderise-lgs\/#breadcrumb\"},\"inLanguage\":\"ro-RO\",\"potentialAction\":[{\"@type\":\"ReadAction\",\"target\":[\"https:\/\/proventuss.eu\/ro\/produkt\/siderise-lgs\/\"]}]},{\"@type\":\"ImageObject\",\"inLanguage\":\"ro-RO\",\"@id\":\"https:\/\/proventuss.eu\/ro\/produkt\/siderise-lgs\/#primaryimage\",\"url\":\"https:\/\/proventuss.eu\/wp-content\/uploads\/2022\/04\/LGS.jpg\",\"contentUrl\":\"https:\/\/proventuss.eu\/wp-content\/uploads\/2022\/04\/LGS.jpg\",\"width\":756,\"height\":756},{\"@type\":\"BreadcrumbList\",\"@id\":\"https:\/\/proventuss.eu\/ro\/produkt\/siderise-lgs\/#breadcrumb\",\"itemListElement\":[{\"@type\":\"ListItem\",\"position\":1,\"name\":\"Home\",\"item\":\"https:\/\/proventuss.eu\/ro\/\"},{\"@type\":\"ListItem\",\"position\":2,\"name\":\"Produse\",\"item\":\"https:\/\/proventuss.eu\/produse\/\"},{\"@type\":\"ListItem\",\"position\":3,\"name\":\"SIDERISE LGS\"}]},{\"@type\":\"WebSite\",\"@id\":\"https:\/\/proventuss.eu\/#website\",\"url\":\"https:\/\/proventuss.eu\/\",\"name\":\"Proventuss\",\"description\":\"\",\"potentialAction\":[{\"@type\":\"SearchAction\",\"target\":{\"@type\":\"EntryPoint\",\"urlTemplate\":\"https:\/\/proventuss.eu\/?s={search_term_string}\"},\"query-input\":\"required name=search_term_string\"}],\"inLanguage\":\"ro-RO\"}]}<\/script>\n<!-- \/ Yoast SEO plugin. -->","yoast_head_json":{"title":"SIDERISE LGS - Proventuss","robots":{"index":"index","follow":"follow","max-snippet":"max-snippet:-1","max-image-preview":"max-image-preview:large","max-video-preview":"max-video-preview:-1"},"canonical":"https:\/\/proventuss.eu\/ro\/produkt\/siderise-lgs\/","og_locale":"ro_RO","og_type":"article","og_title":"SIDERISE LGS - Proventuss","og_description":"Siderise LGS Linear Gap Seals este flexibil, rezistent la ap\u0103, etan\u015fant intumescent pentru goluri liniare care expandeaz\u0103 atunci c\u00e2nd este expus la c\u0103ldur\u0103. Ofer\u0103 mijloace practice pentru sigilarea rosturilor dintre elementele cl\u0103dirii \u020bmpotriva penetr\u0103rii la foc. Beneficii: &#8211; P\u00e2n\u0103 la 2 ore integritate la foc (EI 120) &#8211; Produs omologat de un organism independent conform [&hellip;]","og_url":"https:\/\/proventuss.eu\/ro\/produkt\/siderise-lgs\/","og_site_name":"Proventuss","article_modified_time":"2023-02-10T11:24:32+00:00","og_image":[{"width":756,"height":756,"url":"https:\/\/proventuss.eu\/wp-content\/uploads\/2022\/04\/LGS.jpg","type":"image\/jpeg"}],"twitter_card":"summary_large_image","twitter_misc":{"Timp estimat pentru citire":"1 minut"},"schema":{"@context":"https:\/\/schema.org","@graph":[{"@type":"WebPage","@id":"https:\/\/proventuss.eu\/ro\/produkt\/siderise-lgs\/","url":"https:\/\/proventuss.eu\/ro\/produkt\/siderise-lgs\/","name":"SIDERISE LGS - Proventuss","isPartOf":{"@id":"https:\/\/proventuss.eu\/#website"},"primaryImageOfPage":{"@id":"https:\/\/proventuss.eu\/ro\/produkt\/siderise-lgs\/#primaryimage"},"image":{"@id":"https:\/\/proventuss.eu\/ro\/produkt\/siderise-lgs\/#primaryimage"},"thumbnailUrl":"https:\/\/proventuss.eu\/wp-content\/uploads\/2022\/04\/LGS.jpg","datePublished":"2022-04-26T09:49:31+00:00","dateModified":"2023-02-10T11:24:32+00:00","breadcrumb":{"@id":"https:\/\/proventuss.eu\/ro\/produkt\/siderise-lgs\/#breadcrumb"},"inLanguage":"ro-RO","potentialAction":[{"@type":"ReadAction","target":["https:\/\/proventuss.eu\/ro\/produkt\/siderise-lgs\/"]}]},{"@type":"ImageObject","inLanguage":"ro-RO","@id":"https:\/\/proventuss.eu\/ro\/produkt\/siderise-lgs\/#primaryimage","url":"https:\/\/proventuss.eu\/wp-content\/uploads\/2022\/04\/LGS.jpg","contentUrl":"https:\/\/proventuss.eu\/wp-content\/uploads\/2022\/04\/LGS.jpg","width":756,"height":756},{"@type":"BreadcrumbList","@id":"https:\/\/proventuss.eu\/ro\/produkt\/siderise-lgs\/#breadcrumb","itemListElement":[{"@type":"ListItem","position":1,"name":"Home","item":"https:\/\/proventuss.eu\/ro\/"},{"@type":"ListItem","position":2,"name":"Produse","item":"https:\/\/proventuss.eu\/produse\/"},{"@type":"ListItem","position":3,"name":"SIDERISE LGS"}]},{"@type":"WebSite","@id":"https:\/\/proventuss.eu\/#website","url":"https:\/\/proventuss.eu\/","name":"Proventuss","description":"","potentialAction":[{"@type":"SearchAction","target":{"@type":"EntryPoint","urlTemplate":"https:\/\/proventuss.eu\/?s={search_term_string}"},"query-input":"required name=search_term_string"}],"inLanguage":"ro-RO"}]}},"_links":{"self":[{"href":"https:\/\/proventuss.eu\/ro\/wp-json\/wp\/v2\/product\/10255"}],"collection":[{"href":"https:\/\/proventuss.eu\/ro\/wp-json\/wp\/v2\/product"}],"about":[{"href":"https:\/\/proventuss.eu\/ro\/wp-json\/wp\/v2\/types\/product"}],"replies":[{"embeddable":true,"href":"https:\/\/proventuss.eu\/ro\/wp-json\/wp\/v2\/comments?post=10255"}],"wp:featuredmedia":[{"embeddable":true,"href":"https:\/\/proventuss.eu\/ro\/wp-json\/wp\/v2\/media\/10044"}],"wp:attachment":[{"href":"https:\/\/proventuss.eu\/ro\/wp-json\/wp\/v2\/media?parent=10255"}],"wp:term":[{"taxonomy":"product_cat","embeddable":true,"href":"https:\/\/proventuss.eu\/ro\/wp-json\/wp\/v2\/product_cat?post=10255"},{"taxonomy":"product_tag","embeddable":true,"href":"https:\/\/proventuss.eu\/ro\/wp-json\/wp\/v2\/product_tag?post=10255"}],"curies":[{"name":"wp","href":"https:\/\/api.w.org\/{rel}","templated":true}]}}