{"id":10254,"date":"2022-04-26T09:47:36","date_gmt":"2022-04-26T09:47:36","guid":{"rendered":"https:\/\/proventuss.eu\/produkt\/siderise-cw-fb\/"},"modified":"2023-02-10T11:23:52","modified_gmt":"2023-02-10T11:23:52","slug":"siderise-cw-fb","status":"publish","type":"product","link":"https:\/\/proventuss.eu\/ro\/produs\/siderise-cw-fb\/","title":{"rendered":"SIDERISE CW-FB"},"content":{"rendered":"<p>Panou fabricat din vat\u0103 bazaltic\u0103 de mare densitate, rezistent\u0103 la foc pentru zona de parapet la fa\u021bade perete cortin\u0103.<\/p>\n<p><strong>Beneficii:<\/strong><br \/>\n&#8211; Protejeaz\u0103 montan\u021bii \u015fi traversele fa\u021badei.<br \/>\n&#8211; Maximizeaz\u0103 stabilitatea \u015fi integritatea elementelor din zona de parapet<br \/>\n&#8211; Design aprobat care extinde clasificarea compartimentului podelei c\u0103tre peretele exterior<br \/>\n&#8211; Testat complet EN 1364-4:2014 \u015fi certificate pana la REI 210<br \/>\n&#8211; Performan\u021b\u0103 de top<br \/>\n&#8211; Permite folosirea de structuri din table de o\u021bel zincat subtiri.<br \/>\n&#8211; Permite folosirea de structuri de aluminiu f\u0103r\u0103 ranforsare de o\u021bel \u020bn zona de parapet<\/p>\n<p>Siderise CW FB &#8211; panou rezistent la foc pentru perete cortin\u0103 face parte dintr-o barier\u0103 perimetral\u0103 de protec\u021bie \u020bmpotriva incendiului \u015fi a unui sistem de protec\u021bie a zonei de parapet pentru a fi folosit \u020bn combina\u021bie cu fa\u021bade pere\u021bi cortin\u0103 fabricate din structuri de aluminiu neclasificate la foc.<br \/>\nSiderise CW-FB si Siderise CW-FS (barier\u0103 perimetral\u0103 \u015fi sistem de protec\u021bie la foc) au fost testate \u020bn mod obligatoriu \u020bmpreuna cu ansamblu de pere\u021bi cortin\u0103 din aluminiu neclasificat la foc pentru a oferi performan\u021be de rezisten\u021b\u0103 la foc pentru zona critic\u0103 de parapet.<\/p>\n","protected":false},"excerpt":{"rendered":"<p>Panou fabricat din vat\u0103 bazaltic\u0103 de mare densitate, rezistent\u0103 la foc pentru zona de parapet la fa\u021bade perete cortin\u0103. Beneficii: &#8211; Protejeaz\u0103 montan\u021bii \u015fi traversele fa\u021badei. &#8211; Maximizeaz\u0103 stabilitatea \u015fi integritatea elementelor din zona de parapet &#8211; Design aprobat care extinde clasificarea compartimentului podelei c\u0103tre peretele exterior &#8211; Testat complet EN 1364-4:2014 \u015fi certificate pana [&hellip;]<\/p>\n","protected":false},"featured_media":10043,"comment_status":"open","ping_status":"closed","template":"","meta":{"_acf_changed":false},"product_cat":[416],"product_tag":[],"acf":[],"yoast_head":"<!-- This site is optimized with the Yoast SEO plugin v22.9 - https:\/\/yoast.com\/wordpress\/plugins\/seo\/ -->\n<title>SIDERISE CW-FB - Proventuss<\/title>\n<meta name=\"robots\" content=\"index, follow, max-snippet:-1, max-image-preview:large, max-video-preview:-1\" \/>\n<link rel=\"canonical\" href=\"https:\/\/proventuss.eu\/ro\/produkt\/siderise-cw-fb\/\" \/>\n<meta property=\"og:locale\" content=\"ro_RO\" \/>\n<meta property=\"og:type\" content=\"article\" \/>\n<meta property=\"og:title\" content=\"SIDERISE CW-FB - Proventuss\" \/>\n<meta property=\"og:description\" content=\"Panou fabricat din vat\u0103 bazaltic\u0103 de mare densitate, rezistent\u0103 la foc pentru zona de parapet la fa\u021bade perete cortin\u0103. Beneficii: &#8211; Protejeaz\u0103 montan\u021bii \u015fi traversele fa\u021badei. &#8211; Maximizeaz\u0103 stabilitatea \u015fi integritatea elementelor din zona de parapet &#8211; Design aprobat care extinde clasificarea compartimentului podelei c\u0103tre peretele exterior &#8211; Testat complet EN 1364-4:2014 \u015fi certificate pana [&hellip;]\" \/>\n<meta property=\"og:url\" content=\"https:\/\/proventuss.eu\/ro\/produkt\/siderise-cw-fb\/\" \/>\n<meta property=\"og:site_name\" content=\"Proventuss\" \/>\n<meta property=\"article:modified_time\" content=\"2023-02-10T11:23:52+00:00\" \/>\n<meta property=\"og:image\" content=\"https:\/\/proventuss.eu\/wp-content\/uploads\/2022\/04\/CW-FS.jpg\" \/>\n\t<meta property=\"og:image:width\" content=\"756\" \/>\n\t<meta property=\"og:image:height\" content=\"756\" \/>\n\t<meta property=\"og:image:type\" content=\"image\/jpeg\" \/>\n<meta name=\"twitter:card\" content=\"summary_large_image\" \/>\n<meta name=\"twitter:label1\" content=\"Timp estimat pentru citire\" \/>\n\t<meta name=\"twitter:data1\" content=\"2 minute\" \/>\n<script type=\"application\/ld+json\" class=\"yoast-schema-graph\">{\"@context\":\"https:\/\/schema.org\",\"@graph\":[{\"@type\":\"WebPage\",\"@id\":\"https:\/\/proventuss.eu\/ro\/produkt\/siderise-cw-fb\/\",\"url\":\"https:\/\/proventuss.eu\/ro\/produkt\/siderise-cw-fb\/\",\"name\":\"SIDERISE CW-FB - Proventuss\",\"isPartOf\":{\"@id\":\"https:\/\/proventuss.eu\/#website\"},\"primaryImageOfPage\":{\"@id\":\"https:\/\/proventuss.eu\/ro\/produkt\/siderise-cw-fb\/#primaryimage\"},\"image\":{\"@id\":\"https:\/\/proventuss.eu\/ro\/produkt\/siderise-cw-fb\/#primaryimage\"},\"thumbnailUrl\":\"https:\/\/proventuss.eu\/wp-content\/uploads\/2022\/04\/CW-FS.jpg\",\"datePublished\":\"2022-04-26T09:47:36+00:00\",\"dateModified\":\"2023-02-10T11:23:52+00:00\",\"breadcrumb\":{\"@id\":\"https:\/\/proventuss.eu\/ro\/produkt\/siderise-cw-fb\/#breadcrumb\"},\"inLanguage\":\"ro-RO\",\"potentialAction\":[{\"@type\":\"ReadAction\",\"target\":[\"https:\/\/proventuss.eu\/ro\/produkt\/siderise-cw-fb\/\"]}]},{\"@type\":\"ImageObject\",\"inLanguage\":\"ro-RO\",\"@id\":\"https:\/\/proventuss.eu\/ro\/produkt\/siderise-cw-fb\/#primaryimage\",\"url\":\"https:\/\/proventuss.eu\/wp-content\/uploads\/2022\/04\/CW-FS.jpg\",\"contentUrl\":\"https:\/\/proventuss.eu\/wp-content\/uploads\/2022\/04\/CW-FS.jpg\",\"width\":756,\"height\":756},{\"@type\":\"BreadcrumbList\",\"@id\":\"https:\/\/proventuss.eu\/ro\/produkt\/siderise-cw-fb\/#breadcrumb\",\"itemListElement\":[{\"@type\":\"ListItem\",\"position\":1,\"name\":\"Home\",\"item\":\"https:\/\/proventuss.eu\/ro\/\"},{\"@type\":\"ListItem\",\"position\":2,\"name\":\"Produse\",\"item\":\"https:\/\/proventuss.eu\/produse\/\"},{\"@type\":\"ListItem\",\"position\":3,\"name\":\"SIDERISE CW-FB\"}]},{\"@type\":\"WebSite\",\"@id\":\"https:\/\/proventuss.eu\/#website\",\"url\":\"https:\/\/proventuss.eu\/\",\"name\":\"Proventuss\",\"description\":\"\",\"potentialAction\":[{\"@type\":\"SearchAction\",\"target\":{\"@type\":\"EntryPoint\",\"urlTemplate\":\"https:\/\/proventuss.eu\/?s={search_term_string}\"},\"query-input\":\"required name=search_term_string\"}],\"inLanguage\":\"ro-RO\"}]}<\/script>\n<!-- \/ Yoast SEO plugin. -->","yoast_head_json":{"title":"SIDERISE CW-FB - Proventuss","robots":{"index":"index","follow":"follow","max-snippet":"max-snippet:-1","max-image-preview":"max-image-preview:large","max-video-preview":"max-video-preview:-1"},"canonical":"https:\/\/proventuss.eu\/ro\/produkt\/siderise-cw-fb\/","og_locale":"ro_RO","og_type":"article","og_title":"SIDERISE CW-FB - Proventuss","og_description":"Panou fabricat din vat\u0103 bazaltic\u0103 de mare densitate, rezistent\u0103 la foc pentru zona de parapet la fa\u021bade perete cortin\u0103. Beneficii: &#8211; Protejeaz\u0103 montan\u021bii \u015fi traversele fa\u021badei. &#8211; Maximizeaz\u0103 stabilitatea \u015fi integritatea elementelor din zona de parapet &#8211; Design aprobat care extinde clasificarea compartimentului podelei c\u0103tre peretele exterior &#8211; Testat complet EN 1364-4:2014 \u015fi certificate pana [&hellip;]","og_url":"https:\/\/proventuss.eu\/ro\/produkt\/siderise-cw-fb\/","og_site_name":"Proventuss","article_modified_time":"2023-02-10T11:23:52+00:00","og_image":[{"width":756,"height":756,"url":"https:\/\/proventuss.eu\/wp-content\/uploads\/2022\/04\/CW-FS.jpg","type":"image\/jpeg"}],"twitter_card":"summary_large_image","twitter_misc":{"Timp estimat pentru citire":"2 minute"},"schema":{"@context":"https:\/\/schema.org","@graph":[{"@type":"WebPage","@id":"https:\/\/proventuss.eu\/ro\/produkt\/siderise-cw-fb\/","url":"https:\/\/proventuss.eu\/ro\/produkt\/siderise-cw-fb\/","name":"SIDERISE CW-FB - Proventuss","isPartOf":{"@id":"https:\/\/proventuss.eu\/#website"},"primaryImageOfPage":{"@id":"https:\/\/proventuss.eu\/ro\/produkt\/siderise-cw-fb\/#primaryimage"},"image":{"@id":"https:\/\/proventuss.eu\/ro\/produkt\/siderise-cw-fb\/#primaryimage"},"thumbnailUrl":"https:\/\/proventuss.eu\/wp-content\/uploads\/2022\/04\/CW-FS.jpg","datePublished":"2022-04-26T09:47:36+00:00","dateModified":"2023-02-10T11:23:52+00:00","breadcrumb":{"@id":"https:\/\/proventuss.eu\/ro\/produkt\/siderise-cw-fb\/#breadcrumb"},"inLanguage":"ro-RO","potentialAction":[{"@type":"ReadAction","target":["https:\/\/proventuss.eu\/ro\/produkt\/siderise-cw-fb\/"]}]},{"@type":"ImageObject","inLanguage":"ro-RO","@id":"https:\/\/proventuss.eu\/ro\/produkt\/siderise-cw-fb\/#primaryimage","url":"https:\/\/proventuss.eu\/wp-content\/uploads\/2022\/04\/CW-FS.jpg","contentUrl":"https:\/\/proventuss.eu\/wp-content\/uploads\/2022\/04\/CW-FS.jpg","width":756,"height":756},{"@type":"BreadcrumbList","@id":"https:\/\/proventuss.eu\/ro\/produkt\/siderise-cw-fb\/#breadcrumb","itemListElement":[{"@type":"ListItem","position":1,"name":"Home","item":"https:\/\/proventuss.eu\/ro\/"},{"@type":"ListItem","position":2,"name":"Produse","item":"https:\/\/proventuss.eu\/produse\/"},{"@type":"ListItem","position":3,"name":"SIDERISE CW-FB"}]},{"@type":"WebSite","@id":"https:\/\/proventuss.eu\/#website","url":"https:\/\/proventuss.eu\/","name":"Proventuss","description":"","potentialAction":[{"@type":"SearchAction","target":{"@type":"EntryPoint","urlTemplate":"https:\/\/proventuss.eu\/?s={search_term_string}"},"query-input":"required name=search_term_string"}],"inLanguage":"ro-RO"}]}},"_links":{"self":[{"href":"https:\/\/proventuss.eu\/ro\/wp-json\/wp\/v2\/product\/10254"}],"collection":[{"href":"https:\/\/proventuss.eu\/ro\/wp-json\/wp\/v2\/product"}],"about":[{"href":"https:\/\/proventuss.eu\/ro\/wp-json\/wp\/v2\/types\/product"}],"replies":[{"embeddable":true,"href":"https:\/\/proventuss.eu\/ro\/wp-json\/wp\/v2\/comments?post=10254"}],"wp:featuredmedia":[{"embeddable":true,"href":"https:\/\/proventuss.eu\/ro\/wp-json\/wp\/v2\/media\/10043"}],"wp:attachment":[{"href":"https:\/\/proventuss.eu\/ro\/wp-json\/wp\/v2\/media?parent=10254"}],"wp:term":[{"taxonomy":"product_cat","embeddable":true,"href":"https:\/\/proventuss.eu\/ro\/wp-json\/wp\/v2\/product_cat?post=10254"},{"taxonomy":"product_tag","embeddable":true,"href":"https:\/\/proventuss.eu\/ro\/wp-json\/wp\/v2\/product_tag?post=10254"}],"curies":[{"name":"wp","href":"https:\/\/api.w.org\/{rel}","templated":true}]}}