{"id":10253,"date":"2022-04-26T09:46:24","date_gmt":"2022-04-26T09:46:24","guid":{"rendered":"https:\/\/proventuss.eu\/produkt\/siderise-cw-fs-curtain-wall-fire-stop\/"},"modified":"2023-02-10T11:23:12","modified_gmt":"2023-02-10T11:23:12","slug":"siderise-cw-fs-curtain-wall-fire-stop","status":"publish","type":"product","link":"https:\/\/proventuss.eu\/ro\/produs\/siderise-cw-fs-curtain-wall-fire-stop\/","title":{"rendered":"SIDERISE CW-FS (Curtain Wall Fire Stop)"},"content":{"rendered":"<p>Solu\u021bii de oprire a incendiului, de blocare a fumului \u0219i de izolare termic\u0103 \u015fi fonic\u0103 pentru toate aplica\u021biile arhitecturale tip perete cortin\u0103.<br \/>\nFunc\u021bia principal\u0103 a sistemului Siderise CW-FS este s\u0103 men\u021bin\u0103 continuitatea rezisten\u021bei la foc etan\u015f\u00e2nd cavitatea dintre structura cl\u0103dirii\/pere\u021bilor \u015fi peretele cortin\u0103 de la exterior, at\u00e2t orizontal c\u00e2t \u015fi vertical.<\/p>\n<p><strong>Beneficii:<\/strong><br \/>\n&#8211; Nr. 1 in Marea Britanie de peste 30 de ani<br \/>\n&#8211; Aprobat de organisme de certificare independente: Certfire &amp; Intertek<br \/>\n&#8211; 100% conform cu reglement\u0103rile legislative din: Romania, UK, UE si UAE<br \/>\n&#8211; Rezisten\u021b\u0103 la foc conform EN 13501-2, EN 1264-4, EN 1366-4<br \/>\n&#8211; Capacitate de preluare a varia\u021biilor cavit\u0103\u021bilor (dintre fa\u021bad\u0103 si structur\u0103) ap\u0103rute \u020bn timpul mi\u015fc\u0103rii dinamice a structurii fa\u021b\u0103 de fa\u021bad\u0103 a\u015fa cum s-a dovedit de EN1364-4 \u020bn timpul testului de incendiu de +\/-10% si +\/-25 mm.<br \/>\n&#8211; Clasificat \u2018A1\u2019 conform: EN 13501-1<br \/>\n&#8211; Lider de pia\u021b\u0103 \u020bn rezisten\u021ba la foc, etan\u015fare la fum \u015fi izolare termic\u0103.<br \/>\n&#8211; Potrivit pentru sigilare orizontal\u0103 \u015fi vertical\u0103.<br \/>\n&#8211; Performan\u021b\u0103 acustic\u0103 complet certificat\u0103, cu posibilitatea de upgrade acustic suplimentar.<br \/>\n&#8211; Simplu \u015fi u\u015for de instalat.<\/p>\n","protected":false},"excerpt":{"rendered":"<p>Solu\u021bii de oprire a incendiului, de blocare a fumului \u0219i de izolare termic\u0103 \u015fi fonic\u0103 pentru toate aplica\u021biile arhitecturale tip perete cortin\u0103. Func\u021bia principal\u0103 a sistemului Siderise CW-FS este s\u0103 men\u021bin\u0103 continuitatea rezisten\u021bei la foc etan\u015f\u00e2nd cavitatea dintre structura cl\u0103dirii\/pere\u021bilor \u015fi peretele cortin\u0103 de la exterior, at\u00e2t orizontal c\u00e2t \u015fi vertical. Beneficii: &#8211; Nr. 1 [&hellip;]<\/p>\n","protected":false},"featured_media":10043,"comment_status":"open","ping_status":"closed","template":"","meta":{"_acf_changed":false},"product_cat":[416],"product_tag":[],"acf":[],"yoast_head":"<!-- This site is optimized with the Yoast SEO plugin v22.9 - https:\/\/yoast.com\/wordpress\/plugins\/seo\/ -->\n<title>SIDERISE CW-FS (Curtain Wall Fire Stop) - Proventuss<\/title>\n<meta name=\"robots\" content=\"index, follow, max-snippet:-1, max-image-preview:large, max-video-preview:-1\" \/>\n<link rel=\"canonical\" href=\"https:\/\/proventuss.eu\/ro\/produkt\/siderise-cw-fs-curtain-wall-fire-stop\/\" \/>\n<meta property=\"og:locale\" content=\"ro_RO\" \/>\n<meta property=\"og:type\" content=\"article\" \/>\n<meta property=\"og:title\" content=\"SIDERISE CW-FS (Curtain Wall Fire Stop) - Proventuss\" \/>\n<meta property=\"og:description\" content=\"Solu\u021bii de oprire a incendiului, de blocare a fumului \u0219i de izolare termic\u0103 \u015fi fonic\u0103 pentru toate aplica\u021biile arhitecturale tip perete cortin\u0103. Func\u021bia principal\u0103 a sistemului Siderise CW-FS este s\u0103 men\u021bin\u0103 continuitatea rezisten\u021bei la foc etan\u015f\u00e2nd cavitatea dintre structura cl\u0103dirii\/pere\u021bilor \u015fi peretele cortin\u0103 de la exterior, at\u00e2t orizontal c\u00e2t \u015fi vertical. Beneficii: &#8211; Nr. 1 [&hellip;]\" \/>\n<meta property=\"og:url\" content=\"https:\/\/proventuss.eu\/ro\/produkt\/siderise-cw-fs-curtain-wall-fire-stop\/\" \/>\n<meta property=\"og:site_name\" content=\"Proventuss\" \/>\n<meta property=\"article:modified_time\" content=\"2023-02-10T11:23:12+00:00\" \/>\n<meta property=\"og:image\" content=\"https:\/\/proventuss.eu\/wp-content\/uploads\/2022\/04\/CW-FS.jpg\" \/>\n\t<meta property=\"og:image:width\" content=\"756\" \/>\n\t<meta property=\"og:image:height\" content=\"756\" \/>\n\t<meta property=\"og:image:type\" content=\"image\/jpeg\" \/>\n<meta name=\"twitter:card\" content=\"summary_large_image\" \/>\n<meta name=\"twitter:label1\" content=\"Timp estimat pentru citire\" \/>\n\t<meta name=\"twitter:data1\" content=\"1 minut\" \/>\n<script type=\"application\/ld+json\" class=\"yoast-schema-graph\">{\"@context\":\"https:\/\/schema.org\",\"@graph\":[{\"@type\":\"WebPage\",\"@id\":\"https:\/\/proventuss.eu\/ro\/produkt\/siderise-cw-fs-curtain-wall-fire-stop\/\",\"url\":\"https:\/\/proventuss.eu\/ro\/produkt\/siderise-cw-fs-curtain-wall-fire-stop\/\",\"name\":\"SIDERISE CW-FS (Curtain Wall Fire Stop) - Proventuss\",\"isPartOf\":{\"@id\":\"https:\/\/proventuss.eu\/#website\"},\"primaryImageOfPage\":{\"@id\":\"https:\/\/proventuss.eu\/ro\/produkt\/siderise-cw-fs-curtain-wall-fire-stop\/#primaryimage\"},\"image\":{\"@id\":\"https:\/\/proventuss.eu\/ro\/produkt\/siderise-cw-fs-curtain-wall-fire-stop\/#primaryimage\"},\"thumbnailUrl\":\"https:\/\/proventuss.eu\/wp-content\/uploads\/2022\/04\/CW-FS.jpg\",\"datePublished\":\"2022-04-26T09:46:24+00:00\",\"dateModified\":\"2023-02-10T11:23:12+00:00\",\"breadcrumb\":{\"@id\":\"https:\/\/proventuss.eu\/ro\/produkt\/siderise-cw-fs-curtain-wall-fire-stop\/#breadcrumb\"},\"inLanguage\":\"ro-RO\",\"potentialAction\":[{\"@type\":\"ReadAction\",\"target\":[\"https:\/\/proventuss.eu\/ro\/produkt\/siderise-cw-fs-curtain-wall-fire-stop\/\"]}]},{\"@type\":\"ImageObject\",\"inLanguage\":\"ro-RO\",\"@id\":\"https:\/\/proventuss.eu\/ro\/produkt\/siderise-cw-fs-curtain-wall-fire-stop\/#primaryimage\",\"url\":\"https:\/\/proventuss.eu\/wp-content\/uploads\/2022\/04\/CW-FS.jpg\",\"contentUrl\":\"https:\/\/proventuss.eu\/wp-content\/uploads\/2022\/04\/CW-FS.jpg\",\"width\":756,\"height\":756},{\"@type\":\"BreadcrumbList\",\"@id\":\"https:\/\/proventuss.eu\/ro\/produkt\/siderise-cw-fs-curtain-wall-fire-stop\/#breadcrumb\",\"itemListElement\":[{\"@type\":\"ListItem\",\"position\":1,\"name\":\"Home\",\"item\":\"https:\/\/proventuss.eu\/ro\/\"},{\"@type\":\"ListItem\",\"position\":2,\"name\":\"Produse\",\"item\":\"https:\/\/proventuss.eu\/produse\/\"},{\"@type\":\"ListItem\",\"position\":3,\"name\":\"SIDERISE CW-FS (Curtain Wall Fire Stop)\"}]},{\"@type\":\"WebSite\",\"@id\":\"https:\/\/proventuss.eu\/#website\",\"url\":\"https:\/\/proventuss.eu\/\",\"name\":\"Proventuss\",\"description\":\"\",\"potentialAction\":[{\"@type\":\"SearchAction\",\"target\":{\"@type\":\"EntryPoint\",\"urlTemplate\":\"https:\/\/proventuss.eu\/?s={search_term_string}\"},\"query-input\":\"required name=search_term_string\"}],\"inLanguage\":\"ro-RO\"}]}<\/script>\n<!-- \/ Yoast SEO plugin. -->","yoast_head_json":{"title":"SIDERISE CW-FS (Curtain Wall Fire Stop) - Proventuss","robots":{"index":"index","follow":"follow","max-snippet":"max-snippet:-1","max-image-preview":"max-image-preview:large","max-video-preview":"max-video-preview:-1"},"canonical":"https:\/\/proventuss.eu\/ro\/produkt\/siderise-cw-fs-curtain-wall-fire-stop\/","og_locale":"ro_RO","og_type":"article","og_title":"SIDERISE CW-FS (Curtain Wall Fire Stop) - Proventuss","og_description":"Solu\u021bii de oprire a incendiului, de blocare a fumului \u0219i de izolare termic\u0103 \u015fi fonic\u0103 pentru toate aplica\u021biile arhitecturale tip perete cortin\u0103. Func\u021bia principal\u0103 a sistemului Siderise CW-FS este s\u0103 men\u021bin\u0103 continuitatea rezisten\u021bei la foc etan\u015f\u00e2nd cavitatea dintre structura cl\u0103dirii\/pere\u021bilor \u015fi peretele cortin\u0103 de la exterior, at\u00e2t orizontal c\u00e2t \u015fi vertical. Beneficii: &#8211; Nr. 1 [&hellip;]","og_url":"https:\/\/proventuss.eu\/ro\/produkt\/siderise-cw-fs-curtain-wall-fire-stop\/","og_site_name":"Proventuss","article_modified_time":"2023-02-10T11:23:12+00:00","og_image":[{"width":756,"height":756,"url":"https:\/\/proventuss.eu\/wp-content\/uploads\/2022\/04\/CW-FS.jpg","type":"image\/jpeg"}],"twitter_card":"summary_large_image","twitter_misc":{"Timp estimat pentru citire":"1 minut"},"schema":{"@context":"https:\/\/schema.org","@graph":[{"@type":"WebPage","@id":"https:\/\/proventuss.eu\/ro\/produkt\/siderise-cw-fs-curtain-wall-fire-stop\/","url":"https:\/\/proventuss.eu\/ro\/produkt\/siderise-cw-fs-curtain-wall-fire-stop\/","name":"SIDERISE CW-FS (Curtain Wall Fire Stop) - Proventuss","isPartOf":{"@id":"https:\/\/proventuss.eu\/#website"},"primaryImageOfPage":{"@id":"https:\/\/proventuss.eu\/ro\/produkt\/siderise-cw-fs-curtain-wall-fire-stop\/#primaryimage"},"image":{"@id":"https:\/\/proventuss.eu\/ro\/produkt\/siderise-cw-fs-curtain-wall-fire-stop\/#primaryimage"},"thumbnailUrl":"https:\/\/proventuss.eu\/wp-content\/uploads\/2022\/04\/CW-FS.jpg","datePublished":"2022-04-26T09:46:24+00:00","dateModified":"2023-02-10T11:23:12+00:00","breadcrumb":{"@id":"https:\/\/proventuss.eu\/ro\/produkt\/siderise-cw-fs-curtain-wall-fire-stop\/#breadcrumb"},"inLanguage":"ro-RO","potentialAction":[{"@type":"ReadAction","target":["https:\/\/proventuss.eu\/ro\/produkt\/siderise-cw-fs-curtain-wall-fire-stop\/"]}]},{"@type":"ImageObject","inLanguage":"ro-RO","@id":"https:\/\/proventuss.eu\/ro\/produkt\/siderise-cw-fs-curtain-wall-fire-stop\/#primaryimage","url":"https:\/\/proventuss.eu\/wp-content\/uploads\/2022\/04\/CW-FS.jpg","contentUrl":"https:\/\/proventuss.eu\/wp-content\/uploads\/2022\/04\/CW-FS.jpg","width":756,"height":756},{"@type":"BreadcrumbList","@id":"https:\/\/proventuss.eu\/ro\/produkt\/siderise-cw-fs-curtain-wall-fire-stop\/#breadcrumb","itemListElement":[{"@type":"ListItem","position":1,"name":"Home","item":"https:\/\/proventuss.eu\/ro\/"},{"@type":"ListItem","position":2,"name":"Produse","item":"https:\/\/proventuss.eu\/produse\/"},{"@type":"ListItem","position":3,"name":"SIDERISE CW-FS (Curtain Wall Fire Stop)"}]},{"@type":"WebSite","@id":"https:\/\/proventuss.eu\/#website","url":"https:\/\/proventuss.eu\/","name":"Proventuss","description":"","potentialAction":[{"@type":"SearchAction","target":{"@type":"EntryPoint","urlTemplate":"https:\/\/proventuss.eu\/?s={search_term_string}"},"query-input":"required name=search_term_string"}],"inLanguage":"ro-RO"}]}},"_links":{"self":[{"href":"https:\/\/proventuss.eu\/ro\/wp-json\/wp\/v2\/product\/10253"}],"collection":[{"href":"https:\/\/proventuss.eu\/ro\/wp-json\/wp\/v2\/product"}],"about":[{"href":"https:\/\/proventuss.eu\/ro\/wp-json\/wp\/v2\/types\/product"}],"replies":[{"embeddable":true,"href":"https:\/\/proventuss.eu\/ro\/wp-json\/wp\/v2\/comments?post=10253"}],"wp:featuredmedia":[{"embeddable":true,"href":"https:\/\/proventuss.eu\/ro\/wp-json\/wp\/v2\/media\/10043"}],"wp:attachment":[{"href":"https:\/\/proventuss.eu\/ro\/wp-json\/wp\/v2\/media?parent=10253"}],"wp:term":[{"taxonomy":"product_cat","embeddable":true,"href":"https:\/\/proventuss.eu\/ro\/wp-json\/wp\/v2\/product_cat?post=10253"},{"taxonomy":"product_tag","embeddable":true,"href":"https:\/\/proventuss.eu\/ro\/wp-json\/wp\/v2\/product_tag?post=10253"}],"curies":[{"name":"wp","href":"https:\/\/api.w.org\/{rel}","templated":true}]}}