{"id":10252,"date":"2022-04-26T09:44:57","date_gmt":"2022-04-26T09:44:57","guid":{"rendered":"https:\/\/proventuss.eu\/produkt\/dowsil-firestop-700\/"},"modified":"2022-04-26T09:44:57","modified_gmt":"2022-04-26T09:44:57","slug":"dowsil-firestop-700","status":"publish","type":"product","link":"https:\/\/proventuss.eu\/ro\/produs\/dowsil-firestop-700\/","title":{"rendered":"DOWSIL FIRESTOP 700"},"content":{"rendered":"<p>Sigilant silconic neutru, clasificat la foc, monocomponent, pentru sigilarea rosturilor liniare de interior \u015fi de exterior \u015fi sigilarea zonelor cu penetr\u0103ri. Este ideal pentru sigilarea \u020bmpotriva intemperiilor a fa\u021badelor \u015fi a rosturilor de expansiune unde este necesar\u0103 clasificarea la foc. De asemenea este potrivit pentru sistemele mici de sigil\u0103ri de penetrare unde \u021bevile \u015fi cablurile trec prin structuri de pere\u021bi clasifica\u021bi la foc.<\/p>\n<p><strong>Beneficii:<\/strong><br \/>\n&#8211; Conform cu BS476 partea 22 \u015fi ETA 13\/0281<br \/>\n&#8211; Clasificare la rezisten\u021b\u0103 la foc p\u00e2n\u0103 la 4 ore<br \/>\n&#8211; Adeziune excelent\u0103 f\u0103r\u0103 primer pe majoritatea materialelor de construc\u021bii<br \/>\n&#8211; Capacitate de preluare a deplas\u0103rilor rosturilor \u00b150%<br \/>\n&#8211; Rezisten\u021b\u0103 excelent\u0103 la \u020bnc\u0103rarea climatic\u0103, condi\u021bii meteo extreme, ozon \u015fi radia\u021bii UV<br \/>\n&#8211; Sistem neutru de \u020bnt\u0103rire<br \/>\n&#8211; Compatibilitate total\u0103 cu al\u021bi sigilan\u021bi DOWSIL\u2122 Sg \u015fi IG<br \/>\n&#8211; Conform cu ISO 11600-F&amp;G-25LM<\/p>\n<p><strong>Ambalare\/culori:<\/strong><br \/>\nSalam 600ml, Cartu\u015f 310ml<br \/>\n<strong>Culori:<\/strong> negru, gri, alb<\/p>\n","protected":false},"excerpt":{"rendered":"<p>Sigilant silconic neutru, clasificat la foc, monocomponent, pentru sigilarea rosturilor liniare de interior \u015fi de exterior \u015fi sigilarea zonelor cu penetr\u0103ri. Este ideal pentru sigilarea \u020bmpotriva intemperiilor a fa\u021badelor \u015fi a rosturilor de expansiune unde este necesar\u0103 clasificarea la foc. De asemenea este potrivit pentru sistemele mici de sigil\u0103ri de penetrare unde \u021bevile \u015fi cablurile [&hellip;]<\/p>\n","protected":false},"featured_media":9632,"comment_status":"open","ping_status":"closed","template":"","meta":{"_acf_changed":false},"product_cat":[416],"product_tag":[],"acf":[],"yoast_head":"<!-- This site is optimized with the Yoast SEO plugin v22.9 - https:\/\/yoast.com\/wordpress\/plugins\/seo\/ -->\n<title>DOWSIL FIRESTOP 700 - Proventuss<\/title>\n<meta name=\"robots\" content=\"index, follow, max-snippet:-1, max-image-preview:large, max-video-preview:-1\" \/>\n<link rel=\"canonical\" href=\"https:\/\/proventuss.eu\/ro\/produkt\/dowsil-firestop-700\/\" \/>\n<meta property=\"og:locale\" content=\"ro_RO\" \/>\n<meta property=\"og:type\" content=\"article\" \/>\n<meta property=\"og:title\" content=\"DOWSIL FIRESTOP 700 - Proventuss\" \/>\n<meta property=\"og:description\" content=\"Sigilant silconic neutru, clasificat la foc, monocomponent, pentru sigilarea rosturilor liniare de interior \u015fi de exterior \u015fi sigilarea zonelor cu penetr\u0103ri. Este ideal pentru sigilarea \u020bmpotriva intemperiilor a fa\u021badelor \u015fi a rosturilor de expansiune unde este necesar\u0103 clasificarea la foc. De asemenea este potrivit pentru sistemele mici de sigil\u0103ri de penetrare unde \u021bevile \u015fi cablurile [&hellip;]\" \/>\n<meta property=\"og:url\" content=\"https:\/\/proventuss.eu\/ro\/produkt\/dowsil-firestop-700\/\" \/>\n<meta property=\"og:site_name\" content=\"Proventuss\" \/>\n<meta property=\"og:image\" content=\"https:\/\/proventuss.eu\/wp-content\/uploads\/2022\/04\/700.jpg\" \/>\n\t<meta property=\"og:image:width\" content=\"408\" \/>\n\t<meta property=\"og:image:height\" content=\"1136\" \/>\n\t<meta property=\"og:image:type\" content=\"image\/jpeg\" \/>\n<meta name=\"twitter:card\" content=\"summary_large_image\" \/>\n<meta name=\"twitter:label1\" content=\"Timp estimat pentru citire\" \/>\n\t<meta name=\"twitter:data1\" content=\"1 minut\" \/>\n<script type=\"application\/ld+json\" class=\"yoast-schema-graph\">{\"@context\":\"https:\/\/schema.org\",\"@graph\":[{\"@type\":\"WebPage\",\"@id\":\"https:\/\/proventuss.eu\/ro\/produkt\/dowsil-firestop-700\/\",\"url\":\"https:\/\/proventuss.eu\/ro\/produkt\/dowsil-firestop-700\/\",\"name\":\"DOWSIL FIRESTOP 700 - Proventuss\",\"isPartOf\":{\"@id\":\"https:\/\/proventuss.eu\/#website\"},\"primaryImageOfPage\":{\"@id\":\"https:\/\/proventuss.eu\/ro\/produkt\/dowsil-firestop-700\/#primaryimage\"},\"image\":{\"@id\":\"https:\/\/proventuss.eu\/ro\/produkt\/dowsil-firestop-700\/#primaryimage\"},\"thumbnailUrl\":\"https:\/\/proventuss.eu\/wp-content\/uploads\/2022\/04\/700.jpg\",\"datePublished\":\"2022-04-26T09:44:57+00:00\",\"dateModified\":\"2022-04-26T09:44:57+00:00\",\"breadcrumb\":{\"@id\":\"https:\/\/proventuss.eu\/ro\/produkt\/dowsil-firestop-700\/#breadcrumb\"},\"inLanguage\":\"ro-RO\",\"potentialAction\":[{\"@type\":\"ReadAction\",\"target\":[\"https:\/\/proventuss.eu\/ro\/produkt\/dowsil-firestop-700\/\"]}]},{\"@type\":\"ImageObject\",\"inLanguage\":\"ro-RO\",\"@id\":\"https:\/\/proventuss.eu\/ro\/produkt\/dowsil-firestop-700\/#primaryimage\",\"url\":\"https:\/\/proventuss.eu\/wp-content\/uploads\/2022\/04\/700.jpg\",\"contentUrl\":\"https:\/\/proventuss.eu\/wp-content\/uploads\/2022\/04\/700.jpg\",\"width\":408,\"height\":1136},{\"@type\":\"BreadcrumbList\",\"@id\":\"https:\/\/proventuss.eu\/ro\/produkt\/dowsil-firestop-700\/#breadcrumb\",\"itemListElement\":[{\"@type\":\"ListItem\",\"position\":1,\"name\":\"Home\",\"item\":\"https:\/\/proventuss.eu\/ro\/\"},{\"@type\":\"ListItem\",\"position\":2,\"name\":\"Produse\",\"item\":\"https:\/\/proventuss.eu\/produse\/\"},{\"@type\":\"ListItem\",\"position\":3,\"name\":\"DOWSIL FIRESTOP 700\"}]},{\"@type\":\"WebSite\",\"@id\":\"https:\/\/proventuss.eu\/#website\",\"url\":\"https:\/\/proventuss.eu\/\",\"name\":\"Proventuss\",\"description\":\"\",\"potentialAction\":[{\"@type\":\"SearchAction\",\"target\":{\"@type\":\"EntryPoint\",\"urlTemplate\":\"https:\/\/proventuss.eu\/?s={search_term_string}\"},\"query-input\":\"required name=search_term_string\"}],\"inLanguage\":\"ro-RO\"}]}<\/script>\n<!-- \/ Yoast SEO plugin. -->","yoast_head_json":{"title":"DOWSIL FIRESTOP 700 - Proventuss","robots":{"index":"index","follow":"follow","max-snippet":"max-snippet:-1","max-image-preview":"max-image-preview:large","max-video-preview":"max-video-preview:-1"},"canonical":"https:\/\/proventuss.eu\/ro\/produkt\/dowsil-firestop-700\/","og_locale":"ro_RO","og_type":"article","og_title":"DOWSIL FIRESTOP 700 - Proventuss","og_description":"Sigilant silconic neutru, clasificat la foc, monocomponent, pentru sigilarea rosturilor liniare de interior \u015fi de exterior \u015fi sigilarea zonelor cu penetr\u0103ri. Este ideal pentru sigilarea \u020bmpotriva intemperiilor a fa\u021badelor \u015fi a rosturilor de expansiune unde este necesar\u0103 clasificarea la foc. De asemenea este potrivit pentru sistemele mici de sigil\u0103ri de penetrare unde \u021bevile \u015fi cablurile [&hellip;]","og_url":"https:\/\/proventuss.eu\/ro\/produkt\/dowsil-firestop-700\/","og_site_name":"Proventuss","og_image":[{"width":408,"height":1136,"url":"https:\/\/proventuss.eu\/wp-content\/uploads\/2022\/04\/700.jpg","type":"image\/jpeg"}],"twitter_card":"summary_large_image","twitter_misc":{"Timp estimat pentru citire":"1 minut"},"schema":{"@context":"https:\/\/schema.org","@graph":[{"@type":"WebPage","@id":"https:\/\/proventuss.eu\/ro\/produkt\/dowsil-firestop-700\/","url":"https:\/\/proventuss.eu\/ro\/produkt\/dowsil-firestop-700\/","name":"DOWSIL FIRESTOP 700 - Proventuss","isPartOf":{"@id":"https:\/\/proventuss.eu\/#website"},"primaryImageOfPage":{"@id":"https:\/\/proventuss.eu\/ro\/produkt\/dowsil-firestop-700\/#primaryimage"},"image":{"@id":"https:\/\/proventuss.eu\/ro\/produkt\/dowsil-firestop-700\/#primaryimage"},"thumbnailUrl":"https:\/\/proventuss.eu\/wp-content\/uploads\/2022\/04\/700.jpg","datePublished":"2022-04-26T09:44:57+00:00","dateModified":"2022-04-26T09:44:57+00:00","breadcrumb":{"@id":"https:\/\/proventuss.eu\/ro\/produkt\/dowsil-firestop-700\/#breadcrumb"},"inLanguage":"ro-RO","potentialAction":[{"@type":"ReadAction","target":["https:\/\/proventuss.eu\/ro\/produkt\/dowsil-firestop-700\/"]}]},{"@type":"ImageObject","inLanguage":"ro-RO","@id":"https:\/\/proventuss.eu\/ro\/produkt\/dowsil-firestop-700\/#primaryimage","url":"https:\/\/proventuss.eu\/wp-content\/uploads\/2022\/04\/700.jpg","contentUrl":"https:\/\/proventuss.eu\/wp-content\/uploads\/2022\/04\/700.jpg","width":408,"height":1136},{"@type":"BreadcrumbList","@id":"https:\/\/proventuss.eu\/ro\/produkt\/dowsil-firestop-700\/#breadcrumb","itemListElement":[{"@type":"ListItem","position":1,"name":"Home","item":"https:\/\/proventuss.eu\/ro\/"},{"@type":"ListItem","position":2,"name":"Produse","item":"https:\/\/proventuss.eu\/produse\/"},{"@type":"ListItem","position":3,"name":"DOWSIL FIRESTOP 700"}]},{"@type":"WebSite","@id":"https:\/\/proventuss.eu\/#website","url":"https:\/\/proventuss.eu\/","name":"Proventuss","description":"","potentialAction":[{"@type":"SearchAction","target":{"@type":"EntryPoint","urlTemplate":"https:\/\/proventuss.eu\/?s={search_term_string}"},"query-input":"required name=search_term_string"}],"inLanguage":"ro-RO"}]}},"_links":{"self":[{"href":"https:\/\/proventuss.eu\/ro\/wp-json\/wp\/v2\/product\/10252"}],"collection":[{"href":"https:\/\/proventuss.eu\/ro\/wp-json\/wp\/v2\/product"}],"about":[{"href":"https:\/\/proventuss.eu\/ro\/wp-json\/wp\/v2\/types\/product"}],"replies":[{"embeddable":true,"href":"https:\/\/proventuss.eu\/ro\/wp-json\/wp\/v2\/comments?post=10252"}],"wp:featuredmedia":[{"embeddable":true,"href":"https:\/\/proventuss.eu\/ro\/wp-json\/wp\/v2\/media\/9632"}],"wp:attachment":[{"href":"https:\/\/proventuss.eu\/ro\/wp-json\/wp\/v2\/media?parent=10252"}],"wp:term":[{"taxonomy":"product_cat","embeddable":true,"href":"https:\/\/proventuss.eu\/ro\/wp-json\/wp\/v2\/product_cat?post=10252"},{"taxonomy":"product_tag","embeddable":true,"href":"https:\/\/proventuss.eu\/ro\/wp-json\/wp\/v2\/product_tag?post=10252"}],"curies":[{"name":"wp","href":"https:\/\/api.w.org\/{rel}","templated":true}]}}