{"id":10251,"date":"2022-04-26T09:41:39","date_gmt":"2022-04-26T09:41:39","guid":{"rendered":"https:\/\/proventuss.eu\/produkt\/va-q-tec-vacuum-insulation-panel\/"},"modified":"2023-02-10T11:19:51","modified_gmt":"2023-02-10T11:19:51","slug":"va-q-tec-vacuum-insulation-panel","status":"publish","type":"product","link":"https:\/\/proventuss.eu\/ro\/produs\/va-q-tec-vacuum-insulation-panel\/","title":{"rendered":"Va-Q-Tec &#8211; Vacuum Insulation Panel"},"content":{"rendered":"<p>VIP \u2013 Vacuum Insulation Panel, sunt panouri termoizolante sub\u021biri cu propriet\u0103\u021bi de izolare termic\u0103 excelente (conductivitatea termic\u0103 foarte mic\u0103) create pentru izolarea cl\u0103dirilor \u015fi fabricate folosind tehnologia vidului. Sunt de 10 ori mai eficiente decat materialele izolatoare clasice cu aceea\u015fi grosime.<\/p>\n<p>Miezul neinflamabil al pl\u0103cilor este format din pulbere de siliciu micro-poroas\u0103 \u015fi protejat\u0103 cu folie performant\u0103 ca barier\u0103 pentru diferite gaze, pentru a proteja interiorul pl\u0103cii de infiltra\u021biile de ap\u0103 \u015fi aer. Aceast\u0103 solu\u021bie inovativ\u0103 de izolare poate fi folosit\u0103 \u020bn toate aplica\u021biile unde izolarea trebuie facut\u0103 \u020bn spa\u021bii limitate \u015fi c\u00e2nd materialele tradi\u021bionale nu performeaz\u0103.<\/p>\n<p><strong>Beneficii:<\/strong><br \/>\n&#8211; Parametrii de izolare termic\u0103 excelen\u021bi combina\u021bi cu grosime minim\u0103<br \/>\n&#8211; Mai pu\u021bin spa\u021biu, ofer\u0103 o mai bun\u0103 folosire a spa\u021biului cl\u0103dirii<br \/>\n&#8211; Nu exist\u0103 limit\u0103 de design<br \/>\n&#8211; Structuri modulare, diferite forme \u015fi m\u0103rimi inclusiv elemente curbe<br \/>\n&#8211; Durat\u0103 de via\u021b\u0103 lung\u0103<\/p>\n<p><strong>Aplica\u021bii:<\/strong><br \/>\n&#8211; Fa\u021bade<br \/>\n&#8211; Acoperi\u015furi<br \/>\n&#8211; Sere, gr\u0103dini de iarn\u0103<br \/>\n&#8211; Podele<br \/>\n&#8211; Tavane<br \/>\n&#8211; Pere\u021bi<\/p>\n","protected":false},"excerpt":{"rendered":"<p>VIP \u2013 Vacuum Insulation Panel, sunt panouri termoizolante sub\u021biri cu propriet\u0103\u021bi de izolare termic\u0103 excelente (conductivitatea termic\u0103 foarte mic\u0103) create pentru izolarea cl\u0103dirilor \u015fi fabricate folosind tehnologia vidului. Sunt de 10 ori mai eficiente decat materialele izolatoare clasice cu aceea\u015fi grosime. Miezul neinflamabil al pl\u0103cilor este format din pulbere de siliciu micro-poroas\u0103 \u015fi protejat\u0103 cu [&hellip;]<\/p>\n","protected":false},"featured_media":9709,"comment_status":"open","ping_status":"closed","template":"","meta":{"_acf_changed":false},"product_cat":[423],"product_tag":[],"acf":[],"yoast_head":"<!-- This site is optimized with the Yoast SEO plugin v22.9 - https:\/\/yoast.com\/wordpress\/plugins\/seo\/ -->\n<title>Va-Q-Tec - Vacuum Insulation Panel - Proventuss<\/title>\n<meta name=\"robots\" content=\"index, follow, max-snippet:-1, max-image-preview:large, max-video-preview:-1\" \/>\n<link rel=\"canonical\" href=\"https:\/\/proventuss.eu\/ro\/produkt\/va-q-tec-vacuum-insulation-panel\/\" \/>\n<meta property=\"og:locale\" content=\"ro_RO\" \/>\n<meta property=\"og:type\" content=\"article\" \/>\n<meta property=\"og:title\" content=\"Va-Q-Tec - Vacuum Insulation Panel - Proventuss\" \/>\n<meta property=\"og:description\" content=\"VIP \u2013 Vacuum Insulation Panel, sunt panouri termoizolante sub\u021biri cu propriet\u0103\u021bi de izolare termic\u0103 excelente (conductivitatea termic\u0103 foarte mic\u0103) create pentru izolarea cl\u0103dirilor \u015fi fabricate folosind tehnologia vidului. Sunt de 10 ori mai eficiente decat materialele izolatoare clasice cu aceea\u015fi grosime. Miezul neinflamabil al pl\u0103cilor este format din pulbere de siliciu micro-poroas\u0103 \u015fi protejat\u0103 cu [&hellip;]\" \/>\n<meta property=\"og:url\" content=\"https:\/\/proventuss.eu\/ro\/produkt\/va-q-tec-vacuum-insulation-panel\/\" \/>\n<meta property=\"og:site_name\" content=\"Proventuss\" \/>\n<meta property=\"article:modified_time\" content=\"2023-02-10T11:19:51+00:00\" \/>\n<meta property=\"og:image\" content=\"https:\/\/proventuss.eu\/wp-content\/uploads\/2022\/04\/va-Q-vip_F_GGM_524x336.png\" \/>\n\t<meta property=\"og:image:width\" content=\"524\" \/>\n\t<meta property=\"og:image:height\" content=\"336\" \/>\n\t<meta property=\"og:image:type\" content=\"image\/png\" \/>\n<meta name=\"twitter:card\" content=\"summary_large_image\" \/>\n<meta name=\"twitter:label1\" content=\"Timp estimat pentru citire\" \/>\n\t<meta name=\"twitter:data1\" content=\"1 minut\" \/>\n<script type=\"application\/ld+json\" class=\"yoast-schema-graph\">{\"@context\":\"https:\/\/schema.org\",\"@graph\":[{\"@type\":\"WebPage\",\"@id\":\"https:\/\/proventuss.eu\/ro\/produkt\/va-q-tec-vacuum-insulation-panel\/\",\"url\":\"https:\/\/proventuss.eu\/ro\/produkt\/va-q-tec-vacuum-insulation-panel\/\",\"name\":\"Va-Q-Tec - Vacuum Insulation Panel - Proventuss\",\"isPartOf\":{\"@id\":\"https:\/\/proventuss.eu\/#website\"},\"primaryImageOfPage\":{\"@id\":\"https:\/\/proventuss.eu\/ro\/produkt\/va-q-tec-vacuum-insulation-panel\/#primaryimage\"},\"image\":{\"@id\":\"https:\/\/proventuss.eu\/ro\/produkt\/va-q-tec-vacuum-insulation-panel\/#primaryimage\"},\"thumbnailUrl\":\"https:\/\/proventuss.eu\/wp-content\/uploads\/2022\/04\/va-Q-vip_F_GGM_524x336.png\",\"datePublished\":\"2022-04-26T09:41:39+00:00\",\"dateModified\":\"2023-02-10T11:19:51+00:00\",\"breadcrumb\":{\"@id\":\"https:\/\/proventuss.eu\/ro\/produkt\/va-q-tec-vacuum-insulation-panel\/#breadcrumb\"},\"inLanguage\":\"ro-RO\",\"potentialAction\":[{\"@type\":\"ReadAction\",\"target\":[\"https:\/\/proventuss.eu\/ro\/produkt\/va-q-tec-vacuum-insulation-panel\/\"]}]},{\"@type\":\"ImageObject\",\"inLanguage\":\"ro-RO\",\"@id\":\"https:\/\/proventuss.eu\/ro\/produkt\/va-q-tec-vacuum-insulation-panel\/#primaryimage\",\"url\":\"https:\/\/proventuss.eu\/wp-content\/uploads\/2022\/04\/va-Q-vip_F_GGM_524x336.png\",\"contentUrl\":\"https:\/\/proventuss.eu\/wp-content\/uploads\/2022\/04\/va-Q-vip_F_GGM_524x336.png\",\"width\":524,\"height\":336},{\"@type\":\"BreadcrumbList\",\"@id\":\"https:\/\/proventuss.eu\/ro\/produkt\/va-q-tec-vacuum-insulation-panel\/#breadcrumb\",\"itemListElement\":[{\"@type\":\"ListItem\",\"position\":1,\"name\":\"Home\",\"item\":\"https:\/\/proventuss.eu\/ro\/\"},{\"@type\":\"ListItem\",\"position\":2,\"name\":\"Produse\",\"item\":\"https:\/\/proventuss.eu\/produse\/\"},{\"@type\":\"ListItem\",\"position\":3,\"name\":\"Va-Q-Tec &#8211; Vacuum Insulation Panel\"}]},{\"@type\":\"WebSite\",\"@id\":\"https:\/\/proventuss.eu\/#website\",\"url\":\"https:\/\/proventuss.eu\/\",\"name\":\"Proventuss\",\"description\":\"\",\"potentialAction\":[{\"@type\":\"SearchAction\",\"target\":{\"@type\":\"EntryPoint\",\"urlTemplate\":\"https:\/\/proventuss.eu\/?s={search_term_string}\"},\"query-input\":\"required name=search_term_string\"}],\"inLanguage\":\"ro-RO\"}]}<\/script>\n<!-- \/ Yoast SEO plugin. -->","yoast_head_json":{"title":"Va-Q-Tec - Vacuum Insulation Panel - Proventuss","robots":{"index":"index","follow":"follow","max-snippet":"max-snippet:-1","max-image-preview":"max-image-preview:large","max-video-preview":"max-video-preview:-1"},"canonical":"https:\/\/proventuss.eu\/ro\/produkt\/va-q-tec-vacuum-insulation-panel\/","og_locale":"ro_RO","og_type":"article","og_title":"Va-Q-Tec - Vacuum Insulation Panel - Proventuss","og_description":"VIP \u2013 Vacuum Insulation Panel, sunt panouri termoizolante sub\u021biri cu propriet\u0103\u021bi de izolare termic\u0103 excelente (conductivitatea termic\u0103 foarte mic\u0103) create pentru izolarea cl\u0103dirilor \u015fi fabricate folosind tehnologia vidului. Sunt de 10 ori mai eficiente decat materialele izolatoare clasice cu aceea\u015fi grosime. Miezul neinflamabil al pl\u0103cilor este format din pulbere de siliciu micro-poroas\u0103 \u015fi protejat\u0103 cu [&hellip;]","og_url":"https:\/\/proventuss.eu\/ro\/produkt\/va-q-tec-vacuum-insulation-panel\/","og_site_name":"Proventuss","article_modified_time":"2023-02-10T11:19:51+00:00","og_image":[{"width":524,"height":336,"url":"https:\/\/proventuss.eu\/wp-content\/uploads\/2022\/04\/va-Q-vip_F_GGM_524x336.png","type":"image\/png"}],"twitter_card":"summary_large_image","twitter_misc":{"Timp estimat pentru citire":"1 minut"},"schema":{"@context":"https:\/\/schema.org","@graph":[{"@type":"WebPage","@id":"https:\/\/proventuss.eu\/ro\/produkt\/va-q-tec-vacuum-insulation-panel\/","url":"https:\/\/proventuss.eu\/ro\/produkt\/va-q-tec-vacuum-insulation-panel\/","name":"Va-Q-Tec - Vacuum Insulation Panel - Proventuss","isPartOf":{"@id":"https:\/\/proventuss.eu\/#website"},"primaryImageOfPage":{"@id":"https:\/\/proventuss.eu\/ro\/produkt\/va-q-tec-vacuum-insulation-panel\/#primaryimage"},"image":{"@id":"https:\/\/proventuss.eu\/ro\/produkt\/va-q-tec-vacuum-insulation-panel\/#primaryimage"},"thumbnailUrl":"https:\/\/proventuss.eu\/wp-content\/uploads\/2022\/04\/va-Q-vip_F_GGM_524x336.png","datePublished":"2022-04-26T09:41:39+00:00","dateModified":"2023-02-10T11:19:51+00:00","breadcrumb":{"@id":"https:\/\/proventuss.eu\/ro\/produkt\/va-q-tec-vacuum-insulation-panel\/#breadcrumb"},"inLanguage":"ro-RO","potentialAction":[{"@type":"ReadAction","target":["https:\/\/proventuss.eu\/ro\/produkt\/va-q-tec-vacuum-insulation-panel\/"]}]},{"@type":"ImageObject","inLanguage":"ro-RO","@id":"https:\/\/proventuss.eu\/ro\/produkt\/va-q-tec-vacuum-insulation-panel\/#primaryimage","url":"https:\/\/proventuss.eu\/wp-content\/uploads\/2022\/04\/va-Q-vip_F_GGM_524x336.png","contentUrl":"https:\/\/proventuss.eu\/wp-content\/uploads\/2022\/04\/va-Q-vip_F_GGM_524x336.png","width":524,"height":336},{"@type":"BreadcrumbList","@id":"https:\/\/proventuss.eu\/ro\/produkt\/va-q-tec-vacuum-insulation-panel\/#breadcrumb","itemListElement":[{"@type":"ListItem","position":1,"name":"Home","item":"https:\/\/proventuss.eu\/ro\/"},{"@type":"ListItem","position":2,"name":"Produse","item":"https:\/\/proventuss.eu\/produse\/"},{"@type":"ListItem","position":3,"name":"Va-Q-Tec &#8211; Vacuum Insulation Panel"}]},{"@type":"WebSite","@id":"https:\/\/proventuss.eu\/#website","url":"https:\/\/proventuss.eu\/","name":"Proventuss","description":"","potentialAction":[{"@type":"SearchAction","target":{"@type":"EntryPoint","urlTemplate":"https:\/\/proventuss.eu\/?s={search_term_string}"},"query-input":"required name=search_term_string"}],"inLanguage":"ro-RO"}]}},"_links":{"self":[{"href":"https:\/\/proventuss.eu\/ro\/wp-json\/wp\/v2\/product\/10251"}],"collection":[{"href":"https:\/\/proventuss.eu\/ro\/wp-json\/wp\/v2\/product"}],"about":[{"href":"https:\/\/proventuss.eu\/ro\/wp-json\/wp\/v2\/types\/product"}],"replies":[{"embeddable":true,"href":"https:\/\/proventuss.eu\/ro\/wp-json\/wp\/v2\/comments?post=10251"}],"wp:featuredmedia":[{"embeddable":true,"href":"https:\/\/proventuss.eu\/ro\/wp-json\/wp\/v2\/media\/9709"}],"wp:attachment":[{"href":"https:\/\/proventuss.eu\/ro\/wp-json\/wp\/v2\/media?parent=10251"}],"wp:term":[{"taxonomy":"product_cat","embeddable":true,"href":"https:\/\/proventuss.eu\/ro\/wp-json\/wp\/v2\/product_cat?post=10251"},{"taxonomy":"product_tag","embeddable":true,"href":"https:\/\/proventuss.eu\/ro\/wp-json\/wp\/v2\/product_tag?post=10251"}],"curies":[{"name":"wp","href":"https:\/\/api.w.org\/{rel}","templated":true}]}}