{"id":10250,"date":"2022-04-26T09:37:29","date_gmt":"2022-04-26T09:37:29","guid":{"rendered":"https:\/\/proventuss.eu\/produkt\/dupont-insta-stik-mp-fc\/"},"modified":"2024-11-27T08:27:33","modified_gmt":"2024-11-27T08:27:33","slug":"dupont-insta-stik-mp-fc","status":"publish","type":"product","link":"https:\/\/proventuss.eu\/ro\/produs\/dupont-insta-stik-mp-fc\/","title":{"rendered":"DuPont Insta-Stik MP FC"},"content":{"rendered":"<p>Adeziv poliuretanic universal, cu priz\u0103 rapid\u0103, cu expansiune redus\u0103, special dezvoltat pentru lipirea pe vertical\u0103 \u0219i orizontal\u0103 a pl\u0103cilor sau a placajelor din XPS, EPS, PIR, PUR, vat\u0103 mineral\u0103 \u0219i pl\u0103ci de gips-carton pe beton, c\u0103r\u0103mid\u0103, ipsos, piatr\u0103, lemn, metal \u0219i bituminoase membrane sau pe o baz\u0103 ne\u021besut\u0103. Posibilitate de instalare glafuri si lipire de fundatii.<\/p>\n<p>AVANTAJE:<br \/>\n&#8211; Eficien\u021b\u0103 ridicat\u0103: o cutie de 750 ml este suficient\u0103 pentru a acoperi aproximativ 15 m2 de suprafa\u021b\u0103.<br \/>\n&#8211; \u00cembun\u0103t\u0103\u021be\u0219te coeficientul de izolare termic\u0103 a sistemului de fa\u021bad\u0103.<br \/>\n&#8211; Gam\u0103 larg\u0103 de rezisten\u021b\u0103 termic\u0103: de la -40\u00b0C p\u00e2n\u0103 la +100\u00b0C.<br \/>\n&#8211; Cur\u0103\u021bat pentru utilizare &#8211; nu las\u0103 praf sau reziduuri \u00een timpul instal\u0103rii.<br \/>\n&#8211; Formula cu \u00eent\u0103rire rapid\u0103 \u00eembun\u0103t\u0103\u021be\u0219te performan\u021ba la fa\u021ba locului.<br \/>\n&#8211; Preg\u0103tirea rapid\u0103 \u0219i instalarea u\u0219oar\u0103 reduc costurile cu for\u021ba de munc\u0103 \u0219i materiale.<br \/>\n&#8211; Ofer\u0103 o conexiune solid\u0103 \u0219i durabil\u0103.<\/p>\n<p>AMBALARE:<br \/>\nCutie: 750 ml<br \/>\nCutie: 12 buc.<\/p>\n","protected":false},"excerpt":{"rendered":"<p>Adeziv poliuretanic universal, cu priz\u0103 rapid\u0103, cu expansiune redus\u0103, special dezvoltat pentru lipirea pe vertical\u0103 \u0219i orizontal\u0103 a pl\u0103cilor sau a placajelor din XPS, EPS, PIR, PUR, vat\u0103 mineral\u0103 \u0219i pl\u0103ci de gips-carton pe beton, c\u0103r\u0103mid\u0103, ipsos, piatr\u0103, lemn, metal \u0219i bituminoase membrane sau pe o baz\u0103 ne\u021besut\u0103. Posibilitate de instalare glafuri si lipire de [&hellip;]<\/p>\n","protected":false},"featured_media":10070,"comment_status":"open","ping_status":"closed","template":"","meta":{"_acf_changed":false},"product_cat":[423],"product_tag":[],"acf":[],"yoast_head":"<!-- This site is optimized with the Yoast SEO plugin v22.9 - https:\/\/yoast.com\/wordpress\/plugins\/seo\/ -->\n<title>DuPont Insta-Stik MP FC - Proventuss<\/title>\n<meta name=\"robots\" content=\"index, follow, max-snippet:-1, max-image-preview:large, max-video-preview:-1\" \/>\n<link rel=\"canonical\" href=\"https:\/\/proventuss.eu\/ro\/produkt\/dupont-insta-stik-mp-fc\/\" \/>\n<meta property=\"og:locale\" content=\"ro_RO\" \/>\n<meta property=\"og:type\" content=\"article\" \/>\n<meta property=\"og:title\" content=\"DuPont Insta-Stik MP FC - Proventuss\" \/>\n<meta property=\"og:description\" content=\"Adeziv poliuretanic universal, cu priz\u0103 rapid\u0103, cu expansiune redus\u0103, special dezvoltat pentru lipirea pe vertical\u0103 \u0219i orizontal\u0103 a pl\u0103cilor sau a placajelor din XPS, EPS, PIR, PUR, vat\u0103 mineral\u0103 \u0219i pl\u0103ci de gips-carton pe beton, c\u0103r\u0103mid\u0103, ipsos, piatr\u0103, lemn, metal \u0219i bituminoase membrane sau pe o baz\u0103 ne\u021besut\u0103. Posibilitate de instalare glafuri si lipire de [&hellip;]\" \/>\n<meta property=\"og:url\" content=\"https:\/\/proventuss.eu\/ro\/produkt\/dupont-insta-stik-mp-fc\/\" \/>\n<meta property=\"og:site_name\" content=\"Proventuss\" \/>\n<meta property=\"article:modified_time\" content=\"2024-11-27T08:27:33+00:00\" \/>\n<meta property=\"og:image\" content=\"https:\/\/proventuss.eu\/wp-content\/uploads\/2022\/04\/DuPont-InstStik-Fast-Cure.jpg\" \/>\n\t<meta property=\"og:image:width\" content=\"600\" \/>\n\t<meta property=\"og:image:height\" content=\"600\" \/>\n\t<meta property=\"og:image:type\" content=\"image\/jpeg\" \/>\n<meta name=\"twitter:card\" content=\"summary_large_image\" \/>\n<meta name=\"twitter:label1\" content=\"Timp estimat pentru citire\" \/>\n\t<meta name=\"twitter:data1\" content=\"2 minute\" \/>\n<script type=\"application\/ld+json\" class=\"yoast-schema-graph\">{\"@context\":\"https:\/\/schema.org\",\"@graph\":[{\"@type\":\"WebPage\",\"@id\":\"https:\/\/proventuss.eu\/ro\/produkt\/dupont-insta-stik-mp-fc\/\",\"url\":\"https:\/\/proventuss.eu\/ro\/produkt\/dupont-insta-stik-mp-fc\/\",\"name\":\"DuPont Insta-Stik MP FC - Proventuss\",\"isPartOf\":{\"@id\":\"https:\/\/proventuss.eu\/#website\"},\"primaryImageOfPage\":{\"@id\":\"https:\/\/proventuss.eu\/ro\/produkt\/dupont-insta-stik-mp-fc\/#primaryimage\"},\"image\":{\"@id\":\"https:\/\/proventuss.eu\/ro\/produkt\/dupont-insta-stik-mp-fc\/#primaryimage\"},\"thumbnailUrl\":\"https:\/\/proventuss.eu\/wp-content\/uploads\/2022\/04\/DuPont-InstStik-Fast-Cure.jpg\",\"datePublished\":\"2022-04-26T09:37:29+00:00\",\"dateModified\":\"2024-11-27T08:27:33+00:00\",\"breadcrumb\":{\"@id\":\"https:\/\/proventuss.eu\/ro\/produkt\/dupont-insta-stik-mp-fc\/#breadcrumb\"},\"inLanguage\":\"ro-RO\",\"potentialAction\":[{\"@type\":\"ReadAction\",\"target\":[\"https:\/\/proventuss.eu\/ro\/produkt\/dupont-insta-stik-mp-fc\/\"]}]},{\"@type\":\"ImageObject\",\"inLanguage\":\"ro-RO\",\"@id\":\"https:\/\/proventuss.eu\/ro\/produkt\/dupont-insta-stik-mp-fc\/#primaryimage\",\"url\":\"https:\/\/proventuss.eu\/wp-content\/uploads\/2022\/04\/DuPont-InstStik-Fast-Cure.jpg\",\"contentUrl\":\"https:\/\/proventuss.eu\/wp-content\/uploads\/2022\/04\/DuPont-InstStik-Fast-Cure.jpg\",\"width\":600,\"height\":600,\"caption\":\"Na zdj\u0119ciu szybkowi\u0105\u017c\u0105cy klej DuPont\u2122 Insta-Stik MP FC o dobrej przyczepno\u015bci do wielu materia\u0142\u00f3w budowlanych, ogranicza ha\u0142as i wibracje.\"},{\"@type\":\"BreadcrumbList\",\"@id\":\"https:\/\/proventuss.eu\/ro\/produkt\/dupont-insta-stik-mp-fc\/#breadcrumb\",\"itemListElement\":[{\"@type\":\"ListItem\",\"position\":1,\"name\":\"Home\",\"item\":\"https:\/\/proventuss.eu\/ro\/\"},{\"@type\":\"ListItem\",\"position\":2,\"name\":\"Produse\",\"item\":\"https:\/\/proventuss.eu\/produse\/\"},{\"@type\":\"ListItem\",\"position\":3,\"name\":\"DuPont Insta-Stik MP FC\"}]},{\"@type\":\"WebSite\",\"@id\":\"https:\/\/proventuss.eu\/#website\",\"url\":\"https:\/\/proventuss.eu\/\",\"name\":\"Proventuss\",\"description\":\"\",\"potentialAction\":[{\"@type\":\"SearchAction\",\"target\":{\"@type\":\"EntryPoint\",\"urlTemplate\":\"https:\/\/proventuss.eu\/?s={search_term_string}\"},\"query-input\":\"required name=search_term_string\"}],\"inLanguage\":\"ro-RO\"}]}<\/script>\n<!-- \/ Yoast SEO plugin. -->","yoast_head_json":{"title":"DuPont Insta-Stik MP FC - Proventuss","robots":{"index":"index","follow":"follow","max-snippet":"max-snippet:-1","max-image-preview":"max-image-preview:large","max-video-preview":"max-video-preview:-1"},"canonical":"https:\/\/proventuss.eu\/ro\/produkt\/dupont-insta-stik-mp-fc\/","og_locale":"ro_RO","og_type":"article","og_title":"DuPont Insta-Stik MP FC - Proventuss","og_description":"Adeziv poliuretanic universal, cu priz\u0103 rapid\u0103, cu expansiune redus\u0103, special dezvoltat pentru lipirea pe vertical\u0103 \u0219i orizontal\u0103 a pl\u0103cilor sau a placajelor din XPS, EPS, PIR, PUR, vat\u0103 mineral\u0103 \u0219i pl\u0103ci de gips-carton pe beton, c\u0103r\u0103mid\u0103, ipsos, piatr\u0103, lemn, metal \u0219i bituminoase membrane sau pe o baz\u0103 ne\u021besut\u0103. Posibilitate de instalare glafuri si lipire de [&hellip;]","og_url":"https:\/\/proventuss.eu\/ro\/produkt\/dupont-insta-stik-mp-fc\/","og_site_name":"Proventuss","article_modified_time":"2024-11-27T08:27:33+00:00","og_image":[{"width":600,"height":600,"url":"https:\/\/proventuss.eu\/wp-content\/uploads\/2022\/04\/DuPont-InstStik-Fast-Cure.jpg","type":"image\/jpeg"}],"twitter_card":"summary_large_image","twitter_misc":{"Timp estimat pentru citire":"2 minute"},"schema":{"@context":"https:\/\/schema.org","@graph":[{"@type":"WebPage","@id":"https:\/\/proventuss.eu\/ro\/produkt\/dupont-insta-stik-mp-fc\/","url":"https:\/\/proventuss.eu\/ro\/produkt\/dupont-insta-stik-mp-fc\/","name":"DuPont Insta-Stik MP FC - Proventuss","isPartOf":{"@id":"https:\/\/proventuss.eu\/#website"},"primaryImageOfPage":{"@id":"https:\/\/proventuss.eu\/ro\/produkt\/dupont-insta-stik-mp-fc\/#primaryimage"},"image":{"@id":"https:\/\/proventuss.eu\/ro\/produkt\/dupont-insta-stik-mp-fc\/#primaryimage"},"thumbnailUrl":"https:\/\/proventuss.eu\/wp-content\/uploads\/2022\/04\/DuPont-InstStik-Fast-Cure.jpg","datePublished":"2022-04-26T09:37:29+00:00","dateModified":"2024-11-27T08:27:33+00:00","breadcrumb":{"@id":"https:\/\/proventuss.eu\/ro\/produkt\/dupont-insta-stik-mp-fc\/#breadcrumb"},"inLanguage":"ro-RO","potentialAction":[{"@type":"ReadAction","target":["https:\/\/proventuss.eu\/ro\/produkt\/dupont-insta-stik-mp-fc\/"]}]},{"@type":"ImageObject","inLanguage":"ro-RO","@id":"https:\/\/proventuss.eu\/ro\/produkt\/dupont-insta-stik-mp-fc\/#primaryimage","url":"https:\/\/proventuss.eu\/wp-content\/uploads\/2022\/04\/DuPont-InstStik-Fast-Cure.jpg","contentUrl":"https:\/\/proventuss.eu\/wp-content\/uploads\/2022\/04\/DuPont-InstStik-Fast-Cure.jpg","width":600,"height":600,"caption":"Na zdj\u0119ciu szybkowi\u0105\u017c\u0105cy klej DuPont\u2122 Insta-Stik MP FC o dobrej przyczepno\u015bci do wielu materia\u0142\u00f3w budowlanych, ogranicza ha\u0142as i wibracje."},{"@type":"BreadcrumbList","@id":"https:\/\/proventuss.eu\/ro\/produkt\/dupont-insta-stik-mp-fc\/#breadcrumb","itemListElement":[{"@type":"ListItem","position":1,"name":"Home","item":"https:\/\/proventuss.eu\/ro\/"},{"@type":"ListItem","position":2,"name":"Produse","item":"https:\/\/proventuss.eu\/produse\/"},{"@type":"ListItem","position":3,"name":"DuPont Insta-Stik MP FC"}]},{"@type":"WebSite","@id":"https:\/\/proventuss.eu\/#website","url":"https:\/\/proventuss.eu\/","name":"Proventuss","description":"","potentialAction":[{"@type":"SearchAction","target":{"@type":"EntryPoint","urlTemplate":"https:\/\/proventuss.eu\/?s={search_term_string}"},"query-input":"required name=search_term_string"}],"inLanguage":"ro-RO"}]}},"_links":{"self":[{"href":"https:\/\/proventuss.eu\/ro\/wp-json\/wp\/v2\/product\/10250"}],"collection":[{"href":"https:\/\/proventuss.eu\/ro\/wp-json\/wp\/v2\/product"}],"about":[{"href":"https:\/\/proventuss.eu\/ro\/wp-json\/wp\/v2\/types\/product"}],"replies":[{"embeddable":true,"href":"https:\/\/proventuss.eu\/ro\/wp-json\/wp\/v2\/comments?post=10250"}],"wp:featuredmedia":[{"embeddable":true,"href":"https:\/\/proventuss.eu\/ro\/wp-json\/wp\/v2\/media\/10070"}],"wp:attachment":[{"href":"https:\/\/proventuss.eu\/ro\/wp-json\/wp\/v2\/media?parent=10250"}],"wp:term":[{"taxonomy":"product_cat","embeddable":true,"href":"https:\/\/proventuss.eu\/ro\/wp-json\/wp\/v2\/product_cat?post=10250"},{"taxonomy":"product_tag","embeddable":true,"href":"https:\/\/proventuss.eu\/ro\/wp-json\/wp\/v2\/product_tag?post=10250"}],"curies":[{"name":"wp","href":"https:\/\/api.w.org\/{rel}","templated":true}]}}