{"id":10249,"date":"2022-04-26T09:22:25","date_gmt":"2022-04-26T09:22:25","guid":{"rendered":"https:\/\/proventuss.eu\/produkt\/dowsil-375\/"},"modified":"2023-02-10T12:07:38","modified_gmt":"2023-02-10T12:07:38","slug":"dowsil-375","status":"publish","type":"product","link":"https:\/\/proventuss.eu\/ro\/produs\/dowsil-375\/","title":{"rendered":"DOWSIL 375"},"content":{"rendered":"<p>DOWSIL\u2122 375 Construction &amp; Glass Embedding a fost dezvoltat pentru a fixa \u020bn siguran\u021b\u0103 parape\u021bii de sticl\u0103 dreapt\u0103 sau curb\u0103, din sticl\u0103 monolitic\u0103 sau laminat\u0103, \u020bn profile \u020bn forma de U folosite la balustradele de sticl\u0103 f\u0103r\u0103 cadre metalice \u020bncastrate la interior sau la exterior. U\u015for de manipulat \u015fi mixat \u020bn \u015fantier, DOWSIL\u2122 375 Construction &amp; Glass Embedding are curgere excelent\u0103 pentru o aplicare eficient\u0103 \u015fi se \u020bnt\u0103re\u015fte repede permi\u021b\u00e2nd fixarea \u020bn siguran\u021b\u0103. Fiind un sistem durabil \u015fi garantat, balustradele asamblate cu DOWSIL\u2122 375 Construction &amp; Glass Embedding au fost testate \u015fi certificate \u020bn conformitate cu DIN 18008-4 de c\u0103tre un institut independent.<\/p>\n<p><strong>UTILIZARE \u015eI BENEFICII:<\/strong><br \/>\nFolosite la \u020bncastrarea panourilor de sticl\u0103 \u020bn profile U pentru realizarea balustradelor<br \/>\nAdecvate folosirii la interior sau la exterior<br \/>\nEstetic\u0103 pur\u0103 cu fix\u0103ri invizibile<br \/>\nAplicare facil\u0103 datorit\u0103 v\u00e2scozit\u0103\u021bii reduse<br \/>\nAmbalaje mici pentru manipulare u\u015foar\u0103<br \/>\nAplicare rapid\u0103 \u015fi eficient\u0103 pentru o productivitate crescut\u0103<br \/>\nFoarte rigid pentru a reduce deformarea panoului<br \/>\nTimp de lucru mare<br \/>\n\u020ant\u0103rire rapid\u0103 la temperatura camerei<br \/>\nPosibilitate de potrivire cu culoarea profilului<\/p>\n","protected":false},"excerpt":{"rendered":"<p>DOWSIL\u2122 375 Construction &amp; Glass Embedding a fost dezvoltat pentru a fixa \u020bn siguran\u021b\u0103 parape\u021bii de sticl\u0103 dreapt\u0103 sau curb\u0103, din sticl\u0103 monolitic\u0103 sau laminat\u0103, \u020bn profile \u020bn forma de U folosite la balustradele de sticl\u0103 f\u0103r\u0103 cadre metalice \u020bncastrate la interior sau la exterior. U\u015for de manipulat \u015fi mixat \u020bn \u015fantier, DOWSIL\u2122 375 Construction [&hellip;]<\/p>\n","protected":false},"featured_media":9631,"comment_status":"open","ping_status":"closed","template":"","meta":{"_acf_changed":false},"product_cat":[407],"product_tag":[],"acf":[],"yoast_head":"<!-- This site is optimized with the Yoast SEO plugin v22.9 - https:\/\/yoast.com\/wordpress\/plugins\/seo\/ -->\n<title>DOWSIL 375 - Proventuss<\/title>\n<meta name=\"robots\" content=\"index, follow, max-snippet:-1, max-image-preview:large, max-video-preview:-1\" \/>\n<link rel=\"canonical\" href=\"https:\/\/proventuss.eu\/ro\/produkt\/dowsil-375\/\" \/>\n<meta property=\"og:locale\" content=\"ro_RO\" \/>\n<meta property=\"og:type\" content=\"article\" \/>\n<meta property=\"og:title\" content=\"DOWSIL 375 - Proventuss\" \/>\n<meta property=\"og:description\" content=\"DOWSIL\u2122 375 Construction &amp; Glass Embedding a fost dezvoltat pentru a fixa \u020bn siguran\u021b\u0103 parape\u021bii de sticl\u0103 dreapt\u0103 sau curb\u0103, din sticl\u0103 monolitic\u0103 sau laminat\u0103, \u020bn profile \u020bn forma de U folosite la balustradele de sticl\u0103 f\u0103r\u0103 cadre metalice \u020bncastrate la interior sau la exterior. U\u015for de manipulat \u015fi mixat \u020bn \u015fantier, DOWSIL\u2122 375 Construction [&hellip;]\" \/>\n<meta property=\"og:url\" content=\"https:\/\/proventuss.eu\/ro\/produkt\/dowsil-375\/\" \/>\n<meta property=\"og:site_name\" content=\"Proventuss\" \/>\n<meta property=\"article:modified_time\" content=\"2023-02-10T12:07:38+00:00\" \/>\n<meta property=\"og:image\" content=\"https:\/\/proventuss.eu\/wp-content\/uploads\/2022\/04\/375.png\" \/>\n\t<meta property=\"og:image:width\" content=\"338\" \/>\n\t<meta property=\"og:image:height\" content=\"433\" \/>\n\t<meta property=\"og:image:type\" content=\"image\/png\" \/>\n<meta name=\"twitter:card\" content=\"summary_large_image\" \/>\n<meta name=\"twitter:label1\" content=\"Timp estimat pentru citire\" \/>\n\t<meta name=\"twitter:data1\" content=\"2 minute\" \/>\n<script type=\"application\/ld+json\" class=\"yoast-schema-graph\">{\"@context\":\"https:\/\/schema.org\",\"@graph\":[{\"@type\":\"WebPage\",\"@id\":\"https:\/\/proventuss.eu\/ro\/produkt\/dowsil-375\/\",\"url\":\"https:\/\/proventuss.eu\/ro\/produkt\/dowsil-375\/\",\"name\":\"DOWSIL 375 - Proventuss\",\"isPartOf\":{\"@id\":\"https:\/\/proventuss.eu\/#website\"},\"primaryImageOfPage\":{\"@id\":\"https:\/\/proventuss.eu\/ro\/produkt\/dowsil-375\/#primaryimage\"},\"image\":{\"@id\":\"https:\/\/proventuss.eu\/ro\/produkt\/dowsil-375\/#primaryimage\"},\"thumbnailUrl\":\"https:\/\/proventuss.eu\/wp-content\/uploads\/2022\/04\/375.png\",\"datePublished\":\"2022-04-26T09:22:25+00:00\",\"dateModified\":\"2023-02-10T12:07:38+00:00\",\"breadcrumb\":{\"@id\":\"https:\/\/proventuss.eu\/ro\/produkt\/dowsil-375\/#breadcrumb\"},\"inLanguage\":\"ro-RO\",\"potentialAction\":[{\"@type\":\"ReadAction\",\"target\":[\"https:\/\/proventuss.eu\/ro\/produkt\/dowsil-375\/\"]}]},{\"@type\":\"ImageObject\",\"inLanguage\":\"ro-RO\",\"@id\":\"https:\/\/proventuss.eu\/ro\/produkt\/dowsil-375\/#primaryimage\",\"url\":\"https:\/\/proventuss.eu\/wp-content\/uploads\/2022\/04\/375.png\",\"contentUrl\":\"https:\/\/proventuss.eu\/wp-content\/uploads\/2022\/04\/375.png\",\"width\":338,\"height\":433},{\"@type\":\"BreadcrumbList\",\"@id\":\"https:\/\/proventuss.eu\/ro\/produkt\/dowsil-375\/#breadcrumb\",\"itemListElement\":[{\"@type\":\"ListItem\",\"position\":1,\"name\":\"Home\",\"item\":\"https:\/\/proventuss.eu\/ro\/\"},{\"@type\":\"ListItem\",\"position\":2,\"name\":\"Produse\",\"item\":\"https:\/\/proventuss.eu\/produse\/\"},{\"@type\":\"ListItem\",\"position\":3,\"name\":\"DOWSIL 375\"}]},{\"@type\":\"WebSite\",\"@id\":\"https:\/\/proventuss.eu\/#website\",\"url\":\"https:\/\/proventuss.eu\/\",\"name\":\"Proventuss\",\"description\":\"\",\"potentialAction\":[{\"@type\":\"SearchAction\",\"target\":{\"@type\":\"EntryPoint\",\"urlTemplate\":\"https:\/\/proventuss.eu\/?s={search_term_string}\"},\"query-input\":\"required name=search_term_string\"}],\"inLanguage\":\"ro-RO\"}]}<\/script>\n<!-- \/ Yoast SEO plugin. -->","yoast_head_json":{"title":"DOWSIL 375 - Proventuss","robots":{"index":"index","follow":"follow","max-snippet":"max-snippet:-1","max-image-preview":"max-image-preview:large","max-video-preview":"max-video-preview:-1"},"canonical":"https:\/\/proventuss.eu\/ro\/produkt\/dowsil-375\/","og_locale":"ro_RO","og_type":"article","og_title":"DOWSIL 375 - Proventuss","og_description":"DOWSIL\u2122 375 Construction &amp; Glass Embedding a fost dezvoltat pentru a fixa \u020bn siguran\u021b\u0103 parape\u021bii de sticl\u0103 dreapt\u0103 sau curb\u0103, din sticl\u0103 monolitic\u0103 sau laminat\u0103, \u020bn profile \u020bn forma de U folosite la balustradele de sticl\u0103 f\u0103r\u0103 cadre metalice \u020bncastrate la interior sau la exterior. U\u015for de manipulat \u015fi mixat \u020bn \u015fantier, DOWSIL\u2122 375 Construction [&hellip;]","og_url":"https:\/\/proventuss.eu\/ro\/produkt\/dowsil-375\/","og_site_name":"Proventuss","article_modified_time":"2023-02-10T12:07:38+00:00","og_image":[{"width":338,"height":433,"url":"https:\/\/proventuss.eu\/wp-content\/uploads\/2022\/04\/375.png","type":"image\/png"}],"twitter_card":"summary_large_image","twitter_misc":{"Timp estimat pentru citire":"2 minute"},"schema":{"@context":"https:\/\/schema.org","@graph":[{"@type":"WebPage","@id":"https:\/\/proventuss.eu\/ro\/produkt\/dowsil-375\/","url":"https:\/\/proventuss.eu\/ro\/produkt\/dowsil-375\/","name":"DOWSIL 375 - Proventuss","isPartOf":{"@id":"https:\/\/proventuss.eu\/#website"},"primaryImageOfPage":{"@id":"https:\/\/proventuss.eu\/ro\/produkt\/dowsil-375\/#primaryimage"},"image":{"@id":"https:\/\/proventuss.eu\/ro\/produkt\/dowsil-375\/#primaryimage"},"thumbnailUrl":"https:\/\/proventuss.eu\/wp-content\/uploads\/2022\/04\/375.png","datePublished":"2022-04-26T09:22:25+00:00","dateModified":"2023-02-10T12:07:38+00:00","breadcrumb":{"@id":"https:\/\/proventuss.eu\/ro\/produkt\/dowsil-375\/#breadcrumb"},"inLanguage":"ro-RO","potentialAction":[{"@type":"ReadAction","target":["https:\/\/proventuss.eu\/ro\/produkt\/dowsil-375\/"]}]},{"@type":"ImageObject","inLanguage":"ro-RO","@id":"https:\/\/proventuss.eu\/ro\/produkt\/dowsil-375\/#primaryimage","url":"https:\/\/proventuss.eu\/wp-content\/uploads\/2022\/04\/375.png","contentUrl":"https:\/\/proventuss.eu\/wp-content\/uploads\/2022\/04\/375.png","width":338,"height":433},{"@type":"BreadcrumbList","@id":"https:\/\/proventuss.eu\/ro\/produkt\/dowsil-375\/#breadcrumb","itemListElement":[{"@type":"ListItem","position":1,"name":"Home","item":"https:\/\/proventuss.eu\/ro\/"},{"@type":"ListItem","position":2,"name":"Produse","item":"https:\/\/proventuss.eu\/produse\/"},{"@type":"ListItem","position":3,"name":"DOWSIL 375"}]},{"@type":"WebSite","@id":"https:\/\/proventuss.eu\/#website","url":"https:\/\/proventuss.eu\/","name":"Proventuss","description":"","potentialAction":[{"@type":"SearchAction","target":{"@type":"EntryPoint","urlTemplate":"https:\/\/proventuss.eu\/?s={search_term_string}"},"query-input":"required name=search_term_string"}],"inLanguage":"ro-RO"}]}},"_links":{"self":[{"href":"https:\/\/proventuss.eu\/ro\/wp-json\/wp\/v2\/product\/10249"}],"collection":[{"href":"https:\/\/proventuss.eu\/ro\/wp-json\/wp\/v2\/product"}],"about":[{"href":"https:\/\/proventuss.eu\/ro\/wp-json\/wp\/v2\/types\/product"}],"replies":[{"embeddable":true,"href":"https:\/\/proventuss.eu\/ro\/wp-json\/wp\/v2\/comments?post=10249"}],"wp:featuredmedia":[{"embeddable":true,"href":"https:\/\/proventuss.eu\/ro\/wp-json\/wp\/v2\/media\/9631"}],"wp:attachment":[{"href":"https:\/\/proventuss.eu\/ro\/wp-json\/wp\/v2\/media?parent=10249"}],"wp:term":[{"taxonomy":"product_cat","embeddable":true,"href":"https:\/\/proventuss.eu\/ro\/wp-json\/wp\/v2\/product_cat?post=10249"},{"taxonomy":"product_tag","embeddable":true,"href":"https:\/\/proventuss.eu\/ro\/wp-json\/wp\/v2\/product_tag?post=10249"}],"curies":[{"name":"wp","href":"https:\/\/api.w.org\/{rel}","templated":true}]}}