{"id":10248,"date":"2022-05-09T08:15:10","date_gmt":"2022-05-09T08:15:10","guid":{"rendered":"https:\/\/proventuss.eu\/produkt\/sadev-decor\/"},"modified":"2022-05-09T08:15:10","modified_gmt":"2022-05-09T08:15:10","slug":"sadev-decor","status":"publish","type":"product","link":"https:\/\/proventuss.eu\/ro\/produs\/sadev-decor\/","title":{"rendered":"SADEV\u00ae DECOR"},"content":{"rendered":"<p><strong>Sisteme de fixare \u020bn puncte a sticlei<\/strong><\/p>\n<p><strong>Aplica\u021bii:<\/strong><br \/>\n&#8211; U\u015fi<br \/>\n&#8211; Balustrade<br \/>\n&#8211; Cabine de du\u015f<br \/>\n&#8211; Balcoane<br \/>\n&#8211; Parti\u021bii interne<\/p>\n<p><strong>Elementele sistemului:<\/strong><br \/>\n&#8211; Balustrade \u015fi m\u00e2n\u0103 curent\u0103<br \/>\n&#8211; U\u015fi culisante<br \/>\n&#8211; U\u015fi pivotante\/rotative<br \/>\n&#8211; M\u00e2nere<br \/>\n&#8211; Cabine de du\u015f<br \/>\n&#8211; Conectori pentru sticl\u0103<br \/>\n&#8211; \u015euruburi decorative<br \/>\n&#8211; Puncte de fixare \u020bn perete<\/p>\n","protected":false},"excerpt":{"rendered":"<p>Sisteme de fixare \u020bn puncte a sticlei Aplica\u021bii: &#8211; U\u015fi &#8211; Balustrade &#8211; Cabine de du\u015f &#8211; Balcoane &#8211; Parti\u021bii interne Elementele sistemului: &#8211; Balustrade \u015fi m\u00e2n\u0103 curent\u0103 &#8211; U\u015fi culisante &#8211; U\u015fi pivotante\/rotative &#8211; M\u00e2nere &#8211; Cabine de du\u015f &#8211; Conectori pentru sticl\u0103 &#8211; \u015euruburi decorative &#8211; Puncte de fixare \u020bn perete<\/p>\n","protected":false},"featured_media":9678,"comment_status":"open","ping_status":"closed","template":"","meta":{"_acf_changed":false},"product_cat":[407],"product_tag":[],"acf":[],"yoast_head":"<!-- This site is optimized with the Yoast SEO plugin v22.9 - https:\/\/yoast.com\/wordpress\/plugins\/seo\/ -->\n<title>SADEV\u00ae DECOR - Proventuss<\/title>\n<meta name=\"robots\" content=\"index, follow, max-snippet:-1, max-image-preview:large, max-video-preview:-1\" \/>\n<link rel=\"canonical\" href=\"https:\/\/proventuss.eu\/ro\/produkt\/sadev-decor\/\" \/>\n<meta property=\"og:locale\" content=\"ro_RO\" \/>\n<meta property=\"og:type\" content=\"article\" \/>\n<meta property=\"og:title\" content=\"SADEV\u00ae DECOR - Proventuss\" \/>\n<meta property=\"og:description\" content=\"Sisteme de fixare \u020bn puncte a sticlei Aplica\u021bii: &#8211; U\u015fi &#8211; Balustrade &#8211; Cabine de du\u015f &#8211; Balcoane &#8211; Parti\u021bii interne Elementele sistemului: &#8211; Balustrade \u015fi m\u00e2n\u0103 curent\u0103 &#8211; U\u015fi culisante &#8211; U\u015fi pivotante\/rotative &#8211; M\u00e2nere &#8211; Cabine de du\u015f &#8211; Conectori pentru sticl\u0103 &#8211; \u015euruburi decorative &#8211; Puncte de fixare \u020bn perete\" \/>\n<meta property=\"og:url\" content=\"https:\/\/proventuss.eu\/ro\/produkt\/sadev-decor\/\" \/>\n<meta property=\"og:site_name\" content=\"Proventuss\" \/>\n<meta property=\"og:image\" content=\"https:\/\/proventuss.eu\/wp-content\/uploads\/2022\/05\/sadev-decor.jpg\" \/>\n\t<meta property=\"og:image:width\" content=\"900\" \/>\n\t<meta property=\"og:image:height\" content=\"900\" \/>\n\t<meta property=\"og:image:type\" content=\"image\/jpeg\" \/>\n<meta name=\"twitter:card\" content=\"summary_large_image\" \/>\n<script type=\"application\/ld+json\" class=\"yoast-schema-graph\">{\"@context\":\"https:\/\/schema.org\",\"@graph\":[{\"@type\":\"WebPage\",\"@id\":\"https:\/\/proventuss.eu\/ro\/produkt\/sadev-decor\/\",\"url\":\"https:\/\/proventuss.eu\/ro\/produkt\/sadev-decor\/\",\"name\":\"SADEV\u00ae DECOR - Proventuss\",\"isPartOf\":{\"@id\":\"https:\/\/proventuss.eu\/#website\"},\"primaryImageOfPage\":{\"@id\":\"https:\/\/proventuss.eu\/ro\/produkt\/sadev-decor\/#primaryimage\"},\"image\":{\"@id\":\"https:\/\/proventuss.eu\/ro\/produkt\/sadev-decor\/#primaryimage\"},\"thumbnailUrl\":\"https:\/\/proventuss.eu\/wp-content\/uploads\/2022\/05\/sadev-decor.jpg\",\"datePublished\":\"2022-05-09T08:15:10+00:00\",\"dateModified\":\"2022-05-09T08:15:10+00:00\",\"breadcrumb\":{\"@id\":\"https:\/\/proventuss.eu\/ro\/produkt\/sadev-decor\/#breadcrumb\"},\"inLanguage\":\"ro-RO\",\"potentialAction\":[{\"@type\":\"ReadAction\",\"target\":[\"https:\/\/proventuss.eu\/ro\/produkt\/sadev-decor\/\"]}]},{\"@type\":\"ImageObject\",\"inLanguage\":\"ro-RO\",\"@id\":\"https:\/\/proventuss.eu\/ro\/produkt\/sadev-decor\/#primaryimage\",\"url\":\"https:\/\/proventuss.eu\/wp-content\/uploads\/2022\/05\/sadev-decor.jpg\",\"contentUrl\":\"https:\/\/proventuss.eu\/wp-content\/uploads\/2022\/05\/sadev-decor.jpg\",\"width\":900,\"height\":900},{\"@type\":\"BreadcrumbList\",\"@id\":\"https:\/\/proventuss.eu\/ro\/produkt\/sadev-decor\/#breadcrumb\",\"itemListElement\":[{\"@type\":\"ListItem\",\"position\":1,\"name\":\"Home\",\"item\":\"https:\/\/proventuss.eu\/ro\/\"},{\"@type\":\"ListItem\",\"position\":2,\"name\":\"Produse\",\"item\":\"https:\/\/proventuss.eu\/produse\/\"},{\"@type\":\"ListItem\",\"position\":3,\"name\":\"SADEV\u00ae DECOR\"}]},{\"@type\":\"WebSite\",\"@id\":\"https:\/\/proventuss.eu\/#website\",\"url\":\"https:\/\/proventuss.eu\/\",\"name\":\"Proventuss\",\"description\":\"\",\"potentialAction\":[{\"@type\":\"SearchAction\",\"target\":{\"@type\":\"EntryPoint\",\"urlTemplate\":\"https:\/\/proventuss.eu\/?s={search_term_string}\"},\"query-input\":\"required name=search_term_string\"}],\"inLanguage\":\"ro-RO\"}]}<\/script>\n<!-- \/ Yoast SEO plugin. -->","yoast_head_json":{"title":"SADEV\u00ae DECOR - Proventuss","robots":{"index":"index","follow":"follow","max-snippet":"max-snippet:-1","max-image-preview":"max-image-preview:large","max-video-preview":"max-video-preview:-1"},"canonical":"https:\/\/proventuss.eu\/ro\/produkt\/sadev-decor\/","og_locale":"ro_RO","og_type":"article","og_title":"SADEV\u00ae DECOR - Proventuss","og_description":"Sisteme de fixare \u020bn puncte a sticlei Aplica\u021bii: &#8211; U\u015fi &#8211; Balustrade &#8211; Cabine de du\u015f &#8211; Balcoane &#8211; Parti\u021bii interne Elementele sistemului: &#8211; Balustrade \u015fi m\u00e2n\u0103 curent\u0103 &#8211; U\u015fi culisante &#8211; U\u015fi pivotante\/rotative &#8211; M\u00e2nere &#8211; Cabine de du\u015f &#8211; Conectori pentru sticl\u0103 &#8211; \u015euruburi decorative &#8211; Puncte de fixare \u020bn perete","og_url":"https:\/\/proventuss.eu\/ro\/produkt\/sadev-decor\/","og_site_name":"Proventuss","og_image":[{"width":900,"height":900,"url":"https:\/\/proventuss.eu\/wp-content\/uploads\/2022\/05\/sadev-decor.jpg","type":"image\/jpeg"}],"twitter_card":"summary_large_image","schema":{"@context":"https:\/\/schema.org","@graph":[{"@type":"WebPage","@id":"https:\/\/proventuss.eu\/ro\/produkt\/sadev-decor\/","url":"https:\/\/proventuss.eu\/ro\/produkt\/sadev-decor\/","name":"SADEV\u00ae DECOR - Proventuss","isPartOf":{"@id":"https:\/\/proventuss.eu\/#website"},"primaryImageOfPage":{"@id":"https:\/\/proventuss.eu\/ro\/produkt\/sadev-decor\/#primaryimage"},"image":{"@id":"https:\/\/proventuss.eu\/ro\/produkt\/sadev-decor\/#primaryimage"},"thumbnailUrl":"https:\/\/proventuss.eu\/wp-content\/uploads\/2022\/05\/sadev-decor.jpg","datePublished":"2022-05-09T08:15:10+00:00","dateModified":"2022-05-09T08:15:10+00:00","breadcrumb":{"@id":"https:\/\/proventuss.eu\/ro\/produkt\/sadev-decor\/#breadcrumb"},"inLanguage":"ro-RO","potentialAction":[{"@type":"ReadAction","target":["https:\/\/proventuss.eu\/ro\/produkt\/sadev-decor\/"]}]},{"@type":"ImageObject","inLanguage":"ro-RO","@id":"https:\/\/proventuss.eu\/ro\/produkt\/sadev-decor\/#primaryimage","url":"https:\/\/proventuss.eu\/wp-content\/uploads\/2022\/05\/sadev-decor.jpg","contentUrl":"https:\/\/proventuss.eu\/wp-content\/uploads\/2022\/05\/sadev-decor.jpg","width":900,"height":900},{"@type":"BreadcrumbList","@id":"https:\/\/proventuss.eu\/ro\/produkt\/sadev-decor\/#breadcrumb","itemListElement":[{"@type":"ListItem","position":1,"name":"Home","item":"https:\/\/proventuss.eu\/ro\/"},{"@type":"ListItem","position":2,"name":"Produse","item":"https:\/\/proventuss.eu\/produse\/"},{"@type":"ListItem","position":3,"name":"SADEV\u00ae DECOR"}]},{"@type":"WebSite","@id":"https:\/\/proventuss.eu\/#website","url":"https:\/\/proventuss.eu\/","name":"Proventuss","description":"","potentialAction":[{"@type":"SearchAction","target":{"@type":"EntryPoint","urlTemplate":"https:\/\/proventuss.eu\/?s={search_term_string}"},"query-input":"required name=search_term_string"}],"inLanguage":"ro-RO"}]}},"_links":{"self":[{"href":"https:\/\/proventuss.eu\/ro\/wp-json\/wp\/v2\/product\/10248"}],"collection":[{"href":"https:\/\/proventuss.eu\/ro\/wp-json\/wp\/v2\/product"}],"about":[{"href":"https:\/\/proventuss.eu\/ro\/wp-json\/wp\/v2\/types\/product"}],"replies":[{"embeddable":true,"href":"https:\/\/proventuss.eu\/ro\/wp-json\/wp\/v2\/comments?post=10248"}],"wp:featuredmedia":[{"embeddable":true,"href":"https:\/\/proventuss.eu\/ro\/wp-json\/wp\/v2\/media\/9678"}],"wp:attachment":[{"href":"https:\/\/proventuss.eu\/ro\/wp-json\/wp\/v2\/media?parent=10248"}],"wp:term":[{"taxonomy":"product_cat","embeddable":true,"href":"https:\/\/proventuss.eu\/ro\/wp-json\/wp\/v2\/product_cat?post=10248"},{"taxonomy":"product_tag","embeddable":true,"href":"https:\/\/proventuss.eu\/ro\/wp-json\/wp\/v2\/product_tag?post=10248"}],"curies":[{"name":"wp","href":"https:\/\/api.w.org\/{rel}","templated":true}]}}